{"id":13993,"date":"2023-11-20T10:52:35","date_gmt":"2023-11-20T10:52:35","guid":{"rendered":"https:\/\/allsensors.eu\/anwendungsbereiche\/pneumatik\/"},"modified":"2025-12-17T08:55:56","modified_gmt":"2025-12-17T08:55:56","slug":"pneumatik","status":"publish","type":"page","link":"https:\/\/allsensors.eu\/de\/anwendungsbereiche\/pneumatik\/","title":{"rendered":"Pneumatik"},"content":{"rendered":"\t\t<div data-elementor-type=\"wp-page\" data-elementor-id=\"13993\" class=\"elementor elementor-13993 elementor-1028\" data-elementor-post-type=\"page\">\n\t\t\t\t<div class=\"elementor-element elementor-element-e4149c7 e-con-full e-flex e-con e-parent\" data-id=\"e4149c7\" data-element_type=\"container\" data-e-type=\"container\">\n\t\t<div class=\"elementor-element elementor-element-c2a590a e-flex e-con-boxed e-con e-child\" data-id=\"c2a590a\" data-element_type=\"container\" data-e-type=\"container\" data-settings=\"{&quot;background_background&quot;:&quot;video&quot;,&quot;background_video_link&quot;:&quot;https:\\\/\\\/allsensors.eu\\\/wp-content\\\/uploads\\\/2024\\\/10\\\/All-Sensors_392063047_pneumatic-pumps-720-1.mov&quot;,&quot;motion_fx_motion_fx_scrolling&quot;:&quot;yes&quot;,&quot;motion_fx_scale_effect&quot;:&quot;yes&quot;,&quot;motion_fx_scale_speed&quot;:{&quot;unit&quot;:&quot;px&quot;,&quot;size&quot;:2,&quot;sizes&quot;:[]},&quot;motion_fx_scale_range&quot;:{&quot;unit&quot;:&quot;%&quot;,&quot;size&quot;:&quot;&quot;,&quot;sizes&quot;:{&quot;start&quot;:65,&quot;end&quot;:100}},&quot;background_play_on_mobile&quot;:&quot;yes&quot;,&quot;motion_fx_scale_direction&quot;:&quot;out-in&quot;,&quot;motion_fx_devices&quot;:[&quot;desktop&quot;,&quot;tablet&quot;,&quot;mobile&quot;]}\">\n\t\t\t\t\t<div class=\"e-con-inner\">\n\t\t<div class=\"elementor-background-video-container\">\n\t\t\t\t\t\t\t<video class=\"elementor-background-video-hosted\" role=\"presentation\" autoplay muted playsinline loop><\/video>\n\t\t\t\t\t<\/div><div class=\"elementor-element elementor-element-0914ea5 blur-effect-3 e-flex e-con-boxed e-con e-child\" data-id=\"0914ea5\" data-element_type=\"container\" data-e-type=\"container\">\n\t\t\t\t\t<div class=\"e-con-inner\">\n\t\t\t\t<div class=\"elementor-element elementor-element-703ce17 elementor-widget elementor-widget-heading\" data-id=\"703ce17\" data-element_type=\"widget\" data-e-type=\"widget\" data-widget_type=\"heading.default\">\n\t\t\t\t\t<h1 class=\"elementor-heading-title elementor-size-default\">Anwendungsbereich - Pneumatik<\/h1>\t\t\t\t<\/div>\n\t\t\t\t<div class=\"elementor-element elementor-element-6961082 elementor-widget elementor-widget-text-editor\" data-id=\"6961082\" data-element_type=\"widget\" data-e-type=\"widget\" data-widget_type=\"text-editor.default\">\n\t\t\t\t\t\t\t\t\t<p><a href=\"https:\/\/allsensors.eu\/de\/drucksensoren\/\">Drucksensoren<\/a> spielen sowohl in pneumatischen als auch in hydraulischen Systemen eine entscheidende Rolle. Sie helfen bei der \u00dcberwachung und Steuerung des Drucks in diesen Systemen, um Sicherheit, Effizienz und Zuverl\u00e4ssigkeit zu gew\u00e4hrleisten.<\/p>\t\t\t\t\t\t\t\t<\/div>\n\t\t\t\t\t<\/div>\n\t\t\t\t<\/div>\n\t\t\t\t\t<\/div>\n\t\t\t\t<\/div>\n\t\t\t\t<\/div>\n\t\t<div class=\"elementor-element elementor-element-7dbb37b e-flex e-con-boxed e-con e-parent\" data-id=\"7dbb37b\" data-element_type=\"container\" data-e-type=\"container\">\n\t\t\t\t\t<div class=\"e-con-inner\">\n\t\t<div class=\"elementor-element elementor-element-65cb799 e-con-full e-flex e-con e-child\" data-id=\"65cb799\" data-element_type=\"container\" data-e-type=\"container\" data-settings=\"{&quot;background_background&quot;:&quot;classic&quot;}\">\n\t\t\t\t<\/div>\n\t\t<div class=\"elementor-element elementor-element-e44947a e-con-full e-flex e-con e-child\" data-id=\"e44947a\" data-element_type=\"container\" data-e-type=\"container\">\n\t\t\t\t<div class=\"elementor-element elementor-element-593647d elementor-widget elementor-widget-heading\" data-id=\"593647d\" data-element_type=\"widget\" data-e-type=\"widget\" data-widget_type=\"heading.default\">\n\t\t\t\t\t<h2 class=\"elementor-heading-title elementor-size-default\">Technologie<\/h2>\t\t\t\t<\/div>\n\t\t\t\t<div class=\"elementor-element elementor-element-fda89c8 elementor-widget elementor-widget-text-editor\" data-id=\"fda89c8\" data-element_type=\"widget\" data-e-type=\"widget\" data-widget_type=\"text-editor.default\">\n\t\t\t\t\t\t\t\t\t<p><a href=\"https:\/\/allsensors.eu\/de\/drucksensoren\/\">Drucksensoren<\/a>, die in pneumatischen und hydraulischen Systemen eingesetzt werden, sind wichtige Komponenten, die physikalischen Druck in elektrische Signale umwandeln. Diese Umwandlung erm\u00f6glicht die \u00dcberwachung und Steuerung in Echtzeit \u00fcber elektronische Ger\u00e4te. Im Folgenden finden Sie einen \u00dcberblick \u00fcber die Technologie hinter diesen Sensoren und wie sie an verschiedene Anwendungen angepasst wird.<\/p><p>Die Technologie der pneumatischen und hydraulischen Drucksensoren hat sich weiterentwickelt, um den Anforderungen moderner Hochleistungssysteme gerecht zu werden. Von membranbasierten Sensoren, die genaue und direkte Druckmessungen liefern, bis hin zu eingebetteten Systemen, die in extremen Umgebungen funktionieren, sind diese Sensoren unerl\u00e4sslich, um die Sicherheit, Effizienz und Zuverl\u00e4ssigkeit verschiedener mechanischer Systeme zu gew\u00e4hrleisten.<\/p>\t\t\t\t\t\t\t\t<\/div>\n\t\t\t\t<\/div>\n\t\t\t\t\t<\/div>\n\t\t\t\t<\/div>\n\t\t<div class=\"elementor-element elementor-element-c1fcebf e-flex e-con-boxed e-con e-parent\" data-id=\"c1fcebf\" data-element_type=\"container\" data-e-type=\"container\">\n\t\t\t\t\t<div class=\"e-con-inner\">\n\t\t<div class=\"elementor-element elementor-element-394f691 e-con-full e-flex e-con e-child\" data-id=\"394f691\" data-element_type=\"container\" data-e-type=\"container\">\n\t\t\t\t<div class=\"elementor-element elementor-element-0f4703e elementor-widget elementor-widget-heading\" data-id=\"0f4703e\" data-element_type=\"widget\" data-e-type=\"widget\" data-widget_type=\"heading.default\">\n\t\t\t\t\t<h2 class=\"elementor-heading-title elementor-size-default\">Pneumatische Systeme<\/h2>\t\t\t\t<\/div>\n\t\t\t\t<div class=\"elementor-element elementor-element-138e444 elementor-widget elementor-widget-text-editor\" data-id=\"138e444\" data-element_type=\"widget\" data-e-type=\"widget\" data-widget_type=\"text-editor.default\">\n\t\t\t\t\t\t\t\t\t<p><strong>Fahrzeugreifen<\/strong>: Drucksensoren \u00fcberwachen den Luftdruck in den Reifen und stellen sicher, dass er im richtigen Bereich liegt, um Reifenpannen zu vermeiden, die Kraftstoffeffizienz zu verbessern und ein optimales Fahrverhalten des Fahrzeugs zu gew\u00e4hrleisten.<\/p><ul><li><strong>Druckluftbremsen<\/strong>: In Bussen, Lastwagen und Z\u00fcgen \u00fcberwachen Drucksensoren in Druckluftbremsen den Luftdruck, um sicherzustellen, dass die Bremsen korrekt funktionieren. Ist der Druck zu niedrig, k\u00f6nnten die Bremsen versagen; ist er zu hoch, k\u00f6nnten sie zu stark reagieren. <\/li><li><strong>Luftkompressoren<\/strong>: Drucksensoren in Luftkompressoren \u00fcberwachen den Luftdruck, um ihn innerhalb eines bestimmten Bereichs zu halten. Dadurch wird sichergestellt, dass die an Werkzeuge oder Maschinen gelieferte Druckluft den richtigen Druck hat, was Sch\u00e4den an den Ger\u00e4ten oder einen ineffizienten Betrieb verhindert. <\/li><li><strong>Druckluftmotoren <\/strong>und Vakuumpumpen: Diese Systeme sind auf Drucksensoren angewiesen, um den Druck der verwendeten Luft oder des Vakuums zu regulieren und so sicherzustellen, dass der Motor oder die Pumpe effektiv arbeitet, ohne Sch\u00e4den oder Ineffizienz zu verursachen.<\/li><\/ul>\t\t\t\t\t\t\t\t<\/div>\n\t\t\t\t<\/div>\n\t\t<div class=\"elementor-element elementor-element-5a1bb88 e-con-full e-flex e-con e-child\" data-id=\"5a1bb88\" data-element_type=\"container\" data-e-type=\"container\" data-settings=\"{&quot;background_background&quot;:&quot;classic&quot;}\">\n\t\t\t\t<\/div>\n\t\t\t\t<div class=\"elementor-element elementor-element-ece1ebf elementor-absolute elementor-widget elementor-widget-menu-anchor\" data-id=\"ece1ebf\" data-element_type=\"widget\" data-e-type=\"widget\" data-settings=\"{&quot;_position&quot;:&quot;absolute&quot;}\" data-widget_type=\"menu-anchor.default\">\n\t\t\t\t\t\t\t<div class=\"elementor-menu-anchor\" id=\"Pneumatik\"><\/div>\n\t\t\t\t\t\t<\/div>\n\t\t\t\t\t<\/div>\n\t\t\t\t<\/div>\n\t\t<div class=\"elementor-element elementor-element-a0a5685 e-flex e-con-boxed e-con e-parent\" data-id=\"a0a5685\" data-element_type=\"container\" data-e-type=\"container\">\n\t\t\t\t\t<div class=\"e-con-inner\">\n\t\t<div class=\"elementor-element elementor-element-8f5700f e-con-full e-flex e-con e-child\" data-id=\"8f5700f\" data-element_type=\"container\" data-e-type=\"container\" data-settings=\"{&quot;background_background&quot;:&quot;classic&quot;}\">\n\t\t\t\t<\/div>\n\t\t<div class=\"elementor-element elementor-element-b6fe150 e-con-full e-flex e-con e-child\" data-id=\"b6fe150\" data-element_type=\"container\" data-e-type=\"container\">\n\t\t\t\t<div class=\"elementor-element elementor-element-92e9233 elementor-widget elementor-widget-heading\" data-id=\"92e9233\" data-element_type=\"widget\" data-e-type=\"widget\" data-widget_type=\"heading.default\">\n\t\t\t\t\t<h2 class=\"elementor-heading-title elementor-size-default\">Hydraulische Systeme<\/h2>\t\t\t\t<\/div>\n\t\t\t\t<div class=\"elementor-element elementor-element-1831fa7 elementor-widget elementor-widget-text-editor\" data-id=\"1831fa7\" data-element_type=\"widget\" data-e-type=\"widget\" data-widget_type=\"text-editor.default\">\n\t\t\t\t\t\t\t\t\t<p><strong>Fahrzeug-Bremssysteme<\/strong>: Hydraulische Bremsen in Fahrzeugen verwenden Drucksensoren zur \u00dcberwachung des Drucks der Hydraulikfl\u00fcssigkeit. Dadurch wird sichergestellt, dass die Bremskraft richtig eingesetzt wird, um Bremsversagen oder ungleichm\u00e4\u00dfiges Bremsen zu verhindern. <\/p><ul><li><strong>Servolenkungssysteme<\/strong>: Drucksensoren in hydraulischen Servolenkungen tragen dazu bei, den korrekten Fl\u00fcssigkeitsdruck aufrechtzuerhalten, um eine reibungslose und reaktionsschnelle Lenkung zu gew\u00e4hrleisten.<\/li><li><strong>Sto\u00dfd\u00e4mpfer<\/strong>: In hydraulischen Sto\u00dfd\u00e4mpfern helfen Drucksensoren bei der \u00dcberwachung und Anpassung der D\u00e4mpfungskraft, was f\u00fcr ein angenehmes Fahrgef\u00fchl und ein besseres Fahrverhalten sorgt.<\/li><li><strong>Nutzfahrzeuge<\/strong>: Diese Maschinen werden mit Hilfe von Hydraulik bewegt und gehoben. Drucksensoren sorgen daf\u00fcr, dass das Hydrauliksystem innerhalb sicherer Grenzen arbeitet und Unf\u00e4lle aufgrund von Hydraulikausf\u00e4llen vermieden werden. <\/li><li><strong>Aufz\u00fcge<\/strong>: Hydraulische Aufz\u00fcge verwenden Drucksensoren, um den richtigen Druck in der Hydraulikfl\u00fcssigkeit aufrechtzuerhalten und einen reibungslosen und sicheren Betrieb zu gew\u00e4hrleisten.<\/li><li><strong>Industriemaschinen<\/strong>: In industriellen Anwendungen verwenden hydraulische Pressen Drucksensoren, um die bei den Pressvorg\u00e4ngen angewandte Kraft zu kontrollieren und so f\u00fcr Konsistenz und Sicherheit zu sorgen.<\/li><\/ul>\t\t\t\t\t\t\t\t<\/div>\n\t\t\t\t<\/div>\n\t\t\t\t\t<\/div>\n\t\t\t\t<\/div>\n\t\t<div class=\"elementor-element elementor-element-cad1a8f e-flex e-con-boxed e-con e-parent\" data-id=\"cad1a8f\" data-element_type=\"container\" data-e-type=\"container\" data-settings=\"{&quot;background_background&quot;:&quot;classic&quot;}\">\n\t\t\t\t\t<div class=\"e-con-inner\">\n\t\t<div class=\"elementor-element elementor-element-944bcaa e-con-full e-flex e-con e-child\" data-id=\"944bcaa\" data-element_type=\"container\" data-e-type=\"container\">\n\t\t\t\t<div class=\"elementor-element elementor-element-27d028f elementor-widget elementor-widget-heading\" data-id=\"27d028f\" data-element_type=\"widget\" data-e-type=\"widget\" data-widget_type=\"heading.default\">\n\t\t\t\t\t<h2 class=\"elementor-heading-title elementor-size-default\">Sicherheit und Kontrolle<\/h2>\t\t\t\t<\/div>\n\t\t\t\t<div class=\"elementor-element elementor-element-ea62b0b elementor-widget elementor-widget-text-editor\" data-id=\"ea62b0b\" data-element_type=\"widget\" data-e-type=\"widget\" data-widget_type=\"text-editor.default\">\n\t\t\t\t\t\t\t\t\t<p>Sowohl in pneumatischen als auch in hydraulischen Systemen sind Drucksensoren h\u00e4ufig in <strong>Druckreglern <\/strong>oder <strong>automatischen <a href=\"https:\/\/allsensors.eu\/de\/ventile-im-ueberblick\/\">Ventilen <\/a><\/strong>integriert, um den Systemdruck zu steuern. Die Sensoren liefern Echtzeit-Feedback an den Regler, der den Durchfluss so anpasst, dass das gew\u00fcnschte Druckniveau aufrechterhalten wird. Dies ist besonders wichtig in Hydrauliksystemen, wo die Fl\u00fcssigkeit fl\u00fcchtig oder entflammbar sein kann und hohe Dr\u00fccke gef\u00e4hrlich sein k\u00f6nnen.<br><br><br>  <\/p>\t\t\t\t\t\t\t\t<\/div>\n\t\t\t\t<\/div>\n\t\t<div class=\"elementor-element elementor-element-b31aaef e-con-full e-flex e-con e-child\" data-id=\"b31aaef\" data-element_type=\"container\" data-e-type=\"container\" data-settings=\"{&quot;background_background&quot;:&quot;classic&quot;}\">\n\t\t\t\t<\/div>\n\t\t\t\t\t<\/div>\n\t\t\t\t<\/div>\n\t\t<div class=\"elementor-element elementor-element-8bb583c e-flex e-con-boxed e-con e-parent\" data-id=\"8bb583c\" data-element_type=\"container\" data-e-type=\"container\" data-settings=\"{&quot;background_background&quot;:&quot;classic&quot;}\">\n\t\t\t\t\t<div class=\"e-con-inner\">\n\t\t<div class=\"elementor-element elementor-element-10b1bf1 e-con-full e-flex e-con e-child\" data-id=\"10b1bf1\" data-element_type=\"container\" data-e-type=\"container\" data-settings=\"{&quot;background_background&quot;:&quot;classic&quot;}\">\n\t\t\t\t<\/div>\n\t\t<div class=\"elementor-element elementor-element-6513ee5 e-con-full e-flex e-con e-child\" data-id=\"6513ee5\" data-element_type=\"container\" data-e-type=\"container\">\n\t\t\t\t<div class=\"elementor-element elementor-element-fff40cb elementor-widget elementor-widget-heading\" data-id=\"fff40cb\" data-element_type=\"widget\" data-e-type=\"widget\" data-widget_type=\"heading.default\">\n\t\t\t\t\t<h2 class=\"elementor-heading-title elementor-size-default\">Regulatoren<\/h2>\t\t\t\t<\/div>\n\t\t\t\t<div class=\"elementor-element elementor-element-e7193af elementor-widget elementor-widget-text-editor\" data-id=\"e7193af\" data-element_type=\"widget\" data-e-type=\"widget\" data-widget_type=\"text-editor.default\">\n\t\t\t\t\t\t\t\t\t<ul><li><strong>\u00dcberwachung<\/strong>: Kontinuierliche \u00dcberpr\u00fcfung des Drucks, um sicherzustellen, dass er innerhalb der Sicherheits- und Betriebsgrenzen bleibt.<\/li><li><strong>Regulierung<\/strong>: Einstellen des Durchflusses, um einen konstanten Druck trotz \u00c4nderungen im Systembedarf aufrechtzuerhalten.<\/li><li><strong>Sicherheit<\/strong>: Ausl\u00f6sung von Alarmen oder Sicherheitsabschaltungen bei \u00dcber- oder Unterschreiten eines sicheren Druckniveaus.<\/li><\/ul><p> <\/p><p>Durch die Integration von Drucksensoren in diese Systeme k\u00f6nnen Ingenieure sicherstellen, dass die Maschinen sicher, effizient und zuverl\u00e4ssig arbeiten, wodurch Unf\u00e4lle verhindert und die Lebensdauer der Ger\u00e4te verl\u00e4ngert wird.<\/p><p> <\/p><p>Drucksensoren in pneumatischen und hydraulischen Systemen haben je nach Anforderung der Anwendung verschiedene Messm\u00f6glichkeiten. Zu den wichtigsten Arten der Druckmessung geh\u00f6ren <strong>Differenzdruck <\/strong>und <strong>Absolutdruck<\/strong>. Diese Messmethoden sind f\u00fcr eine genaue Steuerung und \u00dcberwachung in Druckreglern und anderen Komponenten unerl\u00e4sslich.  <\/p>\t\t\t\t\t\t\t\t<\/div>\n\t\t\t\t<\/div>\n\t\t\t\t\t<\/div>\n\t\t\t\t<\/div>\n\t\t<div class=\"elementor-element elementor-element-b732133 e-flex e-con-boxed e-con e-parent\" data-id=\"b732133\" data-element_type=\"container\" data-e-type=\"container\">\n\t\t\t\t\t<div class=\"e-con-inner\">\n\t\t<div class=\"elementor-element elementor-element-0ae60a1 e-con-full e-flex e-con e-child\" data-id=\"0ae60a1\" data-element_type=\"container\" data-e-type=\"container\">\n\t\t\t\t<div class=\"elementor-element elementor-element-f5b0369 elementor-widget elementor-widget-heading\" data-id=\"f5b0369\" data-element_type=\"widget\" data-e-type=\"widget\" data-widget_type=\"heading.default\">\n\t\t\t\t\t<h2 class=\"elementor-heading-title elementor-size-default\">Vorteile<\/h2>\t\t\t\t<\/div>\n\t\t\t\t<div class=\"elementor-element elementor-element-162b49d elementor-widget elementor-widget-text-editor\" data-id=\"162b49d\" data-element_type=\"widget\" data-e-type=\"widget\" data-widget_type=\"text-editor.default\">\n\t\t\t\t\t\t\t\t\t<ul><li><strong>Pr\u00e4zision und Zuverl\u00e4ssigkeit<\/strong>: Die Verwendung fortschrittlicher Materialien wie Silizium und pr\u00e4ziser Mechanismen wie LVDTs erm\u00f6glicht hochgenaue und zuverl\u00e4ssige Druckmessungen. Diese Pr\u00e4zision ist bei Anwendungen wie der Servolenkung von entscheidender Bedeutung, bei der schon geringe Abweichungen die Systemleistung beeintr\u00e4chtigen k\u00f6nnen. <\/li><li><strong>Anpassungsf\u00e4higkeit<\/strong>: Mit dem Aufkommen von Einzelsensoren sind Installation und Systemdesign einfacher und schlanker geworden. Die Verf\u00fcgbarkeit eingebetteter Sensoren gew\u00e4hrleistet jedoch, dass selbst in den anspruchsvollsten Umgebungen eine genaue Druckmessung m\u00f6glich ist. <\/li><li><strong>Verbesserte Haltbarkeit<\/strong>: Die sorgf\u00e4ltige Konstruktion der Drucksensoren, einschlie\u00dflich Merkmalen wie silikonfreier Kontakt und flexible Schlauch\u00fcberwachung, stellt sicher, dass sie rauen Bedingungen standhalten und f\u00fcr eine Vielzahl von industriellen Anwendungen geeignet sind.<\/li><\/ul>\t\t\t\t\t\t\t\t<\/div>\n\t\t\t\t<\/div>\n\t\t<div class=\"elementor-element elementor-element-b6767ea e-con-full e-flex e-con e-child\" data-id=\"b6767ea\" data-element_type=\"container\" data-e-type=\"container\" data-settings=\"{&quot;background_background&quot;:&quot;classic&quot;}\">\n\t\t\t\t<\/div>\n\t\t\t\t\t<\/div>\n\t\t\t\t<\/div>\n\t\t\t\t<\/div>\n\t\t","protected":false},"excerpt":{"rendered":"<p>Anwendungsbereich &#8211; Pneumatik Drucksensoren spielen sowohl in pneumatischen als auch in hydraulischen Systemen eine entscheidende Rolle. Sie helfen bei der \u00dcberwachung und Steuerung des Drucks in diesen Systemen, um Sicherheit, Effizienz und Zuverl\u00e4ssigkeit zu gew\u00e4hrleisten. Technologie Drucksensoren, die in pneumatischen und hydraulischen Systemen eingesetzt werden, sind wichtige Komponenten, die physikalischen Druck in elektrische Signale umwandeln. [&hellip;]<\/p>\n","protected":false},"author":2,"featured_media":0,"parent":13797,"menu_order":5,"comment_status":"closed","ping_status":"closed","template":"elementor_header_footer","meta":{"footnotes":""},"class_list":["post-13993","page","type-page","status-publish","hentry"],"yoast_head":"<!-- This site is optimized with the Yoast SEO plugin v27.3 - https:\/\/yoast.com\/product\/yoast-seo-wordpress\/ -->\n<title>Pneumatik | Anwendungsbereich<\/title>\n<meta name=\"description\" content=\"Pneumatik mit hochwertiger Sensorik | Pneumatiksysteme \u2713 Hydrauliksysteme \u2713 Sicherheit &amp; Steuerung \u25ba Erfahren Sie mehr.\" \/>\n<meta name=\"robots\" content=\"index, follow, max-snippet:-1, max-image-preview:large, max-video-preview:-1\" \/>\n<link rel=\"canonical\" href=\"https:\/\/allsensors.eu\/de\/anwendungsbereiche\/pneumatik\/\" \/>\n<meta property=\"og:locale\" content=\"de_DE\" \/>\n<meta property=\"og:type\" content=\"article\" \/>\n<meta property=\"og:title\" content=\"Pneumatik | Anwendungsbereich\" \/>\n<meta property=\"og:description\" content=\"Pneumatik mit hochwertiger Sensorik | Pneumatiksysteme \u2713 Hydrauliksysteme \u2713 Sicherheit &amp; Steuerung \u25ba Erfahren Sie mehr.\" \/>\n<meta property=\"og:url\" content=\"https:\/\/allsensors.eu\/de\/anwendungsbereiche\/pneumatik\/\" \/>\n<meta property=\"og:site_name\" content=\"All Sensors\" \/>\n<meta property=\"article:modified_time\" content=\"2025-12-17T08:55:56+00:00\" \/>\n<meta name=\"twitter:card\" content=\"summary_large_image\" \/>\n<meta name=\"twitter:label1\" content=\"Gesch\u00e4tzte Lesezeit\" \/>\n\t<meta name=\"twitter:data1\" content=\"4\u00a0Minuten\" \/>\n<script type=\"application\/ld+json\" class=\"yoast-schema-graph\">{\"@context\":\"https:\\\/\\\/schema.org\",\"@graph\":[{\"@type\":\"WebPage\",\"@id\":\"https:\\\/\\\/allsensors.eu\\\/de\\\/anwendungsbereiche\\\/pneumatik\\\/\",\"url\":\"https:\\\/\\\/allsensors.eu\\\/de\\\/anwendungsbereiche\\\/pneumatik\\\/\",\"name\":\"Pneumatik | Anwendungsbereich\",\"isPartOf\":{\"@id\":\"https:\\\/\\\/allsensors.eu\\\/de\\\/#website\"},\"datePublished\":\"2023-11-20T10:52:35+00:00\",\"dateModified\":\"2025-12-17T08:55:56+00:00\",\"description\":\"Pneumatik mit hochwertiger Sensorik | Pneumatiksysteme \u2713 Hydrauliksysteme \u2713 Sicherheit & Steuerung \u25ba Erfahren Sie mehr.\",\"breadcrumb\":{\"@id\":\"https:\\\/\\\/allsensors.eu\\\/de\\\/anwendungsbereiche\\\/pneumatik\\\/#breadcrumb\"},\"inLanguage\":\"de\",\"potentialAction\":[{\"@type\":\"ReadAction\",\"target\":[\"https:\\\/\\\/allsensors.eu\\\/de\\\/anwendungsbereiche\\\/pneumatik\\\/\"]}]},{\"@type\":\"BreadcrumbList\",\"@id\":\"https:\\\/\\\/allsensors.eu\\\/de\\\/anwendungsbereiche\\\/pneumatik\\\/#breadcrumb\",\"itemListElement\":[{\"@type\":\"ListItem\",\"position\":1,\"name\":\"Startseite\",\"item\":\"https:\\\/\\\/allsensors.eu\\\/de\\\/startseite\\\/\"},{\"@type\":\"ListItem\",\"position\":2,\"name\":\"Anwendungsbereiche\",\"item\":\"https:\\\/\\\/allsensors.eu\\\/de\\\/anwendungsbereiche\\\/\"},{\"@type\":\"ListItem\",\"position\":3,\"name\":\"Pneumatik\"}]},{\"@type\":\"WebSite\",\"@id\":\"https:\\\/\\\/allsensors.eu\\\/de\\\/#website\",\"url\":\"https:\\\/\\\/allsensors.eu\\\/de\\\/\",\"name\":\"All Sensors\",\"description\":\"\",\"publisher\":{\"@id\":\"https:\\\/\\\/allsensors.eu\\\/de\\\/#organization\"},\"potentialAction\":[{\"@type\":\"SearchAction\",\"target\":{\"@type\":\"EntryPoint\",\"urlTemplate\":\"https:\\\/\\\/allsensors.eu\\\/de\\\/?s={search_term_string}\"},\"query-input\":{\"@type\":\"PropertyValueSpecification\",\"valueRequired\":true,\"valueName\":\"search_term_string\"}}],\"inLanguage\":\"de\"},{\"@type\":\"Organization\",\"@id\":\"https:\\\/\\\/allsensors.eu\\\/de\\\/#organization\",\"name\":\"All Sensors\",\"url\":\"https:\\\/\\\/allsensors.eu\\\/de\\\/\",\"logo\":{\"@type\":\"ImageObject\",\"inLanguage\":\"de\",\"@id\":\"https:\\\/\\\/allsensors.eu\\\/de\\\/#\\\/schema\\\/logo\\\/image\\\/\",\"url\":\"https:\\\/\\\/allsensors.eu\\\/wp-content\\\/uploads\\\/2023\\\/09\\\/cropped-cropped-All-Sensors-Logo-e1700556989539.png\",\"contentUrl\":\"https:\\\/\\\/allsensors.eu\\\/wp-content\\\/uploads\\\/2023\\\/09\\\/cropped-cropped-All-Sensors-Logo-e1700556989539.png\",\"width\":6090,\"height\":2375,\"caption\":\"All Sensors\"},\"image\":{\"@id\":\"https:\\\/\\\/allsensors.eu\\\/de\\\/#\\\/schema\\\/logo\\\/image\\\/\"}}]}<\/script>\n<!-- \/ Yoast SEO plugin. -->","yoast_head_json":{"title":"Pneumatik | Anwendungsbereich","description":"Pneumatik mit hochwertiger Sensorik | Pneumatiksysteme \u2713 Hydrauliksysteme \u2713 Sicherheit & Steuerung \u25ba Erfahren Sie mehr.","robots":{"index":"index","follow":"follow","max-snippet":"max-snippet:-1","max-image-preview":"max-image-preview:large","max-video-preview":"max-video-preview:-1"},"canonical":"https:\/\/allsensors.eu\/de\/anwendungsbereiche\/pneumatik\/","og_locale":"de_DE","og_type":"article","og_title":"Pneumatik | Anwendungsbereich","og_description":"Pneumatik mit hochwertiger Sensorik | Pneumatiksysteme \u2713 Hydrauliksysteme \u2713 Sicherheit & Steuerung \u25ba Erfahren Sie mehr.","og_url":"https:\/\/allsensors.eu\/de\/anwendungsbereiche\/pneumatik\/","og_site_name":"All Sensors","article_modified_time":"2025-12-17T08:55:56+00:00","twitter_card":"summary_large_image","twitter_misc":{"Gesch\u00e4tzte Lesezeit":"4\u00a0Minuten"},"schema":{"@context":"https:\/\/schema.org","@graph":[{"@type":"WebPage","@id":"https:\/\/allsensors.eu\/de\/anwendungsbereiche\/pneumatik\/","url":"https:\/\/allsensors.eu\/de\/anwendungsbereiche\/pneumatik\/","name":"Pneumatik | Anwendungsbereich","isPartOf":{"@id":"https:\/\/allsensors.eu\/de\/#website"},"datePublished":"2023-11-20T10:52:35+00:00","dateModified":"2025-12-17T08:55:56+00:00","description":"Pneumatik mit hochwertiger Sensorik | Pneumatiksysteme \u2713 Hydrauliksysteme \u2713 Sicherheit & Steuerung \u25ba Erfahren Sie mehr.","breadcrumb":{"@id":"https:\/\/allsensors.eu\/de\/anwendungsbereiche\/pneumatik\/#breadcrumb"},"inLanguage":"de","potentialAction":[{"@type":"ReadAction","target":["https:\/\/allsensors.eu\/de\/anwendungsbereiche\/pneumatik\/"]}]},{"@type":"BreadcrumbList","@id":"https:\/\/allsensors.eu\/de\/anwendungsbereiche\/pneumatik\/#breadcrumb","itemListElement":[{"@type":"ListItem","position":1,"name":"Startseite","item":"https:\/\/allsensors.eu\/de\/startseite\/"},{"@type":"ListItem","position":2,"name":"Anwendungsbereiche","item":"https:\/\/allsensors.eu\/de\/anwendungsbereiche\/"},{"@type":"ListItem","position":3,"name":"Pneumatik"}]},{"@type":"WebSite","@id":"https:\/\/allsensors.eu\/de\/#website","url":"https:\/\/allsensors.eu\/de\/","name":"All Sensors","description":"","publisher":{"@id":"https:\/\/allsensors.eu\/de\/#organization"},"potentialAction":[{"@type":"SearchAction","target":{"@type":"EntryPoint","urlTemplate":"https:\/\/allsensors.eu\/de\/?s={search_term_string}"},"query-input":{"@type":"PropertyValueSpecification","valueRequired":true,"valueName":"search_term_string"}}],"inLanguage":"de"},{"@type":"Organization","@id":"https:\/\/allsensors.eu\/de\/#organization","name":"All Sensors","url":"https:\/\/allsensors.eu\/de\/","logo":{"@type":"ImageObject","inLanguage":"de","@id":"https:\/\/allsensors.eu\/de\/#\/schema\/logo\/image\/","url":"https:\/\/allsensors.eu\/wp-content\/uploads\/2023\/09\/cropped-cropped-All-Sensors-Logo-e1700556989539.png","contentUrl":"https:\/\/allsensors.eu\/wp-content\/uploads\/2023\/09\/cropped-cropped-All-Sensors-Logo-e1700556989539.png","width":6090,"height":2375,"caption":"All Sensors"},"image":{"@id":"https:\/\/allsensors.eu\/de\/#\/schema\/logo\/image\/"}}]}},"_links":{"self":[{"href":"https:\/\/allsensors.eu\/de\/wp-json\/wp\/v2\/pages\/13993","targetHints":{"allow":["GET"]}}],"collection":[{"href":"https:\/\/allsensors.eu\/de\/wp-json\/wp\/v2\/pages"}],"about":[{"href":"https:\/\/allsensors.eu\/de\/wp-json\/wp\/v2\/types\/page"}],"author":[{"embeddable":true,"href":"https:\/\/allsensors.eu\/de\/wp-json\/wp\/v2\/users\/2"}],"replies":[{"embeddable":true,"href":"https:\/\/allsensors.eu\/de\/wp-json\/wp\/v2\/comments?post=13993"}],"version-history":[{"count":7,"href":"https:\/\/allsensors.eu\/de\/wp-json\/wp\/v2\/pages\/13993\/revisions"}],"predecessor-version":[{"id":21289,"href":"https:\/\/allsensors.eu\/de\/wp-json\/wp\/v2\/pages\/13993\/revisions\/21289"}],"up":[{"embeddable":true,"href":"https:\/\/allsensors.eu\/de\/wp-json\/wp\/v2\/pages\/13797"}],"wp:attachment":[{"href":"https:\/\/allsensors.eu\/de\/wp-json\/wp\/v2\/media?parent=13993"}],"curies":[{"name":"wp","href":"https:\/\/api.w.org\/{rel}","templated":true}]}}