{"id":14063,"date":"2023-11-20T10:56:47","date_gmt":"2023-11-20T10:56:47","guid":{"rendered":"https:\/\/allsensors.eu\/anwendungsbereiche\/tragbare-und-mobile-geraete\/"},"modified":"2025-06-18T09:39:47","modified_gmt":"2025-06-18T09:39:47","slug":"tragbare-und-mobile-geraete","status":"publish","type":"page","link":"https:\/\/allsensors.eu\/de\/anwendungsbereiche\/tragbare-und-mobile-geraete\/","title":{"rendered":"Tragbare und mobile Ger\u00e4te"},"content":{"rendered":"\t\t<div data-elementor-type=\"wp-page\" data-elementor-id=\"14063\" class=\"elementor elementor-14063 elementor-1027\" data-elementor-post-type=\"page\">\n\t\t\t\t<div class=\"elementor-element elementor-element-ac13743 e-con-full e-flex e-con e-parent\" data-id=\"ac13743\" data-element_type=\"container\" data-e-type=\"container\">\n\t\t<div class=\"elementor-element elementor-element-5b7e158 e-flex e-con-boxed e-con e-child\" data-id=\"5b7e158\" data-element_type=\"container\" data-e-type=\"container\" data-settings=\"{&quot;background_background&quot;:&quot;video&quot;,&quot;background_video_link&quot;:&quot;https:\\\/\\\/allsensors.eu\\\/wp-content\\\/uploads\\\/2024\\\/10\\\/All-Sensors_920399897_handheld-device-720.mov&quot;,&quot;motion_fx_motion_fx_scrolling&quot;:&quot;yes&quot;,&quot;motion_fx_scale_effect&quot;:&quot;yes&quot;,&quot;motion_fx_scale_speed&quot;:{&quot;unit&quot;:&quot;px&quot;,&quot;size&quot;:2,&quot;sizes&quot;:[]},&quot;motion_fx_scale_range&quot;:{&quot;unit&quot;:&quot;%&quot;,&quot;size&quot;:&quot;&quot;,&quot;sizes&quot;:{&quot;start&quot;:65,&quot;end&quot;:100}},&quot;background_play_on_mobile&quot;:&quot;yes&quot;,&quot;motion_fx_scale_direction&quot;:&quot;out-in&quot;,&quot;motion_fx_devices&quot;:[&quot;desktop&quot;,&quot;tablet&quot;,&quot;mobile&quot;]}\">\n\t\t\t\t\t<div class=\"e-con-inner\">\n\t\t<div class=\"elementor-background-video-container\">\n\t\t\t\t\t\t\t<video class=\"elementor-background-video-hosted\" role=\"presentation\" autoplay muted playsinline loop><\/video>\n\t\t\t\t\t<\/div><div class=\"elementor-element elementor-element-397cbb9 blur-effect-4 e-flex e-con-boxed e-con e-child\" data-id=\"397cbb9\" data-element_type=\"container\" data-e-type=\"container\">\n\t\t\t\t\t<div class=\"e-con-inner\">\n\t\t\t\t<div class=\"elementor-element elementor-element-6805501 elementor-widget elementor-widget-heading\" data-id=\"6805501\" data-element_type=\"widget\" data-e-type=\"widget\" data-widget_type=\"heading.default\">\n\t\t\t\t\t<h1 class=\"elementor-heading-title elementor-size-default\">Anwendungsbereich - Tragbare und mobile Ger\u00e4te<\/h1>\t\t\t\t<\/div>\n\t\t\t\t<div class=\"elementor-element elementor-element-59b70c1 elementor-widget elementor-widget-text-editor\" data-id=\"59b70c1\" data-element_type=\"widget\" data-e-type=\"widget\" data-widget_type=\"text-editor.default\">\n\t\t\t\t\t\t\t\t\t<p>Nieder<a href=\"https:\/\/allsensors.eu\/de\/drucksensoren\/\">drucksensoren<\/a> werden zunehmend in tragbare und mobile Ger\u00e4te integriert, wo sie eine breite Palette von Funktionen im Zusammenhang mit der Umgebungs\u00fcberwachung, der Benutzerinteraktion und der Ger\u00e4teleistung erm\u00f6glichen. Diese Sensoren sind von entscheidender Bedeutung f\u00fcr die Verbesserung der Funktionalit\u00e4t, der Sicherheit und der Benutzerfreundlichkeit verschiedener tragbarer Ger\u00e4te, darunter Smartphones, Wearable Technology, Drohnen und tragbare medizinische Ger\u00e4te. <\/p>\t\t\t\t\t\t\t\t<\/div>\n\t\t\t\t\t<\/div>\n\t\t\t\t<\/div>\n\t\t\t\t\t<\/div>\n\t\t\t\t<\/div>\n\t\t\t\t<\/div>\n\t\t<div class=\"elementor-element elementor-element-12ec3df e-flex e-con-boxed e-con e-parent\" data-id=\"12ec3df\" data-element_type=\"container\" data-e-type=\"container\">\n\t\t\t\t\t<div class=\"e-con-inner\">\n\t\t<div class=\"elementor-element elementor-element-4c39c74 e-con-full e-flex e-con e-child\" data-id=\"4c39c74\" data-element_type=\"container\" data-e-type=\"container\">\n\t\t\t\t<div class=\"elementor-element elementor-element-73a1a05 elementor-widget elementor-widget-heading\" data-id=\"73a1a05\" data-element_type=\"widget\" data-e-type=\"widget\" data-widget_type=\"heading.default\">\n\t\t\t\t\t<h2 class=\"elementor-heading-title elementor-size-default\">Wichtigste Anwendungsbeispiele<\/h2>\t\t\t\t<\/div>\n\t\t\t\t<div class=\"elementor-element elementor-element-e878a3a elementor-widget elementor-widget-text-editor\" data-id=\"e878a3a\" data-element_type=\"widget\" data-e-type=\"widget\" data-widget_type=\"text-editor.default\">\n\t\t\t\t\t\t\t\t\t<p><strong>1. H\u00f6hen- und H\u00f6henlagenerkennung in Smartphones und Wearables:<\/strong><br>\u2022 Zweck: Niederdrucksensoren in Smartphones, Smartwatches und Fitness-Trackern werden zur Messung des atmosph\u00e4rischen Drucks verwendet, der in H\u00f6hen- oder H\u00f6hendaten umgerechnet werden kann. Diese Funktion ist f\u00fcr Navigation, Fitness-Tracking und standortbezogene Dienste unerl\u00e4sslich. <br>\u2022 Anwendung: Fitness-Tracking: Mit Niederdrucksensoren ausgestattete Wearables k\u00f6nnen die Anzahl der gestiegenen Treppen oder den H\u00f6henunterschied bei Outdoor-Aktivit\u00e4ten wie Wandern, Laufen oder Radfahren messen. Diese Daten helfen den Nutzern, ihre k\u00f6rperliche Aktivit\u00e4t genauer zu \u00fcberwachen. <br>\u2022 Navigation: Smartphones verwenden Niederdrucksensoren, um die GPS-Genauigkeit zu verbessern, indem sie H\u00f6heninformationen liefern, die f\u00fcr Anwendungen wie Wandern, Luftfahrt und Such- und Rettungseins\u00e4tze entscheidend sind.<br><strong>2. Umwelt\u00fcberwachung in tragbaren Ger\u00e4ten:<\/strong><br>\u2022 Zweck: Tragbare Umwelt\u00fcberwachungsger\u00e4te, wie z. B. Luftqualit\u00e4tsmonitore und Wetterstationen, st\u00fctzen sich auf Niederdrucksensoren, um die atmosph\u00e4rischen Bedingungen, einschlie\u00dflich Luftdruck, Luftqualit\u00e4t und Wetter\u00e4nderungen, zu bewerten.<br>\u2022 Anwendung: Luftqualit\u00e4tsmonitore: Tragbare Luftqualit\u00e4tsger\u00e4te verwenden Niederdrucksensoren, um die Konzentration von Schadstoffen in der Luft, wie Feinstaub und fl\u00fcchtige organische Verbindungen (VOC), zu messen. Diese Ger\u00e4te liefern Daten zur Luftqualit\u00e4t in Echtzeit und helfen den Nutzern, verschmutzte Gebiete zu meiden und die Luftqualit\u00e4t in Innenr\u00e4umen zu verbessern. <br>\u2022 Tragbare Wetterstationen: Kompakte Wetterstationen sind mit Niederdrucksensoren zur \u00dcberwachung des Luftdrucks ausgestattet, was die Vorhersage von Wetter\u00e4nderungen erleichtert. Diese Ger\u00e4te sind n\u00fctzlich f\u00fcr Outdoor-Enthusiasten, Landwirte und Mitarbeiter an abgelegenen Orten. <\/p>\t\t\t\t\t\t\t\t<\/div>\n\t\t\t\t<\/div>\n\t\t<div class=\"elementor-element elementor-element-bababc4 e-con-full e-flex e-con e-child\" data-id=\"bababc4\" data-element_type=\"container\" data-e-type=\"container\" data-settings=\"{&quot;background_background&quot;:&quot;classic&quot;}\">\n\t\t\t\t<\/div>\n\t\t\t\t\t<\/div>\n\t\t\t\t<\/div>\n\t\t<div class=\"elementor-element elementor-element-b190a8c e-flex e-con-boxed e-con e-parent\" data-id=\"b190a8c\" data-element_type=\"container\" data-e-type=\"container\" data-settings=\"{&quot;background_background&quot;:&quot;classic&quot;}\">\n\t\t\t\t\t<div class=\"e-con-inner\">\n\t\t<div class=\"elementor-element elementor-element-5b7c4e8 e-con-full e-flex e-con e-child\" data-id=\"5b7c4e8\" data-element_type=\"container\" data-e-type=\"container\" data-settings=\"{&quot;background_background&quot;:&quot;classic&quot;}\">\n\t\t\t\t<\/div>\n\t\t<div class=\"elementor-element elementor-element-b0c7861 e-con-full e-flex e-con e-child\" data-id=\"b0c7861\" data-element_type=\"container\" data-e-type=\"container\">\n\t\t\t\t<div class=\"elementor-element elementor-element-2485eee elementor-widget elementor-widget-text-editor\" data-id=\"2485eee\" data-element_type=\"widget\" data-e-type=\"widget\" data-widget_type=\"text-editor.default\">\n\t\t\t\t\t\t\t\t\t<p><strong>3. Benutzerinteraktion in mobilen Ger\u00e4ten:<\/strong><br>\u2022 Zweck: Niederdrucksensoren k\u00f6nnen in mobilen Ger\u00e4ten eingesetzt werden, um subtile Druck\u00e4nderungen zu erkennen, was neue Formen der Benutzerinteraktion erm\u00f6glicht und die Ber\u00fchrungsempfindlichkeit verbessert.<br>\u2022 Anwendung: Druckempfindliche Touchscreens: In einigen Smartphones und Tablets sind unter den Touchscreens Niederdrucksensoren eingebaut, die unterschiedliche Druckst\u00e4rken des Benutzers erkennen. Diese Funktion, die als \u201eForce Touch\u201c oder \u201e3D Touch\u201c bekannt ist, erm\u00f6glicht je nach Druckintensit\u00e4t unterschiedliche Aktionen und bietet eine dynamischere und intuitivere Benutzeroberfl\u00e4che. <br>\u2022 Gestenerkennung: Wearables und intelligente Ger\u00e4te k\u00f6nnen mithilfe von Niederdrucksensoren Gesten oder N\u00e4he erkennen, indem sie Luftdruck\u00e4nderungen in der N\u00e4he des Ger\u00e4ts wahrnehmen. Dies erm\u00f6glicht eine freih\u00e4ndige Steuerung und innovative M\u00f6glichkeiten zur Interaktion mit Ger\u00e4ten. <br><strong>4. Tragbare medizinische Ger\u00e4te:<\/strong><br>\u2022 Zweck: Im medizinischen Bereich werden Niederdrucksensoren in tragbaren Ger\u00e4ten zur \u00dcberwachung physiologischer Parameter eingesetzt, um genaue und zuverl\u00e4ssige Messwerte zu gew\u00e4hrleisten, die f\u00fcr die Patientenversorgung entscheidend sind.<br>\u2022 Anwendung: Tragbare Beatmungsmonitore: Niederdrucksensoren sind integraler Bestandteil von Ger\u00e4ten, die Atemmuster und Lungenfunktion \u00fcberwachen. Diese Ger\u00e4te messen die mit der Ein- und Ausatmung verbundenen Druck\u00e4nderungen und liefern wichtige Daten f\u00fcr Patienten mit Atemwegserkrankungen wie Asthma oder COPD. <br>\u2022 Blutdruckmessger\u00e4te: Tragbare Blutdruckmessger\u00e4te verwenden Niederdrucksensoren, um den Druck in aufblasbaren Manschetten zu ermitteln, was eine genaue Messung des systolischen und diastolischen Blutdrucks erm\u00f6glicht. Diese Ger\u00e4te werden h\u00e4ufig zur \u00dcberwachung des Blutdrucks zu Hause eingesetzt. <br><strong>5. Drohnen und unbemannte Luftfahrzeuge (UAVs):<\/strong><br>\u2022 Zweck: Drohnen und UAVs verwenden Niederdrucksensoren, um die H\u00f6he zu messen, die Flugstabilit\u00e4t zu kontrollieren und die Navigation zu unterst\u00fctzen, um einen sicheren und pr\u00e4zisen Betrieb zu gew\u00e4hrleisten.<br>\u2022 Anwendung: Steuerung der Flugh\u00f6he: Niederdrucksensoren helfen Drohnen dabei, w\u00e4hrend des Flugs eine stabile H\u00f6he zu halten, was f\u00fcr die Aufnahme gleichm\u00e4\u00dfiger Bilder und Videoaufnahmen sowie f\u00fcr den sicheren Betrieb unter wechselnden Umgebungsbedingungen unerl\u00e4sslich ist.<br>\u2022 Wetter\u00fcberwachung: Einige Drohnen sind mit Umweltsensoren, einschlie\u00dflich Niederdrucksensoren, ausgestattet, um atmosph\u00e4rische Daten wie Druck, Temperatur und Feuchtigkeit zu erfassen. Diese Daten sind wertvoll f\u00fcr die meteorologische Forschung und die Umwelt\u00fcberwachung. <\/p>\t\t\t\t\t\t\t\t<\/div>\n\t\t\t\t<\/div>\n\t\t\t\t\t<\/div>\n\t\t\t\t<\/div>\n\t\t<div class=\"elementor-element elementor-element-c29c16c e-flex e-con-boxed e-con e-parent\" data-id=\"c29c16c\" data-element_type=\"container\" data-e-type=\"container\">\n\t\t\t\t\t<div class=\"e-con-inner\">\n\t\t<div class=\"elementor-element elementor-element-3175437 e-con-full e-flex e-con e-child\" data-id=\"3175437\" data-element_type=\"container\" data-e-type=\"container\">\n\t\t\t\t<div class=\"elementor-element elementor-element-24f98fa elementor-widget elementor-widget-heading\" data-id=\"24f98fa\" data-element_type=\"widget\" data-e-type=\"widget\" data-widget_type=\"heading.default\">\n\t\t\t\t\t<h2 class=\"elementor-heading-title elementor-size-default\">Die Bedeutung von Niederdrucksensoren in tragbaren und mobilen Ger\u00e4ten<\/h2>\t\t\t\t<\/div>\n\t\t\t\t<div class=\"elementor-element elementor-element-d88d899 elementor-widget elementor-widget-text-editor\" data-id=\"d88d899\" data-element_type=\"widget\" data-e-type=\"widget\" data-widget_type=\"text-editor.default\">\n\t\t\t\t\t\t\t\t\t<p><strong>Verbessertes Benutzererlebnis:<\/strong> Indem sie Funktionen wie druckempfindliche Touchscreens und eine genaue H\u00f6henmessung erm\u00f6glichen, tragen Niederdrucksensoren zu einem interaktiveren und ansprechenderen Benutzererlebnis bei mobilen Ger\u00e4ten bei.<br><strong>\u2022 \u00dcberwachung von Gesundheit und Sicherheit:<\/strong> In tragbaren medizinischen Ger\u00e4ten liefern Niederdrucksensoren wichtige Daten f\u00fcr die \u00dcberwachung von Lebenszeichen und Umgebungsbedingungen und unterst\u00fctzen so ein besseres Gesundheitsmanagement und die Patientensicherheit.<br><strong>\u2022 Verbesserte Ger\u00e4tefunktionalit\u00e4t:<\/strong> In Drohnen und anderen tragbaren Ger\u00e4ten sorgen Niederdrucksensoren f\u00fcr pr\u00e4zisen Betrieb, Stabilit\u00e4t und Umweltbewusstsein und verbessern so die Gesamtfunktionalit\u00e4t und Leistung des Ger\u00e4ts.<\/p>\t\t\t\t\t\t\t\t<\/div>\n\t\t\t\t<\/div>\n\t\t<div class=\"elementor-element elementor-element-4a0e2b6 e-con-full e-flex e-con e-child\" data-id=\"4a0e2b6\" data-element_type=\"container\" data-e-type=\"container\" data-settings=\"{&quot;background_background&quot;:&quot;classic&quot;}\">\n\t\t\t\t<\/div>\n\t\t\t\t\t<\/div>\n\t\t\t\t<\/div>\n\t\t<div class=\"elementor-element elementor-element-6cd383d e-flex e-con-boxed e-con e-parent\" data-id=\"6cd383d\" data-element_type=\"container\" data-e-type=\"container\">\n\t\t\t\t\t<div class=\"e-con-inner\">\n\t\t<div class=\"elementor-element elementor-element-4ac6d79 e-con-full e-flex e-con e-child\" data-id=\"4ac6d79\" data-element_type=\"container\" data-e-type=\"container\" data-settings=\"{&quot;background_background&quot;:&quot;classic&quot;}\">\n\t\t\t\t<\/div>\n\t\t<div class=\"elementor-element elementor-element-00d2a89 e-con-full e-flex e-con e-child\" data-id=\"00d2a89\" data-element_type=\"container\" data-e-type=\"container\">\n\t\t\t\t<div class=\"elementor-element elementor-element-5a4b52b elementor-widget elementor-widget-heading\" data-id=\"5a4b52b\" data-element_type=\"widget\" data-e-type=\"widget\" data-widget_type=\"heading.default\">\n\t\t\t\t\t<h2 class=\"elementor-heading-title elementor-size-default\">Fazit<br><\/h2>\t\t\t\t<\/div>\n\t\t\t\t<div class=\"elementor-element elementor-element-b36f03d elementor-widget elementor-widget-text-editor\" data-id=\"b36f03d\" data-element_type=\"widget\" data-e-type=\"widget\" data-widget_type=\"text-editor.default\">\n\t\t\t\t\t\t\t\t\t<p>Niederdrucksensoren werden zunehmend zu einer wesentlichen Komponente in einer Vielzahl von tragbaren und mobilen Ger\u00e4ten, deren F\u00e4higkeit, Niederdruckbedingungen genau zu messen und darauf zu reagieren, neue M\u00f6glichkeiten f\u00fcr Innovation und Funktionalit\u00e4t er\u00f6ffnet. Von der Verbesserung der Benutzerinteraktion in Smartphones und Wearables bis hin zur Gew\u00e4hrleistung der Genauigkeit tragbarer medizinischer Ger\u00e4te sind diese Sensoren ein wesentlicher Bestandteil der kontinuierlichen Weiterentwicklung tragbarer Technologien. Da die Nachfrage nach intelligenteren, reaktionsschnelleren und umweltbewussten Ger\u00e4ten steigt, wird die Rolle von Niederdrucksensoren in mobilen Anwendungen nur noch bedeutender werden.  <\/p>\t\t\t\t\t\t\t\t<\/div>\n\t\t\t\t<\/div>\n\t\t\t\t\t<\/div>\n\t\t\t\t<\/div>\n\t\t\t\t<\/div>\n\t\t","protected":false},"excerpt":{"rendered":"<p>Anwendungsbereich &#8211; Tragbare und mobile Ger\u00e4te Niederdrucksensoren werden zunehmend in tragbare und mobile Ger\u00e4te integriert, wo sie eine breite Palette von Funktionen im Zusammenhang mit der Umgebungs\u00fcberwachung, der Benutzerinteraktion und der Ger\u00e4teleistung erm\u00f6glichen. Diese Sensoren sind von entscheidender Bedeutung f\u00fcr die Verbesserung der Funktionalit\u00e4t, der Sicherheit und der Benutzerfreundlichkeit verschiedener tragbarer Ger\u00e4te, darunter Smartphones, Wearable [&hellip;]<\/p>\n","protected":false},"author":2,"featured_media":0,"parent":13797,"menu_order":5,"comment_status":"closed","ping_status":"closed","template":"elementor_header_footer","meta":{"footnotes":""},"class_list":["post-14063","page","type-page","status-publish","hentry"],"yoast_head":"<!-- This site is optimized with the Yoast SEO plugin v27.3 - https:\/\/yoast.com\/product\/yoast-seo-wordpress\/ -->\n<title>Tragbare und mobile Ger\u00e4te | Anwendungsbereich<\/title>\n<meta name=\"description\" content=\"Tragbare und mobile Ger\u00e4te, die mit hochwertigen Sensoren ausgestattet sind | Verbesserte Benutzererfahrung \u2713 verbesserte Funktionalit\u00e4t \u25ba hier klicken.\" \/>\n<meta name=\"robots\" content=\"index, follow, max-snippet:-1, max-image-preview:large, max-video-preview:-1\" \/>\n<link rel=\"canonical\" href=\"https:\/\/allsensors.eu\/de\/anwendungsbereiche\/tragbare-und-mobile-geraete\/\" \/>\n<meta property=\"og:locale\" content=\"de_DE\" \/>\n<meta property=\"og:type\" content=\"article\" \/>\n<meta property=\"og:title\" content=\"Tragbare und mobile Ger\u00e4te | Anwendungsbereich\" \/>\n<meta property=\"og:description\" content=\"Tragbare und mobile Ger\u00e4te, die mit hochwertigen Sensoren ausgestattet sind | Verbesserte Benutzererfahrung \u2713 verbesserte Funktionalit\u00e4t \u25ba hier klicken.\" \/>\n<meta property=\"og:url\" content=\"https:\/\/allsensors.eu\/de\/anwendungsbereiche\/tragbare-und-mobile-geraete\/\" \/>\n<meta property=\"og:site_name\" content=\"All Sensors\" \/>\n<meta property=\"article:modified_time\" content=\"2025-06-18T09:39:47+00:00\" \/>\n<meta name=\"twitter:card\" content=\"summary_large_image\" \/>\n<meta name=\"twitter:label1\" content=\"Gesch\u00e4tzte Lesezeit\" \/>\n\t<meta name=\"twitter:data1\" content=\"5\u00a0Minuten\" \/>\n<script type=\"application\/ld+json\" class=\"yoast-schema-graph\">{\"@context\":\"https:\\\/\\\/schema.org\",\"@graph\":[{\"@type\":\"WebPage\",\"@id\":\"https:\\\/\\\/allsensors.eu\\\/de\\\/anwendungsbereiche\\\/tragbare-und-mobile-geraete\\\/\",\"url\":\"https:\\\/\\\/allsensors.eu\\\/de\\\/anwendungsbereiche\\\/tragbare-und-mobile-geraete\\\/\",\"name\":\"Tragbare und mobile Ger\u00e4te | Anwendungsbereich\",\"isPartOf\":{\"@id\":\"https:\\\/\\\/allsensors.eu\\\/de\\\/#website\"},\"datePublished\":\"2023-11-20T10:56:47+00:00\",\"dateModified\":\"2025-06-18T09:39:47+00:00\",\"description\":\"Tragbare und mobile Ger\u00e4te, die mit hochwertigen Sensoren ausgestattet sind | Verbesserte Benutzererfahrung \u2713 verbesserte Funktionalit\u00e4t \u25ba hier klicken.\",\"breadcrumb\":{\"@id\":\"https:\\\/\\\/allsensors.eu\\\/de\\\/anwendungsbereiche\\\/tragbare-und-mobile-geraete\\\/#breadcrumb\"},\"inLanguage\":\"de\",\"potentialAction\":[{\"@type\":\"ReadAction\",\"target\":[\"https:\\\/\\\/allsensors.eu\\\/de\\\/anwendungsbereiche\\\/tragbare-und-mobile-geraete\\\/\"]}]},{\"@type\":\"BreadcrumbList\",\"@id\":\"https:\\\/\\\/allsensors.eu\\\/de\\\/anwendungsbereiche\\\/tragbare-und-mobile-geraete\\\/#breadcrumb\",\"itemListElement\":[{\"@type\":\"ListItem\",\"position\":1,\"name\":\"Startseite\",\"item\":\"https:\\\/\\\/allsensors.eu\\\/de\\\/startseite\\\/\"},{\"@type\":\"ListItem\",\"position\":2,\"name\":\"Anwendungsbereiche\",\"item\":\"https:\\\/\\\/allsensors.eu\\\/de\\\/anwendungsbereiche\\\/\"},{\"@type\":\"ListItem\",\"position\":3,\"name\":\"Tragbare und mobile Ger\u00e4te\"}]},{\"@type\":\"WebSite\",\"@id\":\"https:\\\/\\\/allsensors.eu\\\/de\\\/#website\",\"url\":\"https:\\\/\\\/allsensors.eu\\\/de\\\/\",\"name\":\"All Sensors\",\"description\":\"\",\"publisher\":{\"@id\":\"https:\\\/\\\/allsensors.eu\\\/de\\\/#organization\"},\"potentialAction\":[{\"@type\":\"SearchAction\",\"target\":{\"@type\":\"EntryPoint\",\"urlTemplate\":\"https:\\\/\\\/allsensors.eu\\\/de\\\/?s={search_term_string}\"},\"query-input\":{\"@type\":\"PropertyValueSpecification\",\"valueRequired\":true,\"valueName\":\"search_term_string\"}}],\"inLanguage\":\"de\"},{\"@type\":\"Organization\",\"@id\":\"https:\\\/\\\/allsensors.eu\\\/de\\\/#organization\",\"name\":\"All Sensors\",\"url\":\"https:\\\/\\\/allsensors.eu\\\/de\\\/\",\"logo\":{\"@type\":\"ImageObject\",\"inLanguage\":\"de\",\"@id\":\"https:\\\/\\\/allsensors.eu\\\/de\\\/#\\\/schema\\\/logo\\\/image\\\/\",\"url\":\"https:\\\/\\\/allsensors.eu\\\/wp-content\\\/uploads\\\/2023\\\/09\\\/cropped-cropped-All-Sensors-Logo-e1700556989539.png\",\"contentUrl\":\"https:\\\/\\\/allsensors.eu\\\/wp-content\\\/uploads\\\/2023\\\/09\\\/cropped-cropped-All-Sensors-Logo-e1700556989539.png\",\"width\":6090,\"height\":2375,\"caption\":\"All Sensors\"},\"image\":{\"@id\":\"https:\\\/\\\/allsensors.eu\\\/de\\\/#\\\/schema\\\/logo\\\/image\\\/\"}}]}<\/script>\n<!-- \/ Yoast SEO plugin. -->","yoast_head_json":{"title":"Tragbare und mobile Ger\u00e4te | Anwendungsbereich","description":"Tragbare und mobile Ger\u00e4te, die mit hochwertigen Sensoren ausgestattet sind | Verbesserte Benutzererfahrung \u2713 verbesserte Funktionalit\u00e4t \u25ba hier klicken.","robots":{"index":"index","follow":"follow","max-snippet":"max-snippet:-1","max-image-preview":"max-image-preview:large","max-video-preview":"max-video-preview:-1"},"canonical":"https:\/\/allsensors.eu\/de\/anwendungsbereiche\/tragbare-und-mobile-geraete\/","og_locale":"de_DE","og_type":"article","og_title":"Tragbare und mobile Ger\u00e4te | Anwendungsbereich","og_description":"Tragbare und mobile Ger\u00e4te, die mit hochwertigen Sensoren ausgestattet sind | Verbesserte Benutzererfahrung \u2713 verbesserte Funktionalit\u00e4t \u25ba hier klicken.","og_url":"https:\/\/allsensors.eu\/de\/anwendungsbereiche\/tragbare-und-mobile-geraete\/","og_site_name":"All Sensors","article_modified_time":"2025-06-18T09:39:47+00:00","twitter_card":"summary_large_image","twitter_misc":{"Gesch\u00e4tzte Lesezeit":"5\u00a0Minuten"},"schema":{"@context":"https:\/\/schema.org","@graph":[{"@type":"WebPage","@id":"https:\/\/allsensors.eu\/de\/anwendungsbereiche\/tragbare-und-mobile-geraete\/","url":"https:\/\/allsensors.eu\/de\/anwendungsbereiche\/tragbare-und-mobile-geraete\/","name":"Tragbare und mobile Ger\u00e4te | Anwendungsbereich","isPartOf":{"@id":"https:\/\/allsensors.eu\/de\/#website"},"datePublished":"2023-11-20T10:56:47+00:00","dateModified":"2025-06-18T09:39:47+00:00","description":"Tragbare und mobile Ger\u00e4te, die mit hochwertigen Sensoren ausgestattet sind | Verbesserte Benutzererfahrung \u2713 verbesserte Funktionalit\u00e4t \u25ba hier klicken.","breadcrumb":{"@id":"https:\/\/allsensors.eu\/de\/anwendungsbereiche\/tragbare-und-mobile-geraete\/#breadcrumb"},"inLanguage":"de","potentialAction":[{"@type":"ReadAction","target":["https:\/\/allsensors.eu\/de\/anwendungsbereiche\/tragbare-und-mobile-geraete\/"]}]},{"@type":"BreadcrumbList","@id":"https:\/\/allsensors.eu\/de\/anwendungsbereiche\/tragbare-und-mobile-geraete\/#breadcrumb","itemListElement":[{"@type":"ListItem","position":1,"name":"Startseite","item":"https:\/\/allsensors.eu\/de\/startseite\/"},{"@type":"ListItem","position":2,"name":"Anwendungsbereiche","item":"https:\/\/allsensors.eu\/de\/anwendungsbereiche\/"},{"@type":"ListItem","position":3,"name":"Tragbare und mobile Ger\u00e4te"}]},{"@type":"WebSite","@id":"https:\/\/allsensors.eu\/de\/#website","url":"https:\/\/allsensors.eu\/de\/","name":"All Sensors","description":"","publisher":{"@id":"https:\/\/allsensors.eu\/de\/#organization"},"potentialAction":[{"@type":"SearchAction","target":{"@type":"EntryPoint","urlTemplate":"https:\/\/allsensors.eu\/de\/?s={search_term_string}"},"query-input":{"@type":"PropertyValueSpecification","valueRequired":true,"valueName":"search_term_string"}}],"inLanguage":"de"},{"@type":"Organization","@id":"https:\/\/allsensors.eu\/de\/#organization","name":"All Sensors","url":"https:\/\/allsensors.eu\/de\/","logo":{"@type":"ImageObject","inLanguage":"de","@id":"https:\/\/allsensors.eu\/de\/#\/schema\/logo\/image\/","url":"https:\/\/allsensors.eu\/wp-content\/uploads\/2023\/09\/cropped-cropped-All-Sensors-Logo-e1700556989539.png","contentUrl":"https:\/\/allsensors.eu\/wp-content\/uploads\/2023\/09\/cropped-cropped-All-Sensors-Logo-e1700556989539.png","width":6090,"height":2375,"caption":"All Sensors"},"image":{"@id":"https:\/\/allsensors.eu\/de\/#\/schema\/logo\/image\/"}}]}},"_links":{"self":[{"href":"https:\/\/allsensors.eu\/de\/wp-json\/wp\/v2\/pages\/14063","targetHints":{"allow":["GET"]}}],"collection":[{"href":"https:\/\/allsensors.eu\/de\/wp-json\/wp\/v2\/pages"}],"about":[{"href":"https:\/\/allsensors.eu\/de\/wp-json\/wp\/v2\/types\/page"}],"author":[{"embeddable":true,"href":"https:\/\/allsensors.eu\/de\/wp-json\/wp\/v2\/users\/2"}],"replies":[{"embeddable":true,"href":"https:\/\/allsensors.eu\/de\/wp-json\/wp\/v2\/comments?post=14063"}],"version-history":[{"count":4,"href":"https:\/\/allsensors.eu\/de\/wp-json\/wp\/v2\/pages\/14063\/revisions"}],"predecessor-version":[{"id":18988,"href":"https:\/\/allsensors.eu\/de\/wp-json\/wp\/v2\/pages\/14063\/revisions\/18988"}],"up":[{"embeddable":true,"href":"https:\/\/allsensors.eu\/de\/wp-json\/wp\/v2\/pages\/13797"}],"wp:attachment":[{"href":"https:\/\/allsensors.eu\/de\/wp-json\/wp\/v2\/media?parent=14063"}],"curies":[{"name":"wp","href":"https:\/\/api.w.org\/{rel}","templated":true}]}}