{"id":19076,"date":"2025-10-21T09:41:49","date_gmt":"2025-10-21T09:41:49","guid":{"rendered":"https:\/\/allsensors.eu\/ueber-uns\/blog\/"},"modified":"2026-02-03T13:06:03","modified_gmt":"2026-02-03T13:06:03","slug":"blog","status":"publish","type":"page","link":"https:\/\/allsensors.eu\/de\/news-ressourcen\/blog\/","title":{"rendered":"Blog"},"content":{"rendered":"\t\t<div data-elementor-type=\"wp-page\" data-elementor-id=\"19076\" class=\"elementor elementor-19076 elementor-19047\" data-elementor-post-type=\"page\">\n\t\t\t\t<div class=\"elementor-element elementor-element-ff0ff70 e-con-full e-flex e-con e-parent\" data-id=\"ff0ff70\" data-element_type=\"container\">\n\t\t<div class=\"elementor-element elementor-element-bd7d34e e-con-full e-flex e-con e-child\" data-id=\"bd7d34e\" data-element_type=\"container\" data-settings=\"{&quot;background_background&quot;:&quot;classic&quot;,&quot;motion_fx_motion_fx_scrolling&quot;:&quot;yes&quot;,&quot;motion_fx_scale_effect&quot;:&quot;yes&quot;,&quot;motion_fx_scale_speed&quot;:{&quot;unit&quot;:&quot;px&quot;,&quot;size&quot;:2,&quot;sizes&quot;:[]},&quot;motion_fx_scale_range&quot;:{&quot;unit&quot;:&quot;%&quot;,&quot;size&quot;:&quot;&quot;,&quot;sizes&quot;:{&quot;start&quot;:65,&quot;end&quot;:100}},&quot;motion_fx_scale_direction&quot;:&quot;out-in&quot;,&quot;motion_fx_devices&quot;:[&quot;desktop&quot;,&quot;tablet&quot;,&quot;mobile&quot;]}\">\n\t\t\t\t<\/div>\n\t\t\t\t<\/div>\n\t\t<div class=\"elementor-element elementor-element-4dbfe8b e-flex e-con-boxed e-con e-parent\" data-id=\"4dbfe8b\" data-element_type=\"container\">\n\t\t\t\t\t<div class=\"e-con-inner\">\n\t\t<div class=\"elementor-element elementor-element-8f7720c e-con-full e-flex e-con e-child\" data-id=\"8f7720c\" data-element_type=\"container\">\n\t\t\t\t<div class=\"elementor-element elementor-element-0544a1f elementor-widget elementor-widget-heading\" data-id=\"0544a1f\" data-element_type=\"widget\" data-widget_type=\"heading.default\">\n\t\t\t\t\t<h1 class=\"elementor-heading-title elementor-size-default\">Willkommen im All Sensors Blog<\/h1>\t\t\t\t<\/div>\n\t\t\t\t<div class=\"elementor-element elementor-element-1782f7b elementor-widget elementor-widget-text-editor\" data-id=\"1782f7b\" data-element_type=\"widget\" data-widget_type=\"text-editor.default\">\n\t\t\t\t\t\t\t\t\t<div><p class=\"p1\"><strong>Innovation. Einblicke. Inspiration.  <\/strong><\/p><p class=\"p1\">In unserem neuen Blog erwarten Sie spannende Einblicke in die Welt der pr\u00e4zisen Druckmesstechnik. Wir berichten \u00fcber aktuelle Entwicklungen bei All Sensors, beleuchten Branchentrends und geben fundiertes Fachwissen zu den vielf\u00e4ltigen Anwendungen unserer Sensorl\u00f6sungen weiter \u2013 von der Medizintechnik \u00fcber die Industrie bis hin zur Geb\u00e4udeautomation.<br>Ob Sie als Ingenieur, Entscheider oder Technikinteressierter hier sind \u2013 unser Blog bietet Ihnen wertvolle Informationen und praxisnahe Einblicke. <\/p><p class=\"p1\">Freuen Sie sich auf technische Fachartikel, Unternehmens-News, Produkt-Highlights und spannende Anwendungsbeispiele. Wir freuen uns, wenn Sie uns auf diesem Weg begleiten.<\/p><\/div>\t\t\t\t\t\t\t\t<\/div>\n\t\t\t\t<\/div>\n\t\t\t\t\t<\/div>\n\t\t\t\t<\/div>\n\t\t<div class=\"elementor-element elementor-element-f167c1a e-flex e-con-boxed e-con e-parent\" data-id=\"f167c1a\" data-element_type=\"container\">\n\t\t\t\t\t<div class=\"e-con-inner\">\n\t\t<div class=\"elementor-element elementor-element-b5de2a3 e-con-full e-flex e-con e-child\" data-id=\"b5de2a3\" data-element_type=\"container\">\n\t\t\t\t<div class=\"elementor-element elementor-element-761d27b elementor-widget elementor-widget-heading\" data-id=\"761d27b\" data-element_type=\"widget\" data-widget_type=\"heading.default\">\n\t\t\t\t\t<h2 class=\"elementor-heading-title elementor-size-default\">Neueste Artikel:<\/h2>\t\t\t\t<\/div>\n\t\t\t\t<\/div>\n\t\t<div class=\"elementor-element elementor-element-a0d2ee9 e-flex e-con-boxed e-con e-child\" data-id=\"a0d2ee9\" data-element_type=\"container\">\n\t\t\t\t\t<div class=\"e-con-inner\">\n\t\t\t\t<div class=\"elementor-element elementor-element-057377c elementor-posts--align-left elementor-grid-3 elementor-grid-tablet-2 elementor-grid-mobile-1 elementor-posts--thumbnail-top elementor-widget elementor-widget-posts\" data-id=\"057377c\" data-element_type=\"widget\" data-settings=\"{&quot;pagination_type&quot;:&quot;numbers&quot;,&quot;classic_columns&quot;:&quot;3&quot;,&quot;classic_columns_tablet&quot;:&quot;2&quot;,&quot;classic_columns_mobile&quot;:&quot;1&quot;,&quot;classic_row_gap&quot;:{&quot;unit&quot;:&quot;px&quot;,&quot;size&quot;:35,&quot;sizes&quot;:[]},&quot;classic_row_gap_tablet&quot;:{&quot;unit&quot;:&quot;px&quot;,&quot;size&quot;:&quot;&quot;,&quot;sizes&quot;:[]},&quot;classic_row_gap_mobile&quot;:{&quot;unit&quot;:&quot;px&quot;,&quot;size&quot;:&quot;&quot;,&quot;sizes&quot;:[]}}\" data-widget_type=\"posts.classic\">\n\t\t\t\t<div class=\"elementor-widget-container\">\n\t\t\t\t\t\t\t<div class=\"elementor-posts-container elementor-posts elementor-posts--skin-classic elementor-grid\" role=\"list\">\n\t\t\t\t<article class=\"elementor-post elementor-grid-item post-20809 page type-page status-publish has-post-thumbnail hentry\" role=\"listitem\">\n\t\t\t\t<a class=\"elementor-post__thumbnail__link\" href=\"https:\/\/allsensors.eu\/de\/news-ressourcen\/blog\/hyb-ubernahme\/\" tabindex=\"-1\" >\n\t\t\t<div class=\"elementor-post__thumbnail\"><img fetchpriority=\"high\" decoding=\"async\" width=\"768\" height=\"1024\" src=\"https:\/\/allsensors.eu\/wp-content\/uploads\/2025\/10\/Tomstone-HYB-768x1024.webp\" class=\"attachment-medium_large size-medium_large wp-image-20739\" alt=\"\" srcset=\"https:\/\/allsensors.eu\/wp-content\/uploads\/2025\/10\/Tomstone-HYB-768x1024.webp 768w, https:\/\/allsensors.eu\/wp-content\/uploads\/2025\/10\/Tomstone-HYB-225x300.webp 225w, https:\/\/allsensors.eu\/wp-content\/uploads\/2025\/10\/Tomstone-HYB-1152x1536.webp 1152w, https:\/\/allsensors.eu\/wp-content\/uploads\/2025\/10\/Tomstone-HYB-1536x2048.webp 1536w, https:\/\/allsensors.eu\/wp-content\/uploads\/2025\/10\/Tomstone-HYB-scaled.webp 1920w\" sizes=\"(max-width: 768px) 100vw, 768px\" \/><\/div>\n\t\t<\/a>\n\t\t\t\t<div class=\"elementor-post__text\">\n\t\t\t\t<p class=\"elementor-post__title\">\n\t\t\t<a href=\"https:\/\/allsensors.eu\/de\/news-ressourcen\/blog\/hyb-ubernahme\/\" >\n\t\t\t\tHYB-\u00dcbernahme\t\t\t<\/a>\n\t\t<\/p>\n\t\t\t\t<div class=\"elementor-post__excerpt\">\n\t\t\t<p style=\"margin: 0; padding: 0; padding-left: 20px;\">\nSeit vielen Jahren verbindet die All Sensors GmbH und HYB d.o.o. eine tief verwurzelte und erfolgreiche strategische Zusammenarbeit. Nun gehen wir den n\u00e4chsten logischen Schritt: die vollst\u00e4ndige \u00dcbernahme von HYB durch die All Sensors GmbH.<\/p>\n\t\t<\/div>\n\t\t\n\t\t<a class=\"elementor-post__read-more\" href=\"https:\/\/allsensors.eu\/de\/news-ressourcen\/blog\/hyb-ubernahme\/\" aria-label=\"Mehr \u00fcber HYB-\u00dcbernahme\" tabindex=\"-1\" >\n\t\t\tMehr Info \u00bb\t\t<\/a>\n\n\t\t\t\t<\/div>\n\t\t\t\t<\/article>\n\t\t\t\t<article class=\"elementor-post elementor-grid-item post-20478 page type-page status-publish has-post-thumbnail hentry\" role=\"listitem\">\n\t\t\t\t<a class=\"elementor-post__thumbnail__link\" href=\"https:\/\/allsensors.eu\/de\/news-ressourcen\/blog\/ecovadis-auszeichnung\/\" tabindex=\"-1\" >\n\t\t\t<div class=\"elementor-post__thumbnail\"><img decoding=\"async\" width=\"768\" height=\"768\" src=\"https:\/\/allsensors.eu\/wp-content\/uploads\/2025\/09\/medal-768x768.png\" class=\"attachment-medium_large size-medium_large wp-image-20455\" alt=\"\" srcset=\"https:\/\/allsensors.eu\/wp-content\/uploads\/2025\/09\/medal-768x768.png 768w, https:\/\/allsensors.eu\/wp-content\/uploads\/2025\/09\/medal-300x300.png 300w, https:\/\/allsensors.eu\/wp-content\/uploads\/2025\/09\/medal-1024x1024.png 1024w, https:\/\/allsensors.eu\/wp-content\/uploads\/2025\/09\/medal-150x150.png 150w, https:\/\/allsensors.eu\/wp-content\/uploads\/2025\/09\/medal-1536x1536.png 1536w, https:\/\/allsensors.eu\/wp-content\/uploads\/2025\/09\/medal.png 1667w\" sizes=\"(max-width: 768px) 100vw, 768px\" \/><\/div>\n\t\t<\/a>\n\t\t\t\t<div class=\"elementor-post__text\">\n\t\t\t\t<p class=\"elementor-post__title\">\n\t\t\t<a href=\"https:\/\/allsensors.eu\/de\/news-ressourcen\/blog\/ecovadis-auszeichnung\/\" >\n\t\t\t\tEcoVadis Auszeichnung\t\t\t<\/a>\n\t\t<\/p>\n\t\t\t\t<div class=\"elementor-post__excerpt\">\n\t\t\t<p style=\"margin: 0;padding: 0;padding-left: 20px\">\nAll Sensors GmbH erh\u00e4lt EcoVadis-Bronzemedaille f\u00fcr Nachhaltigkeit.<\/p>\n\t\t<\/div>\n\t\t\n\t\t<a class=\"elementor-post__read-more\" href=\"https:\/\/allsensors.eu\/de\/news-ressourcen\/blog\/ecovadis-auszeichnung\/\" aria-label=\"Mehr \u00fcber EcoVadis Auszeichnung\" tabindex=\"-1\" >\n\t\t\tMehr Info \u00bb\t\t<\/a>\n\n\t\t\t\t<\/div>\n\t\t\t\t<\/article>\n\t\t\t\t<article class=\"elementor-post elementor-grid-item post-20172 page type-page status-publish has-post-thumbnail hentry\" role=\"listitem\">\n\t\t\t\t<a class=\"elementor-post__thumbnail__link\" href=\"https:\/\/allsensors.eu\/de\/news-ressourcen\/blog\/compamed-2025\/\" tabindex=\"-1\" >\n\t\t\t<div class=\"elementor-post__thumbnail\"><img decoding=\"async\" width=\"768\" height=\"239\" src=\"https:\/\/allsensors.eu\/wp-content\/uploads\/2025\/09\/Header-Compamed-768x239.webp\" class=\"attachment-medium_large size-medium_large wp-image-20151\" alt=\"\" srcset=\"https:\/\/allsensors.eu\/wp-content\/uploads\/2025\/09\/Header-Compamed-768x239.webp 768w, https:\/\/allsensors.eu\/wp-content\/uploads\/2025\/09\/Header-Compamed-300x93.webp 300w, https:\/\/allsensors.eu\/wp-content\/uploads\/2025\/09\/Header-Compamed-1024x319.webp 1024w, https:\/\/allsensors.eu\/wp-content\/uploads\/2025\/09\/Header-Compamed-1536x478.webp 1536w, https:\/\/allsensors.eu\/wp-content\/uploads\/2025\/09\/Header-Compamed-2048x637.webp 2048w\" sizes=\"(max-width: 768px) 100vw, 768px\" \/><\/div>\n\t\t<\/a>\n\t\t\t\t<div class=\"elementor-post__text\">\n\t\t\t\t<p class=\"elementor-post__title\">\n\t\t\t<a href=\"https:\/\/allsensors.eu\/de\/news-ressourcen\/blog\/compamed-2025\/\" >\n\t\t\t\tCompamed 2025\t\t\t<\/a>\n\t\t<\/p>\n\t\t\t\t<div class=\"elementor-post__excerpt\">\n\t\t\t<p style=\"margin: 0;padding: 0;padding-left: 20px\">\nAlle Sensoren auf der COMPAMED 2025 \u2013 Innovation und Kompetenz f\u00fcr die Zukunft der Medizintechnik<\/p>\n\t\t<\/div>\n\t\t\n\t\t<a class=\"elementor-post__read-more\" href=\"https:\/\/allsensors.eu\/de\/news-ressourcen\/blog\/compamed-2025\/\" aria-label=\"Mehr \u00fcber Compamed 2025\" tabindex=\"-1\" >\n\t\t\tMehr Info \u00bb\t\t<\/a>\n\n\t\t\t\t<\/div>\n\t\t\t\t<\/article>\n\t\t\t\t<article class=\"elementor-post elementor-grid-item post-20106 page type-page status-publish has-post-thumbnail hentry\" role=\"listitem\">\n\t\t\t\t<a class=\"elementor-post__thumbnail__link\" href=\"https:\/\/allsensors.eu\/de\/news-ressourcen\/blog\/neuer-auav\/\" tabindex=\"-1\" >\n\t\t\t<div class=\"elementor-post__thumbnail\"><img loading=\"lazy\" decoding=\"async\" width=\"768\" height=\"329\" src=\"https:\/\/allsensors.eu\/wp-content\/uploads\/2024\/10\/AllSensors_850637780_scaled_drone-768x329.webp\" class=\"attachment-medium_large size-medium_large wp-image-12657\" alt=\"\" srcset=\"https:\/\/allsensors.eu\/wp-content\/uploads\/2024\/10\/AllSensors_850637780_scaled_drone-768x329.webp 768w, https:\/\/allsensors.eu\/wp-content\/uploads\/2024\/10\/AllSensors_850637780_scaled_drone-300x129.webp 300w, https:\/\/allsensors.eu\/wp-content\/uploads\/2024\/10\/AllSensors_850637780_scaled_drone-1024x439.webp 1024w, https:\/\/allsensors.eu\/wp-content\/uploads\/2024\/10\/AllSensors_850637780_scaled_drone-1536x658.webp 1536w, https:\/\/allsensors.eu\/wp-content\/uploads\/2024\/10\/AllSensors_850637780_scaled_drone-2048x878.webp 2048w\" sizes=\"(max-width: 768px) 100vw, 768px\" \/><\/div>\n\t\t<\/a>\n\t\t\t\t<div class=\"elementor-post__text\">\n\t\t\t\t<p class=\"elementor-post__title\">\n\t\t\t<a href=\"https:\/\/allsensors.eu\/de\/news-ressourcen\/blog\/neuer-auav\/\" >\n\t\t\t\tNeuer AUAV\t\t\t<\/a>\n\t\t<\/p>\n\t\t\t\t<div class=\"elementor-post__excerpt\">\n\t\t\t<p style=\"margin: 0; padding: 0; padding-left: 20px;\">\nVerbesserter AUAV-Geschwindigkeits- und H\u00f6hensensor. Erweiterte Reichweite f\u00fcr anspruchsvolle UAV-Anwendungen<\/p>\n\t\t<\/div>\n\t\t\n\t\t<a class=\"elementor-post__read-more\" href=\"https:\/\/allsensors.eu\/de\/news-ressourcen\/blog\/neuer-auav\/\" aria-label=\"Mehr \u00fcber Neuer AUAV\" tabindex=\"-1\" >\n\t\t\tMehr Info \u00bb\t\t<\/a>\n\n\t\t\t\t<\/div>\n\t\t\t\t<\/article>\n\t\t\t\t<article class=\"elementor-post elementor-grid-item post-20114 page type-page status-publish has-post-thumbnail hentry\" role=\"listitem\">\n\t\t\t\t<a class=\"elementor-post__thumbnail__link\" href=\"https:\/\/allsensors.eu\/de\/news-ressourcen\/blog\/sz-auszeichnung\/\" tabindex=\"-1\" >\n\t\t\t<div class=\"elementor-post__thumbnail\"><img loading=\"lazy\" decoding=\"async\" width=\"700\" height=\"1300\" src=\"https:\/\/allsensors.eu\/wp-content\/uploads\/2025\/06\/SZI_Mittelstand_ASG_RGB.jpg\" class=\"attachment-medium_large size-medium_large wp-image-18916\" alt=\"Offizielles Siegel des SZ-Instituts: Bayerns st\u00e4rkste Mittelst\u00e4ndler 2025\" srcset=\"https:\/\/allsensors.eu\/wp-content\/uploads\/2025\/06\/SZI_Mittelstand_ASG_RGB.jpg 700w, https:\/\/allsensors.eu\/wp-content\/uploads\/2025\/06\/SZI_Mittelstand_ASG_RGB-162x300.jpg 162w, https:\/\/allsensors.eu\/wp-content\/uploads\/2025\/06\/SZI_Mittelstand_ASG_RGB-551x1024.jpg 551w\" sizes=\"(max-width: 700px) 100vw, 700px\" \/><\/div>\n\t\t<\/a>\n\t\t\t\t<div class=\"elementor-post__text\">\n\t\t\t\t<p class=\"elementor-post__title\">\n\t\t\t<a href=\"https:\/\/allsensors.eu\/de\/news-ressourcen\/blog\/sz-auszeichnung\/\" >\n\t\t\t\tSZ-Auszeichnung\t\t\t<\/a>\n\t\t<\/p>\n\t\t\t\t<div class=\"elementor-post__excerpt\">\n\t\t\t<p style=\"margin: 0; padding: 0; padding-left: 20px;\">\nDie S\u00fcddeutsche Zeitung hat die 50 erfolgreichsten bayerischen Mittelst\u00e4ndler 2025 ausgezeichnet&#8230;<\/p>\n\t\t<\/div>\n\t\t\n\t\t<a class=\"elementor-post__read-more\" href=\"https:\/\/allsensors.eu\/de\/news-ressourcen\/blog\/sz-auszeichnung\/\" aria-label=\"Mehr \u00fcber SZ-Auszeichnung\" tabindex=\"-1\" >\n\t\t\tMehr Info \u00bb\t\t<\/a>\n\n\t\t\t\t<\/div>\n\t\t\t\t<\/article>\n\t\t\t\t<\/div>\n\t\t\n\t\t\t\t\t\t<\/div>\n\t\t\t\t<\/div>\n\t\t\t\t\t<\/div>\n\t\t\t\t<\/div>\n\t\t\t\t\t<\/div>\n\t\t\t\t<\/div>\n\t\t\t\t<\/div>\n\t\t","protected":false},"excerpt":{"rendered":"<p>Willkommen im All Sensors Blog Innovation. Einblicke. Inspiration. In unserem neuen Blog erwarten Sie spannende Einblicke in die Welt der pr\u00e4zisen Druckmesstechnik. Wir berichten \u00fcber aktuelle Entwicklungen bei All Sensors, beleuchten Branchentrends und geben fundiertes Fachwissen zu den vielf\u00e4ltigen Anwendungen unserer Sensorl\u00f6sungen weiter \u2013 von der Medizintechnik \u00fcber die Industrie bis hin zur Geb\u00e4udeautomation.Ob Sie [&hellip;]<\/p>\n","protected":false},"author":4,"featured_media":0,"parent":19427,"menu_order":5,"comment_status":"closed","ping_status":"closed","template":"elementor_header_footer","meta":{"footnotes":""},"class_list":["post-19076","page","type-page","status-publish","hentry"],"yoast_head":"<!-- This site is optimized with the Yoast SEO plugin v27.3 - https:\/\/yoast.com\/product\/yoast-seo-wordpress\/ -->\n<title>All Sensors GmbH Blog | News und mehr<\/title>\n<meta name=\"description\" content=\"Neuigkeiten und Innovationen | Drucksensorbranche \u2713 Neueste Technologie \u25ba hier klicken.\" \/>\n<meta name=\"robots\" content=\"index, follow, max-snippet:-1, max-image-preview:large, max-video-preview:-1\" \/>\n<link rel=\"canonical\" href=\"https:\/\/allsensors.eu\/de\/news-ressourcen\/blog\/\" \/>\n<meta property=\"og:locale\" content=\"de_DE\" \/>\n<meta property=\"og:type\" content=\"article\" \/>\n<meta property=\"og:title\" content=\"All Sensors GmbH Blog | News und mehr\" \/>\n<meta property=\"og:description\" content=\"Neuigkeiten und Innovationen | Drucksensorbranche \u2713 Neueste Technologie \u25ba hier klicken.\" \/>\n<meta property=\"og:url\" content=\"https:\/\/allsensors.eu\/de\/news-ressourcen\/blog\/\" \/>\n<meta property=\"og:site_name\" content=\"All Sensors\" \/>\n<meta property=\"article:modified_time\" content=\"2026-02-03T13:06:03+00:00\" \/>\n<meta name=\"twitter:card\" content=\"summary_large_image\" \/>\n<meta name=\"twitter:label1\" content=\"Gesch\u00e4tzte Lesezeit\" \/>\n\t<meta name=\"twitter:data1\" content=\"2\u00a0Minuten\" \/>\n<script type=\"application\/ld+json\" class=\"yoast-schema-graph\">{\"@context\":\"https:\\\/\\\/schema.org\",\"@graph\":[{\"@type\":\"WebPage\",\"@id\":\"https:\\\/\\\/allsensors.eu\\\/de\\\/news-ressourcen\\\/blog\\\/\",\"url\":\"https:\\\/\\\/allsensors.eu\\\/de\\\/news-ressourcen\\\/blog\\\/\",\"name\":\"All Sensors GmbH Blog | News und mehr\",\"isPartOf\":{\"@id\":\"https:\\\/\\\/allsensors.eu\\\/de\\\/#website\"},\"datePublished\":\"2025-10-21T09:41:49+00:00\",\"dateModified\":\"2026-02-03T13:06:03+00:00\",\"description\":\"Neuigkeiten und Innovationen | Drucksensorbranche \u2713 Neueste Technologie \u25ba hier klicken.\",\"breadcrumb\":{\"@id\":\"https:\\\/\\\/allsensors.eu\\\/de\\\/news-ressourcen\\\/blog\\\/#breadcrumb\"},\"inLanguage\":\"de\",\"potentialAction\":[{\"@type\":\"ReadAction\",\"target\":[\"https:\\\/\\\/allsensors.eu\\\/de\\\/news-ressourcen\\\/blog\\\/\"]}]},{\"@type\":\"BreadcrumbList\",\"@id\":\"https:\\\/\\\/allsensors.eu\\\/de\\\/news-ressourcen\\\/blog\\\/#breadcrumb\",\"itemListElement\":[{\"@type\":\"ListItem\",\"position\":1,\"name\":\"Startseite\",\"item\":\"https:\\\/\\\/allsensors.eu\\\/de\\\/startseite\\\/\"},{\"@type\":\"ListItem\",\"position\":2,\"name\":\"News &amp; Ressourcen\",\"item\":\"https:\\\/\\\/allsensors.eu\\\/de\\\/news-ressourcen\\\/\"},{\"@type\":\"ListItem\",\"position\":3,\"name\":\"Blog\"}]},{\"@type\":\"WebSite\",\"@id\":\"https:\\\/\\\/allsensors.eu\\\/de\\\/#website\",\"url\":\"https:\\\/\\\/allsensors.eu\\\/de\\\/\",\"name\":\"All Sensors\",\"description\":\"\",\"publisher\":{\"@id\":\"https:\\\/\\\/allsensors.eu\\\/de\\\/#organization\"},\"potentialAction\":[{\"@type\":\"SearchAction\",\"target\":{\"@type\":\"EntryPoint\",\"urlTemplate\":\"https:\\\/\\\/allsensors.eu\\\/de\\\/?s={search_term_string}\"},\"query-input\":{\"@type\":\"PropertyValueSpecification\",\"valueRequired\":true,\"valueName\":\"search_term_string\"}}],\"inLanguage\":\"de\"},{\"@type\":\"Organization\",\"@id\":\"https:\\\/\\\/allsensors.eu\\\/de\\\/#organization\",\"name\":\"All Sensors\",\"url\":\"https:\\\/\\\/allsensors.eu\\\/de\\\/\",\"logo\":{\"@type\":\"ImageObject\",\"inLanguage\":\"de\",\"@id\":\"https:\\\/\\\/allsensors.eu\\\/de\\\/#\\\/schema\\\/logo\\\/image\\\/\",\"url\":\"https:\\\/\\\/allsensors.eu\\\/wp-content\\\/uploads\\\/2023\\\/09\\\/cropped-cropped-All-Sensors-Logo-e1700556989539.png\",\"contentUrl\":\"https:\\\/\\\/allsensors.eu\\\/wp-content\\\/uploads\\\/2023\\\/09\\\/cropped-cropped-All-Sensors-Logo-e1700556989539.png\",\"width\":6090,\"height\":2375,\"caption\":\"All Sensors\"},\"image\":{\"@id\":\"https:\\\/\\\/allsensors.eu\\\/de\\\/#\\\/schema\\\/logo\\\/image\\\/\"}}]}<\/script>\n<!-- \/ Yoast SEO plugin. -->","yoast_head_json":{"title":"All Sensors GmbH Blog | News und mehr","description":"Neuigkeiten und Innovationen | Drucksensorbranche \u2713 Neueste Technologie \u25ba hier klicken.","robots":{"index":"index","follow":"follow","max-snippet":"max-snippet:-1","max-image-preview":"max-image-preview:large","max-video-preview":"max-video-preview:-1"},"canonical":"https:\/\/allsensors.eu\/de\/news-ressourcen\/blog\/","og_locale":"de_DE","og_type":"article","og_title":"All Sensors GmbH Blog | News und mehr","og_description":"Neuigkeiten und Innovationen | Drucksensorbranche \u2713 Neueste Technologie \u25ba hier klicken.","og_url":"https:\/\/allsensors.eu\/de\/news-ressourcen\/blog\/","og_site_name":"All Sensors","article_modified_time":"2026-02-03T13:06:03+00:00","twitter_card":"summary_large_image","twitter_misc":{"Gesch\u00e4tzte Lesezeit":"2\u00a0Minuten"},"schema":{"@context":"https:\/\/schema.org","@graph":[{"@type":"WebPage","@id":"https:\/\/allsensors.eu\/de\/news-ressourcen\/blog\/","url":"https:\/\/allsensors.eu\/de\/news-ressourcen\/blog\/","name":"All Sensors GmbH Blog | News und mehr","isPartOf":{"@id":"https:\/\/allsensors.eu\/de\/#website"},"datePublished":"2025-10-21T09:41:49+00:00","dateModified":"2026-02-03T13:06:03+00:00","description":"Neuigkeiten und Innovationen | Drucksensorbranche \u2713 Neueste Technologie \u25ba hier klicken.","breadcrumb":{"@id":"https:\/\/allsensors.eu\/de\/news-ressourcen\/blog\/#breadcrumb"},"inLanguage":"de","potentialAction":[{"@type":"ReadAction","target":["https:\/\/allsensors.eu\/de\/news-ressourcen\/blog\/"]}]},{"@type":"BreadcrumbList","@id":"https:\/\/allsensors.eu\/de\/news-ressourcen\/blog\/#breadcrumb","itemListElement":[{"@type":"ListItem","position":1,"name":"Startseite","item":"https:\/\/allsensors.eu\/de\/startseite\/"},{"@type":"ListItem","position":2,"name":"News &amp; Ressourcen","item":"https:\/\/allsensors.eu\/de\/news-ressourcen\/"},{"@type":"ListItem","position":3,"name":"Blog"}]},{"@type":"WebSite","@id":"https:\/\/allsensors.eu\/de\/#website","url":"https:\/\/allsensors.eu\/de\/","name":"All Sensors","description":"","publisher":{"@id":"https:\/\/allsensors.eu\/de\/#organization"},"potentialAction":[{"@type":"SearchAction","target":{"@type":"EntryPoint","urlTemplate":"https:\/\/allsensors.eu\/de\/?s={search_term_string}"},"query-input":{"@type":"PropertyValueSpecification","valueRequired":true,"valueName":"search_term_string"}}],"inLanguage":"de"},{"@type":"Organization","@id":"https:\/\/allsensors.eu\/de\/#organization","name":"All Sensors","url":"https:\/\/allsensors.eu\/de\/","logo":{"@type":"ImageObject","inLanguage":"de","@id":"https:\/\/allsensors.eu\/de\/#\/schema\/logo\/image\/","url":"https:\/\/allsensors.eu\/wp-content\/uploads\/2023\/09\/cropped-cropped-All-Sensors-Logo-e1700556989539.png","contentUrl":"https:\/\/allsensors.eu\/wp-content\/uploads\/2023\/09\/cropped-cropped-All-Sensors-Logo-e1700556989539.png","width":6090,"height":2375,"caption":"All Sensors"},"image":{"@id":"https:\/\/allsensors.eu\/de\/#\/schema\/logo\/image\/"}}]}},"_links":{"self":[{"href":"https:\/\/allsensors.eu\/de\/wp-json\/wp\/v2\/pages\/19076","targetHints":{"allow":["GET"]}}],"collection":[{"href":"https:\/\/allsensors.eu\/de\/wp-json\/wp\/v2\/pages"}],"about":[{"href":"https:\/\/allsensors.eu\/de\/wp-json\/wp\/v2\/types\/page"}],"author":[{"embeddable":true,"href":"https:\/\/allsensors.eu\/de\/wp-json\/wp\/v2\/users\/4"}],"replies":[{"embeddable":true,"href":"https:\/\/allsensors.eu\/de\/wp-json\/wp\/v2\/comments?post=19076"}],"version-history":[{"count":15,"href":"https:\/\/allsensors.eu\/de\/wp-json\/wp\/v2\/pages\/19076\/revisions"}],"predecessor-version":[{"id":21333,"href":"https:\/\/allsensors.eu\/de\/wp-json\/wp\/v2\/pages\/19076\/revisions\/21333"}],"up":[{"embeddable":true,"href":"https:\/\/allsensors.eu\/de\/wp-json\/wp\/v2\/pages\/19427"}],"wp:attachment":[{"href":"https:\/\/allsensors.eu\/de\/wp-json\/wp\/v2\/media?parent=19076"}],"curies":[{"name":"wp","href":"https:\/\/api.w.org\/{rel}","templated":true}]}}