{"id":19416,"date":"2025-08-18T12:59:20","date_gmt":"2025-08-18T12:59:20","guid":{"rendered":"https:\/\/allsensors.eu\/white-papers\/"},"modified":"2026-03-31T07:59:07","modified_gmt":"2026-03-31T07:59:07","slug":"white-papers","status":"publish","type":"page","link":"https:\/\/allsensors.eu\/de\/news-ressourcen\/white-papers\/","title":{"rendered":"White Papers"},"content":{"rendered":"\t\t<div data-elementor-type=\"wp-page\" data-elementor-id=\"19416\" class=\"elementor elementor-19416 elementor-19328\" data-elementor-post-type=\"page\">\n\t\t\t\t<div class=\"elementor-element elementor-element-ff0ff70 e-con-full e-flex e-con e-parent\" data-id=\"ff0ff70\" data-element_type=\"container\">\n\t\t<div class=\"elementor-element elementor-element-bd7d34e e-con-full e-flex e-con e-child\" data-id=\"bd7d34e\" data-element_type=\"container\" data-settings=\"{&quot;background_background&quot;:&quot;classic&quot;,&quot;motion_fx_motion_fx_scrolling&quot;:&quot;yes&quot;,&quot;motion_fx_scale_effect&quot;:&quot;yes&quot;,&quot;motion_fx_scale_speed&quot;:{&quot;unit&quot;:&quot;px&quot;,&quot;size&quot;:2,&quot;sizes&quot;:[]},&quot;motion_fx_scale_range&quot;:{&quot;unit&quot;:&quot;%&quot;,&quot;size&quot;:&quot;&quot;,&quot;sizes&quot;:{&quot;start&quot;:65,&quot;end&quot;:100}},&quot;motion_fx_scale_direction&quot;:&quot;out-in&quot;,&quot;motion_fx_devices&quot;:[&quot;desktop&quot;,&quot;tablet&quot;,&quot;mobile&quot;]}\">\n\t\t\t\t<\/div>\n\t\t\t\t<\/div>\n\t\t<div class=\"elementor-element elementor-element-4dbfe8b e-flex e-con-boxed e-con e-parent\" data-id=\"4dbfe8b\" data-element_type=\"container\">\n\t\t\t\t\t<div class=\"e-con-inner\">\n\t\t<div class=\"elementor-element elementor-element-8f7720c e-con-full e-flex e-con e-child\" data-id=\"8f7720c\" data-element_type=\"container\">\n\t\t\t\t<div class=\"elementor-element elementor-element-0544a1f elementor-widget elementor-widget-heading\" data-id=\"0544a1f\" data-element_type=\"widget\" data-widget_type=\"heading.default\">\n\t\t\t\t\t<h1 class=\"elementor-heading-title elementor-size-default\">White Papers<\/h1>\t\t\t\t<\/div>\n\t\t\t\t<div class=\"elementor-element elementor-element-1782f7b elementor-widget elementor-widget-text-editor\" data-id=\"1782f7b\" data-element_type=\"widget\" data-widget_type=\"text-editor.default\">\n\t\t\t\t\t\t\t\t\t<div><p class=\"p1\"><b>Technisches Fachwissen aus erster Hand.<\/b><\/p><p class=\"p1\">In unserem White-Paper-Bereich finden Sie fundierte Fachinformationen, praxisnahe Einblicke und wissenschaftlich gest\u00fctzte Inhalte rund um die Nieder- und Niedrigstdruckmesstechnik. Ob Sie in der Medizintechnik, der Industrie oder der Geb\u00e4udeautomation t\u00e4tig sind \u2013 unsere White Papers liefern wertvolle Impulse f\u00fcr Ihre Entwicklungsprozesse. <\/p><p class=\"p1\">Jedes White Paper beleuchtet ein konkretes Anwendungsfeld, eine spezielle Sensortechnologie oder eine technische Herausforderung \u2013 verfasst von unseren Experten f\u00fcr Ingenieure, Entscheider und Technikbegeisterte.<\/p><p class=\"p1\">Tauchen Sie ein in praxisorientiertes Wissen und erfahren Sie, wie das Know-how von All Sensors zur Pr\u00e4zision, Sicherheit und Effizienz Ihrer Anwendungen beitr\u00e4gt.<\/p><\/div>\t\t\t\t\t\t\t\t<\/div>\n\t\t\t\t<\/div>\n\t\t\t\t\t<\/div>\n\t\t\t\t<\/div>\n\t\t<div class=\"elementor-element elementor-element-5f900de e-flex e-con-boxed e-con e-parent\" data-id=\"5f900de\" data-element_type=\"container\">\n\t\t\t\t\t<div class=\"e-con-inner\">\n\t\t<div class=\"elementor-element elementor-element-aece57b e-con-full e-flex e-con e-child\" data-id=\"aece57b\" data-element_type=\"container\">\n\t\t\t\t<div class=\"elementor-element elementor-element-3e1476c elementor-widget elementor-widget-heading\" data-id=\"3e1476c\" data-element_type=\"widget\" data-widget_type=\"heading.default\">\n\t\t\t\t\t<h2 class=\"elementor-heading-title elementor-size-default\">Latest Articles:<\/h2>\t\t\t\t<\/div>\n\t\t\t\t<\/div>\n\t\t<div class=\"elementor-element elementor-element-b63a27f e-flex e-con-boxed e-con e-child\" data-id=\"b63a27f\" data-element_type=\"container\">\n\t\t\t\t\t<div class=\"e-con-inner\">\n\t\t\t\t<div class=\"elementor-element elementor-element-23e0914 elementor-posts--align-left elementor-grid-3 elementor-grid-tablet-2 elementor-grid-mobile-1 elementor-posts--thumbnail-top elementor-widget elementor-widget-posts\" data-id=\"23e0914\" data-element_type=\"widget\" data-settings=\"{&quot;pagination_type&quot;:&quot;numbers&quot;,&quot;classic_columns&quot;:&quot;3&quot;,&quot;classic_columns_tablet&quot;:&quot;2&quot;,&quot;classic_columns_mobile&quot;:&quot;1&quot;,&quot;classic_row_gap&quot;:{&quot;unit&quot;:&quot;px&quot;,&quot;size&quot;:35,&quot;sizes&quot;:[]},&quot;classic_row_gap_tablet&quot;:{&quot;unit&quot;:&quot;px&quot;,&quot;size&quot;:&quot;&quot;,&quot;sizes&quot;:[]},&quot;classic_row_gap_mobile&quot;:{&quot;unit&quot;:&quot;px&quot;,&quot;size&quot;:&quot;&quot;,&quot;sizes&quot;:[]}}\" data-widget_type=\"posts.classic\">\n\t\t\t\t<div class=\"elementor-widget-container\">\n\t\t\t\t\t\t\t<div class=\"elementor-posts-container elementor-posts elementor-posts--skin-classic elementor-grid\" role=\"list\">\n\t\t\t\t<article class=\"elementor-post elementor-grid-item post-20498 page type-page status-publish has-post-thumbnail hentry\" role=\"listitem\">\n\t\t\t\t<a class=\"elementor-post__thumbnail__link\" href=\"https:\/\/allsensors.eu\/de\/news-ressourcen\/white-papers\/verbesserte-auav-serie\/\" tabindex=\"-1\" >\n\t\t\t<div class=\"elementor-post__thumbnail\"><img fetchpriority=\"high\" decoding=\"async\" width=\"768\" height=\"972\" src=\"https:\/\/allsensors.eu\/wp-content\/uploads\/2025\/09\/AUAV-3er-1-768x972.webp\" class=\"attachment-medium_large size-medium_large wp-image-20436\" alt=\"\" srcset=\"https:\/\/allsensors.eu\/wp-content\/uploads\/2025\/09\/AUAV-3er-1-768x972.webp 768w, https:\/\/allsensors.eu\/wp-content\/uploads\/2025\/09\/AUAV-3er-1-237x300.webp 237w, https:\/\/allsensors.eu\/wp-content\/uploads\/2025\/09\/AUAV-3er-1.webp 800w\" sizes=\"(max-width: 768px) 100vw, 768px\" \/><\/div>\n\t\t<\/a>\n\t\t\t\t<div class=\"elementor-post__text\">\n\t\t\t\t<p class=\"elementor-post__title\">\n\t\t\t<a href=\"https:\/\/allsensors.eu\/de\/news-ressourcen\/white-papers\/verbesserte-auav-serie\/\" >\n\t\t\t\tVerbesserte AUAV-Serie\t\t\t<\/a>\n\t\t<\/p>\n\t\t\t\t<div class=\"elementor-post__excerpt\">\n\t\t\t<p style=\"margin: 0; padding: 0; padding-left: 20px;\">\nDie verbesserte AUAV-Serie wurde entwickelt, um der wachsenden Nachfrage nach UAVs gerecht zu werden, die mit h\u00f6heren Geschwindigkeiten, gr\u00f6\u00dferen Reichweiten und unter anspruchsvolleren Umgebungsbedingungen betrieben werden.<\/p>\n\t\t<\/div>\n\t\t\n\t\t<a class=\"elementor-post__read-more\" href=\"https:\/\/allsensors.eu\/de\/news-ressourcen\/white-papers\/verbesserte-auav-serie\/\" aria-label=\"Mehr \u00fcber Verbesserte AUAV-Serie\" tabindex=\"-1\" >\n\t\t\tRead More \u00bb\t\t<\/a>\n\n\t\t\t\t<\/div>\n\t\t\t\t<\/article>\n\t\t\t\t<article class=\"elementor-post elementor-grid-item post-21855 page type-page status-publish has-post-thumbnail hentry\" role=\"listitem\">\n\t\t\t\t<a class=\"elementor-post__thumbnail__link\" href=\"https:\/\/allsensors.eu\/de\/news-ressourcen\/white-papers\/pneumatische-medizintechnik\/\" tabindex=\"-1\" >\n\t\t\t<div class=\"elementor-post__thumbnail\"><img decoding=\"async\" width=\"768\" height=\"430\" src=\"https:\/\/allsensors.eu\/wp-content\/uploads\/2026\/03\/All-Sensors_1026592219_scaled_spirometer-768x430.webp\" class=\"attachment-medium_large size-medium_large wp-image-21771\" alt=\"\" srcset=\"https:\/\/allsensors.eu\/wp-content\/uploads\/2026\/03\/All-Sensors_1026592219_scaled_spirometer-768x430.webp 768w, https:\/\/allsensors.eu\/wp-content\/uploads\/2026\/03\/All-Sensors_1026592219_scaled_spirometer-300x168.webp 300w, https:\/\/allsensors.eu\/wp-content\/uploads\/2026\/03\/All-Sensors_1026592219_scaled_spirometer-1024x574.webp 1024w, https:\/\/allsensors.eu\/wp-content\/uploads\/2026\/03\/All-Sensors_1026592219_scaled_spirometer-1536x861.webp 1536w, https:\/\/allsensors.eu\/wp-content\/uploads\/2026\/03\/All-Sensors_1026592219_scaled_spirometer-2048x1148.webp 2048w\" sizes=\"(max-width: 768px) 100vw, 768px\" \/><\/div>\n\t\t<\/a>\n\t\t\t\t<div class=\"elementor-post__text\">\n\t\t\t\t<p class=\"elementor-post__title\">\n\t\t\t<a href=\"https:\/\/allsensors.eu\/de\/news-ressourcen\/white-papers\/pneumatische-medizintechnik\/\" >\n\t\t\t\tPneumatische Medizintechnik\t\t\t<\/a>\n\t\t<\/p>\n\t\t\t\t<div class=\"elementor-post__excerpt\">\n\t\t\t<p style=\"margin: 0; padding: 0; padding-left: 20px;\">Niederdrucksensoren sind f\u00fcr eine pr\u00e4zise pneumatische Steuerung in medizinischen Ger\u00e4ten unverzichtbar und tragen dazu bei, die Sicherheit, die Leistung und den Komfort f\u00fcr den Patienten zu verbessern.<\/p>\n\t\t<\/div>\n\t\t\n\t\t<a class=\"elementor-post__read-more\" href=\"https:\/\/allsensors.eu\/de\/news-ressourcen\/white-papers\/pneumatische-medizintechnik\/\" aria-label=\"Mehr \u00fcber Pneumatische Medizintechnik\" tabindex=\"-1\" >\n\t\t\tRead More \u00bb\t\t<\/a>\n\n\t\t\t\t<\/div>\n\t\t\t\t<\/article>\n\t\t\t\t<article class=\"elementor-post elementor-grid-item post-20085 page type-page status-publish has-post-thumbnail hentry\" role=\"listitem\">\n\t\t\t\t<a class=\"elementor-post__thumbnail__link\" href=\"https:\/\/allsensors.eu\/de\/news-ressourcen\/white-papers\/industrielle-anwendungen\/\" tabindex=\"-1\" >\n\t\t\t<div class=\"elementor-post__thumbnail\"><img decoding=\"async\" width=\"768\" height=\"898\" src=\"https:\/\/allsensors.eu\/wp-content\/uploads\/2025\/09\/Explosion-768x898.webp\" class=\"attachment-medium_large size-medium_large wp-image-19860\" alt=\"\" srcset=\"https:\/\/allsensors.eu\/wp-content\/uploads\/2025\/09\/Explosion-768x898.webp 768w, https:\/\/allsensors.eu\/wp-content\/uploads\/2025\/09\/Explosion-257x300.webp 257w, https:\/\/allsensors.eu\/wp-content\/uploads\/2025\/09\/Explosion-876x1024.webp 876w, https:\/\/allsensors.eu\/wp-content\/uploads\/2025\/09\/Explosion-1314x1536.webp 1314w, https:\/\/allsensors.eu\/wp-content\/uploads\/2025\/09\/Explosion.webp 1500w\" sizes=\"(max-width: 768px) 100vw, 768px\" \/><\/div>\n\t\t<\/a>\n\t\t\t\t<div class=\"elementor-post__text\">\n\t\t\t\t<p class=\"elementor-post__title\">\n\t\t\t<a href=\"https:\/\/allsensors.eu\/de\/news-ressourcen\/white-papers\/industrielle-anwendungen\/\" >\n\t\t\t\tIndustrielle Anwendungen\t\t\t<\/a>\n\t\t<\/p>\n\t\t\t\t<div class=\"elementor-post__excerpt\">\n\t\t\t<p style=\"margin: 0; padding: 0; padding-left: 20px;\">\nBeispiele f\u00fcr den Einsatz von All Sensors-Niederdrucksensoren.<\/p>\n\t\t<\/div>\n\t\t\n\t\t<a class=\"elementor-post__read-more\" href=\"https:\/\/allsensors.eu\/de\/news-ressourcen\/white-papers\/industrielle-anwendungen\/\" aria-label=\"Mehr \u00fcber Industrielle Anwendungen\" tabindex=\"-1\" >\n\t\t\tRead More \u00bb\t\t<\/a>\n\n\t\t\t\t<\/div>\n\t\t\t\t<\/article>\n\t\t\t\t<article class=\"elementor-post elementor-grid-item post-21572 page type-page status-publish has-post-thumbnail hentry\" role=\"listitem\">\n\t\t\t\t<a class=\"elementor-post__thumbnail__link\" href=\"https:\/\/allsensors.eu\/de\/news-ressourcen\/white-papers\/durchflussmessung\/\" tabindex=\"-1\" >\n\t\t\t<div class=\"elementor-post__thumbnail\"><img loading=\"lazy\" decoding=\"async\" width=\"768\" height=\"512\" src=\"https:\/\/allsensors.eu\/wp-content\/uploads\/2024\/10\/AllSensors_177299819_scaled_CPAP-768x512.webp\" class=\"attachment-medium_large size-medium_large wp-image-12535\" alt=\"Frau mit CPAP-Maske im Krankenhausbett\" srcset=\"https:\/\/allsensors.eu\/wp-content\/uploads\/2024\/10\/AllSensors_177299819_scaled_CPAP-768x512.webp 768w, https:\/\/allsensors.eu\/wp-content\/uploads\/2024\/10\/AllSensors_177299819_scaled_CPAP-300x200.webp 300w, https:\/\/allsensors.eu\/wp-content\/uploads\/2024\/10\/AllSensors_177299819_scaled_CPAP-1024x683.webp 1024w, https:\/\/allsensors.eu\/wp-content\/uploads\/2024\/10\/AllSensors_177299819_scaled_CPAP-1536x1025.webp 1536w, https:\/\/allsensors.eu\/wp-content\/uploads\/2024\/10\/AllSensors_177299819_scaled_CPAP-2048x1367.webp 2048w\" sizes=\"(max-width: 768px) 100vw, 768px\" \/><\/div>\n\t\t<\/a>\n\t\t\t\t<div class=\"elementor-post__text\">\n\t\t\t\t<p class=\"elementor-post__title\">\n\t\t\t<a href=\"https:\/\/allsensors.eu\/de\/news-ressourcen\/white-papers\/durchflussmessung\/\" >\n\t\t\t\tDurchflussmessung\t\t\t<\/a>\n\t\t<\/p>\n\t\t\t\t<div class=\"elementor-post__excerpt\">\n\t\t\t<p style=\"margin: 0; padding: 0; padding-left: 20px;\">\nEntdecken Sie, wie Differenzdrucksensoren eine pr\u00e4zise und zuverl\u00e4ssige Durchflussmessung von Gasen und Fl\u00fcssigkeiten in medizinischen, HLK- und industriellen Anwendungen erm\u00f6glichen. Erfahren Sie, wie die hochempfindliche Technologie von All Sensors langfristige Genauigkeit und minimalen Druckverlust gew\u00e4hrleistet.<\/p>\n\t\t<\/div>\n\t\t\n\t\t<a class=\"elementor-post__read-more\" href=\"https:\/\/allsensors.eu\/de\/news-ressourcen\/white-papers\/durchflussmessung\/\" aria-label=\"Mehr \u00fcber Durchflussmessung\" tabindex=\"-1\" >\n\t\t\tRead More \u00bb\t\t<\/a>\n\n\t\t\t\t<\/div>\n\t\t\t\t<\/article>\n\t\t\t\t<\/div>\n\t\t\n\t\t\t\t\t\t<\/div>\n\t\t\t\t<\/div>\n\t\t\t\t\t<\/div>\n\t\t\t\t<\/div>\n\t\t\t\t\t<\/div>\n\t\t\t\t<\/div>\n\t\t\t\t<\/div>\n\t\t","protected":false},"excerpt":{"rendered":"<p>White Papers Technisches Fachwissen aus erster Hand. In unserem White-Paper-Bereich finden Sie fundierte Fachinformationen, praxisnahe Einblicke und wissenschaftlich gest\u00fctzte Inhalte rund um die Nieder- und Niedrigstdruckmesstechnik. Ob Sie in der Medizintechnik, der Industrie oder der Geb\u00e4udeautomation t\u00e4tig sind \u2013 unsere White Papers liefern wertvolle Impulse f\u00fcr Ihre Entwicklungsprozesse. Jedes White Paper beleuchtet ein konkretes Anwendungsfeld, [&hellip;]<\/p>\n","protected":false},"author":4,"featured_media":0,"parent":19427,"menu_order":5,"comment_status":"closed","ping_status":"closed","template":"elementor_header_footer","meta":{"footnotes":""},"class_list":["post-19416","page","type-page","status-publish","hentry"],"yoast_head":"<!-- This site is optimized with the Yoast SEO plugin v27.3 - https:\/\/yoast.com\/product\/yoast-seo-wordpress\/ -->\n<title>All Sensors GmbH White Papers | Einblicke und Wissen \u00fcber Sensorik<\/title>\n<meta name=\"description\" content=\"White Paper Hub | Wissen \u00fcber Niederdruckmessung \u2713 Neueste Technologie \u25ba hier klicken.\" \/>\n<meta name=\"robots\" content=\"index, follow, max-snippet:-1, max-image-preview:large, max-video-preview:-1\" \/>\n<link rel=\"canonical\" href=\"https:\/\/allsensors.eu\/de\/news-ressourcen\/white-papers\/\" \/>\n<meta property=\"og:locale\" content=\"de_DE\" \/>\n<meta property=\"og:type\" content=\"article\" \/>\n<meta property=\"og:title\" content=\"All Sensors GmbH White Papers | Einblicke und Wissen \u00fcber Sensorik\" \/>\n<meta property=\"og:description\" content=\"White Paper Hub | Wissen \u00fcber Niederdruckmessung \u2713 Neueste Technologie \u25ba hier klicken.\" \/>\n<meta property=\"og:url\" content=\"https:\/\/allsensors.eu\/de\/news-ressourcen\/white-papers\/\" \/>\n<meta property=\"og:site_name\" content=\"All Sensors\" \/>\n<meta property=\"article:modified_time\" content=\"2026-03-31T07:59:07+00:00\" \/>\n<meta name=\"twitter:card\" content=\"summary_large_image\" \/>\n<meta name=\"twitter:label1\" content=\"Gesch\u00e4tzte Lesezeit\" \/>\n\t<meta name=\"twitter:data1\" content=\"2\u00a0Minuten\" \/>\n<script type=\"application\/ld+json\" class=\"yoast-schema-graph\">{\"@context\":\"https:\\\/\\\/schema.org\",\"@graph\":[{\"@type\":\"WebPage\",\"@id\":\"https:\\\/\\\/allsensors.eu\\\/de\\\/news-ressourcen\\\/white-papers\\\/\",\"url\":\"https:\\\/\\\/allsensors.eu\\\/de\\\/news-ressourcen\\\/white-papers\\\/\",\"name\":\"All Sensors GmbH White Papers | Einblicke und Wissen \u00fcber Sensorik\",\"isPartOf\":{\"@id\":\"https:\\\/\\\/allsensors.eu\\\/de\\\/#website\"},\"datePublished\":\"2025-08-18T12:59:20+00:00\",\"dateModified\":\"2026-03-31T07:59:07+00:00\",\"description\":\"White Paper Hub | Wissen \u00fcber Niederdruckmessung \u2713 Neueste Technologie \u25ba hier klicken.\",\"breadcrumb\":{\"@id\":\"https:\\\/\\\/allsensors.eu\\\/de\\\/news-ressourcen\\\/white-papers\\\/#breadcrumb\"},\"inLanguage\":\"de\",\"potentialAction\":[{\"@type\":\"ReadAction\",\"target\":[\"https:\\\/\\\/allsensors.eu\\\/de\\\/news-ressourcen\\\/white-papers\\\/\"]}]},{\"@type\":\"BreadcrumbList\",\"@id\":\"https:\\\/\\\/allsensors.eu\\\/de\\\/news-ressourcen\\\/white-papers\\\/#breadcrumb\",\"itemListElement\":[{\"@type\":\"ListItem\",\"position\":1,\"name\":\"Startseite\",\"item\":\"https:\\\/\\\/allsensors.eu\\\/de\\\/startseite\\\/\"},{\"@type\":\"ListItem\",\"position\":2,\"name\":\"News &amp; Ressourcen\",\"item\":\"https:\\\/\\\/allsensors.eu\\\/de\\\/news-ressourcen\\\/\"},{\"@type\":\"ListItem\",\"position\":3,\"name\":\"White Papers\"}]},{\"@type\":\"WebSite\",\"@id\":\"https:\\\/\\\/allsensors.eu\\\/de\\\/#website\",\"url\":\"https:\\\/\\\/allsensors.eu\\\/de\\\/\",\"name\":\"All Sensors\",\"description\":\"\",\"publisher\":{\"@id\":\"https:\\\/\\\/allsensors.eu\\\/de\\\/#organization\"},\"potentialAction\":[{\"@type\":\"SearchAction\",\"target\":{\"@type\":\"EntryPoint\",\"urlTemplate\":\"https:\\\/\\\/allsensors.eu\\\/de\\\/?s={search_term_string}\"},\"query-input\":{\"@type\":\"PropertyValueSpecification\",\"valueRequired\":true,\"valueName\":\"search_term_string\"}}],\"inLanguage\":\"de\"},{\"@type\":\"Organization\",\"@id\":\"https:\\\/\\\/allsensors.eu\\\/de\\\/#organization\",\"name\":\"All Sensors\",\"url\":\"https:\\\/\\\/allsensors.eu\\\/de\\\/\",\"logo\":{\"@type\":\"ImageObject\",\"inLanguage\":\"de\",\"@id\":\"https:\\\/\\\/allsensors.eu\\\/de\\\/#\\\/schema\\\/logo\\\/image\\\/\",\"url\":\"https:\\\/\\\/allsensors.eu\\\/wp-content\\\/uploads\\\/2023\\\/09\\\/cropped-cropped-All-Sensors-Logo-e1700556989539.png\",\"contentUrl\":\"https:\\\/\\\/allsensors.eu\\\/wp-content\\\/uploads\\\/2023\\\/09\\\/cropped-cropped-All-Sensors-Logo-e1700556989539.png\",\"width\":6090,\"height\":2375,\"caption\":\"All Sensors\"},\"image\":{\"@id\":\"https:\\\/\\\/allsensors.eu\\\/de\\\/#\\\/schema\\\/logo\\\/image\\\/\"}}]}<\/script>\n<!-- \/ Yoast SEO plugin. -->","yoast_head_json":{"title":"All Sensors GmbH White Papers | Einblicke und Wissen \u00fcber Sensorik","description":"White Paper Hub | Wissen \u00fcber Niederdruckmessung \u2713 Neueste Technologie \u25ba hier klicken.","robots":{"index":"index","follow":"follow","max-snippet":"max-snippet:-1","max-image-preview":"max-image-preview:large","max-video-preview":"max-video-preview:-1"},"canonical":"https:\/\/allsensors.eu\/de\/news-ressourcen\/white-papers\/","og_locale":"de_DE","og_type":"article","og_title":"All Sensors GmbH White Papers | Einblicke und Wissen \u00fcber Sensorik","og_description":"White Paper Hub | Wissen \u00fcber Niederdruckmessung \u2713 Neueste Technologie \u25ba hier klicken.","og_url":"https:\/\/allsensors.eu\/de\/news-ressourcen\/white-papers\/","og_site_name":"All Sensors","article_modified_time":"2026-03-31T07:59:07+00:00","twitter_card":"summary_large_image","twitter_misc":{"Gesch\u00e4tzte Lesezeit":"2\u00a0Minuten"},"schema":{"@context":"https:\/\/schema.org","@graph":[{"@type":"WebPage","@id":"https:\/\/allsensors.eu\/de\/news-ressourcen\/white-papers\/","url":"https:\/\/allsensors.eu\/de\/news-ressourcen\/white-papers\/","name":"All Sensors GmbH White Papers | Einblicke und Wissen \u00fcber Sensorik","isPartOf":{"@id":"https:\/\/allsensors.eu\/de\/#website"},"datePublished":"2025-08-18T12:59:20+00:00","dateModified":"2026-03-31T07:59:07+00:00","description":"White Paper Hub | Wissen \u00fcber Niederdruckmessung \u2713 Neueste Technologie \u25ba hier klicken.","breadcrumb":{"@id":"https:\/\/allsensors.eu\/de\/news-ressourcen\/white-papers\/#breadcrumb"},"inLanguage":"de","potentialAction":[{"@type":"ReadAction","target":["https:\/\/allsensors.eu\/de\/news-ressourcen\/white-papers\/"]}]},{"@type":"BreadcrumbList","@id":"https:\/\/allsensors.eu\/de\/news-ressourcen\/white-papers\/#breadcrumb","itemListElement":[{"@type":"ListItem","position":1,"name":"Startseite","item":"https:\/\/allsensors.eu\/de\/startseite\/"},{"@type":"ListItem","position":2,"name":"News &amp; Ressourcen","item":"https:\/\/allsensors.eu\/de\/news-ressourcen\/"},{"@type":"ListItem","position":3,"name":"White Papers"}]},{"@type":"WebSite","@id":"https:\/\/allsensors.eu\/de\/#website","url":"https:\/\/allsensors.eu\/de\/","name":"All Sensors","description":"","publisher":{"@id":"https:\/\/allsensors.eu\/de\/#organization"},"potentialAction":[{"@type":"SearchAction","target":{"@type":"EntryPoint","urlTemplate":"https:\/\/allsensors.eu\/de\/?s={search_term_string}"},"query-input":{"@type":"PropertyValueSpecification","valueRequired":true,"valueName":"search_term_string"}}],"inLanguage":"de"},{"@type":"Organization","@id":"https:\/\/allsensors.eu\/de\/#organization","name":"All Sensors","url":"https:\/\/allsensors.eu\/de\/","logo":{"@type":"ImageObject","inLanguage":"de","@id":"https:\/\/allsensors.eu\/de\/#\/schema\/logo\/image\/","url":"https:\/\/allsensors.eu\/wp-content\/uploads\/2023\/09\/cropped-cropped-All-Sensors-Logo-e1700556989539.png","contentUrl":"https:\/\/allsensors.eu\/wp-content\/uploads\/2023\/09\/cropped-cropped-All-Sensors-Logo-e1700556989539.png","width":6090,"height":2375,"caption":"All Sensors"},"image":{"@id":"https:\/\/allsensors.eu\/de\/#\/schema\/logo\/image\/"}}]}},"_links":{"self":[{"href":"https:\/\/allsensors.eu\/de\/wp-json\/wp\/v2\/pages\/19416","targetHints":{"allow":["GET"]}}],"collection":[{"href":"https:\/\/allsensors.eu\/de\/wp-json\/wp\/v2\/pages"}],"about":[{"href":"https:\/\/allsensors.eu\/de\/wp-json\/wp\/v2\/types\/page"}],"author":[{"embeddable":true,"href":"https:\/\/allsensors.eu\/de\/wp-json\/wp\/v2\/users\/4"}],"replies":[{"embeddable":true,"href":"https:\/\/allsensors.eu\/de\/wp-json\/wp\/v2\/comments?post=19416"}],"version-history":[{"count":13,"href":"https:\/\/allsensors.eu\/de\/wp-json\/wp\/v2\/pages\/19416\/revisions"}],"predecessor-version":[{"id":21941,"href":"https:\/\/allsensors.eu\/de\/wp-json\/wp\/v2\/pages\/19416\/revisions\/21941"}],"up":[{"embeddable":true,"href":"https:\/\/allsensors.eu\/de\/wp-json\/wp\/v2\/pages\/19427"}],"wp:attachment":[{"href":"https:\/\/allsensors.eu\/de\/wp-json\/wp\/v2\/media?parent=19416"}],"curies":[{"name":"wp","href":"https:\/\/api.w.org\/{rel}","templated":true}]}}