{"id":20085,"date":"2025-09-17T10:36:18","date_gmt":"2025-09-17T10:36:18","guid":{"rendered":"https:\/\/allsensors.eu\/news-ressourcen\/white-papers\/industrielle-anwendungen\/"},"modified":"2025-09-17T10:54:19","modified_gmt":"2025-09-17T10:54:19","slug":"industrielle-anwendungen","status":"publish","type":"page","link":"https:\/\/allsensors.eu\/de\/news-ressourcen\/white-papers\/industrielle-anwendungen\/","title":{"rendered":"Industrielle Anwendungen"},"content":{"rendered":"\t\t<div data-elementor-type=\"wp-page\" data-elementor-id=\"20085\" class=\"elementor elementor-20085 elementor-20070\" data-elementor-post-type=\"page\">\n\t\t\t\t<div class=\"elementor-element elementor-element-57858bf e-con-full e-flex e-con e-parent\" data-id=\"57858bf\" data-element_type=\"container\">\n\t\t<div class=\"elementor-element elementor-element-c98d28c e-con-full e-flex e-con e-child\" data-id=\"c98d28c\" data-element_type=\"container\">\n\t\t\t\t<div class=\"elementor-element elementor-element-7c35e5b elementor-widget elementor-widget-image\" data-id=\"7c35e5b\" data-element_type=\"widget\" data-settings=\"{&quot;motion_fx_motion_fx_scrolling&quot;:&quot;yes&quot;,&quot;motion_fx_scale_effect&quot;:&quot;yes&quot;,&quot;motion_fx_scale_speed&quot;:{&quot;unit&quot;:&quot;px&quot;,&quot;size&quot;:2,&quot;sizes&quot;:[]},&quot;motion_fx_scale_range&quot;:{&quot;unit&quot;:&quot;%&quot;,&quot;size&quot;:&quot;&quot;,&quot;sizes&quot;:{&quot;start&quot;:65,&quot;end&quot;:100}},&quot;motion_fx_scale_direction&quot;:&quot;out-in&quot;,&quot;motion_fx_devices&quot;:[&quot;desktop&quot;,&quot;tablet&quot;,&quot;mobile&quot;]}\" data-widget_type=\"image.default\">\n\t\t\t\t\t\t\t\t\t\t\t\t\t\t\t<img fetchpriority=\"high\" decoding=\"async\" width=\"2560\" height=\"1490\" src=\"https:\/\/allsensors.eu\/wp-content\/uploads\/2024\/09\/806225929_scaled-scaled.webp\" class=\"attachment-full size-full wp-image-10278\" alt=\"\" srcset=\"https:\/\/allsensors.eu\/wp-content\/uploads\/2024\/09\/806225929_scaled-scaled.webp 2560w, https:\/\/allsensors.eu\/wp-content\/uploads\/2024\/09\/806225929_scaled-300x175.webp 300w, https:\/\/allsensors.eu\/wp-content\/uploads\/2024\/09\/806225929_scaled-1024x596.webp 1024w, https:\/\/allsensors.eu\/wp-content\/uploads\/2024\/09\/806225929_scaled-768x447.webp 768w, https:\/\/allsensors.eu\/wp-content\/uploads\/2024\/09\/806225929_scaled-1536x894.webp 1536w, https:\/\/allsensors.eu\/wp-content\/uploads\/2024\/09\/806225929_scaled-2048x1192.webp 2048w\" sizes=\"(max-width: 2560px) 100vw, 2560px\" \/>\t\t\t\t\t\t\t\t\t\t\t\t\t\t\t<\/div>\n\t\t\t\t<\/div>\n\t\t\t\t<\/div>\n\t\t<div class=\"elementor-element elementor-element-174c526 e-flex e-con-boxed e-con e-parent\" data-id=\"174c526\" data-element_type=\"container\">\n\t\t\t\t\t<div class=\"e-con-inner\">\n\t\t<div class=\"elementor-element elementor-element-a714f26 e-con-full e-flex e-con e-child\" data-id=\"a714f26\" data-element_type=\"container\">\n\t\t\t\t<div class=\"elementor-element elementor-element-bc2c0ac elementor-widget elementor-widget-heading\" data-id=\"bc2c0ac\" data-element_type=\"widget\" data-widget_type=\"heading.default\">\n\t\t\t\t\t<h1 class=\"elementor-heading-title elementor-size-default\">Industrielle Anwendungen von Drucksensoren<\/h1>\t\t\t\t<\/div>\n\t\t\t\t<div class=\"elementor-element elementor-element-5f7301a elementor-widget elementor-widget-text-editor\" data-id=\"5f7301a\" data-element_type=\"widget\" data-widget_type=\"text-editor.default\">\n\t\t\t\t\t\t\t\t\t<p style=\"text-align: center;\">Drucksensoren spielen eine entscheidende Rolle f\u00fcr Prozesse und Qualit\u00e4t in industriellen Anwendungen. Der industrielle Markt umfasst ein breites Spektrum von Einsatzgebieten \u2013 von sehr niedrigem Vakuum (negativem Druck) und sehr geringen Dr\u00fccken (ca. 1 Zoll H\u2082O oder weniger) bis hin zu sehr hohen Dr\u00fccken (10.000 psi oder mehr). Neben diesem gro\u00dfen Druckbereich m\u00fcssen Ingenieure verschiedene Parameter ber\u00fccksichtigen, um den passenden Drucksensor auszuw\u00e4hlen. Wichtige Faktoren sind das Messmedium sowie die Anforderungen an das Geh\u00e4use f\u00fcr die jeweilige Anwendung \u2013 diese \u00dcberlegungen folgen im n\u00e4chsten Schritt des Beschaffungsprozesses.     <\/p>\t\t\t\t\t\t\t\t<\/div>\n\t\t<div class=\"elementor-element elementor-element-f8b92af e-grid e-con-full e-con e-child\" data-id=\"f8b92af\" data-element_type=\"container\">\n\t\t\t\t<div class=\"elementor-element elementor-element-c8c4ce2 elementor-widget elementor-widget-text-editor\" data-id=\"c8c4ce2\" data-element_type=\"widget\" data-widget_type=\"text-editor.default\">\n\t\t\t\t\t\t\t\t\t<p>All Sensors setzt auf <a href=\"http:\/\/en.wikipedia.org\/wiki\/Microelectromechanical_systems\">mikroelektromechanische Systeme (MEMS)<\/a> mit <a href=\"http:\/\/en.wikipedia.org\/wiki\/Piezoresistive_effect\">piezoresistiver<\/a> Technologie, die in robusten, platinenmontierbaren Geh\u00e4usen untergebracht sind. Unsere Drucksensoren (Transducer) sind f\u00fcr trockene Luft und Gase ausgelegt, mit besonderem Fokus auf niedrige Dr\u00fccke (&lt;&lt; 150 psi), bei denen hohe Genauigkeit und Wiederholbarkeit entscheidend sind. Anwendungen mit h\u00f6heren Dr\u00fccken erfordern alternative L\u00f6sungen. Bei aggressiven Medien ist es notwendig, das Kunststoffgeh\u00e4use und seine empfindlichen Komponenten zu isolieren. Auch f\u00fcr Edelstahl- oder andere Geh\u00e4usevarianten sind alternative Bezugsquellen erforderlich. Unter Ber\u00fccksichtigung des Druckbereichs und der Geh\u00e4useeigenschaften gibt es zahlreiche industrielle Anwendungen, die von All Sensors Drucksensor-Technologien profitieren. Die folgenden Beispiele zeigen typische Einsatzbereiche.      <\/p>\t\t\t\t\t\t\t\t<\/div>\n\t\t\t\t<div class=\"elementor-element elementor-element-50648d5 elementor-widget elementor-widget-image\" data-id=\"50648d5\" data-element_type=\"widget\" data-widget_type=\"image.default\">\n\t\t\t\t\t\t\t\t\t\t\t\t\t\t\t<img decoding=\"async\" width=\"257\" height=\"300\" src=\"https:\/\/allsensors.eu\/wp-content\/uploads\/2025\/09\/Explosion-257x300.webp\" class=\"attachment-medium size-medium wp-image-19860\" alt=\"\" srcset=\"https:\/\/allsensors.eu\/wp-content\/uploads\/2025\/09\/Explosion-257x300.webp 257w, https:\/\/allsensors.eu\/wp-content\/uploads\/2025\/09\/Explosion-876x1024.webp 876w, https:\/\/allsensors.eu\/wp-content\/uploads\/2025\/09\/Explosion-768x898.webp 768w, https:\/\/allsensors.eu\/wp-content\/uploads\/2025\/09\/Explosion-1314x1536.webp 1314w, https:\/\/allsensors.eu\/wp-content\/uploads\/2025\/09\/Explosion.webp 1500w\" sizes=\"(max-width: 257px) 100vw, 257px\" \/>\t\t\t\t\t\t\t\t\t\t\t\t\t\t\t<\/div>\n\t\t\t\t<\/div>\n\t\t<div class=\"elementor-element elementor-element-1113cbc e-grid e-con-full e-con e-child\" data-id=\"1113cbc\" data-element_type=\"container\">\n\t\t\t\t<div class=\"elementor-element elementor-element-85d889c elementor-widget elementor-widget-text-editor\" data-id=\"85d889c\" data-element_type=\"widget\" data-widget_type=\"text-editor.default\">\n\t\t\t\t\t\t\t\t\t<div><h3>Energieeinsparung<\/h3><\/div>\t\t\t\t\t\t\t\t<\/div>\n\t\t\t\t<\/div>\n\t\t<div class=\"elementor-element elementor-element-a8539a6 e-grid e-con-full e-con e-child\" data-id=\"a8539a6\" data-element_type=\"container\">\n\t\t\t\t<div class=\"elementor-element elementor-element-112dfd6 elementor-widget elementor-widget-image\" data-id=\"112dfd6\" data-element_type=\"widget\" data-widget_type=\"image.default\">\n\t\t\t\t\t\t\t\t\t\t\t\t\t\t\t<img decoding=\"async\" width=\"800\" height=\"448\" src=\"https:\/\/allsensors.eu\/wp-content\/uploads\/2024\/10\/All-Sensors_687603655_scaled_solar-wind-power-1024x574.webp\" class=\"attachment-large size-large wp-image-12429\" alt=\"solar panels and wind turbines\" srcset=\"https:\/\/allsensors.eu\/wp-content\/uploads\/2024\/10\/All-Sensors_687603655_scaled_solar-wind-power-1024x574.webp 1024w, https:\/\/allsensors.eu\/wp-content\/uploads\/2024\/10\/All-Sensors_687603655_scaled_solar-wind-power-300x168.webp 300w, https:\/\/allsensors.eu\/wp-content\/uploads\/2024\/10\/All-Sensors_687603655_scaled_solar-wind-power-768x430.webp 768w, https:\/\/allsensors.eu\/wp-content\/uploads\/2024\/10\/All-Sensors_687603655_scaled_solar-wind-power-1536x861.webp 1536w, https:\/\/allsensors.eu\/wp-content\/uploads\/2024\/10\/All-Sensors_687603655_scaled_solar-wind-power-2048x1148.webp 2048w\" sizes=\"(max-width: 800px) 100vw, 800px\" \/>\t\t\t\t\t\t\t\t\t\t\t\t\t\t\t<\/div>\n\t\t\t\t<div class=\"elementor-element elementor-element-5037028 elementor-widget elementor-widget-text-editor\" data-id=\"5037028\" data-element_type=\"widget\" data-widget_type=\"text-editor.default\">\n\t\t\t\t\t\t\t\t\t<p><strong>Energieeinsparung<\/strong><strong> <\/strong>Die Reduktion von Energieverbrauch und -kosten sowie die Minimierung \u00f6kologischer Auswirkungen gewinnen f\u00fcr Unternehmen zunehmend an Bedeutung. Pr\u00e4zise Druckmessungen sind dabei eine Grundvoraussetzung f\u00fcr mehr Energieeffizienz. Typische Anwendungen sind tragbare und station\u00e4re Wetterstationen, Messger\u00e4te f\u00fcr Diesel-LKW-Emissionen, Windkraftanlagen, Windstr\u00f6mungsanalysen bei der Planung neuer Geb\u00e4ude, Meeresforschung, Wetterballons in gro\u00dfen H\u00f6hen, Ger\u00e4te zur Messung von Wasserverschmutzung, Probenahme von Quecksilber in Abgasen sowie verschiedene atmosph\u00e4rische Untersuchungen. <\/p>\t\t\t\t\t\t\t\t<\/div>\n\t\t\t\t<\/div>\n\t\t<div class=\"elementor-element elementor-element-ab20c61 e-grid e-con-full e-con e-child\" data-id=\"ab20c61\" data-element_type=\"container\">\n\t\t\t\t<div class=\"elementor-element elementor-element-9b32250 elementor-widget elementor-widget-text-editor\" data-id=\"9b32250\" data-element_type=\"widget\" data-widget_type=\"text-editor.default\">\n\t\t\t\t\t\t\t\t\t<div><h3>Drucksensoren und ihre Anwendungen<\/h3><\/div>\t\t\t\t\t\t\t\t<\/div>\n\t\t\t\t<\/div>\n\t\t<div class=\"elementor-element elementor-element-1ea27cc e-grid e-con-full e-con e-child\" data-id=\"1ea27cc\" data-element_type=\"container\">\n\t\t\t\t<div class=\"elementor-element elementor-element-ffa15a4 elementor-widget elementor-widget-text-editor\" data-id=\"ffa15a4\" data-element_type=\"widget\" data-widget_type=\"text-editor.default\">\n\t\t\t\t\t\t\t\t\t<p><strong>Technologiebranche<\/strong><strong> <\/strong>Auch die Technologieindustrie setzt auf genaue Drucksensoren \u2013 sowohl in ihren Produkten selbst als auch bei der Regulierung von Umgebungen, etwa in weltweiten Rechenzentren. Typische Anwendungen sind H\u00f6henmesser, Barometer, F\u00fcllstandserfassung in Druckerpatronen, Luftstrommessung in Ger\u00e4ten, K\u00fchlungssysteme f\u00fcr IT- und Rechenzentren, Halbleiterprozesse, Lasermessungen sowie Reinraum-\u00dcberwachungssysteme. <\/p><p>Eine Art der industriellen Druckmessung, die All Sensors mit einem verbesserten Sensoransatz angegangen ist, ist eine Differenzanwendung, bei der ein Druck auf die Vorder- und R\u00fcckseite des Sensors in der Anwendung ausge\u00fcbt wird und eine verbesserte Linearit\u00e4t von vorne nach hinten erforderlich ist.<\/p>\t\t\t\t\t\t\t\t<\/div>\n\t\t\t\t<div class=\"elementor-element elementor-element-7b9e7d4 elementor-widget elementor-widget-image\" data-id=\"7b9e7d4\" data-element_type=\"widget\" data-widget_type=\"image.default\">\n\t\t\t\t\t\t\t\t\t\t\t\t\t\t\t<img loading=\"lazy\" decoding=\"async\" width=\"800\" height=\"448\" src=\"https:\/\/allsensors.eu\/wp-content\/uploads\/2024\/10\/All-Sensors_710375025_scaled_microchip-1024x574.webp\" class=\"attachment-large size-large wp-image-12435\" alt=\"\" srcset=\"https:\/\/allsensors.eu\/wp-content\/uploads\/2024\/10\/All-Sensors_710375025_scaled_microchip-1024x574.webp 1024w, https:\/\/allsensors.eu\/wp-content\/uploads\/2024\/10\/All-Sensors_710375025_scaled_microchip-300x168.webp 300w, https:\/\/allsensors.eu\/wp-content\/uploads\/2024\/10\/All-Sensors_710375025_scaled_microchip-768x430.webp 768w, https:\/\/allsensors.eu\/wp-content\/uploads\/2024\/10\/All-Sensors_710375025_scaled_microchip-1536x861.webp 1536w, https:\/\/allsensors.eu\/wp-content\/uploads\/2024\/10\/All-Sensors_710375025_scaled_microchip.webp 1950w\" sizes=\"(max-width: 800px) 100vw, 800px\" \/>\t\t\t\t\t\t\t\t\t\t\t\t\t\t\t<\/div>\n\t\t\t\t<\/div>\n\t\t\t\t<\/div>\n\t\t\t\t\t<\/div>\n\t\t\t\t<\/div>\n\t\t\t\t<\/div>\n\t\t","protected":false},"excerpt":{"rendered":"<p style=\"margin: 0; padding: 0; padding-left: 20px;\">\nBeispiele f\u00fcr den Einsatz von All Sensors-Niederdrucksensoren.<\/p>\n","protected":false},"author":4,"featured_media":19860,"parent":19416,"menu_order":0,"comment_status":"closed","ping_status":"closed","template":"","meta":{"footnotes":""},"class_list":["post-20085","page","type-page","status-publish","has-post-thumbnail","hentry"],"yoast_head":"<!-- This site is optimized with the Yoast SEO plugin v27.3 - https:\/\/yoast.com\/product\/yoast-seo-wordpress\/ -->\n<title>Industrielle Anwendungen - All Sensors<\/title>\n<meta name=\"robots\" content=\"index, follow, max-snippet:-1, max-image-preview:large, max-video-preview:-1\" \/>\n<link rel=\"canonical\" href=\"https:\/\/allsensors.eu\/de\/news-ressourcen\/white-papers\/industrielle-anwendungen\/\" \/>\n<meta property=\"og:locale\" content=\"de_DE\" \/>\n<meta property=\"og:type\" content=\"article\" \/>\n<meta property=\"og:title\" content=\"Industrielle Anwendungen - All Sensors\" \/>\n<meta property=\"og:description\" content=\"Beispiele f\u00fcr den Einsatz von All Sensors-Niederdrucksensoren.\" \/>\n<meta property=\"og:url\" content=\"https:\/\/allsensors.eu\/de\/news-ressourcen\/white-papers\/industrielle-anwendungen\/\" \/>\n<meta property=\"og:site_name\" content=\"All Sensors\" \/>\n<meta property=\"article:modified_time\" content=\"2025-09-17T10:54:19+00:00\" \/>\n<meta property=\"og:image\" content=\"https:\/\/allsensors.eu\/wp-content\/uploads\/2025\/09\/Explosion-e1757669201111.webp\" \/>\n\t<meta property=\"og:image:width\" content=\"1500\" \/>\n\t<meta property=\"og:image:height\" content=\"1754\" \/>\n\t<meta property=\"og:image:type\" content=\"image\/webp\" \/>\n<meta name=\"twitter:card\" content=\"summary_large_image\" \/>\n<meta name=\"twitter:label1\" content=\"Gesch\u00e4tzte Lesezeit\" \/>\n\t<meta name=\"twitter:data1\" content=\"2\u00a0Minuten\" \/>\n<script type=\"application\/ld+json\" class=\"yoast-schema-graph\">{\"@context\":\"https:\\\/\\\/schema.org\",\"@graph\":[{\"@type\":\"WebPage\",\"@id\":\"https:\\\/\\\/allsensors.eu\\\/de\\\/news-ressourcen\\\/white-papers\\\/industrielle-anwendungen\\\/\",\"url\":\"https:\\\/\\\/allsensors.eu\\\/de\\\/news-ressourcen\\\/white-papers\\\/industrielle-anwendungen\\\/\",\"name\":\"Industrielle Anwendungen - All Sensors\",\"isPartOf\":{\"@id\":\"https:\\\/\\\/allsensors.eu\\\/de\\\/#website\"},\"primaryImageOfPage\":{\"@id\":\"https:\\\/\\\/allsensors.eu\\\/de\\\/news-ressourcen\\\/white-papers\\\/industrielle-anwendungen\\\/#primaryimage\"},\"image\":{\"@id\":\"https:\\\/\\\/allsensors.eu\\\/de\\\/news-ressourcen\\\/white-papers\\\/industrielle-anwendungen\\\/#primaryimage\"},\"thumbnailUrl\":\"https:\\\/\\\/allsensors.eu\\\/wp-content\\\/uploads\\\/2025\\\/09\\\/Explosion-e1757669201111.webp\",\"datePublished\":\"2025-09-17T10:36:18+00:00\",\"dateModified\":\"2025-09-17T10:54:19+00:00\",\"breadcrumb\":{\"@id\":\"https:\\\/\\\/allsensors.eu\\\/de\\\/news-ressourcen\\\/white-papers\\\/industrielle-anwendungen\\\/#breadcrumb\"},\"inLanguage\":\"de\",\"potentialAction\":[{\"@type\":\"ReadAction\",\"target\":[\"https:\\\/\\\/allsensors.eu\\\/de\\\/news-ressourcen\\\/white-papers\\\/industrielle-anwendungen\\\/\"]}]},{\"@type\":\"ImageObject\",\"inLanguage\":\"de\",\"@id\":\"https:\\\/\\\/allsensors.eu\\\/de\\\/news-ressourcen\\\/white-papers\\\/industrielle-anwendungen\\\/#primaryimage\",\"url\":\"https:\\\/\\\/allsensors.eu\\\/wp-content\\\/uploads\\\/2025\\\/09\\\/Explosion-e1757669201111.webp\",\"contentUrl\":\"https:\\\/\\\/allsensors.eu\\\/wp-content\\\/uploads\\\/2025\\\/09\\\/Explosion-e1757669201111.webp\",\"width\":1500,\"height\":1754},{\"@type\":\"BreadcrumbList\",\"@id\":\"https:\\\/\\\/allsensors.eu\\\/de\\\/news-ressourcen\\\/white-papers\\\/industrielle-anwendungen\\\/#breadcrumb\",\"itemListElement\":[{\"@type\":\"ListItem\",\"position\":1,\"name\":\"Startseite\",\"item\":\"https:\\\/\\\/allsensors.eu\\\/de\\\/startseite\\\/\"},{\"@type\":\"ListItem\",\"position\":2,\"name\":\"News &amp; Ressourcen\",\"item\":\"https:\\\/\\\/allsensors.eu\\\/de\\\/news-ressourcen\\\/\"},{\"@type\":\"ListItem\",\"position\":3,\"name\":\"White Papers\",\"item\":\"https:\\\/\\\/allsensors.eu\\\/de\\\/news-ressourcen\\\/white-papers\\\/\"},{\"@type\":\"ListItem\",\"position\":4,\"name\":\"Industrielle Anwendungen\"}]},{\"@type\":\"WebSite\",\"@id\":\"https:\\\/\\\/allsensors.eu\\\/de\\\/#website\",\"url\":\"https:\\\/\\\/allsensors.eu\\\/de\\\/\",\"name\":\"All Sensors\",\"description\":\"\",\"publisher\":{\"@id\":\"https:\\\/\\\/allsensors.eu\\\/de\\\/#organization\"},\"potentialAction\":[{\"@type\":\"SearchAction\",\"target\":{\"@type\":\"EntryPoint\",\"urlTemplate\":\"https:\\\/\\\/allsensors.eu\\\/de\\\/?s={search_term_string}\"},\"query-input\":{\"@type\":\"PropertyValueSpecification\",\"valueRequired\":true,\"valueName\":\"search_term_string\"}}],\"inLanguage\":\"de\"},{\"@type\":\"Organization\",\"@id\":\"https:\\\/\\\/allsensors.eu\\\/de\\\/#organization\",\"name\":\"All Sensors\",\"url\":\"https:\\\/\\\/allsensors.eu\\\/de\\\/\",\"logo\":{\"@type\":\"ImageObject\",\"inLanguage\":\"de\",\"@id\":\"https:\\\/\\\/allsensors.eu\\\/de\\\/#\\\/schema\\\/logo\\\/image\\\/\",\"url\":\"https:\\\/\\\/allsensors.eu\\\/wp-content\\\/uploads\\\/2023\\\/09\\\/cropped-cropped-All-Sensors-Logo-e1700556989539.png\",\"contentUrl\":\"https:\\\/\\\/allsensors.eu\\\/wp-content\\\/uploads\\\/2023\\\/09\\\/cropped-cropped-All-Sensors-Logo-e1700556989539.png\",\"width\":6090,\"height\":2375,\"caption\":\"All Sensors\"},\"image\":{\"@id\":\"https:\\\/\\\/allsensors.eu\\\/de\\\/#\\\/schema\\\/logo\\\/image\\\/\"}}]}<\/script>\n<!-- \/ Yoast SEO plugin. -->","yoast_head_json":{"title":"Industrielle Anwendungen - All Sensors","robots":{"index":"index","follow":"follow","max-snippet":"max-snippet:-1","max-image-preview":"max-image-preview:large","max-video-preview":"max-video-preview:-1"},"canonical":"https:\/\/allsensors.eu\/de\/news-ressourcen\/white-papers\/industrielle-anwendungen\/","og_locale":"de_DE","og_type":"article","og_title":"Industrielle Anwendungen - All Sensors","og_description":"Beispiele f\u00fcr den Einsatz von All Sensors-Niederdrucksensoren.","og_url":"https:\/\/allsensors.eu\/de\/news-ressourcen\/white-papers\/industrielle-anwendungen\/","og_site_name":"All Sensors","article_modified_time":"2025-09-17T10:54:19+00:00","og_image":[{"width":1500,"height":1754,"url":"https:\/\/allsensors.eu\/wp-content\/uploads\/2025\/09\/Explosion-e1757669201111.webp","type":"image\/webp"}],"twitter_card":"summary_large_image","twitter_misc":{"Gesch\u00e4tzte Lesezeit":"2\u00a0Minuten"},"schema":{"@context":"https:\/\/schema.org","@graph":[{"@type":"WebPage","@id":"https:\/\/allsensors.eu\/de\/news-ressourcen\/white-papers\/industrielle-anwendungen\/","url":"https:\/\/allsensors.eu\/de\/news-ressourcen\/white-papers\/industrielle-anwendungen\/","name":"Industrielle Anwendungen - All Sensors","isPartOf":{"@id":"https:\/\/allsensors.eu\/de\/#website"},"primaryImageOfPage":{"@id":"https:\/\/allsensors.eu\/de\/news-ressourcen\/white-papers\/industrielle-anwendungen\/#primaryimage"},"image":{"@id":"https:\/\/allsensors.eu\/de\/news-ressourcen\/white-papers\/industrielle-anwendungen\/#primaryimage"},"thumbnailUrl":"https:\/\/allsensors.eu\/wp-content\/uploads\/2025\/09\/Explosion-e1757669201111.webp","datePublished":"2025-09-17T10:36:18+00:00","dateModified":"2025-09-17T10:54:19+00:00","breadcrumb":{"@id":"https:\/\/allsensors.eu\/de\/news-ressourcen\/white-papers\/industrielle-anwendungen\/#breadcrumb"},"inLanguage":"de","potentialAction":[{"@type":"ReadAction","target":["https:\/\/allsensors.eu\/de\/news-ressourcen\/white-papers\/industrielle-anwendungen\/"]}]},{"@type":"ImageObject","inLanguage":"de","@id":"https:\/\/allsensors.eu\/de\/news-ressourcen\/white-papers\/industrielle-anwendungen\/#primaryimage","url":"https:\/\/allsensors.eu\/wp-content\/uploads\/2025\/09\/Explosion-e1757669201111.webp","contentUrl":"https:\/\/allsensors.eu\/wp-content\/uploads\/2025\/09\/Explosion-e1757669201111.webp","width":1500,"height":1754},{"@type":"BreadcrumbList","@id":"https:\/\/allsensors.eu\/de\/news-ressourcen\/white-papers\/industrielle-anwendungen\/#breadcrumb","itemListElement":[{"@type":"ListItem","position":1,"name":"Startseite","item":"https:\/\/allsensors.eu\/de\/startseite\/"},{"@type":"ListItem","position":2,"name":"News &amp; Ressourcen","item":"https:\/\/allsensors.eu\/de\/news-ressourcen\/"},{"@type":"ListItem","position":3,"name":"White Papers","item":"https:\/\/allsensors.eu\/de\/news-ressourcen\/white-papers\/"},{"@type":"ListItem","position":4,"name":"Industrielle Anwendungen"}]},{"@type":"WebSite","@id":"https:\/\/allsensors.eu\/de\/#website","url":"https:\/\/allsensors.eu\/de\/","name":"All Sensors","description":"","publisher":{"@id":"https:\/\/allsensors.eu\/de\/#organization"},"potentialAction":[{"@type":"SearchAction","target":{"@type":"EntryPoint","urlTemplate":"https:\/\/allsensors.eu\/de\/?s={search_term_string}"},"query-input":{"@type":"PropertyValueSpecification","valueRequired":true,"valueName":"search_term_string"}}],"inLanguage":"de"},{"@type":"Organization","@id":"https:\/\/allsensors.eu\/de\/#organization","name":"All Sensors","url":"https:\/\/allsensors.eu\/de\/","logo":{"@type":"ImageObject","inLanguage":"de","@id":"https:\/\/allsensors.eu\/de\/#\/schema\/logo\/image\/","url":"https:\/\/allsensors.eu\/wp-content\/uploads\/2023\/09\/cropped-cropped-All-Sensors-Logo-e1700556989539.png","contentUrl":"https:\/\/allsensors.eu\/wp-content\/uploads\/2023\/09\/cropped-cropped-All-Sensors-Logo-e1700556989539.png","width":6090,"height":2375,"caption":"All Sensors"},"image":{"@id":"https:\/\/allsensors.eu\/de\/#\/schema\/logo\/image\/"}}]}},"_links":{"self":[{"href":"https:\/\/allsensors.eu\/de\/wp-json\/wp\/v2\/pages\/20085","targetHints":{"allow":["GET"]}}],"collection":[{"href":"https:\/\/allsensors.eu\/de\/wp-json\/wp\/v2\/pages"}],"about":[{"href":"https:\/\/allsensors.eu\/de\/wp-json\/wp\/v2\/types\/page"}],"author":[{"embeddable":true,"href":"https:\/\/allsensors.eu\/de\/wp-json\/wp\/v2\/users\/4"}],"replies":[{"embeddable":true,"href":"https:\/\/allsensors.eu\/de\/wp-json\/wp\/v2\/comments?post=20085"}],"version-history":[{"count":1,"href":"https:\/\/allsensors.eu\/de\/wp-json\/wp\/v2\/pages\/20085\/revisions"}],"predecessor-version":[{"id":20086,"href":"https:\/\/allsensors.eu\/de\/wp-json\/wp\/v2\/pages\/20085\/revisions\/20086"}],"up":[{"embeddable":true,"href":"https:\/\/allsensors.eu\/de\/wp-json\/wp\/v2\/pages\/19416"}],"wp:featuredmedia":[{"embeddable":true,"href":"https:\/\/allsensors.eu\/de\/wp-json\/wp\/v2\/media\/19860"}],"wp:attachment":[{"href":"https:\/\/allsensors.eu\/de\/wp-json\/wp\/v2\/media?parent=20085"}],"curies":[{"name":"wp","href":"https:\/\/api.w.org\/{rel}","templated":true}]}}