{"id":20106,"date":"2025-09-17T10:29:24","date_gmt":"2025-09-17T10:29:24","guid":{"rendered":"https:\/\/allsensors.eu\/news-ressourcen\/blog\/neuer-auav\/"},"modified":"2025-12-17T08:25:16","modified_gmt":"2025-12-17T08:25:16","slug":"neuer-auav","status":"publish","type":"page","link":"https:\/\/allsensors.eu\/de\/news-ressourcen\/blog\/neuer-auav\/","title":{"rendered":"Neuer AUAV"},"content":{"rendered":"\t\t<div data-elementor-type=\"wp-page\" data-elementor-id=\"20106\" class=\"elementor elementor-20106 elementor-20061\" data-elementor-post-type=\"page\">\n\t\t\t\t<div class=\"elementor-element elementor-element-c2803d9 e-con-full e-flex e-con e-parent\" data-id=\"c2803d9\" data-element_type=\"container\">\n\t\t<div class=\"elementor-element elementor-element-248cd81 e-con-full e-flex e-con e-child\" data-id=\"248cd81\" data-element_type=\"container\">\n\t\t\t\t<div class=\"elementor-element elementor-element-2702e5d elementor-widget elementor-widget-image\" data-id=\"2702e5d\" data-element_type=\"widget\" data-settings=\"{&quot;motion_fx_motion_fx_scrolling&quot;:&quot;yes&quot;,&quot;motion_fx_scale_effect&quot;:&quot;yes&quot;,&quot;motion_fx_scale_speed&quot;:{&quot;unit&quot;:&quot;px&quot;,&quot;size&quot;:2,&quot;sizes&quot;:[]},&quot;motion_fx_scale_range&quot;:{&quot;unit&quot;:&quot;%&quot;,&quot;size&quot;:&quot;&quot;,&quot;sizes&quot;:{&quot;start&quot;:65,&quot;end&quot;:100}},&quot;motion_fx_scale_direction&quot;:&quot;out-in&quot;,&quot;motion_fx_devices&quot;:[&quot;desktop&quot;,&quot;tablet&quot;,&quot;mobile&quot;]}\" data-widget_type=\"image.default\">\n\t\t\t\t\t\t\t\t\t\t\t\t\t\t\t<img fetchpriority=\"high\" decoding=\"async\" width=\"2560\" height=\"1707\" src=\"https:\/\/allsensors.eu\/wp-content\/uploads\/2024\/10\/AllSensors_922755692_scaled_drone-scaled-e1756886916320.webp\" class=\"attachment-full size-full wp-image-12671\" alt=\"UAV or drone in the air\" \/>\t\t\t\t\t\t\t\t\t\t\t\t\t\t\t<\/div>\n\t\t\t\t<\/div>\n\t\t\t\t<\/div>\n\t\t<div class=\"elementor-element elementor-element-086f83e e-flex e-con-boxed e-con e-parent\" data-id=\"086f83e\" data-element_type=\"container\">\n\t\t\t\t\t<div class=\"e-con-inner\">\n\t\t<div class=\"elementor-element elementor-element-ce33280 e-con-full e-flex e-con e-child\" data-id=\"ce33280\" data-element_type=\"container\">\n\t\t\t\t<div class=\"elementor-element elementor-element-dd45de3 elementor-widget elementor-widget-heading\" data-id=\"dd45de3\" data-element_type=\"widget\" data-widget_type=\"heading.default\">\n\t\t\t\t\t<h1 class=\"elementor-heading-title elementor-size-default\">Verbesserter AUAV-Luftgeschwindigkeits- und H\u00f6hen-Drucksensor <\/h1>\t\t\t\t<\/div>\n\t\t\t\t<div class=\"elementor-element elementor-element-184c942 elementor-widget elementor-widget-text-editor\" data-id=\"184c942\" data-element_type=\"widget\" data-widget_type=\"text-editor.default\">\n\t\t\t\t\t\t\t\t\t<div><h2><strong>Erweiterte Reichweite f\u00fcr anspruchsvolle UAV-Anwendungen<\/strong><\/h2><\/div>\t\t\t\t\t\t\t\t<\/div>\n\t\t<div class=\"elementor-element elementor-element-1a7310d e-grid e-con-full e-con e-child\" data-id=\"1a7310d\" data-element_type=\"container\">\n\t\t\t\t<div class=\"elementor-element elementor-element-2d9d9fa elementor-widget elementor-widget-image\" data-id=\"2d9d9fa\" data-element_type=\"widget\" data-widget_type=\"image.default\">\n\t\t\t\t\t\t\t\t\t\t\t\t\t\t\t<img decoding=\"async\" width=\"800\" height=\"435\" src=\"https:\/\/allsensors.eu\/wp-content\/uploads\/2024\/10\/AllSensors_187291524_scaled_digital-drone-1024x557.webp\" class=\"attachment-large size-large wp-image-12537\" alt=\"digital miniature drone in hand\" srcset=\"https:\/\/allsensors.eu\/wp-content\/uploads\/2024\/10\/AllSensors_187291524_scaled_digital-drone-1024x557.webp 1024w, https:\/\/allsensors.eu\/wp-content\/uploads\/2024\/10\/AllSensors_187291524_scaled_digital-drone-300x163.webp 300w, https:\/\/allsensors.eu\/wp-content\/uploads\/2024\/10\/AllSensors_187291524_scaled_digital-drone-768x417.webp 768w, https:\/\/allsensors.eu\/wp-content\/uploads\/2024\/10\/AllSensors_187291524_scaled_digital-drone-1536x835.webp 1536w, https:\/\/allsensors.eu\/wp-content\/uploads\/2024\/10\/AllSensors_187291524_scaled_digital-drone-2048x1113.webp 2048w\" sizes=\"(max-width: 800px) 100vw, 800px\" \/>\t\t\t\t\t\t\t\t\t\t\t\t\t\t\t<\/div>\n\t\t\t\t<div class=\"elementor-element elementor-element-b646b16 elementor-widget elementor-widget-text-editor\" data-id=\"b646b16\" data-element_type=\"widget\" data-widget_type=\"text-editor.default\">\n\t\t\t\t\t\t\t\t\t<p><strong>H\u00f6here Geschwindigkeiten, gr\u00f6\u00dfere Reichweite und dieselbe kompromisslose Genauigkeit.<\/strong><\/p><p>All Sensors ist stolz darauf, den neu verbesserten hochpr\u00e4zisen AUAV-Geschwindigkeits- und H\u00f6hensensor vorstellen zu d\u00fcrfen. Mit ihrem erweiterten Messbereich eignet sich die <a href=\"https:\/\/allsensors.eu\/de\/drucksensoren-auav-serie\/\">AUAV-Serie<\/a> nun noch besser f\u00fcr UAVs, die mit h\u00f6heren Geschwindigkeiten und in anspruchsvolleren Luftfahrtumgebungen eingesetzt werden.<\/p><p>Durch die Integration eines Dual-Die-Differenzdrucksensors mit einem barometrischen H\u00f6hensensor in einem kompakten Geh\u00e4use bietet die AUAV-Serie simultane, hochaufl\u00f6sende Messungen von Fluggeschwindigkeit und H\u00f6he. Diese Kombination gew\u00e4hrleistet eine pr\u00e4zise Datenerfassung und erm\u00f6glicht es UAV-Konstrukteuren und -Betreibern, die Grenzen der Innovation mit Zuversicht zu erweitern.<\/p>\t\t\t\t\t\t\t\t<\/div>\n\t\t\t\t<\/div>\n\t\t<div class=\"elementor-element elementor-element-27d198b e-grid e-con-full e-con e-child\" data-id=\"27d198b\" data-element_type=\"container\">\n\t\t\t\t<div class=\"elementor-element elementor-element-cb84776 elementor-widget elementor-widget-text-editor\" data-id=\"cb84776\" data-element_type=\"widget\" data-widget_type=\"text-editor.default\">\n\t\t\t\t\t\t\t\t\t<div><h2><strong>Die wichtigsten Vorteile auf einen Blick<\/strong><\/h2><\/div>\t\t\t\t\t\t\t\t<\/div>\n\t\t\t\t<div class=\"elementor-element elementor-element-c457cba elementor-widget elementor-widget-text-editor\" data-id=\"c457cba\" data-element_type=\"widget\" data-widget_type=\"text-editor.default\">\n\t\t\t\t\t\t\t\t\t<div><h2><strong>Entwickelt, um h\u00f6her zu fliegen<\/strong><\/h2><\/div>\t\t\t\t\t\t\t\t<\/div>\n\t\t\t\t<\/div>\n\t\t<div class=\"elementor-element elementor-element-a9cf42b e-grid e-con-full e-con e-child\" data-id=\"a9cf42b\" data-element_type=\"container\">\n\t\t\t\t<div class=\"elementor-element elementor-element-0e1c0a6 elementor-widget elementor-widget-text-editor\" data-id=\"0e1c0a6\" data-element_type=\"widget\" data-widget_type=\"text-editor.default\">\n\t\t\t\t\t\t\t\t\t<ul><li><strong>Erweiterter Messbereich<\/strong> \u2013 Optimiert f\u00fcr h\u00f6here Fluggeschwindigkeiten<\/li><li><strong>Dual-in-One-Design<\/strong> \u2013 Fluggeschwindigkeit und H\u00f6he in einem einzigen Sensor<\/li><li><strong>Au\u00dfergew\u00f6hnliche Aufl\u00f6sung<\/strong> \u2013 18-Bit-Digitalausgang \u00fcber I\u00b2C oder SPI<\/li><li><strong>Robuste Leistung<\/strong> \u2013 Zuverl\u00e4ssiger Betrieb von -40 \u00b0C bis +85 \u00b0C<\/li><li><strong>Leicht und kompakt<\/strong> \u2013 Ideal f\u00fcr die Integration in UAVs, SMT-montagef\u00e4hig<\/li><li><strong>Flexible Stromversorgungsoptionen<\/strong> \u2013 3,3 VDC oder 5,0 VDC mit extrem niedrigem Standby-Stromverbrauch<\/li><li><strong>Anpassbare L\u00f6sungen<\/strong> \u2013 Anpassbar an OEM-Anforderungen<\/li><\/ul><p> <\/p><p>Mit einer Gesamtfehlerbandbreite (TEB) von weniger als 0,65 % setzt die AUAV-Serie neue Ma\u00dfst\u00e4be in der UAV-Sensortechnologie. Sie bietet die Pr\u00e4zision und Stabilit\u00e4t, die f\u00fcr Anwendungen der n\u00e4chsten Generation erforderlich sind \u2013 sei es in kommerziellen Drohnen, unbemannten Flugzeugen oder spezialisierten Luft- und Raumfahrtsystemen. <\/p>\t\t\t\t\t\t\t\t<\/div>\n\t\t\t\t<div class=\"elementor-element elementor-element-c6d848f elementor-widget elementor-widget-text-editor\" data-id=\"c6d848f\" data-element_type=\"widget\" data-widget_type=\"text-editor.default\">\n\t\t\t\t\t\t\t\t\t<p>Der hochpr\u00e4zise Geschwindigkeits- und H\u00f6hensensor von AUAV erm\u00f6glicht es UAV-Entwicklern, die Systemleistung zu steigern und gleichzeitig die Zuverl\u00e4ssigkeit und Effizienz zu gew\u00e4hrleisten, die in der modernen Luft- und Raumfahrt gefordert sind. Dank seiner Kombination aus kompaktem Design, herausragender Genauigkeit und flexibler Integration ist er eine bew\u00e4hrte Wahl f\u00fcr OEMs weltweit.<\/p><p><strong>Entdecken Sie, wie die <a href=\"https:\/\/allsensors.eu\/de\/news-ressourcen\/white-papers\/\">AUAV-Serie<\/a> Ihr UAV-Projekt verbessern kann \u2013 kontaktieren Sie noch heute unser Team.<\/strong><\/p>\t\t\t\t\t\t\t\t<\/div>\n\t\t\t\t<div class=\"elementor-element elementor-element-030ca18 elementor-widget elementor-widget-image\" data-id=\"030ca18\" data-element_type=\"widget\" data-widget_type=\"image.default\">\n\t\t\t\t\t\t\t\t\t\t\t\t\t\t\t<img decoding=\"async\" width=\"603\" height=\"47\" src=\"https:\/\/allsensors.eu\/wp-content\/uploads\/2025\/09\/Fueller.webp\" class=\"attachment-large size-large wp-image-19642\" alt=\"\" srcset=\"https:\/\/allsensors.eu\/wp-content\/uploads\/2025\/09\/Fueller.webp 603w, https:\/\/allsensors.eu\/wp-content\/uploads\/2025\/09\/Fueller-300x23.webp 300w\" sizes=\"(max-width: 603px) 100vw, 603px\" \/>\t\t\t\t\t\t\t\t\t\t\t\t\t\t\t<\/div>\n\t\t\t\t<div class=\"elementor-element elementor-element-d555a53 elementor-align-left elementor-widget elementor-widget-button\" data-id=\"d555a53\" data-element_type=\"widget\" data-widget_type=\"button.default\">\n\t\t\t\t\t\t\t\t\t\t<a class=\"elementor-button elementor-button-link elementor-size-sm\" href=\"https:\/\/allsensors.eu\/de\/kontakt\/\">\n\t\t\t\t\t\t<span class=\"elementor-button-content-wrapper\">\n\t\t\t\t\t\t\t\t\t<span class=\"elementor-button-text\">Kontakt<\/span>\n\t\t\t\t\t<\/span>\n\t\t\t\t\t<\/a>\n\t\t\t\t\t\t\t\t<\/div>\n\t\t\t\t<\/div>\n\t\t\t\t<\/div>\n\t\t\t\t\t<\/div>\n\t\t\t\t<\/div>\n\t\t\t\t<\/div>\n\t\t","protected":false},"excerpt":{"rendered":"<p style=\"margin: 0; padding: 0; padding-left: 20px;\">\nVerbesserter AUAV-Geschwindigkeits- und H\u00f6hensensor. Erweiterte Reichweite f\u00fcr anspruchsvolle UAV-Anwendungen<\/p>\n","protected":false},"author":4,"featured_media":12657,"parent":19076,"menu_order":0,"comment_status":"closed","ping_status":"closed","template":"","meta":{"footnotes":""},"class_list":["post-20106","page","type-page","status-publish","has-post-thumbnail","hentry"],"yoast_head":"<!-- This site is optimized with the Yoast SEO plugin v27.3 - https:\/\/yoast.com\/product\/yoast-seo-wordpress\/ -->\n<title>Neuer AUAV - All Sensors<\/title>\n<meta name=\"robots\" content=\"index, follow, max-snippet:-1, max-image-preview:large, max-video-preview:-1\" \/>\n<link rel=\"canonical\" href=\"https:\/\/allsensors.eu\/de\/news-ressourcen\/blog\/neuer-auav\/\" \/>\n<meta property=\"og:locale\" content=\"de_DE\" \/>\n<meta property=\"og:type\" content=\"article\" \/>\n<meta property=\"og:title\" content=\"Neuer AUAV - All Sensors\" \/>\n<meta property=\"og:description\" content=\"Verbesserter AUAV-Geschwindigkeits- und H\u00f6hensensor. Erweiterte Reichweite f\u00fcr anspruchsvolle UAV-Anwendungen\" \/>\n<meta property=\"og:url\" content=\"https:\/\/allsensors.eu\/de\/news-ressourcen\/blog\/neuer-auav\/\" \/>\n<meta property=\"og:site_name\" content=\"All Sensors\" \/>\n<meta property=\"article:modified_time\" content=\"2025-12-17T08:25:16+00:00\" \/>\n<meta property=\"og:image\" content=\"https:\/\/allsensors.eu\/wp-content\/uploads\/2024\/10\/AllSensors_850637780_scaled_drone-scaled.webp\" \/>\n\t<meta property=\"og:image:width\" content=\"2560\" \/>\n\t<meta property=\"og:image:height\" content=\"1097\" \/>\n\t<meta property=\"og:image:type\" content=\"image\/webp\" \/>\n<meta name=\"twitter:card\" content=\"summary_large_image\" \/>\n<meta name=\"twitter:label1\" content=\"Gesch\u00e4tzte Lesezeit\" \/>\n\t<meta name=\"twitter:data1\" content=\"2\u00a0Minuten\" \/>\n<script type=\"application\/ld+json\" class=\"yoast-schema-graph\">{\"@context\":\"https:\\\/\\\/schema.org\",\"@graph\":[{\"@type\":\"WebPage\",\"@id\":\"https:\\\/\\\/allsensors.eu\\\/de\\\/news-ressourcen\\\/blog\\\/neuer-auav\\\/\",\"url\":\"https:\\\/\\\/allsensors.eu\\\/de\\\/news-ressourcen\\\/blog\\\/neuer-auav\\\/\",\"name\":\"Neuer AUAV - All Sensors\",\"isPartOf\":{\"@id\":\"https:\\\/\\\/allsensors.eu\\\/de\\\/#website\"},\"primaryImageOfPage\":{\"@id\":\"https:\\\/\\\/allsensors.eu\\\/de\\\/news-ressourcen\\\/blog\\\/neuer-auav\\\/#primaryimage\"},\"image\":{\"@id\":\"https:\\\/\\\/allsensors.eu\\\/de\\\/news-ressourcen\\\/blog\\\/neuer-auav\\\/#primaryimage\"},\"thumbnailUrl\":\"https:\\\/\\\/allsensors.eu\\\/wp-content\\\/uploads\\\/2024\\\/10\\\/AllSensors_850637780_scaled_drone-scaled.webp\",\"datePublished\":\"2025-09-17T10:29:24+00:00\",\"dateModified\":\"2025-12-17T08:25:16+00:00\",\"breadcrumb\":{\"@id\":\"https:\\\/\\\/allsensors.eu\\\/de\\\/news-ressourcen\\\/blog\\\/neuer-auav\\\/#breadcrumb\"},\"inLanguage\":\"de\",\"potentialAction\":[{\"@type\":\"ReadAction\",\"target\":[\"https:\\\/\\\/allsensors.eu\\\/de\\\/news-ressourcen\\\/blog\\\/neuer-auav\\\/\"]}]},{\"@type\":\"ImageObject\",\"inLanguage\":\"de\",\"@id\":\"https:\\\/\\\/allsensors.eu\\\/de\\\/news-ressourcen\\\/blog\\\/neuer-auav\\\/#primaryimage\",\"url\":\"https:\\\/\\\/allsensors.eu\\\/wp-content\\\/uploads\\\/2024\\\/10\\\/AllSensors_850637780_scaled_drone-scaled.webp\",\"contentUrl\":\"https:\\\/\\\/allsensors.eu\\\/wp-content\\\/uploads\\\/2024\\\/10\\\/AllSensors_850637780_scaled_drone-scaled.webp\",\"width\":2560,\"height\":1097},{\"@type\":\"BreadcrumbList\",\"@id\":\"https:\\\/\\\/allsensors.eu\\\/de\\\/news-ressourcen\\\/blog\\\/neuer-auav\\\/#breadcrumb\",\"itemListElement\":[{\"@type\":\"ListItem\",\"position\":1,\"name\":\"Startseite\",\"item\":\"https:\\\/\\\/allsensors.eu\\\/de\\\/startseite\\\/\"},{\"@type\":\"ListItem\",\"position\":2,\"name\":\"News &amp; Ressourcen\",\"item\":\"https:\\\/\\\/allsensors.eu\\\/de\\\/news-ressourcen\\\/\"},{\"@type\":\"ListItem\",\"position\":3,\"name\":\"Blog\",\"item\":\"https:\\\/\\\/allsensors.eu\\\/de\\\/news-ressourcen\\\/blog\\\/\"},{\"@type\":\"ListItem\",\"position\":4,\"name\":\"Neuer AUAV\"}]},{\"@type\":\"WebSite\",\"@id\":\"https:\\\/\\\/allsensors.eu\\\/de\\\/#website\",\"url\":\"https:\\\/\\\/allsensors.eu\\\/de\\\/\",\"name\":\"All Sensors\",\"description\":\"\",\"publisher\":{\"@id\":\"https:\\\/\\\/allsensors.eu\\\/de\\\/#organization\"},\"potentialAction\":[{\"@type\":\"SearchAction\",\"target\":{\"@type\":\"EntryPoint\",\"urlTemplate\":\"https:\\\/\\\/allsensors.eu\\\/de\\\/?s={search_term_string}\"},\"query-input\":{\"@type\":\"PropertyValueSpecification\",\"valueRequired\":true,\"valueName\":\"search_term_string\"}}],\"inLanguage\":\"de\"},{\"@type\":\"Organization\",\"@id\":\"https:\\\/\\\/allsensors.eu\\\/de\\\/#organization\",\"name\":\"All Sensors\",\"url\":\"https:\\\/\\\/allsensors.eu\\\/de\\\/\",\"logo\":{\"@type\":\"ImageObject\",\"inLanguage\":\"de\",\"@id\":\"https:\\\/\\\/allsensors.eu\\\/de\\\/#\\\/schema\\\/logo\\\/image\\\/\",\"url\":\"https:\\\/\\\/allsensors.eu\\\/wp-content\\\/uploads\\\/2023\\\/09\\\/cropped-cropped-All-Sensors-Logo-e1700556989539.png\",\"contentUrl\":\"https:\\\/\\\/allsensors.eu\\\/wp-content\\\/uploads\\\/2023\\\/09\\\/cropped-cropped-All-Sensors-Logo-e1700556989539.png\",\"width\":6090,\"height\":2375,\"caption\":\"All Sensors\"},\"image\":{\"@id\":\"https:\\\/\\\/allsensors.eu\\\/de\\\/#\\\/schema\\\/logo\\\/image\\\/\"}}]}<\/script>\n<!-- \/ Yoast SEO plugin. -->","yoast_head_json":{"title":"Neuer AUAV - All Sensors","robots":{"index":"index","follow":"follow","max-snippet":"max-snippet:-1","max-image-preview":"max-image-preview:large","max-video-preview":"max-video-preview:-1"},"canonical":"https:\/\/allsensors.eu\/de\/news-ressourcen\/blog\/neuer-auav\/","og_locale":"de_DE","og_type":"article","og_title":"Neuer AUAV - All Sensors","og_description":"Verbesserter AUAV-Geschwindigkeits- und H\u00f6hensensor. Erweiterte Reichweite f\u00fcr anspruchsvolle UAV-Anwendungen","og_url":"https:\/\/allsensors.eu\/de\/news-ressourcen\/blog\/neuer-auav\/","og_site_name":"All Sensors","article_modified_time":"2025-12-17T08:25:16+00:00","og_image":[{"width":2560,"height":1097,"url":"https:\/\/allsensors.eu\/wp-content\/uploads\/2024\/10\/AllSensors_850637780_scaled_drone-scaled.webp","type":"image\/webp"}],"twitter_card":"summary_large_image","twitter_misc":{"Gesch\u00e4tzte Lesezeit":"2\u00a0Minuten"},"schema":{"@context":"https:\/\/schema.org","@graph":[{"@type":"WebPage","@id":"https:\/\/allsensors.eu\/de\/news-ressourcen\/blog\/neuer-auav\/","url":"https:\/\/allsensors.eu\/de\/news-ressourcen\/blog\/neuer-auav\/","name":"Neuer AUAV - All Sensors","isPartOf":{"@id":"https:\/\/allsensors.eu\/de\/#website"},"primaryImageOfPage":{"@id":"https:\/\/allsensors.eu\/de\/news-ressourcen\/blog\/neuer-auav\/#primaryimage"},"image":{"@id":"https:\/\/allsensors.eu\/de\/news-ressourcen\/blog\/neuer-auav\/#primaryimage"},"thumbnailUrl":"https:\/\/allsensors.eu\/wp-content\/uploads\/2024\/10\/AllSensors_850637780_scaled_drone-scaled.webp","datePublished":"2025-09-17T10:29:24+00:00","dateModified":"2025-12-17T08:25:16+00:00","breadcrumb":{"@id":"https:\/\/allsensors.eu\/de\/news-ressourcen\/blog\/neuer-auav\/#breadcrumb"},"inLanguage":"de","potentialAction":[{"@type":"ReadAction","target":["https:\/\/allsensors.eu\/de\/news-ressourcen\/blog\/neuer-auav\/"]}]},{"@type":"ImageObject","inLanguage":"de","@id":"https:\/\/allsensors.eu\/de\/news-ressourcen\/blog\/neuer-auav\/#primaryimage","url":"https:\/\/allsensors.eu\/wp-content\/uploads\/2024\/10\/AllSensors_850637780_scaled_drone-scaled.webp","contentUrl":"https:\/\/allsensors.eu\/wp-content\/uploads\/2024\/10\/AllSensors_850637780_scaled_drone-scaled.webp","width":2560,"height":1097},{"@type":"BreadcrumbList","@id":"https:\/\/allsensors.eu\/de\/news-ressourcen\/blog\/neuer-auav\/#breadcrumb","itemListElement":[{"@type":"ListItem","position":1,"name":"Startseite","item":"https:\/\/allsensors.eu\/de\/startseite\/"},{"@type":"ListItem","position":2,"name":"News &amp; Ressourcen","item":"https:\/\/allsensors.eu\/de\/news-ressourcen\/"},{"@type":"ListItem","position":3,"name":"Blog","item":"https:\/\/allsensors.eu\/de\/news-ressourcen\/blog\/"},{"@type":"ListItem","position":4,"name":"Neuer AUAV"}]},{"@type":"WebSite","@id":"https:\/\/allsensors.eu\/de\/#website","url":"https:\/\/allsensors.eu\/de\/","name":"All Sensors","description":"","publisher":{"@id":"https:\/\/allsensors.eu\/de\/#organization"},"potentialAction":[{"@type":"SearchAction","target":{"@type":"EntryPoint","urlTemplate":"https:\/\/allsensors.eu\/de\/?s={search_term_string}"},"query-input":{"@type":"PropertyValueSpecification","valueRequired":true,"valueName":"search_term_string"}}],"inLanguage":"de"},{"@type":"Organization","@id":"https:\/\/allsensors.eu\/de\/#organization","name":"All Sensors","url":"https:\/\/allsensors.eu\/de\/","logo":{"@type":"ImageObject","inLanguage":"de","@id":"https:\/\/allsensors.eu\/de\/#\/schema\/logo\/image\/","url":"https:\/\/allsensors.eu\/wp-content\/uploads\/2023\/09\/cropped-cropped-All-Sensors-Logo-e1700556989539.png","contentUrl":"https:\/\/allsensors.eu\/wp-content\/uploads\/2023\/09\/cropped-cropped-All-Sensors-Logo-e1700556989539.png","width":6090,"height":2375,"caption":"All Sensors"},"image":{"@id":"https:\/\/allsensors.eu\/de\/#\/schema\/logo\/image\/"}}]}},"_links":{"self":[{"href":"https:\/\/allsensors.eu\/de\/wp-json\/wp\/v2\/pages\/20106","targetHints":{"allow":["GET"]}}],"collection":[{"href":"https:\/\/allsensors.eu\/de\/wp-json\/wp\/v2\/pages"}],"about":[{"href":"https:\/\/allsensors.eu\/de\/wp-json\/wp\/v2\/types\/page"}],"author":[{"embeddable":true,"href":"https:\/\/allsensors.eu\/de\/wp-json\/wp\/v2\/users\/4"}],"replies":[{"embeddable":true,"href":"https:\/\/allsensors.eu\/de\/wp-json\/wp\/v2\/comments?post=20106"}],"version-history":[{"count":5,"href":"https:\/\/allsensors.eu\/de\/wp-json\/wp\/v2\/pages\/20106\/revisions"}],"predecessor-version":[{"id":21429,"href":"https:\/\/allsensors.eu\/de\/wp-json\/wp\/v2\/pages\/20106\/revisions\/21429"}],"up":[{"embeddable":true,"href":"https:\/\/allsensors.eu\/de\/wp-json\/wp\/v2\/pages\/19076"}],"wp:featuredmedia":[{"embeddable":true,"href":"https:\/\/allsensors.eu\/de\/wp-json\/wp\/v2\/media\/12657"}],"wp:attachment":[{"href":"https:\/\/allsensors.eu\/de\/wp-json\/wp\/v2\/media?parent=20106"}],"curies":[{"name":"wp","href":"https:\/\/api.w.org\/{rel}","templated":true}]}}