{"id":20108,"date":"2024-11-17T10:04:00","date_gmt":"2024-11-17T10:04:00","guid":{"rendered":"https:\/\/allsensors.eu\/herbst-messen\/"},"modified":"2025-09-17T14:01:36","modified_gmt":"2025-09-17T14:01:36","slug":"herbst-messen","status":"publish","type":"page","link":"https:\/\/allsensors.eu\/de\/news-ressourcen\/events\/herbst-messen\/","title":{"rendered":"Herbst-Messen"},"content":{"rendered":"\t\t<div data-elementor-type=\"wp-page\" data-elementor-id=\"20108\" class=\"elementor elementor-20108 elementor-20041\" data-elementor-post-type=\"page\">\n\t\t\t\t<div class=\"elementor-element elementor-element-029b672 e-con-full e-flex e-con e-parent\" data-id=\"029b672\" data-element_type=\"container\">\n\t\t<div class=\"elementor-element elementor-element-c2b0559 e-con-full e-flex e-con e-child\" data-id=\"c2b0559\" data-element_type=\"container\">\n\t\t\t\t<div class=\"elementor-element elementor-element-93a3bc4 elementor-widget elementor-widget-image\" data-id=\"93a3bc4\" data-element_type=\"widget\" data-settings=\"{&quot;motion_fx_motion_fx_scrolling&quot;:&quot;yes&quot;,&quot;motion_fx_scale_effect&quot;:&quot;yes&quot;,&quot;motion_fx_scale_speed&quot;:{&quot;unit&quot;:&quot;px&quot;,&quot;size&quot;:2,&quot;sizes&quot;:[]},&quot;motion_fx_scale_range&quot;:{&quot;unit&quot;:&quot;%&quot;,&quot;size&quot;:&quot;&quot;,&quot;sizes&quot;:{&quot;start&quot;:65,&quot;end&quot;:100}},&quot;motion_fx_scale_direction&quot;:&quot;out-in&quot;,&quot;motion_fx_devices&quot;:[&quot;desktop&quot;,&quot;tablet&quot;,&quot;mobile&quot;]}\" data-widget_type=\"image.default\">\n\t\t\t\t\t\t\t\t\t\t\t\t\t\t\t<img fetchpriority=\"high\" decoding=\"async\" width=\"2560\" height=\"1893\" src=\"https:\/\/allsensors.eu\/wp-content\/uploads\/2024\/08\/compamedelectronica-red-scaled.webp\" class=\"attachment-full size-full wp-image-7967\" alt=\"detailed information about trade sho companmed and electronica\" srcset=\"https:\/\/allsensors.eu\/wp-content\/uploads\/2024\/08\/compamedelectronica-red-scaled.webp 2560w, https:\/\/allsensors.eu\/wp-content\/uploads\/2024\/08\/compamedelectronica-red-300x222.webp 300w, https:\/\/allsensors.eu\/wp-content\/uploads\/2024\/08\/compamedelectronica-red-1024x757.webp 1024w, https:\/\/allsensors.eu\/wp-content\/uploads\/2024\/08\/compamedelectronica-red-768x568.webp 768w, https:\/\/allsensors.eu\/wp-content\/uploads\/2024\/08\/compamedelectronica-red-1536x1136.webp 1536w, https:\/\/allsensors.eu\/wp-content\/uploads\/2024\/08\/compamedelectronica-red-2048x1514.webp 2048w\" sizes=\"(max-width: 2560px) 100vw, 2560px\" \/>\t\t\t\t\t\t\t\t\t\t\t\t\t\t\t<\/div>\n\t\t\t\t<\/div>\n\t\t\t\t<\/div>\n\t\t<div class=\"elementor-element elementor-element-86dca6d e-flex e-con-boxed e-con e-parent\" data-id=\"86dca6d\" data-element_type=\"container\">\n\t\t\t\t\t<div class=\"e-con-inner\">\n\t\t<div class=\"elementor-element elementor-element-34e5fdd e-con-full e-flex e-con e-child\" data-id=\"34e5fdd\" data-element_type=\"container\">\n\t\t\t\t<div class=\"elementor-element elementor-element-d25890c elementor-widget elementor-widget-heading\" data-id=\"d25890c\" data-element_type=\"widget\" data-widget_type=\"heading.default\">\n\t\t\t\t\t<h1 class=\"elementor-heading-title elementor-size-default\">Alle Sensoren auf der Compamed und electronica 2024.<\/h1>\t\t\t\t<\/div>\n\t\t\t\t<div class=\"elementor-element elementor-element-067160a elementor-widget elementor-widget-text-editor\" data-id=\"067160a\" data-element_type=\"widget\" data-widget_type=\"text-editor.default\">\n\t\t\t\t\t\t\t\t\t<p class=\"p1\" style=\"text-align: center;\">In diesem Herbst nahm All Sensors an zwei der wichtigsten internationalen Fachmessen der Medizintechnik- und Elektronikbranche teil: der <span class=\"s1\"><b>Compamed in N\u00fcrnberg<\/b><\/span> und der <span class=\"s1\"><b>electronica in M\u00fcnchen<\/b><\/span>. Beide Veranstaltungen fanden in derselben Woche statt, was uns die einmalige Gelegenheit bot, unsere neuesten Produktentwicklungen einem breiten Publikum vorzustellen. <\/p>\t\t\t\t\t\t\t\t<\/div>\n\t\t<div class=\"elementor-element elementor-element-d48b7c0 e-grid e-con-full e-con e-child\" data-id=\"d48b7c0\" data-element_type=\"container\">\n\t\t\t\t<div class=\"elementor-element elementor-element-f67d63f elementor-widget elementor-widget-text-editor\" data-id=\"f67d63f\" data-element_type=\"widget\" data-widget_type=\"text-editor.default\">\n\t\t\t\t\t\t\t\t\t<h2><b>Highlights von der Compamed 2024<\/b><\/h2><p class=\"p3\">In <span class=\"s2\"><b>Halle B3, Stand 518<\/b><\/span>, pr\u00e4sentierten unsere Ingenieure und unser Vertriebsteam die neuesten Entwicklungen im Bereich der Niederdruckmesstechnik. Viele Besucher aus dem Bereich Medizintechnik kamen zu uns, um zu erfahren, wie unsere hochpr\u00e4zisen Drucksensoren zu innovativen L\u00f6sungen im Gesundheitswesen beitragen k\u00f6nnen. <\/p><h2><b>Highlights von der electronica 2024<\/b><\/h2><p class=\"p3\">Nur wenige Tage sp\u00e4ter begr\u00fc\u00dften wir Kunden und Partner in <span class=\"s2\"><b>Halle 8B, Stand C21<\/b><\/span> auf der electronica in M\u00fcnchen. Diese f\u00fchrende Fachmesse f\u00fcr Elektronik war die perfekte B\u00fchne, um unser Sensorportfolio f\u00fcr industrielle und umwelttechnische Anwendungen zu pr\u00e4sentieren. Wir f\u00fchrten inspirierende Gespr\u00e4che \u00fcber Energieeffizienz, Digitalisierung und ma\u00dfgeschneiderte Sensorl\u00f6sungen.  <\/p>\t\t\t\t\t\t\t\t<\/div>\n\t\t\t\t<div class=\"elementor-element elementor-element-384ace3 elementor-widget elementor-widget-text-editor\" data-id=\"384ace3\" data-element_type=\"widget\" data-widget_type=\"text-editor.default\">\n\t\t\t\t\t\t\t\t\t<h2><b>Vielen Dank f\u00fcr Ihren Besuch<\/b><\/h2><p class=\"p3\">Wir m\u00f6chten uns bei allen bedanken, die unseren St\u00e4nden auf der Compamed und der electronica einen Besuch abgestattet haben. Der direkte Austausch mit Ingenieuren, Entscheidungstr\u00e4gern und Gesch\u00e4ftspartnern war \u00e4u\u00dferst wertvoll. Ihr Feedback und Ihre Ideen inspirieren uns, weiterhin innovative Sensorl\u00f6sungen f\u00fcr Ihre Anwendungen zu entwickeln.  <\/p><h2><b>Bleiben Sie in Verbindung<\/b><\/h2><p class=\"p3\">Sie konnten nicht an den Messen teilnehmen? Besuchen Sie unseren <a href=\"https:\/\/allsensors.eu\/de\/news-ressourcen\/news\/\">News-Bereich<\/a> oder folgen Sie uns auf <a href=\"https:\/\/www.linkedin.com\/company\/73259881\/\">LinkedIn<\/a>, um \u00fcber bevorstehende Veranstaltungen, neue Produkteinf\u00fchrungen und Brancheninformationen auf dem Laufenden zu bleiben. <\/p>\t\t\t\t\t\t\t\t<\/div>\n\t\t\t\t<\/div>\n\t\t\t\t<\/div>\n\t\t\t\t\t<\/div>\n\t\t\t\t<\/div>\n\t\t<div class=\"elementor-element elementor-element-f2bc130 e-flex e-con-boxed e-con e-parent\" data-id=\"f2bc130\" data-element_type=\"container\">\n\t\t\t\t\t<div class=\"e-con-inner\">\n\t\t\t\t<div class=\"elementor-element elementor-element-4bdd32f elementor--h-position-center elementor--v-position-middle elementor-arrows-position-inside elementor-pagination-position-inside elementor-widget elementor-widget-slides\" data-id=\"4bdd32f\" data-element_type=\"widget\" data-settings=\"{&quot;navigation&quot;:&quot;both&quot;,&quot;autoplay&quot;:&quot;yes&quot;,&quot;pause_on_hover&quot;:&quot;yes&quot;,&quot;pause_on_interaction&quot;:&quot;yes&quot;,&quot;autoplay_speed&quot;:5000,&quot;infinite&quot;:&quot;yes&quot;,&quot;transition&quot;:&quot;slide&quot;,&quot;transition_speed&quot;:500}\" data-widget_type=\"slides.default\">\n\t\t\t\t\t\t\t\t\t\t<div class=\"elementor-slides-wrapper elementor-main-swiper swiper\" role=\"region\" aria-roledescription=\"carousel\" aria-label=\"Slides\" dir=\"ltr\" data-animation=\"fadeInUp\">\n\t\t\t\t<div class=\"swiper-wrapper elementor-slides\">\n\t\t\t\t\t\t\t\t\t\t<div class=\"elementor-repeater-item-16f8897 swiper-slide\" role=\"group\" aria-roledescription=\"slide\"><div class=\"swiper-slide-bg\" role=\"img\" aria-label=\"Electronica 2024-1\"><\/div><div class=\"swiper-slide-inner\" ><div class=\"swiper-slide-contents\"><\/div><\/div><\/div><div class=\"elementor-repeater-item-757bbf3 swiper-slide\" role=\"group\" aria-roledescription=\"slide\"><div class=\"swiper-slide-bg\" role=\"img\" aria-label=\"Compamed 2024\"><\/div><div class=\"swiper-slide-inner\" ><div class=\"swiper-slide-contents\"><\/div><\/div><\/div><div class=\"elementor-repeater-item-a2f6cd9 swiper-slide\" role=\"group\" aria-roledescription=\"slide\"><div class=\"swiper-slide-bg\" role=\"img\" aria-label=\"In Action_electronica 24\"><\/div><div class=\"swiper-slide-inner\" ><div class=\"swiper-slide-contents\"><\/div><\/div><\/div><div class=\"elementor-repeater-item-7ee7677 swiper-slide\" role=\"group\" aria-roledescription=\"slide\"><div class=\"swiper-slide-bg\" role=\"img\" aria-label=\"Messestand mit Veit Compamed 24\"><\/div><div class=\"swiper-slide-inner\" ><div class=\"swiper-slide-contents\"><\/div><\/div><\/div><div class=\"elementor-repeater-item-6b766f9 swiper-slide\" role=\"group\" aria-roledescription=\"slide\"><div class=\"swiper-slide-bg\" role=\"img\" aria-label=\"Electronica 2024-3\"><\/div><div class=\"swiper-slide-inner\" ><div class=\"swiper-slide-contents\"><\/div><\/div><\/div><div class=\"elementor-repeater-item-aece095 swiper-slide\" role=\"group\" aria-roledescription=\"slide\"><div class=\"swiper-slide-bg\" role=\"img\" aria-label=\"Messestand Compamed 24\"><\/div><div class=\"swiper-slide-inner\" ><div class=\"swiper-slide-contents\"><\/div><\/div><\/div><div class=\"elementor-repeater-item-7c2cd45 swiper-slide\" role=\"group\" aria-roledescription=\"slide\"><div class=\"swiper-slide-bg\" role=\"img\" aria-label=\"Electronica 2024\"><\/div><div class=\"swiper-slide-inner\" ><div class=\"swiper-slide-contents\"><\/div><\/div><\/div><div class=\"elementor-repeater-item-3911c05 swiper-slide\" role=\"group\" aria-roledescription=\"slide\"><div class=\"swiper-slide-bg\" role=\"img\" aria-label=\"Messestand mit Vitrine Compamed 24\"><\/div><div class=\"swiper-slide-inner\" ><div class=\"swiper-slide-contents\"><\/div><\/div><\/div>\t\t\t\t<\/div>\n\t\t\t\t\t\t\t\t\t\t\t\t\t\t\t<div class=\"elementor-swiper-button elementor-swiper-button-prev\" role=\"button\" tabindex=\"0\" aria-label=\"Vorheriger Slide\">\n\t\t\t\t\t\t\t<svg aria-hidden=\"true\" class=\"e-font-icon-svg e-eicon-chevron-left\" viewBox=\"0 0 1000 1000\" xmlns=\"http:\/\/www.w3.org\/2000\/svg\"><path d=\"M646 125C629 125 613 133 604 142L308 442C296 454 292 471 292 487 292 504 296 521 308 533L604 854C617 867 629 875 646 875 663 875 679 871 692 858 704 846 713 829 713 812 713 796 708 779 692 767L438 487 692 225C700 217 708 204 708 187 708 171 704 154 692 142 675 129 663 125 646 125Z\"><\/path><\/svg>\t\t\t\t\t\t<\/div>\n\t\t\t\t\t\t<div class=\"elementor-swiper-button elementor-swiper-button-next\" role=\"button\" tabindex=\"0\" aria-label=\"N\u00e4chster Slide\">\n\t\t\t\t\t\t\t<svg aria-hidden=\"true\" class=\"e-font-icon-svg e-eicon-chevron-right\" viewBox=\"0 0 1000 1000\" xmlns=\"http:\/\/www.w3.org\/2000\/svg\"><path d=\"M696 533C708 521 713 504 713 487 713 471 708 454 696 446L400 146C388 133 375 125 354 125 338 125 325 129 313 142 300 154 292 171 292 187 292 204 296 221 308 233L563 492 304 771C292 783 288 800 288 817 288 833 296 850 308 863 321 871 338 875 354 875 371 875 388 867 400 854L696 533Z\"><\/path><\/svg>\t\t\t\t\t\t<\/div>\n\t\t\t\t\t\t\t\t\t\t\t\t\t\t\t\t<div class=\"swiper-pagination\"><\/div>\n\t\t\t\t\t\t\t\t\t\t\t\t<\/div>\n\t\t\t\t\t\t\t\t<\/div>\n\t\t\t\t\t<\/div>\n\t\t\t\t<\/div>\n\t\t\t\t<\/div>\n\t\t","protected":false},"excerpt":{"rendered":"<p style=\"margin: 0; padding: 0; padding-left: 20px;\">\nAlle Sensoren auf der Compamed und electronica 2024.<\/p>\n","protected":false},"author":4,"featured_media":7967,"parent":20116,"menu_order":0,"comment_status":"closed","ping_status":"closed","template":"","meta":{"footnotes":""},"class_list":["post-20108","page","type-page","status-publish","has-post-thumbnail","hentry"],"yoast_head":"<!-- This site is optimized with the Yoast SEO plugin v27.3 - https:\/\/yoast.com\/product\/yoast-seo-wordpress\/ -->\n<title>Herbst-Messen - All Sensors<\/title>\n<meta name=\"robots\" content=\"index, follow, max-snippet:-1, max-image-preview:large, max-video-preview:-1\" \/>\n<link rel=\"canonical\" href=\"https:\/\/allsensors.eu\/de\/news-ressourcen\/events\/herbst-messen\/\" \/>\n<meta property=\"og:locale\" content=\"de_DE\" \/>\n<meta property=\"og:type\" content=\"article\" \/>\n<meta property=\"og:title\" content=\"Herbst-Messen - All Sensors\" \/>\n<meta property=\"og:description\" content=\"Alle Sensoren auf der Compamed und electronica 2024.\" \/>\n<meta property=\"og:url\" content=\"https:\/\/allsensors.eu\/de\/news-ressourcen\/events\/herbst-messen\/\" \/>\n<meta property=\"og:site_name\" content=\"All Sensors\" \/>\n<meta property=\"article:modified_time\" content=\"2025-09-17T14:01:36+00:00\" \/>\n<meta property=\"og:image\" content=\"https:\/\/allsensors.eu\/wp-content\/uploads\/2024\/08\/compamedelectronica-red-scaled.webp\" \/>\n\t<meta property=\"og:image:width\" content=\"2560\" \/>\n\t<meta property=\"og:image:height\" content=\"1893\" \/>\n\t<meta property=\"og:image:type\" content=\"image\/webp\" \/>\n<meta name=\"twitter:card\" content=\"summary_large_image\" \/>\n<meta name=\"twitter:label1\" content=\"Gesch\u00e4tzte Lesezeit\" \/>\n\t<meta name=\"twitter:data1\" content=\"1\u00a0Minute\" \/>\n<script type=\"application\/ld+json\" class=\"yoast-schema-graph\">{\"@context\":\"https:\\\/\\\/schema.org\",\"@graph\":[{\"@type\":\"WebPage\",\"@id\":\"https:\\\/\\\/allsensors.eu\\\/de\\\/news-ressourcen\\\/events\\\/herbst-messen\\\/\",\"url\":\"https:\\\/\\\/allsensors.eu\\\/de\\\/news-ressourcen\\\/events\\\/herbst-messen\\\/\",\"name\":\"Herbst-Messen - All Sensors\",\"isPartOf\":{\"@id\":\"https:\\\/\\\/allsensors.eu\\\/de\\\/#website\"},\"primaryImageOfPage\":{\"@id\":\"https:\\\/\\\/allsensors.eu\\\/de\\\/news-ressourcen\\\/events\\\/herbst-messen\\\/#primaryimage\"},\"image\":{\"@id\":\"https:\\\/\\\/allsensors.eu\\\/de\\\/news-ressourcen\\\/events\\\/herbst-messen\\\/#primaryimage\"},\"thumbnailUrl\":\"https:\\\/\\\/allsensors.eu\\\/wp-content\\\/uploads\\\/2024\\\/08\\\/compamedelectronica-red-scaled.webp\",\"datePublished\":\"2024-11-17T10:04:00+00:00\",\"dateModified\":\"2025-09-17T14:01:36+00:00\",\"breadcrumb\":{\"@id\":\"https:\\\/\\\/allsensors.eu\\\/de\\\/news-ressourcen\\\/events\\\/herbst-messen\\\/#breadcrumb\"},\"inLanguage\":\"de\",\"potentialAction\":[{\"@type\":\"ReadAction\",\"target\":[\"https:\\\/\\\/allsensors.eu\\\/de\\\/news-ressourcen\\\/events\\\/herbst-messen\\\/\"]}]},{\"@type\":\"ImageObject\",\"inLanguage\":\"de\",\"@id\":\"https:\\\/\\\/allsensors.eu\\\/de\\\/news-ressourcen\\\/events\\\/herbst-messen\\\/#primaryimage\",\"url\":\"https:\\\/\\\/allsensors.eu\\\/wp-content\\\/uploads\\\/2024\\\/08\\\/compamedelectronica-red-scaled.webp\",\"contentUrl\":\"https:\\\/\\\/allsensors.eu\\\/wp-content\\\/uploads\\\/2024\\\/08\\\/compamedelectronica-red-scaled.webp\",\"width\":2560,\"height\":1893,\"caption\":\"detailed information about trade sho companmed and electronica\"},{\"@type\":\"BreadcrumbList\",\"@id\":\"https:\\\/\\\/allsensors.eu\\\/de\\\/news-ressourcen\\\/events\\\/herbst-messen\\\/#breadcrumb\",\"itemListElement\":[{\"@type\":\"ListItem\",\"position\":1,\"name\":\"Startseite\",\"item\":\"https:\\\/\\\/allsensors.eu\\\/de\\\/startseite\\\/\"},{\"@type\":\"ListItem\",\"position\":2,\"name\":\"News &amp; Ressourcen\",\"item\":\"https:\\\/\\\/allsensors.eu\\\/de\\\/news-ressourcen\\\/\"},{\"@type\":\"ListItem\",\"position\":3,\"name\":\"Events\",\"item\":\"https:\\\/\\\/allsensors.eu\\\/de\\\/news-resources\\\/events\\\/\"},{\"@type\":\"ListItem\",\"position\":4,\"name\":\"Herbst-Messen\"}]},{\"@type\":\"WebSite\",\"@id\":\"https:\\\/\\\/allsensors.eu\\\/de\\\/#website\",\"url\":\"https:\\\/\\\/allsensors.eu\\\/de\\\/\",\"name\":\"All Sensors\",\"description\":\"\",\"publisher\":{\"@id\":\"https:\\\/\\\/allsensors.eu\\\/de\\\/#organization\"},\"potentialAction\":[{\"@type\":\"SearchAction\",\"target\":{\"@type\":\"EntryPoint\",\"urlTemplate\":\"https:\\\/\\\/allsensors.eu\\\/de\\\/?s={search_term_string}\"},\"query-input\":{\"@type\":\"PropertyValueSpecification\",\"valueRequired\":true,\"valueName\":\"search_term_string\"}}],\"inLanguage\":\"de\"},{\"@type\":\"Organization\",\"@id\":\"https:\\\/\\\/allsensors.eu\\\/de\\\/#organization\",\"name\":\"All Sensors\",\"url\":\"https:\\\/\\\/allsensors.eu\\\/de\\\/\",\"logo\":{\"@type\":\"ImageObject\",\"inLanguage\":\"de\",\"@id\":\"https:\\\/\\\/allsensors.eu\\\/de\\\/#\\\/schema\\\/logo\\\/image\\\/\",\"url\":\"https:\\\/\\\/allsensors.eu\\\/wp-content\\\/uploads\\\/2023\\\/09\\\/cropped-cropped-All-Sensors-Logo-e1700556989539.png\",\"contentUrl\":\"https:\\\/\\\/allsensors.eu\\\/wp-content\\\/uploads\\\/2023\\\/09\\\/cropped-cropped-All-Sensors-Logo-e1700556989539.png\",\"width\":6090,\"height\":2375,\"caption\":\"All Sensors\"},\"image\":{\"@id\":\"https:\\\/\\\/allsensors.eu\\\/de\\\/#\\\/schema\\\/logo\\\/image\\\/\"}}]}<\/script>\n<!-- \/ Yoast SEO plugin. -->","yoast_head_json":{"title":"Herbst-Messen - All Sensors","robots":{"index":"index","follow":"follow","max-snippet":"max-snippet:-1","max-image-preview":"max-image-preview:large","max-video-preview":"max-video-preview:-1"},"canonical":"https:\/\/allsensors.eu\/de\/news-ressourcen\/events\/herbst-messen\/","og_locale":"de_DE","og_type":"article","og_title":"Herbst-Messen - All Sensors","og_description":"Alle Sensoren auf der Compamed und electronica 2024.","og_url":"https:\/\/allsensors.eu\/de\/news-ressourcen\/events\/herbst-messen\/","og_site_name":"All Sensors","article_modified_time":"2025-09-17T14:01:36+00:00","og_image":[{"width":2560,"height":1893,"url":"https:\/\/allsensors.eu\/wp-content\/uploads\/2024\/08\/compamedelectronica-red-scaled.webp","type":"image\/webp"}],"twitter_card":"summary_large_image","twitter_misc":{"Gesch\u00e4tzte Lesezeit":"1\u00a0Minute"},"schema":{"@context":"https:\/\/schema.org","@graph":[{"@type":"WebPage","@id":"https:\/\/allsensors.eu\/de\/news-ressourcen\/events\/herbst-messen\/","url":"https:\/\/allsensors.eu\/de\/news-ressourcen\/events\/herbst-messen\/","name":"Herbst-Messen - All Sensors","isPartOf":{"@id":"https:\/\/allsensors.eu\/de\/#website"},"primaryImageOfPage":{"@id":"https:\/\/allsensors.eu\/de\/news-ressourcen\/events\/herbst-messen\/#primaryimage"},"image":{"@id":"https:\/\/allsensors.eu\/de\/news-ressourcen\/events\/herbst-messen\/#primaryimage"},"thumbnailUrl":"https:\/\/allsensors.eu\/wp-content\/uploads\/2024\/08\/compamedelectronica-red-scaled.webp","datePublished":"2024-11-17T10:04:00+00:00","dateModified":"2025-09-17T14:01:36+00:00","breadcrumb":{"@id":"https:\/\/allsensors.eu\/de\/news-ressourcen\/events\/herbst-messen\/#breadcrumb"},"inLanguage":"de","potentialAction":[{"@type":"ReadAction","target":["https:\/\/allsensors.eu\/de\/news-ressourcen\/events\/herbst-messen\/"]}]},{"@type":"ImageObject","inLanguage":"de","@id":"https:\/\/allsensors.eu\/de\/news-ressourcen\/events\/herbst-messen\/#primaryimage","url":"https:\/\/allsensors.eu\/wp-content\/uploads\/2024\/08\/compamedelectronica-red-scaled.webp","contentUrl":"https:\/\/allsensors.eu\/wp-content\/uploads\/2024\/08\/compamedelectronica-red-scaled.webp","width":2560,"height":1893,"caption":"detailed information about trade sho companmed and electronica"},{"@type":"BreadcrumbList","@id":"https:\/\/allsensors.eu\/de\/news-ressourcen\/events\/herbst-messen\/#breadcrumb","itemListElement":[{"@type":"ListItem","position":1,"name":"Startseite","item":"https:\/\/allsensors.eu\/de\/startseite\/"},{"@type":"ListItem","position":2,"name":"News &amp; Ressourcen","item":"https:\/\/allsensors.eu\/de\/news-ressourcen\/"},{"@type":"ListItem","position":3,"name":"Events","item":"https:\/\/allsensors.eu\/de\/news-resources\/events\/"},{"@type":"ListItem","position":4,"name":"Herbst-Messen"}]},{"@type":"WebSite","@id":"https:\/\/allsensors.eu\/de\/#website","url":"https:\/\/allsensors.eu\/de\/","name":"All Sensors","description":"","publisher":{"@id":"https:\/\/allsensors.eu\/de\/#organization"},"potentialAction":[{"@type":"SearchAction","target":{"@type":"EntryPoint","urlTemplate":"https:\/\/allsensors.eu\/de\/?s={search_term_string}"},"query-input":{"@type":"PropertyValueSpecification","valueRequired":true,"valueName":"search_term_string"}}],"inLanguage":"de"},{"@type":"Organization","@id":"https:\/\/allsensors.eu\/de\/#organization","name":"All Sensors","url":"https:\/\/allsensors.eu\/de\/","logo":{"@type":"ImageObject","inLanguage":"de","@id":"https:\/\/allsensors.eu\/de\/#\/schema\/logo\/image\/","url":"https:\/\/allsensors.eu\/wp-content\/uploads\/2023\/09\/cropped-cropped-All-Sensors-Logo-e1700556989539.png","contentUrl":"https:\/\/allsensors.eu\/wp-content\/uploads\/2023\/09\/cropped-cropped-All-Sensors-Logo-e1700556989539.png","width":6090,"height":2375,"caption":"All Sensors"},"image":{"@id":"https:\/\/allsensors.eu\/de\/#\/schema\/logo\/image\/"}}]}},"_links":{"self":[{"href":"https:\/\/allsensors.eu\/de\/wp-json\/wp\/v2\/pages\/20108","targetHints":{"allow":["GET"]}}],"collection":[{"href":"https:\/\/allsensors.eu\/de\/wp-json\/wp\/v2\/pages"}],"about":[{"href":"https:\/\/allsensors.eu\/de\/wp-json\/wp\/v2\/types\/page"}],"author":[{"embeddable":true,"href":"https:\/\/allsensors.eu\/de\/wp-json\/wp\/v2\/users\/4"}],"replies":[{"embeddable":true,"href":"https:\/\/allsensors.eu\/de\/wp-json\/wp\/v2\/comments?post=20108"}],"version-history":[{"count":1,"href":"https:\/\/allsensors.eu\/de\/wp-json\/wp\/v2\/pages\/20108\/revisions"}],"predecessor-version":[{"id":20109,"href":"https:\/\/allsensors.eu\/de\/wp-json\/wp\/v2\/pages\/20108\/revisions\/20109"}],"up":[{"embeddable":true,"href":"https:\/\/allsensors.eu\/de\/wp-json\/wp\/v2\/pages\/20116"}],"wp:featuredmedia":[{"embeddable":true,"href":"https:\/\/allsensors.eu\/de\/wp-json\/wp\/v2\/media\/7967"}],"wp:attachment":[{"href":"https:\/\/allsensors.eu\/de\/wp-json\/wp\/v2\/media?parent=20108"}],"curies":[{"name":"wp","href":"https:\/\/api.w.org\/{rel}","templated":true}]}}