{"id":20110,"date":"2025-05-17T09:57:44","date_gmt":"2025-05-17T09:57:44","guid":{"rendered":"https:\/\/allsensors.eu\/sensor-test-2025\/"},"modified":"2025-09-17T14:01:36","modified_gmt":"2025-09-17T14:01:36","slug":"sensor-test-2025","status":"publish","type":"page","link":"https:\/\/allsensors.eu\/de\/news-ressourcen\/events\/sensor-test-2025\/","title":{"rendered":"Sensor + Test 2025"},"content":{"rendered":"\t\t<div data-elementor-type=\"wp-page\" data-elementor-id=\"20110\" class=\"elementor elementor-20110 elementor-20032\" data-elementor-post-type=\"page\">\n\t\t\t\t<div class=\"elementor-element elementor-element-e664a34 e-con-full e-flex e-con e-parent\" data-id=\"e664a34\" data-element_type=\"container\">\n\t\t<div class=\"elementor-element elementor-element-4902ea1 e-con-full e-flex e-con e-child\" data-id=\"4902ea1\" data-element_type=\"container\">\n\t\t\t\t<div class=\"elementor-element elementor-element-cb8de6a elementor-widget elementor-widget-image\" data-id=\"cb8de6a\" data-element_type=\"widget\" data-settings=\"{&quot;motion_fx_motion_fx_scrolling&quot;:&quot;yes&quot;,&quot;motion_fx_scale_effect&quot;:&quot;yes&quot;,&quot;motion_fx_scale_speed&quot;:{&quot;unit&quot;:&quot;px&quot;,&quot;size&quot;:2,&quot;sizes&quot;:[]},&quot;motion_fx_scale_range&quot;:{&quot;unit&quot;:&quot;%&quot;,&quot;size&quot;:&quot;&quot;,&quot;sizes&quot;:{&quot;start&quot;:65,&quot;end&quot;:100}},&quot;motion_fx_scale_direction&quot;:&quot;out-in&quot;,&quot;motion_fx_devices&quot;:[&quot;desktop&quot;,&quot;tablet&quot;,&quot;mobile&quot;]}\" data-widget_type=\"image.default\">\n\t\t\t\t\t\t\t\t\t\t\t\t\t\t\t<img fetchpriority=\"high\" decoding=\"async\" width=\"1600\" height=\"1200\" src=\"https:\/\/allsensors.eu\/wp-content\/uploads\/2025\/07\/Team.webp\" class=\"attachment-full size-full wp-image-19195\" alt=\"\" srcset=\"https:\/\/allsensors.eu\/wp-content\/uploads\/2025\/07\/Team.webp 1600w, https:\/\/allsensors.eu\/wp-content\/uploads\/2025\/07\/Team-300x225.webp 300w, https:\/\/allsensors.eu\/wp-content\/uploads\/2025\/07\/Team-1024x768.webp 1024w, https:\/\/allsensors.eu\/wp-content\/uploads\/2025\/07\/Team-768x576.webp 768w, https:\/\/allsensors.eu\/wp-content\/uploads\/2025\/07\/Team-1536x1152.webp 1536w\" sizes=\"(max-width: 1600px) 100vw, 1600px\" \/>\t\t\t\t\t\t\t\t\t\t\t\t\t\t\t<\/div>\n\t\t\t\t<\/div>\n\t\t\t\t<\/div>\n\t\t<div class=\"elementor-element elementor-element-7082847 e-flex e-con-boxed e-con e-parent\" data-id=\"7082847\" data-element_type=\"container\">\n\t\t\t\t\t<div class=\"e-con-inner\">\n\t\t<div class=\"elementor-element elementor-element-792318d e-con-full e-flex e-con e-child\" data-id=\"792318d\" data-element_type=\"container\">\n\t\t\t\t<div class=\"elementor-element elementor-element-c7cb1ae elementor-widget elementor-widget-heading\" data-id=\"c7cb1ae\" data-element_type=\"widget\" data-widget_type=\"heading.default\">\n\t\t\t\t\t<h1 class=\"elementor-heading-title elementor-size-default\">All Sensors auf der SENSOR+TEST \u2013 Sensorik Fachmesse 2025<\/h1>\t\t\t\t<\/div>\n\t\t\t\t<div class=\"elementor-element elementor-element-d28283c elementor-widget elementor-widget-text-editor\" data-id=\"d28283c\" data-element_type=\"widget\" data-widget_type=\"text-editor.default\">\n\t\t\t\t\t\t\t\t\t<div><h3>Innovation, Austausch und Technologie zum Anfassen<\/h3><\/div>\t\t\t\t\t\t\t\t<\/div>\n\t\t<div class=\"elementor-element elementor-element-74108dd e-grid e-con-full e-con e-child\" data-id=\"74108dd\" data-element_type=\"container\">\n\t\t\t\t<div class=\"elementor-element elementor-element-c073c61 elementor-widget elementor-widget-text-editor\" data-id=\"c073c61\" data-element_type=\"widget\" data-widget_type=\"text-editor.default\">\n\t\t\t\t\t\t\t\t\t<p class=\"p1\"><strong>Vom 6. bis 8. Mai 2025<\/strong> war All Sensors GmbH auf der SENSOR+TEST in N\u00fcrnberg vertreten \u2013 der f\u00fchrenden <span class=\"s1\"><b>Sensorik Fachmesse 2025<\/b><\/span>. Die internationale Plattform brachte Branchenexperten, Entwickler und Entscheider zusammen, um neueste Technologien rund um Sensorik, Mess- und Pr\u00fcftechnik live zu erleben. <\/p>\n<p><b>Pr\u00e4zision trifft Fachwissen: Highlights von unserem Stand<\/b><br>An Stand 1-457 in Halle 1 pr\u00e4sentierte unser Team innovative Druckmessl\u00f6sungen, darunter unsere MEMS-Sensoren f\u00fcr extrem niedrige Dr\u00fccke, Differenz- und Absolutdrucksensoren sowie fortschrittliche CoBeam\u00b2\u2122- und Dual-Die-Kompensationstechnologien. Diese Technologien sind f\u00fcr Anwendungen in medizinischen Ger\u00e4ten, HLK-Systemen und der industriellen Automatisierung unverzichtbar. <\/p>\n<p class=\"p1\">Die Besucher zeigten besonderes Interesse an ma\u00dfgeschneiderten L\u00f6sungen, die genau ihren Systemanforderungen entsprechen, sei es f\u00fcr dynamische Umgebungen, geringen Stromverbrauch oder die Integration in eingebettete Plattformen.<\/p>\n<p><b>Hohe Besucherzahlen, starke Verbindungen<\/b><br>Wir waren begeistert von den unglaublich hohen Besucherzahlen und der Qualit\u00e4t der Gespr\u00e4che w\u00e4hrend der gesamten Veranstaltung. Ob Ingenieure auf der Suche nach hochpr\u00e4zisen Sensoren oder F\u00fchrungskr\u00e4fte aus der Wirtschaft, die langfristige Entwicklungspartnerschaften anstrebten \u2013 die Gespr\u00e4che an unserem Stand waren inspirierend und produktiv. <\/p>\n<p class=\"p1\">\u00dcber Produktvorf\u00fchrungen hinaus bot die Veranstaltung einen wertvollen Austausch \u00fcber zuk\u00fcnftige Projekte und Branchenanforderungen. Es wurden viele neue Kontakte gekn\u00fcpft, und wir stehen bereits mit Partnern in Kontakt, um gemeinsame Entwicklungen im Bereich der Sensorsysteme der n\u00e4chsten Generation voranzutreiben. <\/p>\n<p><b>Eine erfolgreiche Messe mit Aufw\u00e4rtstrend<\/b><br>Die SENSOR+TEST 2025 hat erneut best\u00e4tigt, wie wichtig intelligente Sensorik in allen Branchen ist \u2013 nicht nur als Kerntechnologie, sondern auch als Katalysator f\u00fcr Innovationen. Unsere Pr\u00e4senz hat dazu beigetragen, die All Sensors GmbH als zuverl\u00e4ssigen Technologiepartner mit Praxisn\u00e4he und Engagement f\u00fcr ma\u00dfgeschneiderte L\u00f6sungen zu st\u00e4rken. <\/p>\n<p><b>Bleiben wir in Verbindung<\/b><br><span class=\"s3\">Sie konnten nicht an der Sensortechnologie-Messe 2025 teilnehmen<\/span><span class=\"s3\">?<\/span><br>Lernen Sie unsere neuesten Technologien kennen und erfahren Sie, wie All Sensors Ihr n\u00e4chstes Projekt unterst\u00fctzen kann: <a href=\"https:\/\/allsensors.eu\/de\/produkte\/\">Entdecken Sie unsere Drucksensor-L\u00f6sungen<\/a><\/p>\t\t\t\t\t\t\t\t<\/div>\n\t\t\t\t<div class=\"elementor-element elementor-element-349705a elementor-widget elementor-widget-image\" data-id=\"349705a\" data-element_type=\"widget\" data-widget_type=\"image.default\">\n\t\t\t\t\t\t\t\t\t\t\t\t\t\t\t<img decoding=\"async\" width=\"768\" height=\"1024\" src=\"https:\/\/allsensors.eu\/wp-content\/uploads\/2025\/07\/SensorTest-24_Aufbau-fertig-768x1024.webp\" class=\"attachment-large size-large wp-image-19187\" alt=\"\" srcset=\"https:\/\/allsensors.eu\/wp-content\/uploads\/2025\/07\/SensorTest-24_Aufbau-fertig-768x1024.webp 768w, https:\/\/allsensors.eu\/wp-content\/uploads\/2025\/07\/SensorTest-24_Aufbau-fertig-225x300.webp 225w, https:\/\/allsensors.eu\/wp-content\/uploads\/2025\/07\/SensorTest-24_Aufbau-fertig-1152x1536.webp 1152w, https:\/\/allsensors.eu\/wp-content\/uploads\/2025\/07\/SensorTest-24_Aufbau-fertig.webp 1200w\" sizes=\"(max-width: 768px) 100vw, 768px\" \/>\t\t\t\t\t\t\t\t\t\t\t\t\t\t\t<\/div>\n\t\t\t\t<\/div>\n\t\t\t\t<\/div>\n\t\t\t\t\t<\/div>\n\t\t\t\t<\/div>\n\t\t<div class=\"elementor-element elementor-element-924f12b e-grid e-con-boxed e-con e-parent\" data-id=\"924f12b\" data-element_type=\"container\">\n\t\t\t\t\t<div class=\"e-con-inner\">\n\t\t\t\t<div class=\"elementor-element elementor-element-4aa4bea elementor-widget elementor-widget-image\" data-id=\"4aa4bea\" data-element_type=\"widget\" data-widget_type=\"image.default\">\n\t\t\t\t\t\t\t\t\t\t\t\t\t\t\t<img decoding=\"async\" width=\"800\" height=\"600\" src=\"https:\/\/allsensors.eu\/wp-content\/uploads\/2025\/07\/SensorTest-24_Aufbau-1024x768.webp\" class=\"attachment-large size-large wp-image-19189\" alt=\"\" srcset=\"https:\/\/allsensors.eu\/wp-content\/uploads\/2025\/07\/SensorTest-24_Aufbau-1024x768.webp 1024w, https:\/\/allsensors.eu\/wp-content\/uploads\/2025\/07\/SensorTest-24_Aufbau-300x225.webp 300w, https:\/\/allsensors.eu\/wp-content\/uploads\/2025\/07\/SensorTest-24_Aufbau-768x576.webp 768w, https:\/\/allsensors.eu\/wp-content\/uploads\/2025\/07\/SensorTest-24_Aufbau-1536x1152.webp 1536w, https:\/\/allsensors.eu\/wp-content\/uploads\/2025\/07\/SensorTest-24_Aufbau.webp 1600w\" sizes=\"(max-width: 800px) 100vw, 800px\" \/>\t\t\t\t\t\t\t\t\t\t\t\t\t\t\t<\/div>\n\t\t\t\t<div class=\"elementor-element elementor-element-e5c1e66 elementor-widget elementor-widget-image\" data-id=\"e5c1e66\" data-element_type=\"widget\" data-widget_type=\"image.default\">\n\t\t\t\t\t\t\t\t\t\t\t\t\t\t\t<img loading=\"lazy\" decoding=\"async\" width=\"800\" height=\"418\" src=\"https:\/\/allsensors.eu\/wp-content\/uploads\/2025\/07\/SensorTest-24_Action-1024x535.webp\" class=\"attachment-large size-large wp-image-19185\" alt=\"\" srcset=\"https:\/\/allsensors.eu\/wp-content\/uploads\/2025\/07\/SensorTest-24_Action-1024x535.webp 1024w, https:\/\/allsensors.eu\/wp-content\/uploads\/2025\/07\/SensorTest-24_Action-300x157.webp 300w, https:\/\/allsensors.eu\/wp-content\/uploads\/2025\/07\/SensorTest-24_Action-768x401.webp 768w, https:\/\/allsensors.eu\/wp-content\/uploads\/2025\/07\/SensorTest-24_Action.webp 1200w\" sizes=\"(max-width: 800px) 100vw, 800px\" \/>\t\t\t\t\t\t\t\t\t\t\t\t\t\t\t<\/div>\n\t\t\t\t<div class=\"elementor-element elementor-element-88647a1 elementor-widget elementor-widget-image\" data-id=\"88647a1\" data-element_type=\"widget\" data-widget_type=\"image.default\">\n\t\t\t\t\t\t\t\t\t\t\t\t\t\t\t<img loading=\"lazy\" decoding=\"async\" width=\"800\" height=\"418\" src=\"https:\/\/allsensors.eu\/wp-content\/uploads\/2025\/07\/SensorTest-24_Beratung-1024x535.webp\" class=\"attachment-large size-large wp-image-19191\" alt=\"\" srcset=\"https:\/\/allsensors.eu\/wp-content\/uploads\/2025\/07\/SensorTest-24_Beratung-1024x535.webp 1024w, https:\/\/allsensors.eu\/wp-content\/uploads\/2025\/07\/SensorTest-24_Beratung-300x157.webp 300w, https:\/\/allsensors.eu\/wp-content\/uploads\/2025\/07\/SensorTest-24_Beratung-768x401.webp 768w, https:\/\/allsensors.eu\/wp-content\/uploads\/2025\/07\/SensorTest-24_Beratung.webp 1200w\" sizes=\"(max-width: 800px) 100vw, 800px\" \/>\t\t\t\t\t\t\t\t\t\t\t\t\t\t\t<\/div>\n\t\t\t\t\t<\/div>\n\t\t\t\t<\/div>\n\t\t\t\t<\/div>\n\t\t","protected":false},"excerpt":{"rendered":"<p style=\"margin: 0; padding: 0; padding-left: 20px;\">\nVom 6. bis 8. Mai 2025 war All Sensors GmbH auf der SENSOR+TEST in N\u00fcrnberg vertreten \u2013 der f\u00fchrenden Sensorik Fachmesse 2025<\/p>\n","protected":false},"author":4,"featured_media":19187,"parent":20116,"menu_order":0,"comment_status":"closed","ping_status":"closed","template":"","meta":{"footnotes":""},"class_list":["post-20110","page","type-page","status-publish","has-post-thumbnail","hentry"],"yoast_head":"<!-- This site is optimized with the Yoast SEO plugin v27.3 - https:\/\/yoast.com\/product\/yoast-seo-wordpress\/ -->\n<title>Sensor + Test 2025 - All Sensors<\/title>\n<meta name=\"robots\" content=\"index, follow, max-snippet:-1, max-image-preview:large, max-video-preview:-1\" \/>\n<link rel=\"canonical\" href=\"https:\/\/allsensors.eu\/de\/news-ressourcen\/events\/sensor-test-2025\/\" \/>\n<meta property=\"og:locale\" content=\"de_DE\" \/>\n<meta property=\"og:type\" content=\"article\" \/>\n<meta property=\"og:title\" content=\"Sensor + Test 2025 - All Sensors\" \/>\n<meta property=\"og:description\" content=\"Vom 6. bis 8. Mai 2025 war All Sensors GmbH auf der SENSOR+TEST in N\u00fcrnberg vertreten \u2013 der f\u00fchrenden Sensorik Fachmesse 2025\" \/>\n<meta property=\"og:url\" content=\"https:\/\/allsensors.eu\/de\/news-ressourcen\/events\/sensor-test-2025\/\" \/>\n<meta property=\"og:site_name\" content=\"All Sensors\" \/>\n<meta property=\"article:modified_time\" content=\"2025-09-17T14:01:36+00:00\" \/>\n<meta property=\"og:image\" content=\"https:\/\/allsensors.eu\/wp-content\/uploads\/2025\/07\/SensorTest-24_Aufbau-fertig-e1753184920293.webp\" \/>\n\t<meta property=\"og:image:width\" content=\"1200\" \/>\n\t<meta property=\"og:image:height\" content=\"1600\" \/>\n\t<meta property=\"og:image:type\" content=\"image\/webp\" \/>\n<meta name=\"twitter:card\" content=\"summary_large_image\" \/>\n<meta name=\"twitter:label1\" content=\"Gesch\u00e4tzte Lesezeit\" \/>\n\t<meta name=\"twitter:data1\" content=\"2\u00a0Minuten\" \/>\n<script type=\"application\/ld+json\" class=\"yoast-schema-graph\">{\"@context\":\"https:\\\/\\\/schema.org\",\"@graph\":[{\"@type\":\"WebPage\",\"@id\":\"https:\\\/\\\/allsensors.eu\\\/de\\\/news-ressourcen\\\/events\\\/sensor-test-2025\\\/\",\"url\":\"https:\\\/\\\/allsensors.eu\\\/de\\\/news-ressourcen\\\/events\\\/sensor-test-2025\\\/\",\"name\":\"Sensor + Test 2025 - All Sensors\",\"isPartOf\":{\"@id\":\"https:\\\/\\\/allsensors.eu\\\/de\\\/#website\"},\"primaryImageOfPage\":{\"@id\":\"https:\\\/\\\/allsensors.eu\\\/de\\\/news-ressourcen\\\/events\\\/sensor-test-2025\\\/#primaryimage\"},\"image\":{\"@id\":\"https:\\\/\\\/allsensors.eu\\\/de\\\/news-ressourcen\\\/events\\\/sensor-test-2025\\\/#primaryimage\"},\"thumbnailUrl\":\"https:\\\/\\\/allsensors.eu\\\/wp-content\\\/uploads\\\/2025\\\/07\\\/SensorTest-24_Aufbau-fertig-e1753184920293.webp\",\"datePublished\":\"2025-05-17T09:57:44+00:00\",\"dateModified\":\"2025-09-17T14:01:36+00:00\",\"breadcrumb\":{\"@id\":\"https:\\\/\\\/allsensors.eu\\\/de\\\/news-ressourcen\\\/events\\\/sensor-test-2025\\\/#breadcrumb\"},\"inLanguage\":\"de\",\"potentialAction\":[{\"@type\":\"ReadAction\",\"target\":[\"https:\\\/\\\/allsensors.eu\\\/de\\\/news-ressourcen\\\/events\\\/sensor-test-2025\\\/\"]}]},{\"@type\":\"ImageObject\",\"inLanguage\":\"de\",\"@id\":\"https:\\\/\\\/allsensors.eu\\\/de\\\/news-ressourcen\\\/events\\\/sensor-test-2025\\\/#primaryimage\",\"url\":\"https:\\\/\\\/allsensors.eu\\\/wp-content\\\/uploads\\\/2025\\\/07\\\/SensorTest-24_Aufbau-fertig-e1753184920293.webp\",\"contentUrl\":\"https:\\\/\\\/allsensors.eu\\\/wp-content\\\/uploads\\\/2025\\\/07\\\/SensorTest-24_Aufbau-fertig-e1753184920293.webp\",\"width\":1200,\"height\":1600},{\"@type\":\"BreadcrumbList\",\"@id\":\"https:\\\/\\\/allsensors.eu\\\/de\\\/news-ressourcen\\\/events\\\/sensor-test-2025\\\/#breadcrumb\",\"itemListElement\":[{\"@type\":\"ListItem\",\"position\":1,\"name\":\"Startseite\",\"item\":\"https:\\\/\\\/allsensors.eu\\\/de\\\/startseite\\\/\"},{\"@type\":\"ListItem\",\"position\":2,\"name\":\"News &amp; Ressourcen\",\"item\":\"https:\\\/\\\/allsensors.eu\\\/de\\\/news-ressourcen\\\/\"},{\"@type\":\"ListItem\",\"position\":3,\"name\":\"Events\",\"item\":\"https:\\\/\\\/allsensors.eu\\\/de\\\/news-resources\\\/events\\\/\"},{\"@type\":\"ListItem\",\"position\":4,\"name\":\"Sensor + Test 2025\"}]},{\"@type\":\"WebSite\",\"@id\":\"https:\\\/\\\/allsensors.eu\\\/de\\\/#website\",\"url\":\"https:\\\/\\\/allsensors.eu\\\/de\\\/\",\"name\":\"All Sensors\",\"description\":\"\",\"publisher\":{\"@id\":\"https:\\\/\\\/allsensors.eu\\\/de\\\/#organization\"},\"potentialAction\":[{\"@type\":\"SearchAction\",\"target\":{\"@type\":\"EntryPoint\",\"urlTemplate\":\"https:\\\/\\\/allsensors.eu\\\/de\\\/?s={search_term_string}\"},\"query-input\":{\"@type\":\"PropertyValueSpecification\",\"valueRequired\":true,\"valueName\":\"search_term_string\"}}],\"inLanguage\":\"de\"},{\"@type\":\"Organization\",\"@id\":\"https:\\\/\\\/allsensors.eu\\\/de\\\/#organization\",\"name\":\"All Sensors\",\"url\":\"https:\\\/\\\/allsensors.eu\\\/de\\\/\",\"logo\":{\"@type\":\"ImageObject\",\"inLanguage\":\"de\",\"@id\":\"https:\\\/\\\/allsensors.eu\\\/de\\\/#\\\/schema\\\/logo\\\/image\\\/\",\"url\":\"https:\\\/\\\/allsensors.eu\\\/wp-content\\\/uploads\\\/2023\\\/09\\\/cropped-cropped-All-Sensors-Logo-e1700556989539.png\",\"contentUrl\":\"https:\\\/\\\/allsensors.eu\\\/wp-content\\\/uploads\\\/2023\\\/09\\\/cropped-cropped-All-Sensors-Logo-e1700556989539.png\",\"width\":6090,\"height\":2375,\"caption\":\"All Sensors\"},\"image\":{\"@id\":\"https:\\\/\\\/allsensors.eu\\\/de\\\/#\\\/schema\\\/logo\\\/image\\\/\"}}]}<\/script>\n<!-- \/ Yoast SEO plugin. -->","yoast_head_json":{"title":"Sensor + Test 2025 - All Sensors","robots":{"index":"index","follow":"follow","max-snippet":"max-snippet:-1","max-image-preview":"max-image-preview:large","max-video-preview":"max-video-preview:-1"},"canonical":"https:\/\/allsensors.eu\/de\/news-ressourcen\/events\/sensor-test-2025\/","og_locale":"de_DE","og_type":"article","og_title":"Sensor + Test 2025 - All Sensors","og_description":"Vom 6. bis 8. Mai 2025 war All Sensors GmbH auf der SENSOR+TEST in N\u00fcrnberg vertreten \u2013 der f\u00fchrenden Sensorik Fachmesse 2025","og_url":"https:\/\/allsensors.eu\/de\/news-ressourcen\/events\/sensor-test-2025\/","og_site_name":"All Sensors","article_modified_time":"2025-09-17T14:01:36+00:00","og_image":[{"width":1200,"height":1600,"url":"https:\/\/allsensors.eu\/wp-content\/uploads\/2025\/07\/SensorTest-24_Aufbau-fertig-e1753184920293.webp","type":"image\/webp"}],"twitter_card":"summary_large_image","twitter_misc":{"Gesch\u00e4tzte Lesezeit":"2\u00a0Minuten"},"schema":{"@context":"https:\/\/schema.org","@graph":[{"@type":"WebPage","@id":"https:\/\/allsensors.eu\/de\/news-ressourcen\/events\/sensor-test-2025\/","url":"https:\/\/allsensors.eu\/de\/news-ressourcen\/events\/sensor-test-2025\/","name":"Sensor + Test 2025 - All Sensors","isPartOf":{"@id":"https:\/\/allsensors.eu\/de\/#website"},"primaryImageOfPage":{"@id":"https:\/\/allsensors.eu\/de\/news-ressourcen\/events\/sensor-test-2025\/#primaryimage"},"image":{"@id":"https:\/\/allsensors.eu\/de\/news-ressourcen\/events\/sensor-test-2025\/#primaryimage"},"thumbnailUrl":"https:\/\/allsensors.eu\/wp-content\/uploads\/2025\/07\/SensorTest-24_Aufbau-fertig-e1753184920293.webp","datePublished":"2025-05-17T09:57:44+00:00","dateModified":"2025-09-17T14:01:36+00:00","breadcrumb":{"@id":"https:\/\/allsensors.eu\/de\/news-ressourcen\/events\/sensor-test-2025\/#breadcrumb"},"inLanguage":"de","potentialAction":[{"@type":"ReadAction","target":["https:\/\/allsensors.eu\/de\/news-ressourcen\/events\/sensor-test-2025\/"]}]},{"@type":"ImageObject","inLanguage":"de","@id":"https:\/\/allsensors.eu\/de\/news-ressourcen\/events\/sensor-test-2025\/#primaryimage","url":"https:\/\/allsensors.eu\/wp-content\/uploads\/2025\/07\/SensorTest-24_Aufbau-fertig-e1753184920293.webp","contentUrl":"https:\/\/allsensors.eu\/wp-content\/uploads\/2025\/07\/SensorTest-24_Aufbau-fertig-e1753184920293.webp","width":1200,"height":1600},{"@type":"BreadcrumbList","@id":"https:\/\/allsensors.eu\/de\/news-ressourcen\/events\/sensor-test-2025\/#breadcrumb","itemListElement":[{"@type":"ListItem","position":1,"name":"Startseite","item":"https:\/\/allsensors.eu\/de\/startseite\/"},{"@type":"ListItem","position":2,"name":"News &amp; Ressourcen","item":"https:\/\/allsensors.eu\/de\/news-ressourcen\/"},{"@type":"ListItem","position":3,"name":"Events","item":"https:\/\/allsensors.eu\/de\/news-resources\/events\/"},{"@type":"ListItem","position":4,"name":"Sensor + Test 2025"}]},{"@type":"WebSite","@id":"https:\/\/allsensors.eu\/de\/#website","url":"https:\/\/allsensors.eu\/de\/","name":"All Sensors","description":"","publisher":{"@id":"https:\/\/allsensors.eu\/de\/#organization"},"potentialAction":[{"@type":"SearchAction","target":{"@type":"EntryPoint","urlTemplate":"https:\/\/allsensors.eu\/de\/?s={search_term_string}"},"query-input":{"@type":"PropertyValueSpecification","valueRequired":true,"valueName":"search_term_string"}}],"inLanguage":"de"},{"@type":"Organization","@id":"https:\/\/allsensors.eu\/de\/#organization","name":"All Sensors","url":"https:\/\/allsensors.eu\/de\/","logo":{"@type":"ImageObject","inLanguage":"de","@id":"https:\/\/allsensors.eu\/de\/#\/schema\/logo\/image\/","url":"https:\/\/allsensors.eu\/wp-content\/uploads\/2023\/09\/cropped-cropped-All-Sensors-Logo-e1700556989539.png","contentUrl":"https:\/\/allsensors.eu\/wp-content\/uploads\/2023\/09\/cropped-cropped-All-Sensors-Logo-e1700556989539.png","width":6090,"height":2375,"caption":"All Sensors"},"image":{"@id":"https:\/\/allsensors.eu\/de\/#\/schema\/logo\/image\/"}}]}},"_links":{"self":[{"href":"https:\/\/allsensors.eu\/de\/wp-json\/wp\/v2\/pages\/20110","targetHints":{"allow":["GET"]}}],"collection":[{"href":"https:\/\/allsensors.eu\/de\/wp-json\/wp\/v2\/pages"}],"about":[{"href":"https:\/\/allsensors.eu\/de\/wp-json\/wp\/v2\/types\/page"}],"author":[{"embeddable":true,"href":"https:\/\/allsensors.eu\/de\/wp-json\/wp\/v2\/users\/4"}],"replies":[{"embeddable":true,"href":"https:\/\/allsensors.eu\/de\/wp-json\/wp\/v2\/comments?post=20110"}],"version-history":[{"count":1,"href":"https:\/\/allsensors.eu\/de\/wp-json\/wp\/v2\/pages\/20110\/revisions"}],"predecessor-version":[{"id":20111,"href":"https:\/\/allsensors.eu\/de\/wp-json\/wp\/v2\/pages\/20110\/revisions\/20111"}],"up":[{"embeddable":true,"href":"https:\/\/allsensors.eu\/de\/wp-json\/wp\/v2\/pages\/20116"}],"wp:featuredmedia":[{"embeddable":true,"href":"https:\/\/allsensors.eu\/de\/wp-json\/wp\/v2\/media\/19187"}],"wp:attachment":[{"href":"https:\/\/allsensors.eu\/de\/wp-json\/wp\/v2\/media?parent=20110"}],"curies":[{"name":"wp","href":"https:\/\/api.w.org\/{rel}","templated":true}]}}