{"id":20114,"date":"2025-09-17T10:27:03","date_gmt":"2025-09-17T10:27:03","guid":{"rendered":"https:\/\/allsensors.eu\/news-ressourcen\/blog\/sz-auszeichnung\/"},"modified":"2025-11-20T07:54:19","modified_gmt":"2025-11-20T07:54:19","slug":"sz-auszeichnung","status":"publish","type":"page","link":"https:\/\/allsensors.eu\/de\/news-ressourcen\/blog\/sz-auszeichnung\/","title":{"rendered":"SZ-Auszeichnung"},"content":{"rendered":"\t\t<div data-elementor-type=\"wp-page\" data-elementor-id=\"20114\" class=\"elementor elementor-20114 elementor-20056\" data-elementor-post-type=\"page\">\n\t\t\t\t<div class=\"elementor-element elementor-element-92b6f08 e-con-full e-flex e-con e-parent\" data-id=\"92b6f08\" data-element_type=\"container\">\n\t\t<div class=\"elementor-element elementor-element-1c8e31c e-con-full e-flex e-con e-child\" data-id=\"1c8e31c\" data-element_type=\"container\">\n\t\t\t\t<div class=\"elementor-element elementor-element-ccd2207 elementor-widget elementor-widget-image\" data-id=\"ccd2207\" data-element_type=\"widget\" data-settings=\"{&quot;motion_fx_motion_fx_scrolling&quot;:&quot;yes&quot;,&quot;motion_fx_scale_effect&quot;:&quot;yes&quot;,&quot;motion_fx_scale_speed&quot;:{&quot;unit&quot;:&quot;px&quot;,&quot;size&quot;:2,&quot;sizes&quot;:[]},&quot;motion_fx_scale_range&quot;:{&quot;unit&quot;:&quot;%&quot;,&quot;size&quot;:&quot;&quot;,&quot;sizes&quot;:{&quot;start&quot;:65,&quot;end&quot;:100}},&quot;motion_fx_scale_direction&quot;:&quot;out-in&quot;,&quot;motion_fx_devices&quot;:[&quot;desktop&quot;,&quot;tablet&quot;,&quot;mobile&quot;]}\" data-widget_type=\"image.default\">\n\t\t\t\t\t\t\t\t\t\t\t\t\t\t\t<img fetchpriority=\"high\" decoding=\"async\" width=\"2560\" height=\"747\" src=\"https:\/\/allsensors.eu\/wp-content\/uploads\/2025\/07\/Logo-an-Wand-Header-scaled.webp\" class=\"attachment-full size-full wp-image-19018\" alt=\"\" srcset=\"https:\/\/allsensors.eu\/wp-content\/uploads\/2025\/07\/Logo-an-Wand-Header-scaled.webp 2560w, https:\/\/allsensors.eu\/wp-content\/uploads\/2025\/07\/Logo-an-Wand-Header-300x88.webp 300w, https:\/\/allsensors.eu\/wp-content\/uploads\/2025\/07\/Logo-an-Wand-Header-1024x299.webp 1024w, https:\/\/allsensors.eu\/wp-content\/uploads\/2025\/07\/Logo-an-Wand-Header-768x224.webp 768w, https:\/\/allsensors.eu\/wp-content\/uploads\/2025\/07\/Logo-an-Wand-Header-1536x448.webp 1536w, https:\/\/allsensors.eu\/wp-content\/uploads\/2025\/07\/Logo-an-Wand-Header-2048x598.webp 2048w\" sizes=\"(max-width: 2560px) 100vw, 2560px\" \/>\t\t\t\t\t\t\t\t\t\t\t\t\t\t\t<\/div>\n\t\t\t\t<\/div>\n\t\t\t\t<\/div>\n\t\t<div class=\"elementor-element elementor-element-6f7fe29 e-flex e-con-boxed e-con e-parent\" data-id=\"6f7fe29\" data-element_type=\"container\">\n\t\t\t\t\t<div class=\"e-con-inner\">\n\t\t<div class=\"elementor-element elementor-element-7fd1c90 e-con-full e-flex e-con e-child\" data-id=\"7fd1c90\" data-element_type=\"container\">\n\t\t\t\t<div class=\"elementor-element elementor-element-c4fe4ab elementor-widget elementor-widget-heading\" data-id=\"c4fe4ab\" data-element_type=\"widget\" data-widget_type=\"heading.default\">\n\t\t\t\t\t<h1 class=\"elementor-heading-title elementor-size-default\">All Sensors GmbH als einer von Bayerns st\u00e4rksten Mittelst\u00e4ndlern 2025 ausgezeichnet<\/h1>\t\t\t\t<\/div>\n\t\t\t\t<div class=\"elementor-element elementor-element-bef6e1a elementor-widget elementor-widget-text-editor\" data-id=\"bef6e1a\" data-element_type=\"widget\" data-widget_type=\"text-editor.default\">\n\t\t\t\t\t\t\t\t\t<div><h3>Das SZ-Institut w\u00fcrdigt wirtschaftliche Stabilit\u00e4t, Innovationskraft und Zukunftsf\u00e4higkeit des MEMS-Sensorherstellers<\/h3><\/div>\t\t\t\t\t\t\t\t<\/div>\n\t\t<div class=\"elementor-element elementor-element-3528124 e-grid e-con-full e-con e-child\" data-id=\"3528124\" data-element_type=\"container\">\n\t\t\t\t<div class=\"elementor-element elementor-element-3e85bef elementor-widget elementor-widget-image\" data-id=\"3e85bef\" data-element_type=\"widget\" data-widget_type=\"image.default\">\n\t\t\t\t\t\t\t\t\t\t\t\t\t\t\t<img decoding=\"async\" src=\"https:\/\/allsensors.eu\/wp-content\/uploads\/elementor\/thumbs\/ballons-scaled-r8hzgml5g98i0p19aq2pzyb55ozipnilpck92vy7cy.webp\"  alt=\"Luftballons in Rot und Wei\u00df zur Feier der All Sensors GmbH\" loading=\"lazy\" \/>\t\t\t\t\t\t\t\t\t\t\t\t\t\t\t<\/div>\n\t\t\t\t<div class=\"elementor-element elementor-element-66739fa elementor-widget elementor-widget-text-editor\" data-id=\"66739fa\" data-element_type=\"widget\" data-widget_type=\"text-editor.default\">\n\t\t\t\t\t\t\t\t\t<p><strong>M\u00fcnchen, Juni 2025<\/strong> \u2013 Das Technologieunternehmen All Sensors GmbH wurde vom SZ-Institut in Zusammenarbeit mit Creditreform zu einem der <em>\u201eBayerns st\u00e4rksten Mittelst\u00e4ndler 2025\u201c<\/em> ernannt.<\/p><p>Die Auswahl basiert auf objektiven Kriterien: Die Auszeichnung ber\u00fccksichtigt unter anderem wirtschaftliche Stabilit\u00e4t, nachhaltiges Wachstum, Innovationskraft sowie die technologische Ausrichtung des Unternehmens.<\/p><p>\u201eDiese Ehrung freut uns sehr \u2013 sie best\u00e4tigt unseren Anspruch, Hightech-Sensorl\u00f6sungen auf h\u00f6chstem Qualit\u00e4tsniveau anzubieten und dabei langfristig und verantwortungsvoll zu wachsen\u201c, so Markus Schwan \u2013 Gesch\u00e4ftsleitung der All Sensors GmbH.<\/p><p>All Sensors ist spezialisiert auf die Entwicklung und den Vertrieb hochpr\u00e4ziser MEMS-Drucksensoren, die in anspruchsvollen Anwendungen wie der Medizintechnik, Industrieautomatisierung und Umweltmesstechnik zum Einsatz kommen. Das Unternehmen mit Sitz in F\u00fcrstenfeldbruck bei M\u00fcnchen steht f\u00fcr technologischen Anspruch, langfristige Kundenbeziehungen und messbare Qualit\u00e4t.<\/p><p>Die vollst\u00e4ndige Liste der ausgezeichneten Unternehmen sowie weitere Informationen zur Methodik sind auf der Website des SZ-Instituts einsehbar:<br \/><a href=\"https:\/\/www.sueddeutsche.de\/advertorial\/sz-institut\/bayerns-staerkste-mittelstaendler-2025\/\" target=\"_blank\" rel=\"noopener\">Der ganze SZ-Bericht<\/a><\/p>\t\t\t\t\t\t\t\t<\/div>\n\t\t\t\t<div class=\"elementor-element elementor-element-a5fa071 elementor-widget elementor-widget-image\" data-id=\"a5fa071\" data-element_type=\"widget\" data-widget_type=\"image.default\">\n\t\t\t\t\t\t\t\t\t\t\t\t\t\t\t<img decoding=\"async\" src=\"https:\/\/allsensors.eu\/wp-content\/uploads\/elementor\/thumbs\/SZI_Mittelstand_ASG_RGB-r7dp0wyqlzm8wnfle9haxp7vhkqhss0ad8ds8zhv86.jpg\"  alt=\"Offizielles Siegel des SZ-Instituts: Bayerns st\u00e4rkste Mittelst\u00e4ndler 2025\" loading=\"lazy\" \/>\t\t\t\t\t\t\t\t\t\t\t\t\t\t\t<\/div>\n\t\t\t\t<\/div>\n\t\t\t\t<\/div>\n\t\t\t\t\t<\/div>\n\t\t\t\t<\/div>\n\t\t\t\t<\/div>\n\t\t","protected":false},"excerpt":{"rendered":"<p style=\"margin: 0; padding: 0; padding-left: 20px;\">\nDie S\u00fcddeutsche Zeitung hat die 50 erfolgreichsten bayerischen Mittelst\u00e4ndler 2025 ausgezeichnet&#8230;<\/p>\n","protected":false},"author":4,"featured_media":18916,"parent":19076,"menu_order":0,"comment_status":"closed","ping_status":"closed","template":"","meta":{"footnotes":""},"class_list":["post-20114","page","type-page","status-publish","has-post-thumbnail","hentry"],"yoast_head":"<!-- This site is optimized with the Yoast SEO plugin v27.3 - https:\/\/yoast.com\/product\/yoast-seo-wordpress\/ -->\n<title>SZ-Auszeichnung - All Sensors<\/title>\n<meta name=\"robots\" content=\"index, follow, max-snippet:-1, max-image-preview:large, max-video-preview:-1\" \/>\n<link rel=\"canonical\" href=\"https:\/\/allsensors.eu\/de\/news-ressourcen\/blog\/sz-auszeichnung\/\" \/>\n<meta property=\"og:locale\" content=\"de_DE\" \/>\n<meta property=\"og:type\" content=\"article\" \/>\n<meta property=\"og:title\" content=\"SZ-Auszeichnung - All Sensors\" \/>\n<meta property=\"og:description\" content=\"Die S\u00fcddeutsche Zeitung hat die 50 erfolgreichsten bayerischen Mittelst\u00e4ndler 2025 ausgezeichnet...\" \/>\n<meta property=\"og:url\" content=\"https:\/\/allsensors.eu\/de\/news-ressourcen\/blog\/sz-auszeichnung\/\" \/>\n<meta property=\"og:site_name\" content=\"All Sensors\" \/>\n<meta property=\"article:modified_time\" content=\"2025-11-20T07:54:19+00:00\" \/>\n<meta property=\"og:image\" content=\"https:\/\/allsensors.eu\/wp-content\/uploads\/2025\/06\/SZI_Mittelstand_ASG_RGB.jpg\" \/>\n\t<meta property=\"og:image:width\" content=\"700\" \/>\n\t<meta property=\"og:image:height\" content=\"1300\" \/>\n\t<meta property=\"og:image:type\" content=\"image\/jpeg\" \/>\n<meta name=\"twitter:card\" content=\"summary_large_image\" \/>\n<meta name=\"twitter:label1\" content=\"Gesch\u00e4tzte Lesezeit\" \/>\n\t<meta name=\"twitter:data1\" content=\"1\u00a0Minute\" \/>\n<script type=\"application\/ld+json\" class=\"yoast-schema-graph\">{\"@context\":\"https:\\\/\\\/schema.org\",\"@graph\":[{\"@type\":\"WebPage\",\"@id\":\"https:\\\/\\\/allsensors.eu\\\/de\\\/news-ressourcen\\\/blog\\\/sz-auszeichnung\\\/\",\"url\":\"https:\\\/\\\/allsensors.eu\\\/de\\\/news-ressourcen\\\/blog\\\/sz-auszeichnung\\\/\",\"name\":\"SZ-Auszeichnung - All Sensors\",\"isPartOf\":{\"@id\":\"https:\\\/\\\/allsensors.eu\\\/de\\\/#website\"},\"primaryImageOfPage\":{\"@id\":\"https:\\\/\\\/allsensors.eu\\\/de\\\/news-ressourcen\\\/blog\\\/sz-auszeichnung\\\/#primaryimage\"},\"image\":{\"@id\":\"https:\\\/\\\/allsensors.eu\\\/de\\\/news-ressourcen\\\/blog\\\/sz-auszeichnung\\\/#primaryimage\"},\"thumbnailUrl\":\"https:\\\/\\\/allsensors.eu\\\/wp-content\\\/uploads\\\/2025\\\/06\\\/SZI_Mittelstand_ASG_RGB.jpg\",\"datePublished\":\"2025-09-17T10:27:03+00:00\",\"dateModified\":\"2025-11-20T07:54:19+00:00\",\"breadcrumb\":{\"@id\":\"https:\\\/\\\/allsensors.eu\\\/de\\\/news-ressourcen\\\/blog\\\/sz-auszeichnung\\\/#breadcrumb\"},\"inLanguage\":\"de\",\"potentialAction\":[{\"@type\":\"ReadAction\",\"target\":[\"https:\\\/\\\/allsensors.eu\\\/de\\\/news-ressourcen\\\/blog\\\/sz-auszeichnung\\\/\"]}]},{\"@type\":\"ImageObject\",\"inLanguage\":\"de\",\"@id\":\"https:\\\/\\\/allsensors.eu\\\/de\\\/news-ressourcen\\\/blog\\\/sz-auszeichnung\\\/#primaryimage\",\"url\":\"https:\\\/\\\/allsensors.eu\\\/wp-content\\\/uploads\\\/2025\\\/06\\\/SZI_Mittelstand_ASG_RGB.jpg\",\"contentUrl\":\"https:\\\/\\\/allsensors.eu\\\/wp-content\\\/uploads\\\/2025\\\/06\\\/SZI_Mittelstand_ASG_RGB.jpg\",\"width\":700,\"height\":1300,\"caption\":\"Offizielles Siegel des SZ-Instituts: Bayerns st\u00e4rkste Mittelst\u00e4ndler 2025\"},{\"@type\":\"BreadcrumbList\",\"@id\":\"https:\\\/\\\/allsensors.eu\\\/de\\\/news-ressourcen\\\/blog\\\/sz-auszeichnung\\\/#breadcrumb\",\"itemListElement\":[{\"@type\":\"ListItem\",\"position\":1,\"name\":\"Startseite\",\"item\":\"https:\\\/\\\/allsensors.eu\\\/de\\\/startseite\\\/\"},{\"@type\":\"ListItem\",\"position\":2,\"name\":\"News &amp; Ressourcen\",\"item\":\"https:\\\/\\\/allsensors.eu\\\/de\\\/news-ressourcen\\\/\"},{\"@type\":\"ListItem\",\"position\":3,\"name\":\"Blog\",\"item\":\"https:\\\/\\\/allsensors.eu\\\/de\\\/news-ressourcen\\\/blog\\\/\"},{\"@type\":\"ListItem\",\"position\":4,\"name\":\"SZ-Auszeichnung\"}]},{\"@type\":\"WebSite\",\"@id\":\"https:\\\/\\\/allsensors.eu\\\/de\\\/#website\",\"url\":\"https:\\\/\\\/allsensors.eu\\\/de\\\/\",\"name\":\"All Sensors\",\"description\":\"\",\"publisher\":{\"@id\":\"https:\\\/\\\/allsensors.eu\\\/de\\\/#organization\"},\"potentialAction\":[{\"@type\":\"SearchAction\",\"target\":{\"@type\":\"EntryPoint\",\"urlTemplate\":\"https:\\\/\\\/allsensors.eu\\\/de\\\/?s={search_term_string}\"},\"query-input\":{\"@type\":\"PropertyValueSpecification\",\"valueRequired\":true,\"valueName\":\"search_term_string\"}}],\"inLanguage\":\"de\"},{\"@type\":\"Organization\",\"@id\":\"https:\\\/\\\/allsensors.eu\\\/de\\\/#organization\",\"name\":\"All Sensors\",\"url\":\"https:\\\/\\\/allsensors.eu\\\/de\\\/\",\"logo\":{\"@type\":\"ImageObject\",\"inLanguage\":\"de\",\"@id\":\"https:\\\/\\\/allsensors.eu\\\/de\\\/#\\\/schema\\\/logo\\\/image\\\/\",\"url\":\"https:\\\/\\\/allsensors.eu\\\/wp-content\\\/uploads\\\/2023\\\/09\\\/cropped-cropped-All-Sensors-Logo-e1700556989539.png\",\"contentUrl\":\"https:\\\/\\\/allsensors.eu\\\/wp-content\\\/uploads\\\/2023\\\/09\\\/cropped-cropped-All-Sensors-Logo-e1700556989539.png\",\"width\":6090,\"height\":2375,\"caption\":\"All Sensors\"},\"image\":{\"@id\":\"https:\\\/\\\/allsensors.eu\\\/de\\\/#\\\/schema\\\/logo\\\/image\\\/\"}}]}<\/script>\n<!-- \/ Yoast SEO plugin. -->","yoast_head_json":{"title":"SZ-Auszeichnung - All Sensors","robots":{"index":"index","follow":"follow","max-snippet":"max-snippet:-1","max-image-preview":"max-image-preview:large","max-video-preview":"max-video-preview:-1"},"canonical":"https:\/\/allsensors.eu\/de\/news-ressourcen\/blog\/sz-auszeichnung\/","og_locale":"de_DE","og_type":"article","og_title":"SZ-Auszeichnung - All Sensors","og_description":"Die S\u00fcddeutsche Zeitung hat die 50 erfolgreichsten bayerischen Mittelst\u00e4ndler 2025 ausgezeichnet...","og_url":"https:\/\/allsensors.eu\/de\/news-ressourcen\/blog\/sz-auszeichnung\/","og_site_name":"All Sensors","article_modified_time":"2025-11-20T07:54:19+00:00","og_image":[{"width":700,"height":1300,"url":"https:\/\/allsensors.eu\/wp-content\/uploads\/2025\/06\/SZI_Mittelstand_ASG_RGB.jpg","type":"image\/jpeg"}],"twitter_card":"summary_large_image","twitter_misc":{"Gesch\u00e4tzte Lesezeit":"1\u00a0Minute"},"schema":{"@context":"https:\/\/schema.org","@graph":[{"@type":"WebPage","@id":"https:\/\/allsensors.eu\/de\/news-ressourcen\/blog\/sz-auszeichnung\/","url":"https:\/\/allsensors.eu\/de\/news-ressourcen\/blog\/sz-auszeichnung\/","name":"SZ-Auszeichnung - All Sensors","isPartOf":{"@id":"https:\/\/allsensors.eu\/de\/#website"},"primaryImageOfPage":{"@id":"https:\/\/allsensors.eu\/de\/news-ressourcen\/blog\/sz-auszeichnung\/#primaryimage"},"image":{"@id":"https:\/\/allsensors.eu\/de\/news-ressourcen\/blog\/sz-auszeichnung\/#primaryimage"},"thumbnailUrl":"https:\/\/allsensors.eu\/wp-content\/uploads\/2025\/06\/SZI_Mittelstand_ASG_RGB.jpg","datePublished":"2025-09-17T10:27:03+00:00","dateModified":"2025-11-20T07:54:19+00:00","breadcrumb":{"@id":"https:\/\/allsensors.eu\/de\/news-ressourcen\/blog\/sz-auszeichnung\/#breadcrumb"},"inLanguage":"de","potentialAction":[{"@type":"ReadAction","target":["https:\/\/allsensors.eu\/de\/news-ressourcen\/blog\/sz-auszeichnung\/"]}]},{"@type":"ImageObject","inLanguage":"de","@id":"https:\/\/allsensors.eu\/de\/news-ressourcen\/blog\/sz-auszeichnung\/#primaryimage","url":"https:\/\/allsensors.eu\/wp-content\/uploads\/2025\/06\/SZI_Mittelstand_ASG_RGB.jpg","contentUrl":"https:\/\/allsensors.eu\/wp-content\/uploads\/2025\/06\/SZI_Mittelstand_ASG_RGB.jpg","width":700,"height":1300,"caption":"Offizielles Siegel des SZ-Instituts: Bayerns st\u00e4rkste Mittelst\u00e4ndler 2025"},{"@type":"BreadcrumbList","@id":"https:\/\/allsensors.eu\/de\/news-ressourcen\/blog\/sz-auszeichnung\/#breadcrumb","itemListElement":[{"@type":"ListItem","position":1,"name":"Startseite","item":"https:\/\/allsensors.eu\/de\/startseite\/"},{"@type":"ListItem","position":2,"name":"News &amp; Ressourcen","item":"https:\/\/allsensors.eu\/de\/news-ressourcen\/"},{"@type":"ListItem","position":3,"name":"Blog","item":"https:\/\/allsensors.eu\/de\/news-ressourcen\/blog\/"},{"@type":"ListItem","position":4,"name":"SZ-Auszeichnung"}]},{"@type":"WebSite","@id":"https:\/\/allsensors.eu\/de\/#website","url":"https:\/\/allsensors.eu\/de\/","name":"All Sensors","description":"","publisher":{"@id":"https:\/\/allsensors.eu\/de\/#organization"},"potentialAction":[{"@type":"SearchAction","target":{"@type":"EntryPoint","urlTemplate":"https:\/\/allsensors.eu\/de\/?s={search_term_string}"},"query-input":{"@type":"PropertyValueSpecification","valueRequired":true,"valueName":"search_term_string"}}],"inLanguage":"de"},{"@type":"Organization","@id":"https:\/\/allsensors.eu\/de\/#organization","name":"All Sensors","url":"https:\/\/allsensors.eu\/de\/","logo":{"@type":"ImageObject","inLanguage":"de","@id":"https:\/\/allsensors.eu\/de\/#\/schema\/logo\/image\/","url":"https:\/\/allsensors.eu\/wp-content\/uploads\/2023\/09\/cropped-cropped-All-Sensors-Logo-e1700556989539.png","contentUrl":"https:\/\/allsensors.eu\/wp-content\/uploads\/2023\/09\/cropped-cropped-All-Sensors-Logo-e1700556989539.png","width":6090,"height":2375,"caption":"All Sensors"},"image":{"@id":"https:\/\/allsensors.eu\/de\/#\/schema\/logo\/image\/"}}]}},"_links":{"self":[{"href":"https:\/\/allsensors.eu\/de\/wp-json\/wp\/v2\/pages\/20114","targetHints":{"allow":["GET"]}}],"collection":[{"href":"https:\/\/allsensors.eu\/de\/wp-json\/wp\/v2\/pages"}],"about":[{"href":"https:\/\/allsensors.eu\/de\/wp-json\/wp\/v2\/types\/page"}],"author":[{"embeddable":true,"href":"https:\/\/allsensors.eu\/de\/wp-json\/wp\/v2\/users\/4"}],"replies":[{"embeddable":true,"href":"https:\/\/allsensors.eu\/de\/wp-json\/wp\/v2\/comments?post=20114"}],"version-history":[{"count":4,"href":"https:\/\/allsensors.eu\/de\/wp-json\/wp\/v2\/pages\/20114\/revisions"}],"predecessor-version":[{"id":21349,"href":"https:\/\/allsensors.eu\/de\/wp-json\/wp\/v2\/pages\/20114\/revisions\/21349"}],"up":[{"embeddable":true,"href":"https:\/\/allsensors.eu\/de\/wp-json\/wp\/v2\/pages\/19076"}],"wp:featuredmedia":[{"embeddable":true,"href":"https:\/\/allsensors.eu\/de\/wp-json\/wp\/v2\/media\/18916"}],"wp:attachment":[{"href":"https:\/\/allsensors.eu\/de\/wp-json\/wp\/v2\/media?parent=20114"}],"curies":[{"name":"wp","href":"https:\/\/api.w.org\/{rel}","templated":true}]}}