{"id":20118,"date":"2025-08-17T09:30:50","date_gmt":"2025-08-17T09:30:50","guid":{"rendered":"https:\/\/allsensors.eu\/news-ressourcen\/events\/sommer-grillfest-2025\/"},"modified":"2025-09-17T14:01:52","modified_gmt":"2025-09-17T14:01:52","slug":"sommer-grillfest-2025","status":"publish","type":"page","link":"https:\/\/allsensors.eu\/de\/news-ressourcen\/events\/sommer-grillfest-2025\/","title":{"rendered":"Sommer-Grillfest 2025"},"content":{"rendered":"\t\t<div data-elementor-type=\"wp-page\" data-elementor-id=\"20118\" class=\"elementor elementor-20118 elementor-20007\" data-elementor-post-type=\"page\">\n\t\t\t\t<div class=\"elementor-element elementor-element-4c94441 e-con-full e-flex e-con e-parent\" data-id=\"4c94441\" data-element_type=\"container\">\n\t\t<div class=\"elementor-element elementor-element-89e4dd0 e-con-full e-flex e-con e-child\" data-id=\"89e4dd0\" data-element_type=\"container\">\n\t\t\t\t<div class=\"elementor-element elementor-element-4700e6f elementor-widget elementor-widget-image\" data-id=\"4700e6f\" data-element_type=\"widget\" data-settings=\"{&quot;motion_fx_motion_fx_scrolling&quot;:&quot;yes&quot;,&quot;motion_fx_scale_effect&quot;:&quot;yes&quot;,&quot;motion_fx_scale_speed&quot;:{&quot;unit&quot;:&quot;px&quot;,&quot;size&quot;:2,&quot;sizes&quot;:[]},&quot;motion_fx_scale_range&quot;:{&quot;unit&quot;:&quot;%&quot;,&quot;size&quot;:&quot;&quot;,&quot;sizes&quot;:{&quot;start&quot;:65,&quot;end&quot;:100}},&quot;motion_fx_scale_direction&quot;:&quot;out-in&quot;,&quot;motion_fx_devices&quot;:[&quot;desktop&quot;,&quot;tablet&quot;,&quot;mobile&quot;]}\" data-widget_type=\"image.default\">\n\t\t\t\t\t\t\t\t\t\t\t\t\t\t\t<img fetchpriority=\"high\" decoding=\"async\" width=\"1920\" height=\"714\" src=\"https:\/\/allsensors.eu\/wp-content\/uploads\/2025\/07\/Header-Summer-BBQ.webp\" class=\"attachment-full size-full wp-image-19233\" alt=\"\" srcset=\"https:\/\/allsensors.eu\/wp-content\/uploads\/2025\/07\/Header-Summer-BBQ.webp 1920w, https:\/\/allsensors.eu\/wp-content\/uploads\/2025\/07\/Header-Summer-BBQ-300x112.webp 300w, https:\/\/allsensors.eu\/wp-content\/uploads\/2025\/07\/Header-Summer-BBQ-1024x381.webp 1024w, https:\/\/allsensors.eu\/wp-content\/uploads\/2025\/07\/Header-Summer-BBQ-768x286.webp 768w, https:\/\/allsensors.eu\/wp-content\/uploads\/2025\/07\/Header-Summer-BBQ-1536x571.webp 1536w\" sizes=\"(max-width: 1920px) 100vw, 1920px\" \/>\t\t\t\t\t\t\t\t\t\t\t\t\t\t\t<\/div>\n\t\t\t\t<\/div>\n\t\t\t\t<\/div>\n\t\t<div class=\"elementor-element elementor-element-85ac643 e-flex e-con-boxed e-con e-parent\" data-id=\"85ac643\" data-element_type=\"container\">\n\t\t\t\t\t<div class=\"e-con-inner\">\n\t\t<div class=\"elementor-element elementor-element-f37b8f7 e-con-full e-flex e-con e-child\" data-id=\"f37b8f7\" data-element_type=\"container\">\n\t\t\t\t<div class=\"elementor-element elementor-element-5a1745a elementor-widget elementor-widget-heading\" data-id=\"5a1745a\" data-element_type=\"widget\" data-widget_type=\"heading.default\">\n\t\t\t\t\t<h1 class=\"elementor-heading-title elementor-size-default\">Sommer-Grillfest 2025<\/h1>\t\t\t\t<\/div>\n\t\t\t\t<div class=\"elementor-element elementor-element-23f1571 elementor-widget elementor-widget-text-editor\" data-id=\"23f1571\" data-element_type=\"widget\" data-widget_type=\"text-editor.default\">\n\t\t\t\t\t\t\t\t\t<div><h3><b> Eine Feier des Teamgeistes und der internationalen Zusammenarbeit<\/b><\/h3><\/div>\t\t\t\t\t\t\t\t<\/div>\n\t\t<div class=\"elementor-element elementor-element-fe649c0 e-grid e-con-full e-con e-child\" data-id=\"fe649c0\" data-element_type=\"container\">\n\t\t\t\t<div class=\"elementor-element elementor-element-5f7eb49 elementor-widget elementor-widget-text-editor\" data-id=\"5f7eb49\" data-element_type=\"widget\" data-widget_type=\"text-editor.default\">\n\t\t\t\t\t\t\t\t\t<p class=\"p3\"><strong>Am 22. Juli 2025<\/strong> versammelte sich das Team der All Sensors GmbH zu einem unvergesslichen Sommerabend in unserer Zentrale in F\u00fcrstenfeldbruck. Was als entspanntes Beisammensein begann, entwickelte sich schnell zu einer lebhaften Feier voller Lachen, Verbundenheit und internationalem Flair. <\/p><p class=\"p3\">Zusammen mit unserem Management und besonderen G\u00e4sten aus dem Management der <a href=\"https:\/\/allsensors.com\/en\/\">All Sensors Corporation<\/a> USA genossen wir ein k\u00f6stliches Bio-Buffet, das von <a href=\"https:\/\/www.organic-catering.bio\/\">Organic Catering<\/a> bereitgestellt wurde. Die Atmosph\u00e4re war entspannt und fr\u00f6hlich, als Kollegen Geschichten austauschten, Cornhole und M\u00f6lkky spielten und einfach den warmen Sommerabend genossen. <\/p><p class=\"p3\">Veranstaltungen wie diese unterstreichen die starke Teamkultur und den globalen Geist, die All Sensors auszeichnen. Wir sind stolz darauf, mehr als nur Sensoren zu bauen:<br>Wir bauen starke Verbindungen zwischen Menschen und \u00fcber Grenzen hinweg. <\/p>\t\t\t\t\t\t\t\t<\/div>\n\t\t\t\t<div class=\"elementor-element elementor-element-62ee44d elementor-widget elementor-widget-image\" data-id=\"62ee44d\" data-element_type=\"widget\" data-widget_type=\"image.default\">\n\t\t\t\t\t\t\t\t\t\t\t\t\t\t\t<img decoding=\"async\" width=\"800\" height=\"600\" src=\"https:\/\/allsensors.eu\/wp-content\/uploads\/2025\/07\/IMG_5299-1024x768.webp\" class=\"attachment-large size-large wp-image-19235\" alt=\"\" srcset=\"https:\/\/allsensors.eu\/wp-content\/uploads\/2025\/07\/IMG_5299-1024x768.webp 1024w, https:\/\/allsensors.eu\/wp-content\/uploads\/2025\/07\/IMG_5299-300x225.webp 300w, https:\/\/allsensors.eu\/wp-content\/uploads\/2025\/07\/IMG_5299-768x576.webp 768w, https:\/\/allsensors.eu\/wp-content\/uploads\/2025\/07\/IMG_5299-1536x1152.webp 1536w, https:\/\/allsensors.eu\/wp-content\/uploads\/2025\/07\/IMG_5299-2048x1536.webp 2048w\" sizes=\"(max-width: 800px) 100vw, 800px\" \/>\t\t\t\t\t\t\t\t\t\t\t\t\t\t\t<\/div>\n\t\t\t\t<\/div>\n\t\t\t\t<\/div>\n\t\t\t\t\t<\/div>\n\t\t\t\t<\/div>\n\t\t<div class=\"elementor-element elementor-element-7fa3c0c e-grid e-con-boxed e-con e-parent\" data-id=\"7fa3c0c\" data-element_type=\"container\">\n\t\t\t\t\t<div class=\"e-con-inner\">\n\t\t\t\t<div class=\"elementor-element elementor-element-69a8599 elementor-widget elementor-widget-image\" data-id=\"69a8599\" data-element_type=\"widget\" data-widget_type=\"image.default\">\n\t\t\t\t\t\t\t\t\t\t\t\t\t\t\t<img decoding=\"async\" width=\"800\" height=\"600\" src=\"https:\/\/allsensors.eu\/wp-content\/uploads\/2025\/07\/shared-image-3-1024x768.webp\" class=\"attachment-large size-large wp-image-19253\" alt=\"\" srcset=\"https:\/\/allsensors.eu\/wp-content\/uploads\/2025\/07\/shared-image-3-1024x768.webp 1024w, https:\/\/allsensors.eu\/wp-content\/uploads\/2025\/07\/shared-image-3-300x225.webp 300w, https:\/\/allsensors.eu\/wp-content\/uploads\/2025\/07\/shared-image-3-768x576.webp 768w, https:\/\/allsensors.eu\/wp-content\/uploads\/2025\/07\/shared-image-3-1536x1152.webp 1536w, https:\/\/allsensors.eu\/wp-content\/uploads\/2025\/07\/shared-image-3-2048x1536.webp 2048w\" sizes=\"(max-width: 800px) 100vw, 800px\" \/>\t\t\t\t\t\t\t\t\t\t\t\t\t\t\t<\/div>\n\t\t\t\t<div class=\"elementor-element elementor-element-b386217 elementor-widget elementor-widget-image\" data-id=\"b386217\" data-element_type=\"widget\" data-widget_type=\"image.default\">\n\t\t\t\t\t\t\t\t\t\t\t\t\t\t\t<img loading=\"lazy\" decoding=\"async\" width=\"800\" height=\"600\" src=\"https:\/\/allsensors.eu\/wp-content\/uploads\/2025\/07\/shared-image-1-1024x768.webp\" class=\"attachment-large size-large wp-image-19249\" alt=\"\" srcset=\"https:\/\/allsensors.eu\/wp-content\/uploads\/2025\/07\/shared-image-1-1024x768.webp 1024w, https:\/\/allsensors.eu\/wp-content\/uploads\/2025\/07\/shared-image-1-300x225.webp 300w, https:\/\/allsensors.eu\/wp-content\/uploads\/2025\/07\/shared-image-1-768x576.webp 768w, https:\/\/allsensors.eu\/wp-content\/uploads\/2025\/07\/shared-image-1-1536x1152.webp 1536w, https:\/\/allsensors.eu\/wp-content\/uploads\/2025\/07\/shared-image-1-2048x1536.webp 2048w\" sizes=\"(max-width: 800px) 100vw, 800px\" \/>\t\t\t\t\t\t\t\t\t\t\t\t\t\t\t<\/div>\n\t\t\t\t<div class=\"elementor-element elementor-element-1c4fde9 elementor-widget elementor-widget-image\" data-id=\"1c4fde9\" data-element_type=\"widget\" data-widget_type=\"image.default\">\n\t\t\t\t\t\t\t\t\t\t\t\t\t\t\t<img loading=\"lazy\" decoding=\"async\" width=\"800\" height=\"600\" src=\"https:\/\/allsensors.eu\/wp-content\/uploads\/2025\/07\/IMG_5301-1024x768.webp\" class=\"attachment-large size-large wp-image-19243\" alt=\"\" srcset=\"https:\/\/allsensors.eu\/wp-content\/uploads\/2025\/07\/IMG_5301-1024x768.webp 1024w, https:\/\/allsensors.eu\/wp-content\/uploads\/2025\/07\/IMG_5301-300x225.webp 300w, https:\/\/allsensors.eu\/wp-content\/uploads\/2025\/07\/IMG_5301-768x576.webp 768w, https:\/\/allsensors.eu\/wp-content\/uploads\/2025\/07\/IMG_5301-1536x1152.webp 1536w, https:\/\/allsensors.eu\/wp-content\/uploads\/2025\/07\/IMG_5301-2048x1536.webp 2048w\" sizes=\"(max-width: 800px) 100vw, 800px\" \/>\t\t\t\t\t\t\t\t\t\t\t\t\t\t\t<\/div>\n\t\t\t\t\t<\/div>\n\t\t\t\t<\/div>\n\t\t\t\t<\/div>\n\t\t","protected":false},"excerpt":{"rendered":"<p style=\"margin: 0; padding: 0; padding-left: 20px;\">\nGutes Essen, eine entspannte Atmosph\u00e4re und viel Gel\u00e4chter pr\u00e4gten diese Veranstaltung.<\/p>\n","protected":false},"author":4,"featured_media":19237,"parent":20116,"menu_order":0,"comment_status":"closed","ping_status":"closed","template":"","meta":{"footnotes":""},"class_list":["post-20118","page","type-page","status-publish","has-post-thumbnail","hentry"],"yoast_head":"<!-- This site is optimized with the Yoast SEO plugin v27.3 - https:\/\/yoast.com\/product\/yoast-seo-wordpress\/ -->\n<title>Sommer-Grillfest 2025 - All Sensors<\/title>\n<meta name=\"robots\" content=\"index, follow, max-snippet:-1, max-image-preview:large, max-video-preview:-1\" \/>\n<link rel=\"canonical\" href=\"https:\/\/allsensors.eu\/de\/news-ressourcen\/events\/sommer-grillfest-2025\/\" \/>\n<meta property=\"og:locale\" content=\"de_DE\" \/>\n<meta property=\"og:type\" content=\"article\" \/>\n<meta property=\"og:title\" content=\"Sommer-Grillfest 2025 - All Sensors\" \/>\n<meta property=\"og:description\" content=\"Gutes Essen, eine entspannte Atmosph\u00e4re und viel Gel\u00e4chter pr\u00e4gten diese Veranstaltung.\" \/>\n<meta property=\"og:url\" content=\"https:\/\/allsensors.eu\/de\/news-ressourcen\/events\/sommer-grillfest-2025\/\" \/>\n<meta property=\"og:site_name\" content=\"All Sensors\" \/>\n<meta property=\"article:modified_time\" content=\"2025-09-17T14:01:52+00:00\" \/>\n<meta property=\"og:image\" content=\"https:\/\/allsensors.eu\/wp-content\/uploads\/2025\/07\/IMG_5297-scaled.webp\" \/>\n\t<meta property=\"og:image:width\" content=\"2560\" \/>\n\t<meta property=\"og:image:height\" content=\"1920\" \/>\n\t<meta property=\"og:image:type\" content=\"image\/webp\" \/>\n<meta name=\"twitter:card\" content=\"summary_large_image\" \/>\n<meta name=\"twitter:label1\" content=\"Gesch\u00e4tzte Lesezeit\" \/>\n\t<meta name=\"twitter:data1\" content=\"1\u00a0Minute\" \/>\n<script type=\"application\/ld+json\" class=\"yoast-schema-graph\">{\"@context\":\"https:\\\/\\\/schema.org\",\"@graph\":[{\"@type\":\"WebPage\",\"@id\":\"https:\\\/\\\/allsensors.eu\\\/de\\\/news-ressourcen\\\/events\\\/sommer-grillfest-2025\\\/\",\"url\":\"https:\\\/\\\/allsensors.eu\\\/de\\\/news-ressourcen\\\/events\\\/sommer-grillfest-2025\\\/\",\"name\":\"Sommer-Grillfest 2025 - All Sensors\",\"isPartOf\":{\"@id\":\"https:\\\/\\\/allsensors.eu\\\/de\\\/#website\"},\"primaryImageOfPage\":{\"@id\":\"https:\\\/\\\/allsensors.eu\\\/de\\\/news-ressourcen\\\/events\\\/sommer-grillfest-2025\\\/#primaryimage\"},\"image\":{\"@id\":\"https:\\\/\\\/allsensors.eu\\\/de\\\/news-ressourcen\\\/events\\\/sommer-grillfest-2025\\\/#primaryimage\"},\"thumbnailUrl\":\"https:\\\/\\\/allsensors.eu\\\/wp-content\\\/uploads\\\/2025\\\/07\\\/IMG_5297-scaled.webp\",\"datePublished\":\"2025-08-17T09:30:50+00:00\",\"dateModified\":\"2025-09-17T14:01:52+00:00\",\"breadcrumb\":{\"@id\":\"https:\\\/\\\/allsensors.eu\\\/de\\\/news-ressourcen\\\/events\\\/sommer-grillfest-2025\\\/#breadcrumb\"},\"inLanguage\":\"de\",\"potentialAction\":[{\"@type\":\"ReadAction\",\"target\":[\"https:\\\/\\\/allsensors.eu\\\/de\\\/news-ressourcen\\\/events\\\/sommer-grillfest-2025\\\/\"]}]},{\"@type\":\"ImageObject\",\"inLanguage\":\"de\",\"@id\":\"https:\\\/\\\/allsensors.eu\\\/de\\\/news-ressourcen\\\/events\\\/sommer-grillfest-2025\\\/#primaryimage\",\"url\":\"https:\\\/\\\/allsensors.eu\\\/wp-content\\\/uploads\\\/2025\\\/07\\\/IMG_5297-scaled.webp\",\"contentUrl\":\"https:\\\/\\\/allsensors.eu\\\/wp-content\\\/uploads\\\/2025\\\/07\\\/IMG_5297-scaled.webp\",\"width\":2560,\"height\":1920},{\"@type\":\"BreadcrumbList\",\"@id\":\"https:\\\/\\\/allsensors.eu\\\/de\\\/news-ressourcen\\\/events\\\/sommer-grillfest-2025\\\/#breadcrumb\",\"itemListElement\":[{\"@type\":\"ListItem\",\"position\":1,\"name\":\"Startseite\",\"item\":\"https:\\\/\\\/allsensors.eu\\\/de\\\/startseite\\\/\"},{\"@type\":\"ListItem\",\"position\":2,\"name\":\"News &amp; Ressourcen\",\"item\":\"https:\\\/\\\/allsensors.eu\\\/de\\\/news-ressourcen\\\/\"},{\"@type\":\"ListItem\",\"position\":3,\"name\":\"Events\",\"item\":\"https:\\\/\\\/allsensors.eu\\\/de\\\/news-resources\\\/events\\\/\"},{\"@type\":\"ListItem\",\"position\":4,\"name\":\"Sommer-Grillfest 2025\"}]},{\"@type\":\"WebSite\",\"@id\":\"https:\\\/\\\/allsensors.eu\\\/de\\\/#website\",\"url\":\"https:\\\/\\\/allsensors.eu\\\/de\\\/\",\"name\":\"All Sensors\",\"description\":\"\",\"publisher\":{\"@id\":\"https:\\\/\\\/allsensors.eu\\\/de\\\/#organization\"},\"potentialAction\":[{\"@type\":\"SearchAction\",\"target\":{\"@type\":\"EntryPoint\",\"urlTemplate\":\"https:\\\/\\\/allsensors.eu\\\/de\\\/?s={search_term_string}\"},\"query-input\":{\"@type\":\"PropertyValueSpecification\",\"valueRequired\":true,\"valueName\":\"search_term_string\"}}],\"inLanguage\":\"de\"},{\"@type\":\"Organization\",\"@id\":\"https:\\\/\\\/allsensors.eu\\\/de\\\/#organization\",\"name\":\"All Sensors\",\"url\":\"https:\\\/\\\/allsensors.eu\\\/de\\\/\",\"logo\":{\"@type\":\"ImageObject\",\"inLanguage\":\"de\",\"@id\":\"https:\\\/\\\/allsensors.eu\\\/de\\\/#\\\/schema\\\/logo\\\/image\\\/\",\"url\":\"https:\\\/\\\/allsensors.eu\\\/wp-content\\\/uploads\\\/2023\\\/09\\\/cropped-cropped-All-Sensors-Logo-e1700556989539.png\",\"contentUrl\":\"https:\\\/\\\/allsensors.eu\\\/wp-content\\\/uploads\\\/2023\\\/09\\\/cropped-cropped-All-Sensors-Logo-e1700556989539.png\",\"width\":6090,\"height\":2375,\"caption\":\"All Sensors\"},\"image\":{\"@id\":\"https:\\\/\\\/allsensors.eu\\\/de\\\/#\\\/schema\\\/logo\\\/image\\\/\"}}]}<\/script>\n<!-- \/ Yoast SEO plugin. -->","yoast_head_json":{"title":"Sommer-Grillfest 2025 - All Sensors","robots":{"index":"index","follow":"follow","max-snippet":"max-snippet:-1","max-image-preview":"max-image-preview:large","max-video-preview":"max-video-preview:-1"},"canonical":"https:\/\/allsensors.eu\/de\/news-ressourcen\/events\/sommer-grillfest-2025\/","og_locale":"de_DE","og_type":"article","og_title":"Sommer-Grillfest 2025 - All Sensors","og_description":"Gutes Essen, eine entspannte Atmosph\u00e4re und viel Gel\u00e4chter pr\u00e4gten diese Veranstaltung.","og_url":"https:\/\/allsensors.eu\/de\/news-ressourcen\/events\/sommer-grillfest-2025\/","og_site_name":"All Sensors","article_modified_time":"2025-09-17T14:01:52+00:00","og_image":[{"width":2560,"height":1920,"url":"https:\/\/allsensors.eu\/wp-content\/uploads\/2025\/07\/IMG_5297-scaled.webp","type":"image\/webp"}],"twitter_card":"summary_large_image","twitter_misc":{"Gesch\u00e4tzte Lesezeit":"1\u00a0Minute"},"schema":{"@context":"https:\/\/schema.org","@graph":[{"@type":"WebPage","@id":"https:\/\/allsensors.eu\/de\/news-ressourcen\/events\/sommer-grillfest-2025\/","url":"https:\/\/allsensors.eu\/de\/news-ressourcen\/events\/sommer-grillfest-2025\/","name":"Sommer-Grillfest 2025 - All Sensors","isPartOf":{"@id":"https:\/\/allsensors.eu\/de\/#website"},"primaryImageOfPage":{"@id":"https:\/\/allsensors.eu\/de\/news-ressourcen\/events\/sommer-grillfest-2025\/#primaryimage"},"image":{"@id":"https:\/\/allsensors.eu\/de\/news-ressourcen\/events\/sommer-grillfest-2025\/#primaryimage"},"thumbnailUrl":"https:\/\/allsensors.eu\/wp-content\/uploads\/2025\/07\/IMG_5297-scaled.webp","datePublished":"2025-08-17T09:30:50+00:00","dateModified":"2025-09-17T14:01:52+00:00","breadcrumb":{"@id":"https:\/\/allsensors.eu\/de\/news-ressourcen\/events\/sommer-grillfest-2025\/#breadcrumb"},"inLanguage":"de","potentialAction":[{"@type":"ReadAction","target":["https:\/\/allsensors.eu\/de\/news-ressourcen\/events\/sommer-grillfest-2025\/"]}]},{"@type":"ImageObject","inLanguage":"de","@id":"https:\/\/allsensors.eu\/de\/news-ressourcen\/events\/sommer-grillfest-2025\/#primaryimage","url":"https:\/\/allsensors.eu\/wp-content\/uploads\/2025\/07\/IMG_5297-scaled.webp","contentUrl":"https:\/\/allsensors.eu\/wp-content\/uploads\/2025\/07\/IMG_5297-scaled.webp","width":2560,"height":1920},{"@type":"BreadcrumbList","@id":"https:\/\/allsensors.eu\/de\/news-ressourcen\/events\/sommer-grillfest-2025\/#breadcrumb","itemListElement":[{"@type":"ListItem","position":1,"name":"Startseite","item":"https:\/\/allsensors.eu\/de\/startseite\/"},{"@type":"ListItem","position":2,"name":"News &amp; Ressourcen","item":"https:\/\/allsensors.eu\/de\/news-ressourcen\/"},{"@type":"ListItem","position":3,"name":"Events","item":"https:\/\/allsensors.eu\/de\/news-resources\/events\/"},{"@type":"ListItem","position":4,"name":"Sommer-Grillfest 2025"}]},{"@type":"WebSite","@id":"https:\/\/allsensors.eu\/de\/#website","url":"https:\/\/allsensors.eu\/de\/","name":"All Sensors","description":"","publisher":{"@id":"https:\/\/allsensors.eu\/de\/#organization"},"potentialAction":[{"@type":"SearchAction","target":{"@type":"EntryPoint","urlTemplate":"https:\/\/allsensors.eu\/de\/?s={search_term_string}"},"query-input":{"@type":"PropertyValueSpecification","valueRequired":true,"valueName":"search_term_string"}}],"inLanguage":"de"},{"@type":"Organization","@id":"https:\/\/allsensors.eu\/de\/#organization","name":"All Sensors","url":"https:\/\/allsensors.eu\/de\/","logo":{"@type":"ImageObject","inLanguage":"de","@id":"https:\/\/allsensors.eu\/de\/#\/schema\/logo\/image\/","url":"https:\/\/allsensors.eu\/wp-content\/uploads\/2023\/09\/cropped-cropped-All-Sensors-Logo-e1700556989539.png","contentUrl":"https:\/\/allsensors.eu\/wp-content\/uploads\/2023\/09\/cropped-cropped-All-Sensors-Logo-e1700556989539.png","width":6090,"height":2375,"caption":"All Sensors"},"image":{"@id":"https:\/\/allsensors.eu\/de\/#\/schema\/logo\/image\/"}}]}},"_links":{"self":[{"href":"https:\/\/allsensors.eu\/de\/wp-json\/wp\/v2\/pages\/20118","targetHints":{"allow":["GET"]}}],"collection":[{"href":"https:\/\/allsensors.eu\/de\/wp-json\/wp\/v2\/pages"}],"about":[{"href":"https:\/\/allsensors.eu\/de\/wp-json\/wp\/v2\/types\/page"}],"author":[{"embeddable":true,"href":"https:\/\/allsensors.eu\/de\/wp-json\/wp\/v2\/users\/4"}],"replies":[{"embeddable":true,"href":"https:\/\/allsensors.eu\/de\/wp-json\/wp\/v2\/comments?post=20118"}],"version-history":[{"count":1,"href":"https:\/\/allsensors.eu\/de\/wp-json\/wp\/v2\/pages\/20118\/revisions"}],"predecessor-version":[{"id":20119,"href":"https:\/\/allsensors.eu\/de\/wp-json\/wp\/v2\/pages\/20118\/revisions\/20119"}],"up":[{"embeddable":true,"href":"https:\/\/allsensors.eu\/de\/wp-json\/wp\/v2\/pages\/20116"}],"wp:featuredmedia":[{"embeddable":true,"href":"https:\/\/allsensors.eu\/de\/wp-json\/wp\/v2\/media\/19237"}],"wp:attachment":[{"href":"https:\/\/allsensors.eu\/de\/wp-json\/wp\/v2\/media?parent=20118"}],"curies":[{"name":"wp","href":"https:\/\/api.w.org\/{rel}","templated":true}]}}