{"id":20478,"date":"2025-09-29T08:34:34","date_gmt":"2025-09-29T08:34:34","guid":{"rendered":"https:\/\/allsensors.eu\/news-ressourcen\/blog\/ecovadis-auszeichnung\/"},"modified":"2025-09-29T09:00:37","modified_gmt":"2025-09-29T09:00:37","slug":"ecovadis-auszeichnung","status":"publish","type":"page","link":"https:\/\/allsensors.eu\/de\/news-ressourcen\/blog\/ecovadis-auszeichnung\/","title":{"rendered":"EcoVadis Auszeichnung"},"content":{"rendered":"\t\t<div data-elementor-type=\"wp-page\" data-elementor-id=\"20478\" class=\"elementor elementor-20478 elementor-20456\" data-elementor-post-type=\"page\">\n\t\t\t\t<div class=\"elementor-element elementor-element-92b6f08 e-con-full e-flex e-con e-parent\" data-id=\"92b6f08\" data-element_type=\"container\">\n\t\t<div class=\"elementor-element elementor-element-1c8e31c e-con-full e-flex e-con e-child\" data-id=\"1c8e31c\" data-element_type=\"container\">\n\t\t\t\t<div class=\"elementor-element elementor-element-ccd2207 elementor-widget elementor-widget-image\" data-id=\"ccd2207\" data-element_type=\"widget\" data-settings=\"{&quot;motion_fx_motion_fx_scrolling&quot;:&quot;yes&quot;,&quot;motion_fx_scale_effect&quot;:&quot;yes&quot;,&quot;motion_fx_scale_speed&quot;:{&quot;unit&quot;:&quot;px&quot;,&quot;size&quot;:2,&quot;sizes&quot;:[]},&quot;motion_fx_scale_range&quot;:{&quot;unit&quot;:&quot;%&quot;,&quot;size&quot;:&quot;&quot;,&quot;sizes&quot;:{&quot;start&quot;:65,&quot;end&quot;:100}},&quot;motion_fx_scale_direction&quot;:&quot;out-in&quot;,&quot;motion_fx_devices&quot;:[&quot;desktop&quot;,&quot;tablet&quot;,&quot;mobile&quot;]}\" data-widget_type=\"image.default\">\n\t\t\t\t\t\t\t\t\t\t\t\t\t\t\t<img fetchpriority=\"high\" decoding=\"async\" width=\"2560\" height=\"747\" src=\"https:\/\/allsensors.eu\/wp-content\/uploads\/2025\/07\/Logo-an-Wand-Header-scaled.webp\" class=\"attachment-full size-full wp-image-19018\" alt=\"\" srcset=\"https:\/\/allsensors.eu\/wp-content\/uploads\/2025\/07\/Logo-an-Wand-Header-scaled.webp 2560w, https:\/\/allsensors.eu\/wp-content\/uploads\/2025\/07\/Logo-an-Wand-Header-300x88.webp 300w, https:\/\/allsensors.eu\/wp-content\/uploads\/2025\/07\/Logo-an-Wand-Header-1024x299.webp 1024w, https:\/\/allsensors.eu\/wp-content\/uploads\/2025\/07\/Logo-an-Wand-Header-768x224.webp 768w, https:\/\/allsensors.eu\/wp-content\/uploads\/2025\/07\/Logo-an-Wand-Header-1536x448.webp 1536w, https:\/\/allsensors.eu\/wp-content\/uploads\/2025\/07\/Logo-an-Wand-Header-2048x598.webp 2048w\" sizes=\"(max-width: 2560px) 100vw, 2560px\" \/>\t\t\t\t\t\t\t\t\t\t\t\t\t\t\t<\/div>\n\t\t\t\t<\/div>\n\t\t\t\t<\/div>\n\t\t<div class=\"elementor-element elementor-element-6f7fe29 e-flex e-con-boxed e-con e-parent\" data-id=\"6f7fe29\" data-element_type=\"container\">\n\t\t\t\t\t<div class=\"e-con-inner\">\n\t\t<div class=\"elementor-element elementor-element-7fd1c90 e-con-full e-flex e-con e-child\" data-id=\"7fd1c90\" data-element_type=\"container\">\n\t\t\t\t<div class=\"elementor-element elementor-element-c4fe4ab elementor-widget elementor-widget-heading\" data-id=\"c4fe4ab\" data-element_type=\"widget\" data-widget_type=\"heading.default\">\n\t\t\t\t\t<h1 class=\"elementor-heading-title elementor-size-default\">Alle Sensoren von EcoVadis ausgezeichnet<\/h1>\t\t\t\t<\/div>\n\t\t\t\t<div class=\"elementor-element elementor-element-bef6e1a elementor-widget elementor-widget-text-editor\" data-id=\"bef6e1a\" data-element_type=\"widget\" data-widget_type=\"text-editor.default\">\n\t\t\t\t\t\t\t\t\t<div><h3>EcoVadis-Bronzemedaille: Alle Sensoren f\u00fcr ihre Nachhaltigkeitsleistung ausgezeichnet<\/h3><\/div>\t\t\t\t\t\t\t\t<\/div>\n\t\t\t\t<\/div>\n\t\t\t\t\t<\/div>\n\t\t\t\t<\/div>\n\t\t<div class=\"elementor-element elementor-element-37062d7 e-flex e-con-boxed e-con e-parent\" data-id=\"37062d7\" data-element_type=\"container\">\n\t\t\t\t\t<div class=\"e-con-inner\">\n\t\t<div class=\"elementor-element elementor-element-2cfcc22 e-con-full e-flex e-con e-child\" data-id=\"2cfcc22\" data-element_type=\"container\">\n\t\t\t\t<div class=\"elementor-element elementor-element-80f8d6f elementor-widget elementor-widget-text-editor\" data-id=\"80f8d6f\" data-element_type=\"widget\" data-widget_type=\"text-editor.default\">\n\t\t\t\t\t\t\t\t\t<p><strong>M\u00fcnchen, September 2025<\/strong> \u2013 Nachhaltigkeit ist mehr als nur ein Trend \u2013 sie ist eine Verantwortung. Bei All Sensors nehmen wir diese Verantwortung ernst und freuen uns, einen neuen Meilenstein bekannt zu geben: <a href=\"https:\/\/ecovadis.com\/\">EcoVadis<\/a> hat All Sensors mit der <strong>Bronzemedaille<\/strong> f\u00fcr soziale Unternehmensverantwortung ausgezeichnet und uns damit unter die besten <strong>35<\/strong><strong> %<\/strong> aller bewerteten Unternehmen platziert. <\/p><p>Diese Anerkennung spornt uns an, konzentriert zu bleiben und weiterhin positive Ver\u00e4nderungen voranzutreiben. Wir glauben, dass verantwortungsvolle Innovation die Zukunft der Sensorindustrie ist \u2013 und wir freuen uns darauf, diese mitzugestalten. <\/p><p>M\u00f6chten Sie mehr \u00fcber unsere Initiativen zur Unternehmensverantwortung erfahren?<\/p><p>EcoVadis ist einer der weltweit renommiertesten Anbieter von Nachhaltigkeitsratings f\u00fcr Unternehmen. Das Bewertungsraster umfasst vier Schl\u00fcsselbereiche: <\/p><ul><li>Umweltauswirkungen<\/li><li>Arbeit und Menschenrechte<\/li><li>Ethik<\/li><li>Nachhaltige Beschaffung<br><br><\/li><\/ul><p>Die Leistung von All Sensors in diesen Kategorien spiegelt eine solide Grundlage ethischer Gesch\u00e4ftspraktiken und transparenter Prozesse in allen unseren Betriebsabl\u00e4ufen wider. Von der Reduzierung von Emissionen und der Optimierung des Energieverbrauchs in der Produktion bis hin zur F\u00f6rderung einer sicheren und integrativen Arbeitsumgebung \u2013 Nachhaltigkeit betrifft alle Ebenen unseres Unternehmens. <\/p><p>Die Bronzemedaille unterstreicht nicht nur unsere aktuellen Erfolge, sondern zeigt auch, dass wir auf dem richtigen Weg zu kontinuierlicher Verbesserung sind. Wir wissen, dass unsere Kunden, insbesondere in Bereichen wie Medizintechnik und Umwelt\u00fcberwachung, nicht nur technische Exzellenz, sondern auch soziale und \u00f6kologische Verantwortung sch\u00e4tzen.<br>Unsere Bewertung bei EcoVadis finden Sie hier: <br><a href=\"https:\/\/recognition.ecovadis.com\/Gro6GeljvkWkNTFeskfBZw\"><strong>ECOVADIS<\/strong><\/a><\/p><p>\u201eWir sind stolz darauf, dass unsere Bem\u00fchungen anerkannt werden, und werden weiterhin konkrete Schritte in Richtung einer nachhaltigeren Unternehmensf\u00fchrung unternehmen\u201c, bekr\u00e4ftigt das Managementteam.<\/p>\t\t\t\t\t\t\t\t<\/div>\n\t\t\t\t<\/div>\n\t\t<div class=\"elementor-element elementor-element-5b7d656 e-con-full e-flex e-con e-child\" data-id=\"5b7d656\" data-element_type=\"container\">\n\t\t\t\t<div class=\"elementor-element elementor-element-e320dea elementor-widget elementor-widget-image\" data-id=\"e320dea\" data-element_type=\"widget\" data-widget_type=\"image.default\">\n\t\t\t\t\t\t\t\t\t\t\t\t\t\t\t<img decoding=\"async\" width=\"800\" height=\"800\" src=\"https:\/\/allsensors.eu\/wp-content\/uploads\/2025\/09\/medal-1024x1024.png\" class=\"attachment-large size-large wp-image-20455\" alt=\"\" srcset=\"https:\/\/allsensors.eu\/wp-content\/uploads\/2025\/09\/medal-1024x1024.png 1024w, https:\/\/allsensors.eu\/wp-content\/uploads\/2025\/09\/medal-300x300.png 300w, https:\/\/allsensors.eu\/wp-content\/uploads\/2025\/09\/medal-150x150.png 150w, https:\/\/allsensors.eu\/wp-content\/uploads\/2025\/09\/medal-768x768.png 768w, https:\/\/allsensors.eu\/wp-content\/uploads\/2025\/09\/medal-1536x1536.png 1536w, https:\/\/allsensors.eu\/wp-content\/uploads\/2025\/09\/medal.png 1667w\" sizes=\"(max-width: 800px) 100vw, 800px\" \/>\t\t\t\t\t\t\t\t\t\t\t\t\t\t\t<\/div>\n\t\t\t\t<div class=\"elementor-element elementor-element-c781ab6 elementor-widget elementor-widget-text-editor\" data-id=\"c781ab6\" data-element_type=\"widget\" data-widget_type=\"text-editor.default\">\n\t\t\t\t\t\t\t\t\t<p>Diese Anerkennung spornt uns an, konzentriert zu bleiben und weiterhin positive Ver\u00e4nderungen voranzutreiben. Wir glauben, dass verantwortungsvolle Innovation die Zukunft der Sensorindustrie ist \u2013 und wir freuen uns darauf, diese mitzugestalten. <\/p><p>M\u00f6chten Sie mehr \u00fcber unsere Initiativen zur Unternehmensverantwortung erfahren?<\/p>\t\t\t\t\t\t\t\t<\/div>\n\t\t\t\t<div class=\"elementor-element elementor-element-d702fee elementor-align-left elementor-widget elementor-widget-button\" data-id=\"d702fee\" data-element_type=\"widget\" data-widget_type=\"button.default\">\n\t\t\t\t\t\t\t\t\t\t<a class=\"elementor-button elementor-button-link elementor-size-sm\" href=\"https:\/\/allsensors.eu\/de\/kontakt\/\">\n\t\t\t\t\t\t<span class=\"elementor-button-content-wrapper\">\n\t\t\t\t\t\t\t\t\t<span class=\"elementor-button-text\">Kontakt<\/span>\n\t\t\t\t\t<\/span>\n\t\t\t\t\t<\/a>\n\t\t\t\t\t\t\t\t<\/div>\n\t\t\t\t<\/div>\n\t\t\t\t\t<\/div>\n\t\t\t\t<\/div>\n\t\t\t\t<\/div>\n\t\t","protected":false},"excerpt":{"rendered":"<p style=\"margin: 0;padding: 0;padding-left: 20px\">\nAll Sensors GmbH erh\u00e4lt EcoVadis-Bronzemedaille f\u00fcr Nachhaltigkeit.<\/p>\n","protected":false},"author":4,"featured_media":20455,"parent":19076,"menu_order":0,"comment_status":"closed","ping_status":"closed","template":"","meta":{"footnotes":""},"class_list":["post-20478","page","type-page","status-publish","has-post-thumbnail","hentry"],"yoast_head":"<!-- This site is optimized with the Yoast SEO plugin v27.3 - https:\/\/yoast.com\/product\/yoast-seo-wordpress\/ -->\n<title>EcoVadis-Auszeichnung f\u00fcr All Sensors GmbH<\/title>\n<meta name=\"description\" content=\"Die All Sensors GmbH wurde mit der EcoVadis-Bronzemedaille ausgezeichnet und geh\u00f6rt damit zu den besten 35 % der Unternehmen weltweit im Bereich Nachhaltigkeit.\" \/>\n<meta name=\"robots\" content=\"index, follow, max-snippet:-1, max-image-preview:large, max-video-preview:-1\" \/>\n<link rel=\"canonical\" href=\"https:\/\/allsensors.eu\/de\/news-ressourcen\/blog\/ecovadis-auszeichnung\/\" \/>\n<meta property=\"og:locale\" content=\"de_DE\" \/>\n<meta property=\"og:type\" content=\"article\" \/>\n<meta property=\"og:title\" content=\"EcoVadis-Auszeichnung f\u00fcr All Sensors GmbH\" \/>\n<meta property=\"og:description\" content=\"Die All Sensors GmbH wurde mit der EcoVadis-Bronzemedaille ausgezeichnet und geh\u00f6rt damit zu den besten 35 % der Unternehmen weltweit im Bereich Nachhaltigkeit.\" \/>\n<meta property=\"og:url\" content=\"https:\/\/allsensors.eu\/de\/news-ressourcen\/blog\/ecovadis-auszeichnung\/\" \/>\n<meta property=\"og:site_name\" content=\"All Sensors\" \/>\n<meta property=\"article:modified_time\" content=\"2025-09-29T09:00:37+00:00\" \/>\n<meta property=\"og:image\" content=\"https:\/\/allsensors.eu\/wp-content\/uploads\/2025\/09\/medal.png\" \/>\n\t<meta property=\"og:image:width\" content=\"1667\" \/>\n\t<meta property=\"og:image:height\" content=\"1667\" \/>\n\t<meta property=\"og:image:type\" content=\"image\/png\" \/>\n<meta name=\"twitter:card\" content=\"summary_large_image\" \/>\n<meta name=\"twitter:label1\" content=\"Gesch\u00e4tzte Lesezeit\" \/>\n\t<meta name=\"twitter:data1\" content=\"2\u00a0Minuten\" \/>\n<script type=\"application\/ld+json\" class=\"yoast-schema-graph\">{\"@context\":\"https:\\\/\\\/schema.org\",\"@graph\":[{\"@type\":\"WebPage\",\"@id\":\"https:\\\/\\\/allsensors.eu\\\/de\\\/news-ressourcen\\\/blog\\\/ecovadis-auszeichnung\\\/\",\"url\":\"https:\\\/\\\/allsensors.eu\\\/de\\\/news-ressourcen\\\/blog\\\/ecovadis-auszeichnung\\\/\",\"name\":\"EcoVadis-Auszeichnung f\u00fcr All Sensors GmbH\",\"isPartOf\":{\"@id\":\"https:\\\/\\\/allsensors.eu\\\/de\\\/#website\"},\"primaryImageOfPage\":{\"@id\":\"https:\\\/\\\/allsensors.eu\\\/de\\\/news-ressourcen\\\/blog\\\/ecovadis-auszeichnung\\\/#primaryimage\"},\"image\":{\"@id\":\"https:\\\/\\\/allsensors.eu\\\/de\\\/news-ressourcen\\\/blog\\\/ecovadis-auszeichnung\\\/#primaryimage\"},\"thumbnailUrl\":\"https:\\\/\\\/allsensors.eu\\\/wp-content\\\/uploads\\\/2025\\\/09\\\/medal.png\",\"datePublished\":\"2025-09-29T08:34:34+00:00\",\"dateModified\":\"2025-09-29T09:00:37+00:00\",\"description\":\"Die All Sensors GmbH wurde mit der EcoVadis-Bronzemedaille ausgezeichnet und geh\u00f6rt damit zu den besten 35 % der Unternehmen weltweit im Bereich Nachhaltigkeit.\",\"breadcrumb\":{\"@id\":\"https:\\\/\\\/allsensors.eu\\\/de\\\/news-ressourcen\\\/blog\\\/ecovadis-auszeichnung\\\/#breadcrumb\"},\"inLanguage\":\"de\",\"potentialAction\":[{\"@type\":\"ReadAction\",\"target\":[\"https:\\\/\\\/allsensors.eu\\\/de\\\/news-ressourcen\\\/blog\\\/ecovadis-auszeichnung\\\/\"]}]},{\"@type\":\"ImageObject\",\"inLanguage\":\"de\",\"@id\":\"https:\\\/\\\/allsensors.eu\\\/de\\\/news-ressourcen\\\/blog\\\/ecovadis-auszeichnung\\\/#primaryimage\",\"url\":\"https:\\\/\\\/allsensors.eu\\\/wp-content\\\/uploads\\\/2025\\\/09\\\/medal.png\",\"contentUrl\":\"https:\\\/\\\/allsensors.eu\\\/wp-content\\\/uploads\\\/2025\\\/09\\\/medal.png\",\"width\":1667,\"height\":1667},{\"@type\":\"BreadcrumbList\",\"@id\":\"https:\\\/\\\/allsensors.eu\\\/de\\\/news-ressourcen\\\/blog\\\/ecovadis-auszeichnung\\\/#breadcrumb\",\"itemListElement\":[{\"@type\":\"ListItem\",\"position\":1,\"name\":\"Startseite\",\"item\":\"https:\\\/\\\/allsensors.eu\\\/de\\\/startseite\\\/\"},{\"@type\":\"ListItem\",\"position\":2,\"name\":\"News &amp; Ressourcen\",\"item\":\"https:\\\/\\\/allsensors.eu\\\/de\\\/news-ressourcen\\\/\"},{\"@type\":\"ListItem\",\"position\":3,\"name\":\"Blog\",\"item\":\"https:\\\/\\\/allsensors.eu\\\/de\\\/news-ressourcen\\\/blog\\\/\"},{\"@type\":\"ListItem\",\"position\":4,\"name\":\"EcoVadis Auszeichnung\"}]},{\"@type\":\"WebSite\",\"@id\":\"https:\\\/\\\/allsensors.eu\\\/de\\\/#website\",\"url\":\"https:\\\/\\\/allsensors.eu\\\/de\\\/\",\"name\":\"All Sensors\",\"description\":\"\",\"publisher\":{\"@id\":\"https:\\\/\\\/allsensors.eu\\\/de\\\/#organization\"},\"potentialAction\":[{\"@type\":\"SearchAction\",\"target\":{\"@type\":\"EntryPoint\",\"urlTemplate\":\"https:\\\/\\\/allsensors.eu\\\/de\\\/?s={search_term_string}\"},\"query-input\":{\"@type\":\"PropertyValueSpecification\",\"valueRequired\":true,\"valueName\":\"search_term_string\"}}],\"inLanguage\":\"de\"},{\"@type\":\"Organization\",\"@id\":\"https:\\\/\\\/allsensors.eu\\\/de\\\/#organization\",\"name\":\"All Sensors\",\"url\":\"https:\\\/\\\/allsensors.eu\\\/de\\\/\",\"logo\":{\"@type\":\"ImageObject\",\"inLanguage\":\"de\",\"@id\":\"https:\\\/\\\/allsensors.eu\\\/de\\\/#\\\/schema\\\/logo\\\/image\\\/\",\"url\":\"https:\\\/\\\/allsensors.eu\\\/wp-content\\\/uploads\\\/2023\\\/09\\\/cropped-cropped-All-Sensors-Logo-e1700556989539.png\",\"contentUrl\":\"https:\\\/\\\/allsensors.eu\\\/wp-content\\\/uploads\\\/2023\\\/09\\\/cropped-cropped-All-Sensors-Logo-e1700556989539.png\",\"width\":6090,\"height\":2375,\"caption\":\"All Sensors\"},\"image\":{\"@id\":\"https:\\\/\\\/allsensors.eu\\\/de\\\/#\\\/schema\\\/logo\\\/image\\\/\"}}]}<\/script>\n<!-- \/ Yoast SEO plugin. -->","yoast_head_json":{"title":"EcoVadis-Auszeichnung f\u00fcr All Sensors GmbH","description":"Die All Sensors GmbH wurde mit der EcoVadis-Bronzemedaille ausgezeichnet und geh\u00f6rt damit zu den besten 35 % der Unternehmen weltweit im Bereich Nachhaltigkeit.","robots":{"index":"index","follow":"follow","max-snippet":"max-snippet:-1","max-image-preview":"max-image-preview:large","max-video-preview":"max-video-preview:-1"},"canonical":"https:\/\/allsensors.eu\/de\/news-ressourcen\/blog\/ecovadis-auszeichnung\/","og_locale":"de_DE","og_type":"article","og_title":"EcoVadis-Auszeichnung f\u00fcr All Sensors GmbH","og_description":"Die All Sensors GmbH wurde mit der EcoVadis-Bronzemedaille ausgezeichnet und geh\u00f6rt damit zu den besten 35 % der Unternehmen weltweit im Bereich Nachhaltigkeit.","og_url":"https:\/\/allsensors.eu\/de\/news-ressourcen\/blog\/ecovadis-auszeichnung\/","og_site_name":"All Sensors","article_modified_time":"2025-09-29T09:00:37+00:00","og_image":[{"width":1667,"height":1667,"url":"https:\/\/allsensors.eu\/wp-content\/uploads\/2025\/09\/medal.png","type":"image\/png"}],"twitter_card":"summary_large_image","twitter_misc":{"Gesch\u00e4tzte Lesezeit":"2\u00a0Minuten"},"schema":{"@context":"https:\/\/schema.org","@graph":[{"@type":"WebPage","@id":"https:\/\/allsensors.eu\/de\/news-ressourcen\/blog\/ecovadis-auszeichnung\/","url":"https:\/\/allsensors.eu\/de\/news-ressourcen\/blog\/ecovadis-auszeichnung\/","name":"EcoVadis-Auszeichnung f\u00fcr All Sensors GmbH","isPartOf":{"@id":"https:\/\/allsensors.eu\/de\/#website"},"primaryImageOfPage":{"@id":"https:\/\/allsensors.eu\/de\/news-ressourcen\/blog\/ecovadis-auszeichnung\/#primaryimage"},"image":{"@id":"https:\/\/allsensors.eu\/de\/news-ressourcen\/blog\/ecovadis-auszeichnung\/#primaryimage"},"thumbnailUrl":"https:\/\/allsensors.eu\/wp-content\/uploads\/2025\/09\/medal.png","datePublished":"2025-09-29T08:34:34+00:00","dateModified":"2025-09-29T09:00:37+00:00","description":"Die All Sensors GmbH wurde mit der EcoVadis-Bronzemedaille ausgezeichnet und geh\u00f6rt damit zu den besten 35 % der Unternehmen weltweit im Bereich Nachhaltigkeit.","breadcrumb":{"@id":"https:\/\/allsensors.eu\/de\/news-ressourcen\/blog\/ecovadis-auszeichnung\/#breadcrumb"},"inLanguage":"de","potentialAction":[{"@type":"ReadAction","target":["https:\/\/allsensors.eu\/de\/news-ressourcen\/blog\/ecovadis-auszeichnung\/"]}]},{"@type":"ImageObject","inLanguage":"de","@id":"https:\/\/allsensors.eu\/de\/news-ressourcen\/blog\/ecovadis-auszeichnung\/#primaryimage","url":"https:\/\/allsensors.eu\/wp-content\/uploads\/2025\/09\/medal.png","contentUrl":"https:\/\/allsensors.eu\/wp-content\/uploads\/2025\/09\/medal.png","width":1667,"height":1667},{"@type":"BreadcrumbList","@id":"https:\/\/allsensors.eu\/de\/news-ressourcen\/blog\/ecovadis-auszeichnung\/#breadcrumb","itemListElement":[{"@type":"ListItem","position":1,"name":"Startseite","item":"https:\/\/allsensors.eu\/de\/startseite\/"},{"@type":"ListItem","position":2,"name":"News &amp; Ressourcen","item":"https:\/\/allsensors.eu\/de\/news-ressourcen\/"},{"@type":"ListItem","position":3,"name":"Blog","item":"https:\/\/allsensors.eu\/de\/news-ressourcen\/blog\/"},{"@type":"ListItem","position":4,"name":"EcoVadis Auszeichnung"}]},{"@type":"WebSite","@id":"https:\/\/allsensors.eu\/de\/#website","url":"https:\/\/allsensors.eu\/de\/","name":"All Sensors","description":"","publisher":{"@id":"https:\/\/allsensors.eu\/de\/#organization"},"potentialAction":[{"@type":"SearchAction","target":{"@type":"EntryPoint","urlTemplate":"https:\/\/allsensors.eu\/de\/?s={search_term_string}"},"query-input":{"@type":"PropertyValueSpecification","valueRequired":true,"valueName":"search_term_string"}}],"inLanguage":"de"},{"@type":"Organization","@id":"https:\/\/allsensors.eu\/de\/#organization","name":"All Sensors","url":"https:\/\/allsensors.eu\/de\/","logo":{"@type":"ImageObject","inLanguage":"de","@id":"https:\/\/allsensors.eu\/de\/#\/schema\/logo\/image\/","url":"https:\/\/allsensors.eu\/wp-content\/uploads\/2023\/09\/cropped-cropped-All-Sensors-Logo-e1700556989539.png","contentUrl":"https:\/\/allsensors.eu\/wp-content\/uploads\/2023\/09\/cropped-cropped-All-Sensors-Logo-e1700556989539.png","width":6090,"height":2375,"caption":"All Sensors"},"image":{"@id":"https:\/\/allsensors.eu\/de\/#\/schema\/logo\/image\/"}}]}},"_links":{"self":[{"href":"https:\/\/allsensors.eu\/de\/wp-json\/wp\/v2\/pages\/20478","targetHints":{"allow":["GET"]}}],"collection":[{"href":"https:\/\/allsensors.eu\/de\/wp-json\/wp\/v2\/pages"}],"about":[{"href":"https:\/\/allsensors.eu\/de\/wp-json\/wp\/v2\/types\/page"}],"author":[{"embeddable":true,"href":"https:\/\/allsensors.eu\/de\/wp-json\/wp\/v2\/users\/4"}],"replies":[{"embeddable":true,"href":"https:\/\/allsensors.eu\/de\/wp-json\/wp\/v2\/comments?post=20478"}],"version-history":[{"count":2,"href":"https:\/\/allsensors.eu\/de\/wp-json\/wp\/v2\/pages\/20478\/revisions"}],"predecessor-version":[{"id":20480,"href":"https:\/\/allsensors.eu\/de\/wp-json\/wp\/v2\/pages\/20478\/revisions\/20480"}],"up":[{"embeddable":true,"href":"https:\/\/allsensors.eu\/de\/wp-json\/wp\/v2\/pages\/19076"}],"wp:featuredmedia":[{"embeddable":true,"href":"https:\/\/allsensors.eu\/de\/wp-json\/wp\/v2\/media\/20455"}],"wp:attachment":[{"href":"https:\/\/allsensors.eu\/de\/wp-json\/wp\/v2\/media?parent=20478"}],"curies":[{"name":"wp","href":"https:\/\/api.w.org\/{rel}","templated":true}]}}