{"id":20725,"date":"2025-10-06T09:24:36","date_gmt":"2025-10-06T09:24:36","guid":{"rendered":"https:\/\/allsensors.eu\/news-ressourcen\/events\/wiesn-2025\/"},"modified":"2025-11-20T07:57:31","modified_gmt":"2025-11-20T07:57:31","slug":"wiesn-2025","status":"publish","type":"page","link":"https:\/\/allsensors.eu\/de\/news-ressourcen\/events\/wiesn-2025\/","title":{"rendered":"Wiesn 2025"},"content":{"rendered":"\t\t<div data-elementor-type=\"wp-page\" data-elementor-id=\"20725\" class=\"elementor elementor-20725 elementor-20660\" data-elementor-post-type=\"page\">\n\t\t\t\t<div class=\"elementor-element elementor-element-4c94441 e-con-full e-flex e-con e-parent\" data-id=\"4c94441\" data-element_type=\"container\" data-e-type=\"container\">\n\t\t<div class=\"elementor-element elementor-element-89e4dd0 e-con-full e-flex e-con e-child\" data-id=\"89e4dd0\" data-element_type=\"container\" data-e-type=\"container\">\n\t\t\t\t<div class=\"elementor-element elementor-element-4700e6f elementor-widget elementor-widget-image\" data-id=\"4700e6f\" data-element_type=\"widget\" data-e-type=\"widget\" data-settings=\"{&quot;motion_fx_motion_fx_scrolling&quot;:&quot;yes&quot;,&quot;motion_fx_scale_effect&quot;:&quot;yes&quot;,&quot;motion_fx_scale_speed&quot;:{&quot;unit&quot;:&quot;px&quot;,&quot;size&quot;:2,&quot;sizes&quot;:[]},&quot;motion_fx_scale_range&quot;:{&quot;unit&quot;:&quot;%&quot;,&quot;size&quot;:&quot;&quot;,&quot;sizes&quot;:{&quot;start&quot;:65,&quot;end&quot;:100}},&quot;motion_fx_scale_direction&quot;:&quot;out-in&quot;,&quot;motion_fx_devices&quot;:[&quot;desktop&quot;,&quot;tablet&quot;,&quot;mobile&quot;]}\" data-widget_type=\"image.default\">\n\t\t\t\t\t\t\t\t\t\t\t\t\t\t\t<img fetchpriority=\"high\" decoding=\"async\" width=\"1512\" height=\"2016\" src=\"https:\/\/allsensors.eu\/wp-content\/uploads\/2025\/10\/Oktoberfest-2025-Riesenrad-MS.webp\" class=\"attachment-full size-full wp-image-20673\" alt=\"\" srcset=\"https:\/\/allsensors.eu\/wp-content\/uploads\/2025\/10\/Oktoberfest-2025-Riesenrad-MS.webp 1512w, https:\/\/allsensors.eu\/wp-content\/uploads\/2025\/10\/Oktoberfest-2025-Riesenrad-MS-225x300.webp 225w, https:\/\/allsensors.eu\/wp-content\/uploads\/2025\/10\/Oktoberfest-2025-Riesenrad-MS-768x1024.webp 768w, https:\/\/allsensors.eu\/wp-content\/uploads\/2025\/10\/Oktoberfest-2025-Riesenrad-MS-1152x1536.webp 1152w\" sizes=\"(max-width: 1512px) 100vw, 1512px\" \/>\t\t\t\t\t\t\t\t\t\t\t\t\t\t\t<\/div>\n\t\t\t\t<\/div>\n\t\t\t\t<\/div>\n\t\t<div class=\"elementor-element elementor-element-85ac643 e-flex e-con-boxed e-con e-parent\" data-id=\"85ac643\" data-element_type=\"container\" data-e-type=\"container\">\n\t\t\t\t\t<div class=\"e-con-inner\">\n\t\t<div class=\"elementor-element elementor-element-f37b8f7 e-con-full e-flex e-con e-child\" data-id=\"f37b8f7\" data-element_type=\"container\" data-e-type=\"container\">\n\t\t\t\t<div class=\"elementor-element elementor-element-5a1745a elementor-widget elementor-widget-heading\" data-id=\"5a1745a\" data-element_type=\"widget\" data-e-type=\"widget\" data-widget_type=\"heading.default\">\n\t\t\t\t\t<h1 class=\"elementor-heading-title elementor-size-default\">Oktoberfest 2025<\/h1>\t\t\t\t<\/div>\n\t\t\t\t<div class=\"elementor-element elementor-element-23f1571 elementor-widget elementor-widget-text-editor\" data-id=\"23f1571\" data-element_type=\"widget\" data-e-type=\"widget\" data-widget_type=\"text-editor.default\">\n\t\t\t\t\t\t\t\t\t<div><h3><b>Ein Hauch von Tradition \u2013 Das Team der All Sensors GmbH auf der Oiden Wiesn<\/b><\/h3><\/div>\t\t\t\t\t\t\t\t<\/div>\n\t\t<div class=\"elementor-element elementor-element-fe649c0 e-grid e-con-full e-con e-child\" data-id=\"fe649c0\" data-element_type=\"container\" data-e-type=\"container\">\n\t\t\t\t<div class=\"elementor-element elementor-element-5f7eb49 elementor-widget elementor-widget-text-editor\" data-id=\"5f7eb49\" data-element_type=\"widget\" data-e-type=\"widget\" data-widget_type=\"text-editor.default\">\n\t\t\t\t\t\t\t\t\t<p class=\"p1\">Bei All Sensors GmbH gehen Pr\u00e4zision und Teamwork Hand in Hand \u2013 und das gilt sowohl im Labor als auch dar\u00fcber hinaus. Um die Herbstsaison zu feiern, tauschte ein Teil unseres Teams Niederdrucksensoren gegen Lederhosen und Dirndl und begab sich zur Oide Wiesn im Festzelt Tradition, um authentische bayerische Kultur zu erleben. <\/p><p class=\"p1\">Umgeben von traditioneller Blasmusik, herzhaftem Essen und einer lebhaften Atmosph\u00e4re genossen unsere Kollegen einen unvergesslichen Tag voller Lachen, Gesang und Zusammengeh\u00f6rigkeit. Es war die perfekte Gelegenheit, um eine kurze Auszeit vom Alltag zu nehmen und unseren Teamgeist in einer einzigartigen und festlichen Umgebung zu st\u00e4rken. Zwischen klassischen bayerischen Gerichten, Live-Auftritten und dem unverwechselbaren Charme der Wiesn konnte das Team eine andere Seite der M\u00fcnchner Kultur kennenlernen \u2013 eine, die von Zusammengeh\u00f6rigkeit und Freude gepr\u00e4gt ist.  <\/p><p class=\"p1\">Momente wie diese erinnern uns daran, wie wichtig es ist, Erfolge und Zusammenarbeit nicht nur in unseren Projekten zu feiern, sondern auch als Menschen, die gemeinsame Ziele und Werte teilen. Die positive Energie dieses Tages \u00fcbertrug sich auf die folgende Woche und befl\u00fcgelte die Kreativit\u00e4t und Motivation im B\u00fcro. <\/p><p class=\"p1\">Vom Mitklatschen zur Blaskapelle bis hin zum gemeinsamen Genuss eines Ma\u00df Bier \u2013 jeder Moment unterstrich, was unser Team stark macht: Offenheit, Zusammenarbeit und Begeisterung f\u00fcr das, was wir tun.<\/p><p class=\"p1\">Ein gro\u00dfes Dankesch\u00f6n geht an alle, die dazu beigetragen haben, diesen Tag zu einem so besonderen Erlebnis zu machen. Nach einem so unvergesslichen Ausflug haben wir vielleicht gerade eine neue Unternehmenstradition ins Leben gerufen! <\/p>\t\t\t\t\t\t\t\t<\/div>\n\t\t\t\t<div class=\"elementor-element elementor-element-62ee44d elementor-widget elementor-widget-image\" data-id=\"62ee44d\" data-element_type=\"widget\" data-e-type=\"widget\" data-widget_type=\"image.default\">\n\t\t\t\t\t\t\t\t\t\t\t\t\t\t\t<img decoding=\"async\" width=\"800\" height=\"600\" src=\"https:\/\/allsensors.eu\/wp-content\/uploads\/2025\/10\/Oktoberfest-2025-Team-1024x768.webp\" class=\"attachment-large size-large wp-image-20686\" alt=\"\" srcset=\"https:\/\/allsensors.eu\/wp-content\/uploads\/2025\/10\/Oktoberfest-2025-Team-1024x768.webp 1024w, https:\/\/allsensors.eu\/wp-content\/uploads\/2025\/10\/Oktoberfest-2025-Team-300x225.webp 300w, https:\/\/allsensors.eu\/wp-content\/uploads\/2025\/10\/Oktoberfest-2025-Team-768x576.webp 768w, https:\/\/allsensors.eu\/wp-content\/uploads\/2025\/10\/Oktoberfest-2025-Team-1536x1152.webp 1536w, https:\/\/allsensors.eu\/wp-content\/uploads\/2025\/10\/Oktoberfest-2025-Team.webp 2016w\" sizes=\"(max-width: 800px) 100vw, 800px\" \/>\t\t\t\t\t\t\t\t\t\t\t\t\t\t\t<\/div>\n\t\t\t\t<\/div>\n\t\t\t\t<\/div>\n\t\t\t\t\t<\/div>\n\t\t\t\t<\/div>\n\t\t<div class=\"elementor-element elementor-element-7fa3c0c e-grid e-con-boxed e-con e-parent\" data-id=\"7fa3c0c\" data-element_type=\"container\" data-e-type=\"container\">\n\t\t\t\t\t<div class=\"e-con-inner\">\n\t\t\t\t<div class=\"elementor-element elementor-element-69a8599 elementor-widget elementor-widget-image\" data-id=\"69a8599\" data-element_type=\"widget\" data-e-type=\"widget\" data-widget_type=\"image.default\">\n\t\t\t\t\t\t\t\t\t\t\t\t\t\t\t<img decoding=\"async\" width=\"768\" height=\"1024\" src=\"https:\/\/allsensors.eu\/wp-content\/uploads\/2025\/10\/Oktoberfest-2025-Christian-und-Kerstin-768x1024.webp\" class=\"attachment-large size-large wp-image-20667\" alt=\"\" srcset=\"https:\/\/allsensors.eu\/wp-content\/uploads\/2025\/10\/Oktoberfest-2025-Christian-und-Kerstin-768x1024.webp 768w, https:\/\/allsensors.eu\/wp-content\/uploads\/2025\/10\/Oktoberfest-2025-Christian-und-Kerstin-225x300.webp 225w, https:\/\/allsensors.eu\/wp-content\/uploads\/2025\/10\/Oktoberfest-2025-Christian-und-Kerstin-1152x1536.webp 1152w, https:\/\/allsensors.eu\/wp-content\/uploads\/2025\/10\/Oktoberfest-2025-Christian-und-Kerstin-1536x2048.webp 1536w, https:\/\/allsensors.eu\/wp-content\/uploads\/2025\/10\/Oktoberfest-2025-Christian-und-Kerstin-scaled.webp 1920w\" sizes=\"(max-width: 768px) 100vw, 768px\" \/>\t\t\t\t\t\t\t\t\t\t\t\t\t\t\t<\/div>\n\t\t\t\t<div class=\"elementor-element elementor-element-b386217 elementor-widget elementor-widget-image\" data-id=\"b386217\" data-element_type=\"widget\" data-e-type=\"widget\" data-widget_type=\"image.default\">\n\t\t\t\t\t\t\t\t\t\t\t\t\t\t\t<img loading=\"lazy\" decoding=\"async\" width=\"768\" height=\"1024\" src=\"https:\/\/allsensors.eu\/wp-content\/uploads\/2025\/10\/Oktoberfest-2025-Bude-768x1024.webp\" class=\"attachment-large size-large wp-image-20665\" alt=\"\" srcset=\"https:\/\/allsensors.eu\/wp-content\/uploads\/2025\/10\/Oktoberfest-2025-Bude-768x1024.webp 768w, https:\/\/allsensors.eu\/wp-content\/uploads\/2025\/10\/Oktoberfest-2025-Bude-225x300.webp 225w, https:\/\/allsensors.eu\/wp-content\/uploads\/2025\/10\/Oktoberfest-2025-Bude-1152x1536.webp 1152w, https:\/\/allsensors.eu\/wp-content\/uploads\/2025\/10\/Oktoberfest-2025-Bude.webp 1512w\" sizes=\"(max-width: 768px) 100vw, 768px\" \/>\t\t\t\t\t\t\t\t\t\t\t\t\t\t\t<\/div>\n\t\t\t\t<div class=\"elementor-element elementor-element-1c4fde9 elementor-widget elementor-widget-image\" data-id=\"1c4fde9\" data-element_type=\"widget\" data-e-type=\"widget\" data-widget_type=\"image.default\">\n\t\t\t\t\t\t\t\t\t\t\t\t\t\t\t<img loading=\"lazy\" decoding=\"async\" width=\"768\" height=\"1024\" src=\"https:\/\/allsensors.eu\/wp-content\/uploads\/2025\/10\/Oktoberfest-2025-Festzelt-768x1024.webp\" class=\"attachment-large size-large wp-image-20671\" alt=\"\" srcset=\"https:\/\/allsensors.eu\/wp-content\/uploads\/2025\/10\/Oktoberfest-2025-Festzelt-768x1024.webp 768w, https:\/\/allsensors.eu\/wp-content\/uploads\/2025\/10\/Oktoberfest-2025-Festzelt-225x300.webp 225w, https:\/\/allsensors.eu\/wp-content\/uploads\/2025\/10\/Oktoberfest-2025-Festzelt-1152x1536.webp 1152w, https:\/\/allsensors.eu\/wp-content\/uploads\/2025\/10\/Oktoberfest-2025-Festzelt.webp 1512w\" sizes=\"(max-width: 768px) 100vw, 768px\" \/>\t\t\t\t\t\t\t\t\t\t\t\t\t\t\t<\/div>\n\t\t\t\t\t<\/div>\n\t\t\t\t<\/div>\n\t\t\t\t<\/div>\n\t\t","protected":false},"excerpt":{"rendered":"<p style=\"margin: 0; padding: 0; padding-left: 20px;\">\nDas Oktoberfest 2025 oder \u201eWiesn\u201c, wie es die Einheimischen nennen, war f\u00fcr unser Team eine gute Gelegenheit, sich au\u00dferhalb der Arbeit zu treffen.<\/p>\n","protected":false},"author":4,"featured_media":20673,"parent":20116,"menu_order":0,"comment_status":"closed","ping_status":"closed","template":"","meta":{"footnotes":""},"class_list":["post-20725","page","type-page","status-publish","has-post-thumbnail","hentry"],"yoast_head":"<!-- This site is optimized with the Yoast SEO plugin v27.3 - https:\/\/yoast.com\/product\/yoast-seo-wordpress\/ -->\n<title>Wiesn 2025 - All Sensors<\/title>\n<meta name=\"description\" content=\"Das Team der All Sensors GmbH feierte die bayerische Kultur auf der Oide Wiesn 2025 und genoss Musik, Essen und Teamgeist im Festzelt Tradition in M\u00fcnchen.\" \/>\n<meta name=\"robots\" content=\"index, follow, max-snippet:-1, max-image-preview:large, max-video-preview:-1\" \/>\n<link rel=\"canonical\" href=\"https:\/\/allsensors.eu\/de\/news-ressourcen\/events\/wiesn-2025\/\" \/>\n<meta property=\"og:locale\" content=\"de_DE\" \/>\n<meta property=\"og:type\" content=\"article\" \/>\n<meta property=\"og:title\" content=\"Wiesn 2025 - All Sensors\" \/>\n<meta property=\"og:description\" content=\"Das Team der All Sensors GmbH feierte die bayerische Kultur auf der Oide Wiesn 2025 und genoss Musik, Essen und Teamgeist im Festzelt Tradition in M\u00fcnchen.\" \/>\n<meta property=\"og:url\" content=\"https:\/\/allsensors.eu\/de\/news-ressourcen\/events\/wiesn-2025\/\" \/>\n<meta property=\"og:site_name\" content=\"All Sensors\" \/>\n<meta property=\"article:modified_time\" content=\"2025-11-20T07:57:31+00:00\" \/>\n<meta property=\"og:image\" content=\"https:\/\/allsensors.eu\/wp-content\/uploads\/2025\/10\/Oktoberfest-2025-Riesenrad-MS.webp\" \/>\n\t<meta property=\"og:image:width\" content=\"1512\" \/>\n\t<meta property=\"og:image:height\" content=\"2016\" \/>\n\t<meta property=\"og:image:type\" content=\"image\/webp\" \/>\n<meta name=\"twitter:card\" content=\"summary_large_image\" \/>\n<meta name=\"twitter:label1\" content=\"Gesch\u00e4tzte Lesezeit\" \/>\n\t<meta name=\"twitter:data1\" content=\"2\u00a0Minuten\" \/>\n<script type=\"application\/ld+json\" class=\"yoast-schema-graph\">{\"@context\":\"https:\\\/\\\/schema.org\",\"@graph\":[{\"@type\":\"WebPage\",\"@id\":\"https:\\\/\\\/allsensors.eu\\\/de\\\/news-ressourcen\\\/events\\\/wiesn-2025\\\/\",\"url\":\"https:\\\/\\\/allsensors.eu\\\/de\\\/news-ressourcen\\\/events\\\/wiesn-2025\\\/\",\"name\":\"Wiesn 2025 - All Sensors\",\"isPartOf\":{\"@id\":\"https:\\\/\\\/allsensors.eu\\\/de\\\/#website\"},\"primaryImageOfPage\":{\"@id\":\"https:\\\/\\\/allsensors.eu\\\/de\\\/news-ressourcen\\\/events\\\/wiesn-2025\\\/#primaryimage\"},\"image\":{\"@id\":\"https:\\\/\\\/allsensors.eu\\\/de\\\/news-ressourcen\\\/events\\\/wiesn-2025\\\/#primaryimage\"},\"thumbnailUrl\":\"https:\\\/\\\/allsensors.eu\\\/wp-content\\\/uploads\\\/2025\\\/10\\\/Oktoberfest-2025-Riesenrad-MS.webp\",\"datePublished\":\"2025-10-06T09:24:36+00:00\",\"dateModified\":\"2025-11-20T07:57:31+00:00\",\"description\":\"Das Team der All Sensors GmbH feierte die bayerische Kultur auf der Oide Wiesn 2025 und genoss Musik, Essen und Teamgeist im Festzelt Tradition in M\u00fcnchen.\",\"breadcrumb\":{\"@id\":\"https:\\\/\\\/allsensors.eu\\\/de\\\/news-ressourcen\\\/events\\\/wiesn-2025\\\/#breadcrumb\"},\"inLanguage\":\"de\",\"potentialAction\":[{\"@type\":\"ReadAction\",\"target\":[\"https:\\\/\\\/allsensors.eu\\\/de\\\/news-ressourcen\\\/events\\\/wiesn-2025\\\/\"]}]},{\"@type\":\"ImageObject\",\"inLanguage\":\"de\",\"@id\":\"https:\\\/\\\/allsensors.eu\\\/de\\\/news-ressourcen\\\/events\\\/wiesn-2025\\\/#primaryimage\",\"url\":\"https:\\\/\\\/allsensors.eu\\\/wp-content\\\/uploads\\\/2025\\\/10\\\/Oktoberfest-2025-Riesenrad-MS.webp\",\"contentUrl\":\"https:\\\/\\\/allsensors.eu\\\/wp-content\\\/uploads\\\/2025\\\/10\\\/Oktoberfest-2025-Riesenrad-MS.webp\",\"width\":1512,\"height\":2016},{\"@type\":\"BreadcrumbList\",\"@id\":\"https:\\\/\\\/allsensors.eu\\\/de\\\/news-ressourcen\\\/events\\\/wiesn-2025\\\/#breadcrumb\",\"itemListElement\":[{\"@type\":\"ListItem\",\"position\":1,\"name\":\"Startseite\",\"item\":\"https:\\\/\\\/allsensors.eu\\\/de\\\/startseite\\\/\"},{\"@type\":\"ListItem\",\"position\":2,\"name\":\"News &amp; Ressourcen\",\"item\":\"https:\\\/\\\/allsensors.eu\\\/de\\\/news-ressourcen\\\/\"},{\"@type\":\"ListItem\",\"position\":3,\"name\":\"Events\",\"item\":\"https:\\\/\\\/allsensors.eu\\\/de\\\/news-resources\\\/events\\\/\"},{\"@type\":\"ListItem\",\"position\":4,\"name\":\"Wiesn 2025\"}]},{\"@type\":\"WebSite\",\"@id\":\"https:\\\/\\\/allsensors.eu\\\/de\\\/#website\",\"url\":\"https:\\\/\\\/allsensors.eu\\\/de\\\/\",\"name\":\"All Sensors\",\"description\":\"\",\"publisher\":{\"@id\":\"https:\\\/\\\/allsensors.eu\\\/de\\\/#organization\"},\"potentialAction\":[{\"@type\":\"SearchAction\",\"target\":{\"@type\":\"EntryPoint\",\"urlTemplate\":\"https:\\\/\\\/allsensors.eu\\\/de\\\/?s={search_term_string}\"},\"query-input\":{\"@type\":\"PropertyValueSpecification\",\"valueRequired\":true,\"valueName\":\"search_term_string\"}}],\"inLanguage\":\"de\"},{\"@type\":\"Organization\",\"@id\":\"https:\\\/\\\/allsensors.eu\\\/de\\\/#organization\",\"name\":\"All Sensors\",\"url\":\"https:\\\/\\\/allsensors.eu\\\/de\\\/\",\"logo\":{\"@type\":\"ImageObject\",\"inLanguage\":\"de\",\"@id\":\"https:\\\/\\\/allsensors.eu\\\/de\\\/#\\\/schema\\\/logo\\\/image\\\/\",\"url\":\"https:\\\/\\\/allsensors.eu\\\/wp-content\\\/uploads\\\/2023\\\/09\\\/cropped-cropped-All-Sensors-Logo-e1700556989539.png\",\"contentUrl\":\"https:\\\/\\\/allsensors.eu\\\/wp-content\\\/uploads\\\/2023\\\/09\\\/cropped-cropped-All-Sensors-Logo-e1700556989539.png\",\"width\":6090,\"height\":2375,\"caption\":\"All Sensors\"},\"image\":{\"@id\":\"https:\\\/\\\/allsensors.eu\\\/de\\\/#\\\/schema\\\/logo\\\/image\\\/\"}}]}<\/script>\n<!-- \/ Yoast SEO plugin. -->","yoast_head_json":{"title":"Wiesn 2025 - All Sensors","description":"Das Team der All Sensors GmbH feierte die bayerische Kultur auf der Oide Wiesn 2025 und genoss Musik, Essen und Teamgeist im Festzelt Tradition in M\u00fcnchen.","robots":{"index":"index","follow":"follow","max-snippet":"max-snippet:-1","max-image-preview":"max-image-preview:large","max-video-preview":"max-video-preview:-1"},"canonical":"https:\/\/allsensors.eu\/de\/news-ressourcen\/events\/wiesn-2025\/","og_locale":"de_DE","og_type":"article","og_title":"Wiesn 2025 - All Sensors","og_description":"Das Team der All Sensors GmbH feierte die bayerische Kultur auf der Oide Wiesn 2025 und genoss Musik, Essen und Teamgeist im Festzelt Tradition in M\u00fcnchen.","og_url":"https:\/\/allsensors.eu\/de\/news-ressourcen\/events\/wiesn-2025\/","og_site_name":"All Sensors","article_modified_time":"2025-11-20T07:57:31+00:00","og_image":[{"width":1512,"height":2016,"url":"https:\/\/allsensors.eu\/wp-content\/uploads\/2025\/10\/Oktoberfest-2025-Riesenrad-MS.webp","type":"image\/webp"}],"twitter_card":"summary_large_image","twitter_misc":{"Gesch\u00e4tzte Lesezeit":"2\u00a0Minuten"},"schema":{"@context":"https:\/\/schema.org","@graph":[{"@type":"WebPage","@id":"https:\/\/allsensors.eu\/de\/news-ressourcen\/events\/wiesn-2025\/","url":"https:\/\/allsensors.eu\/de\/news-ressourcen\/events\/wiesn-2025\/","name":"Wiesn 2025 - All Sensors","isPartOf":{"@id":"https:\/\/allsensors.eu\/de\/#website"},"primaryImageOfPage":{"@id":"https:\/\/allsensors.eu\/de\/news-ressourcen\/events\/wiesn-2025\/#primaryimage"},"image":{"@id":"https:\/\/allsensors.eu\/de\/news-ressourcen\/events\/wiesn-2025\/#primaryimage"},"thumbnailUrl":"https:\/\/allsensors.eu\/wp-content\/uploads\/2025\/10\/Oktoberfest-2025-Riesenrad-MS.webp","datePublished":"2025-10-06T09:24:36+00:00","dateModified":"2025-11-20T07:57:31+00:00","description":"Das Team der All Sensors GmbH feierte die bayerische Kultur auf der Oide Wiesn 2025 und genoss Musik, Essen und Teamgeist im Festzelt Tradition in M\u00fcnchen.","breadcrumb":{"@id":"https:\/\/allsensors.eu\/de\/news-ressourcen\/events\/wiesn-2025\/#breadcrumb"},"inLanguage":"de","potentialAction":[{"@type":"ReadAction","target":["https:\/\/allsensors.eu\/de\/news-ressourcen\/events\/wiesn-2025\/"]}]},{"@type":"ImageObject","inLanguage":"de","@id":"https:\/\/allsensors.eu\/de\/news-ressourcen\/events\/wiesn-2025\/#primaryimage","url":"https:\/\/allsensors.eu\/wp-content\/uploads\/2025\/10\/Oktoberfest-2025-Riesenrad-MS.webp","contentUrl":"https:\/\/allsensors.eu\/wp-content\/uploads\/2025\/10\/Oktoberfest-2025-Riesenrad-MS.webp","width":1512,"height":2016},{"@type":"BreadcrumbList","@id":"https:\/\/allsensors.eu\/de\/news-ressourcen\/events\/wiesn-2025\/#breadcrumb","itemListElement":[{"@type":"ListItem","position":1,"name":"Startseite","item":"https:\/\/allsensors.eu\/de\/startseite\/"},{"@type":"ListItem","position":2,"name":"News &amp; Ressourcen","item":"https:\/\/allsensors.eu\/de\/news-ressourcen\/"},{"@type":"ListItem","position":3,"name":"Events","item":"https:\/\/allsensors.eu\/de\/news-resources\/events\/"},{"@type":"ListItem","position":4,"name":"Wiesn 2025"}]},{"@type":"WebSite","@id":"https:\/\/allsensors.eu\/de\/#website","url":"https:\/\/allsensors.eu\/de\/","name":"All Sensors","description":"","publisher":{"@id":"https:\/\/allsensors.eu\/de\/#organization"},"potentialAction":[{"@type":"SearchAction","target":{"@type":"EntryPoint","urlTemplate":"https:\/\/allsensors.eu\/de\/?s={search_term_string}"},"query-input":{"@type":"PropertyValueSpecification","valueRequired":true,"valueName":"search_term_string"}}],"inLanguage":"de"},{"@type":"Organization","@id":"https:\/\/allsensors.eu\/de\/#organization","name":"All Sensors","url":"https:\/\/allsensors.eu\/de\/","logo":{"@type":"ImageObject","inLanguage":"de","@id":"https:\/\/allsensors.eu\/de\/#\/schema\/logo\/image\/","url":"https:\/\/allsensors.eu\/wp-content\/uploads\/2023\/09\/cropped-cropped-All-Sensors-Logo-e1700556989539.png","contentUrl":"https:\/\/allsensors.eu\/wp-content\/uploads\/2023\/09\/cropped-cropped-All-Sensors-Logo-e1700556989539.png","width":6090,"height":2375,"caption":"All Sensors"},"image":{"@id":"https:\/\/allsensors.eu\/de\/#\/schema\/logo\/image\/"}}]}},"_links":{"self":[{"href":"https:\/\/allsensors.eu\/de\/wp-json\/wp\/v2\/pages\/20725","targetHints":{"allow":["GET"]}}],"collection":[{"href":"https:\/\/allsensors.eu\/de\/wp-json\/wp\/v2\/pages"}],"about":[{"href":"https:\/\/allsensors.eu\/de\/wp-json\/wp\/v2\/types\/page"}],"author":[{"embeddable":true,"href":"https:\/\/allsensors.eu\/de\/wp-json\/wp\/v2\/users\/4"}],"replies":[{"embeddable":true,"href":"https:\/\/allsensors.eu\/de\/wp-json\/wp\/v2\/comments?post=20725"}],"version-history":[{"count":4,"href":"https:\/\/allsensors.eu\/de\/wp-json\/wp\/v2\/pages\/20725\/revisions"}],"predecessor-version":[{"id":21352,"href":"https:\/\/allsensors.eu\/de\/wp-json\/wp\/v2\/pages\/20725\/revisions\/21352"}],"up":[{"embeddable":true,"href":"https:\/\/allsensors.eu\/de\/wp-json\/wp\/v2\/pages\/20116"}],"wp:featuredmedia":[{"embeddable":true,"href":"https:\/\/allsensors.eu\/de\/wp-json\/wp\/v2\/media\/20673"}],"wp:attachment":[{"href":"https:\/\/allsensors.eu\/de\/wp-json\/wp\/v2\/media?parent=20725"}],"curies":[{"name":"wp","href":"https:\/\/api.w.org\/{rel}","templated":true}]}}