{"id":20809,"date":"2025-10-01T09:19:29","date_gmt":"2025-10-01T09:19:29","guid":{"rendered":"https:\/\/allsensors.eu\/?page_id=20809"},"modified":"2025-12-17T08:29:31","modified_gmt":"2025-12-17T08:29:31","slug":"hyb-ubernahme","status":"publish","type":"page","link":"https:\/\/allsensors.eu\/de\/news-ressourcen\/blog\/hyb-ubernahme\/","title":{"rendered":"HYB-\u00dcbernahme"},"content":{"rendered":"\t\t<div data-elementor-type=\"wp-page\" data-elementor-id=\"20809\" class=\"elementor elementor-20809 elementor-20618\" data-elementor-post-type=\"page\">\n\t\t\t\t<div class=\"elementor-element elementor-element-c2803d9 e-con-full e-flex e-con e-parent\" data-id=\"c2803d9\" data-element_type=\"container\">\n\t\t<div class=\"elementor-element elementor-element-248cd81 e-con-full e-flex e-con e-child\" data-id=\"248cd81\" data-element_type=\"container\">\n\t\t\t\t<div class=\"elementor-element elementor-element-2702e5d elementor-widget elementor-widget-image\" data-id=\"2702e5d\" data-element_type=\"widget\" data-settings=\"{&quot;motion_fx_motion_fx_scrolling&quot;:&quot;yes&quot;,&quot;motion_fx_scale_effect&quot;:&quot;yes&quot;,&quot;motion_fx_scale_speed&quot;:{&quot;unit&quot;:&quot;px&quot;,&quot;size&quot;:2,&quot;sizes&quot;:[]},&quot;motion_fx_scale_range&quot;:{&quot;unit&quot;:&quot;%&quot;,&quot;size&quot;:&quot;&quot;,&quot;sizes&quot;:{&quot;start&quot;:65,&quot;end&quot;:100}},&quot;motion_fx_scale_direction&quot;:&quot;out-in&quot;,&quot;motion_fx_devices&quot;:[&quot;desktop&quot;,&quot;tablet&quot;,&quot;mobile&quot;]}\" data-widget_type=\"image.default\">\n\t\t\t\t\t\t\t\t\t\t\t\t\t\t\t<img fetchpriority=\"high\" decoding=\"async\" width=\"1536\" height=\"689\" src=\"https:\/\/allsensors.eu\/wp-content\/uploads\/2025\/10\/Handshake-Logos-1.webp\" class=\"attachment-full size-full wp-image-20627\" alt=\"\" srcset=\"https:\/\/allsensors.eu\/wp-content\/uploads\/2025\/10\/Handshake-Logos-1.webp 1536w, https:\/\/allsensors.eu\/wp-content\/uploads\/2025\/10\/Handshake-Logos-1-300x135.webp 300w, https:\/\/allsensors.eu\/wp-content\/uploads\/2025\/10\/Handshake-Logos-1-1024x459.webp 1024w, https:\/\/allsensors.eu\/wp-content\/uploads\/2025\/10\/Handshake-Logos-1-768x345.webp 768w\" sizes=\"(max-width: 1536px) 100vw, 1536px\" \/>\t\t\t\t\t\t\t\t\t\t\t\t\t\t\t<\/div>\n\t\t\t\t<\/div>\n\t\t\t\t<\/div>\n\t\t<div class=\"elementor-element elementor-element-086f83e e-flex e-con-boxed e-con e-parent\" data-id=\"086f83e\" data-element_type=\"container\">\n\t\t\t\t\t<div class=\"e-con-inner\">\n\t\t<div class=\"elementor-element elementor-element-ce33280 e-con-full e-flex e-con e-child\" data-id=\"ce33280\" data-element_type=\"container\">\n\t\t\t\t<div class=\"elementor-element elementor-element-dd45de3 elementor-widget elementor-widget-heading\" data-id=\"dd45de3\" data-element_type=\"widget\" data-widget_type=\"heading.default\">\n\t\t\t\t\t<h1 class=\"elementor-heading-title elementor-size-default\">Strategisches Wachstum:<br>All Sensors \u00fcbernimmt HYB d.o.o. \u2013<br>ein gemeinsamer Weg in die Zukunft<\/h1>\t\t\t\t<\/div>\n\t\t<div class=\"elementor-element elementor-element-1a7310d e-grid e-con-full e-con e-child\" data-id=\"1a7310d\" data-element_type=\"container\">\n\t\t\t\t<div class=\"elementor-element elementor-element-b646b16 elementor-widget elementor-widget-text-editor\" data-id=\"b646b16\" data-element_type=\"widget\" data-widget_type=\"text-editor.default\">\n\t\t\t\t\t\t\t\t\t<p style=\"text-align: center;\">Seit vielen Jahren verbindet die All Sensors GmbH und <a href=\"https:\/\/hyb.si\/\">HYB d.o.o.<\/a> eine tief verwurzelte und erfolgreiche strategische Zusammenarbeit. <br \/>Nun gehen wir den n\u00e4chsten logischen Schritt: die vollst\u00e4ndige \u00dcbernahme von HYB durch All Sensors.<\/p>\t\t\t\t\t\t\t\t<\/div>\n\t\t\t\t<\/div>\n\t\t\t\t<\/div>\n\t\t\t\t\t<\/div>\n\t\t\t\t<\/div>\n\t\t<div class=\"elementor-element elementor-element-1fd82d5 e-flex e-con-boxed e-con e-parent\" data-id=\"1fd82d5\" data-element_type=\"container\">\n\t\t\t\t\t<div class=\"e-con-inner\">\n\t\t<div class=\"elementor-element elementor-element-dd3696a e-con-full e-flex e-con e-child\" data-id=\"dd3696a\" data-element_type=\"container\">\n\t\t\t\t<div class=\"elementor-element elementor-element-9ea8842 elementor-widget elementor-widget-text-editor\" data-id=\"9ea8842\" data-element_type=\"widget\" data-widget_type=\"text-editor.default\">\n\t\t\t\t\t\t\t\t\t<div><h2><strong>Warum diese \u00dcbernahme?<\/strong><\/h2><\/div>\t\t\t\t\t\t\t\t<\/div>\n\t\t\t\t<div class=\"elementor-element elementor-element-c4119d9 elementor-widget elementor-widget-text-editor\" data-id=\"c4119d9\" data-element_type=\"widget\" data-widget_type=\"text-editor.default\">\n\t\t\t\t\t\t\t\t\t<p>Unsere gemeinsame Geschichte basiert auf Vertrauen, technischem Austausch und sich erg\u00e4nzenden St\u00e4rken. Im Laufe der Zeit hat sich HYB als zuverl\u00e4ssiger Partner bew\u00e4hrt, dessen Fachwissen perfekt zu unseren Zielen passt. Durch diese \u00dcbernahme konsolidieren wir Ressourcen und Know-how, um unser Angebot zu erweitern und noch direkter auf die Bed\u00fcrfnisse unserer Kunden einzugehen.  <\/p>\t\t\t\t\t\t\t\t<\/div>\n\t\t\t\t<div class=\"elementor-element elementor-element-eea9b07 elementor-widget elementor-widget-text-editor\" data-id=\"eea9b07\" data-element_type=\"widget\" data-widget_type=\"text-editor.default\">\n\t\t\t\t\t\t\t\t\t<div><h2><strong>Was wird sich in der Praxis \u00e4ndern?<\/strong><\/h2><\/div>\t\t\t\t\t\t\t\t<\/div>\n\t\t\t\t<div class=\"elementor-element elementor-element-439c427 elementor-widget elementor-widget-text-editor\" data-id=\"439c427\" data-element_type=\"widget\" data-widget_type=\"text-editor.default\">\n\t\t\t\t\t\t\t\t\t<ul><li><strong>Portfolioerweiterung<\/strong>: Die Produktlinien und Technologien von HYB erg\u00e4nzen unser bestehendes Sensorportfolio ideal und er\u00f6ffnen neue Anwendungsm\u00f6glichkeiten.<\/li><li><strong>Kundenstamm und Marktreichweite<\/strong>: Mit HYB gewinnen wir zus\u00e4tzliche Kunden und Marktpr\u00e4senz, die wir gemeinsam bedienen werden.<\/li><li><strong>Kundenorientierte L\u00f6sungen:<\/strong> Durch die B\u00fcndelung unserer St\u00e4rken k\u00f6nnen wir besser auf spezifische Anforderungen eingehen und ma\u00dfgeschneiderte, hochwertige Sensorl\u00f6sungen liefern.<\/li><li><strong>Synergien und Innovation<\/strong>: Durch Wissenstransfer und gemeinsame Entwicklungsressourcen erwarten wir beschleunigte Innovationszyklen und verbesserte L\u00f6sungen f\u00fcr komplexe Anforderungen.<\/li><\/ul>\t\t\t\t\t\t\t\t<\/div>\n\t\t\t\t<div class=\"elementor-element elementor-element-d1be172 elementor-widget elementor-widget-text-editor\" data-id=\"d1be172\" data-element_type=\"widget\" data-widget_type=\"text-editor.default\">\n\t\t\t\t\t\t\t\t\t<div><h2><strong>Ausblick<\/strong><\/h2><\/div>\t\t\t\t\t\t\t\t<\/div>\n\t\t\t\t<div class=\"elementor-element elementor-element-68304d5 elementor-widget elementor-widget-text-editor\" data-id=\"68304d5\" data-element_type=\"widget\" data-widget_type=\"text-editor.default\">\n\t\t\t\t\t\t\t\t\t<p>Wir betrachten diese \u00dcbernahme nicht nur als Wachstum, sondern als strategische Neuausrichtung. Gemeinsam mit dem Team von HYB wollen wir neue Ma\u00dfst\u00e4be in Sachen Pr\u00e4zision, Zuverl\u00e4ssigkeit und Kundenorientierung setzen. Unsere Vision: Sensortechnologie, die mehr kann als nur messen \u2013 die einen greifbaren Mehrwert liefert, ma\u00dfgeschneidert f\u00fcr Branchen wie Medizin, Luft- und Raumfahrt, Industrie und dar\u00fcber hinaus.<\/p><p>Wir bedanken uns bei den Mitarbeitern und Partnern beider Unternehmen f\u00fcr ihr Vertrauen und ihre Unterst\u00fctzung auf diesem Weg. Die kommenden Monate werden spannend: Wir werden gemeinsame Projekte vorstellen und nach und nach das Potenzial dieses integrierten Unternehmens aussch\u00f6pfen.<\/p><p><a href=\"https:\/\/allsensors.eu\/de\/news-ressourcen\/newsletter\/\">Bleiben Sie informiert<\/a> \u2013 ein neues Kapitel voller Versprechen beginnt.<\/p>\t\t\t\t\t\t\t\t<\/div>\n\t\t\t\t<\/div>\n\t\t<div class=\"elementor-element elementor-element-54292e3 e-con-full e-flex e-con e-child\" data-id=\"54292e3\" data-element_type=\"container\">\n\t\t\t\t<div class=\"elementor-element elementor-element-c40d5d4 elementor-widget elementor-widget-video\" data-id=\"c40d5d4\" data-element_type=\"widget\" data-settings=\"{&quot;video_type&quot;:&quot;hosted&quot;,&quot;start&quot;:0,&quot;loop&quot;:&quot;yes&quot;,&quot;controls&quot;:&quot;yes&quot;}\" data-widget_type=\"video.default\">\n\t\t\t\t\t\t\t<div class=\"e-hosted-video elementor-wrapper elementor-open-inline\">\n\t\t\t\t\t<video class=\"elementor-video\" src=\"https:\/\/allsensors.eu\/wp-content\/uploads\/2025\/10\/Tombstone-HYB-3.mp4\" loop=\"\" controls=\"\" preload=\"metadata\" controlsList=\"nodownload\"><\/video>\n\t\t\t\t<\/div>\n\t\t\t\t\t\t<\/div>\n\t\t\t\t<\/div>\n\t\t\t\t\t<\/div>\n\t\t\t\t<\/div>\n\t\t\t\t<\/div>\n\t\t","protected":false},"excerpt":{"rendered":"<p style=\"margin: 0; padding: 0; padding-left: 20px;\">\nSeit vielen Jahren verbindet die All Sensors GmbH und HYB d.o.o. eine tief verwurzelte und erfolgreiche strategische Zusammenarbeit. Nun gehen wir den n\u00e4chsten logischen Schritt: die vollst\u00e4ndige \u00dcbernahme von HYB durch die All Sensors GmbH.<\/p>\n","protected":false},"author":4,"featured_media":20739,"parent":19076,"menu_order":0,"comment_status":"closed","ping_status":"closed","template":"","meta":{"footnotes":""},"class_list":["post-20809","page","type-page","status-publish","has-post-thumbnail","hentry"],"yoast_head":"<!-- This site is optimized with the Yoast SEO plugin v27.3 - https:\/\/yoast.com\/product\/yoast-seo-wordpress\/ -->\n<title>HYB-\u00dcbernahme - All Sensors<\/title>\n<meta name=\"description\" content=\"Strategisches Wachstum: All Sensors GmbH \u00fcbernimmt HYB D.O.O. \u2013 gemeinsam in die Zukunft. Bleiben Sie dran \u2013 ein neues, vielversprechendes Kapitel beginnt.\" \/>\n<meta name=\"robots\" content=\"index, follow, max-snippet:-1, max-image-preview:large, max-video-preview:-1\" \/>\n<link rel=\"canonical\" href=\"https:\/\/allsensors.eu\/de\/news-ressourcen\/blog\/hyb-ubernahme\/\" \/>\n<meta property=\"og:locale\" content=\"de_DE\" \/>\n<meta property=\"og:type\" content=\"article\" \/>\n<meta property=\"og:title\" content=\"HYB-\u00dcbernahme - All Sensors\" \/>\n<meta property=\"og:description\" content=\"Strategisches Wachstum: All Sensors GmbH \u00fcbernimmt HYB D.O.O. \u2013 gemeinsam in die Zukunft. Bleiben Sie dran \u2013 ein neues, vielversprechendes Kapitel beginnt.\" \/>\n<meta property=\"og:url\" content=\"https:\/\/allsensors.eu\/de\/news-ressourcen\/blog\/hyb-ubernahme\/\" \/>\n<meta property=\"og:site_name\" content=\"All Sensors\" \/>\n<meta property=\"article:modified_time\" content=\"2025-12-17T08:29:31+00:00\" \/>\n<meta property=\"og:image\" content=\"https:\/\/allsensors.eu\/wp-content\/uploads\/2025\/10\/Tomstone-HYB-scaled.webp\" \/>\n\t<meta property=\"og:image:width\" content=\"1920\" \/>\n\t<meta property=\"og:image:height\" content=\"2560\" \/>\n\t<meta property=\"og:image:type\" content=\"image\/webp\" \/>\n<meta name=\"twitter:card\" content=\"summary_large_image\" \/>\n<meta name=\"twitter:label1\" content=\"Gesch\u00e4tzte Lesezeit\" \/>\n\t<meta name=\"twitter:data1\" content=\"2\u00a0Minuten\" \/>\n<script type=\"application\/ld+json\" class=\"yoast-schema-graph\">{\"@context\":\"https:\\\/\\\/schema.org\",\"@graph\":[{\"@type\":\"WebPage\",\"@id\":\"https:\\\/\\\/allsensors.eu\\\/de\\\/news-ressourcen\\\/blog\\\/hyb-ubernahme\\\/\",\"url\":\"https:\\\/\\\/allsensors.eu\\\/de\\\/news-ressourcen\\\/blog\\\/hyb-ubernahme\\\/\",\"name\":\"HYB-\u00dcbernahme - All Sensors\",\"isPartOf\":{\"@id\":\"https:\\\/\\\/allsensors.eu\\\/de\\\/#website\"},\"primaryImageOfPage\":{\"@id\":\"https:\\\/\\\/allsensors.eu\\\/de\\\/news-ressourcen\\\/blog\\\/hyb-ubernahme\\\/#primaryimage\"},\"image\":{\"@id\":\"https:\\\/\\\/allsensors.eu\\\/de\\\/news-ressourcen\\\/blog\\\/hyb-ubernahme\\\/#primaryimage\"},\"thumbnailUrl\":\"https:\\\/\\\/allsensors.eu\\\/wp-content\\\/uploads\\\/2025\\\/10\\\/Tomstone-HYB-scaled.webp\",\"datePublished\":\"2025-10-01T09:19:29+00:00\",\"dateModified\":\"2025-12-17T08:29:31+00:00\",\"description\":\"Strategisches Wachstum: All Sensors GmbH \u00fcbernimmt HYB D.O.O. \u2013 gemeinsam in die Zukunft. Bleiben Sie dran \u2013 ein neues, vielversprechendes Kapitel beginnt.\",\"breadcrumb\":{\"@id\":\"https:\\\/\\\/allsensors.eu\\\/de\\\/news-ressourcen\\\/blog\\\/hyb-ubernahme\\\/#breadcrumb\"},\"inLanguage\":\"de\",\"potentialAction\":[{\"@type\":\"ReadAction\",\"target\":[\"https:\\\/\\\/allsensors.eu\\\/de\\\/news-ressourcen\\\/blog\\\/hyb-ubernahme\\\/\"]}]},{\"@type\":\"ImageObject\",\"inLanguage\":\"de\",\"@id\":\"https:\\\/\\\/allsensors.eu\\\/de\\\/news-ressourcen\\\/blog\\\/hyb-ubernahme\\\/#primaryimage\",\"url\":\"https:\\\/\\\/allsensors.eu\\\/wp-content\\\/uploads\\\/2025\\\/10\\\/Tomstone-HYB-scaled.webp\",\"contentUrl\":\"https:\\\/\\\/allsensors.eu\\\/wp-content\\\/uploads\\\/2025\\\/10\\\/Tomstone-HYB-scaled.webp\",\"width\":1920,\"height\":2560},{\"@type\":\"BreadcrumbList\",\"@id\":\"https:\\\/\\\/allsensors.eu\\\/de\\\/news-ressourcen\\\/blog\\\/hyb-ubernahme\\\/#breadcrumb\",\"itemListElement\":[{\"@type\":\"ListItem\",\"position\":1,\"name\":\"Startseite\",\"item\":\"https:\\\/\\\/allsensors.eu\\\/de\\\/startseite\\\/\"},{\"@type\":\"ListItem\",\"position\":2,\"name\":\"News &amp; Ressourcen\",\"item\":\"https:\\\/\\\/allsensors.eu\\\/de\\\/news-ressourcen\\\/\"},{\"@type\":\"ListItem\",\"position\":3,\"name\":\"Blog\",\"item\":\"https:\\\/\\\/allsensors.eu\\\/de\\\/news-ressourcen\\\/blog\\\/\"},{\"@type\":\"ListItem\",\"position\":4,\"name\":\"HYB-\u00dcbernahme\"}]},{\"@type\":\"WebSite\",\"@id\":\"https:\\\/\\\/allsensors.eu\\\/de\\\/#website\",\"url\":\"https:\\\/\\\/allsensors.eu\\\/de\\\/\",\"name\":\"All Sensors\",\"description\":\"\",\"publisher\":{\"@id\":\"https:\\\/\\\/allsensors.eu\\\/de\\\/#organization\"},\"potentialAction\":[{\"@type\":\"SearchAction\",\"target\":{\"@type\":\"EntryPoint\",\"urlTemplate\":\"https:\\\/\\\/allsensors.eu\\\/de\\\/?s={search_term_string}\"},\"query-input\":{\"@type\":\"PropertyValueSpecification\",\"valueRequired\":true,\"valueName\":\"search_term_string\"}}],\"inLanguage\":\"de\"},{\"@type\":\"Organization\",\"@id\":\"https:\\\/\\\/allsensors.eu\\\/de\\\/#organization\",\"name\":\"All Sensors\",\"url\":\"https:\\\/\\\/allsensors.eu\\\/de\\\/\",\"logo\":{\"@type\":\"ImageObject\",\"inLanguage\":\"de\",\"@id\":\"https:\\\/\\\/allsensors.eu\\\/de\\\/#\\\/schema\\\/logo\\\/image\\\/\",\"url\":\"https:\\\/\\\/allsensors.eu\\\/wp-content\\\/uploads\\\/2023\\\/09\\\/cropped-cropped-All-Sensors-Logo-e1700556989539.png\",\"contentUrl\":\"https:\\\/\\\/allsensors.eu\\\/wp-content\\\/uploads\\\/2023\\\/09\\\/cropped-cropped-All-Sensors-Logo-e1700556989539.png\",\"width\":6090,\"height\":2375,\"caption\":\"All Sensors\"},\"image\":{\"@id\":\"https:\\\/\\\/allsensors.eu\\\/de\\\/#\\\/schema\\\/logo\\\/image\\\/\"}}]}<\/script>\n<!-- \/ Yoast SEO plugin. -->","yoast_head_json":{"title":"HYB-\u00dcbernahme - All Sensors","description":"Strategisches Wachstum: All Sensors GmbH \u00fcbernimmt HYB D.O.O. \u2013 gemeinsam in die Zukunft. Bleiben Sie dran \u2013 ein neues, vielversprechendes Kapitel beginnt.","robots":{"index":"index","follow":"follow","max-snippet":"max-snippet:-1","max-image-preview":"max-image-preview:large","max-video-preview":"max-video-preview:-1"},"canonical":"https:\/\/allsensors.eu\/de\/news-ressourcen\/blog\/hyb-ubernahme\/","og_locale":"de_DE","og_type":"article","og_title":"HYB-\u00dcbernahme - All Sensors","og_description":"Strategisches Wachstum: All Sensors GmbH \u00fcbernimmt HYB D.O.O. \u2013 gemeinsam in die Zukunft. Bleiben Sie dran \u2013 ein neues, vielversprechendes Kapitel beginnt.","og_url":"https:\/\/allsensors.eu\/de\/news-ressourcen\/blog\/hyb-ubernahme\/","og_site_name":"All Sensors","article_modified_time":"2025-12-17T08:29:31+00:00","og_image":[{"width":1920,"height":2560,"url":"https:\/\/allsensors.eu\/wp-content\/uploads\/2025\/10\/Tomstone-HYB-scaled.webp","type":"image\/webp"}],"twitter_card":"summary_large_image","twitter_misc":{"Gesch\u00e4tzte Lesezeit":"2\u00a0Minuten"},"schema":{"@context":"https:\/\/schema.org","@graph":[{"@type":"WebPage","@id":"https:\/\/allsensors.eu\/de\/news-ressourcen\/blog\/hyb-ubernahme\/","url":"https:\/\/allsensors.eu\/de\/news-ressourcen\/blog\/hyb-ubernahme\/","name":"HYB-\u00dcbernahme - All Sensors","isPartOf":{"@id":"https:\/\/allsensors.eu\/de\/#website"},"primaryImageOfPage":{"@id":"https:\/\/allsensors.eu\/de\/news-ressourcen\/blog\/hyb-ubernahme\/#primaryimage"},"image":{"@id":"https:\/\/allsensors.eu\/de\/news-ressourcen\/blog\/hyb-ubernahme\/#primaryimage"},"thumbnailUrl":"https:\/\/allsensors.eu\/wp-content\/uploads\/2025\/10\/Tomstone-HYB-scaled.webp","datePublished":"2025-10-01T09:19:29+00:00","dateModified":"2025-12-17T08:29:31+00:00","description":"Strategisches Wachstum: All Sensors GmbH \u00fcbernimmt HYB D.O.O. \u2013 gemeinsam in die Zukunft. Bleiben Sie dran \u2013 ein neues, vielversprechendes Kapitel beginnt.","breadcrumb":{"@id":"https:\/\/allsensors.eu\/de\/news-ressourcen\/blog\/hyb-ubernahme\/#breadcrumb"},"inLanguage":"de","potentialAction":[{"@type":"ReadAction","target":["https:\/\/allsensors.eu\/de\/news-ressourcen\/blog\/hyb-ubernahme\/"]}]},{"@type":"ImageObject","inLanguage":"de","@id":"https:\/\/allsensors.eu\/de\/news-ressourcen\/blog\/hyb-ubernahme\/#primaryimage","url":"https:\/\/allsensors.eu\/wp-content\/uploads\/2025\/10\/Tomstone-HYB-scaled.webp","contentUrl":"https:\/\/allsensors.eu\/wp-content\/uploads\/2025\/10\/Tomstone-HYB-scaled.webp","width":1920,"height":2560},{"@type":"BreadcrumbList","@id":"https:\/\/allsensors.eu\/de\/news-ressourcen\/blog\/hyb-ubernahme\/#breadcrumb","itemListElement":[{"@type":"ListItem","position":1,"name":"Startseite","item":"https:\/\/allsensors.eu\/de\/startseite\/"},{"@type":"ListItem","position":2,"name":"News &amp; Ressourcen","item":"https:\/\/allsensors.eu\/de\/news-ressourcen\/"},{"@type":"ListItem","position":3,"name":"Blog","item":"https:\/\/allsensors.eu\/de\/news-ressourcen\/blog\/"},{"@type":"ListItem","position":4,"name":"HYB-\u00dcbernahme"}]},{"@type":"WebSite","@id":"https:\/\/allsensors.eu\/de\/#website","url":"https:\/\/allsensors.eu\/de\/","name":"All Sensors","description":"","publisher":{"@id":"https:\/\/allsensors.eu\/de\/#organization"},"potentialAction":[{"@type":"SearchAction","target":{"@type":"EntryPoint","urlTemplate":"https:\/\/allsensors.eu\/de\/?s={search_term_string}"},"query-input":{"@type":"PropertyValueSpecification","valueRequired":true,"valueName":"search_term_string"}}],"inLanguage":"de"},{"@type":"Organization","@id":"https:\/\/allsensors.eu\/de\/#organization","name":"All Sensors","url":"https:\/\/allsensors.eu\/de\/","logo":{"@type":"ImageObject","inLanguage":"de","@id":"https:\/\/allsensors.eu\/de\/#\/schema\/logo\/image\/","url":"https:\/\/allsensors.eu\/wp-content\/uploads\/2023\/09\/cropped-cropped-All-Sensors-Logo-e1700556989539.png","contentUrl":"https:\/\/allsensors.eu\/wp-content\/uploads\/2023\/09\/cropped-cropped-All-Sensors-Logo-e1700556989539.png","width":6090,"height":2375,"caption":"All Sensors"},"image":{"@id":"https:\/\/allsensors.eu\/de\/#\/schema\/logo\/image\/"}}]}},"_links":{"self":[{"href":"https:\/\/allsensors.eu\/de\/wp-json\/wp\/v2\/pages\/20809","targetHints":{"allow":["GET"]}}],"collection":[{"href":"https:\/\/allsensors.eu\/de\/wp-json\/wp\/v2\/pages"}],"about":[{"href":"https:\/\/allsensors.eu\/de\/wp-json\/wp\/v2\/types\/page"}],"author":[{"embeddable":true,"href":"https:\/\/allsensors.eu\/de\/wp-json\/wp\/v2\/users\/4"}],"replies":[{"embeddable":true,"href":"https:\/\/allsensors.eu\/de\/wp-json\/wp\/v2\/comments?post=20809"}],"version-history":[{"count":6,"href":"https:\/\/allsensors.eu\/de\/wp-json\/wp\/v2\/pages\/20809\/revisions"}],"predecessor-version":[{"id":21336,"href":"https:\/\/allsensors.eu\/de\/wp-json\/wp\/v2\/pages\/20809\/revisions\/21336"}],"up":[{"embeddable":true,"href":"https:\/\/allsensors.eu\/de\/wp-json\/wp\/v2\/pages\/19076"}],"wp:featuredmedia":[{"embeddable":true,"href":"https:\/\/allsensors.eu\/de\/wp-json\/wp\/v2\/media\/20739"}],"wp:attachment":[{"href":"https:\/\/allsensors.eu\/de\/wp-json\/wp\/v2\/media?parent=20809"}],"curies":[{"name":"wp","href":"https:\/\/api.w.org\/{rel}","templated":true}]}}