{"id":21430,"date":"2025-09-06T07:29:58","date_gmt":"2025-09-06T07:29:58","guid":{"rendered":"https:\/\/allsensors.eu\/?page_id=21430"},"modified":"2026-01-19T10:06:31","modified_gmt":"2026-01-19T10:06:31","slug":"glossar-versorgungsspannung","status":"publish","type":"page","link":"https:\/\/allsensors.eu\/de\/news-ressourcen\/sensorik-abc\/glossar-versorgungsspannung\/","title":{"rendered":"Glossar \u2013 Versorgungsspannung"},"content":{"rendered":"\t\t<div data-elementor-type=\"wp-page\" data-elementor-id=\"21430\" class=\"elementor elementor-21430 elementor-21387\" data-elementor-post-type=\"page\">\n\t\t\t\t<div class=\"elementor-element elementor-element-36800cb e-con-full e-flex e-con e-parent\" data-id=\"36800cb\" data-element_type=\"container\">\n\t\t<div class=\"elementor-element elementor-element-16776a8 e-flex e-con-boxed e-con e-child\" data-id=\"16776a8\" data-element_type=\"container\" data-settings=\"{&quot;background_background&quot;:&quot;classic&quot;,&quot;motion_fx_motion_fx_scrolling&quot;:&quot;yes&quot;,&quot;motion_fx_scale_effect&quot;:&quot;yes&quot;,&quot;motion_fx_scale_speed&quot;:{&quot;unit&quot;:&quot;px&quot;,&quot;size&quot;:2,&quot;sizes&quot;:[]},&quot;motion_fx_scale_range&quot;:{&quot;unit&quot;:&quot;%&quot;,&quot;size&quot;:&quot;&quot;,&quot;sizes&quot;:{&quot;start&quot;:65,&quot;end&quot;:100}},&quot;motion_fx_scale_direction&quot;:&quot;out-in&quot;,&quot;motion_fx_devices&quot;:[&quot;desktop&quot;,&quot;tablet&quot;,&quot;mobile&quot;]}\">\n\t\t\t\t\t<div class=\"e-con-inner\">\n\t\t<div class=\"elementor-element elementor-element-2ed2781 blur-effect e-flex e-con-boxed e-con e-child\" data-id=\"2ed2781\" data-element_type=\"container\">\n\t\t\t\t\t<div class=\"e-con-inner\">\n\t\t\t\t\t<\/div>\n\t\t\t\t<\/div>\n\t\t\t\t\t<\/div>\n\t\t\t\t<\/div>\n\t\t\t\t<\/div>\n\t\t<div class=\"elementor-element elementor-element-79c5b13 e-flex e-con-boxed e-con e-parent\" data-id=\"79c5b13\" data-element_type=\"container\">\n\t\t\t\t\t<div class=\"e-con-inner\">\n\t\t\t\t<div class=\"elementor-element elementor-element-cf25b40 elementor-widget elementor-widget-heading\" data-id=\"cf25b40\" data-element_type=\"widget\" data-widget_type=\"heading.default\">\n\t\t\t\t\t<h1 class=\"elementor-heading-title elementor-size-default\">Versorgungsspannung \u2013 Der Schl\u00fcssel f\u00fcr einen zuverl\u00e4ssigen Betrieb von Elektronik und Sensoren<\/h1>\t\t\t\t<\/div>\n\t\t\t\t<div class=\"elementor-element elementor-element-4360e0c elementor-widget elementor-widget-text-editor\" data-id=\"4360e0c\" data-element_type=\"widget\" data-widget_type=\"text-editor.default\">\n\t\t\t\t\t\t\t\t\t<p class=\"p3\">Die Versorgungsspannung spielt eine entscheidende Rolle f\u00fcr die Funktionalit\u00e4t elektronischer Bauteile und Systeme. Ob in der industriellen Automatisierung, der Sensortechnik oder in Alltagsger\u00e4ten \u2013 die richtige Versorgungsspannung sorgt daf\u00fcr, dass Bauteile pr\u00e4zise, effizient und sicher arbeiten. Aber was genau bedeutet der Begriff \u201eVersorgungsspannung\u201c \u2013 und warum ist sie so wichtig?  <\/p>\t\t\t\t\t\t\t\t<\/div>\n\t\t\t\t\t<\/div>\n\t\t\t\t<\/div>\n\t\t<div class=\"elementor-element elementor-element-899b0c8 e-flex e-con-boxed e-con e-parent\" data-id=\"899b0c8\" data-element_type=\"container\">\n\t\t\t\t\t<div class=\"e-con-inner\">\n\t\t\t\t<div class=\"elementor-element elementor-element-a22dba1 elementor-widget elementor-widget-image\" data-id=\"a22dba1\" data-element_type=\"widget\" data-widget_type=\"image.default\">\n\t\t\t\t\t\t\t\t\t\t\t\t\t\t\t<img fetchpriority=\"high\" decoding=\"async\" width=\"2560\" height=\"295\" src=\"https:\/\/allsensors.eu\/wp-content\/uploads\/2025\/12\/Sensor-Dekoleiste-scaled.webp\" class=\"attachment-full size-full wp-image-21396\" alt=\"\" srcset=\"https:\/\/allsensors.eu\/wp-content\/uploads\/2025\/12\/Sensor-Dekoleiste-scaled.webp 2560w, https:\/\/allsensors.eu\/wp-content\/uploads\/2025\/12\/Sensor-Dekoleiste-300x35.webp 300w, https:\/\/allsensors.eu\/wp-content\/uploads\/2025\/12\/Sensor-Dekoleiste-1024x118.webp 1024w, https:\/\/allsensors.eu\/wp-content\/uploads\/2025\/12\/Sensor-Dekoleiste-768x89.webp 768w, https:\/\/allsensors.eu\/wp-content\/uploads\/2025\/12\/Sensor-Dekoleiste-1536x177.webp 1536w, https:\/\/allsensors.eu\/wp-content\/uploads\/2025\/12\/Sensor-Dekoleiste-2048x236.webp 2048w\" sizes=\"(max-width: 2560px) 100vw, 2560px\" \/>\t\t\t\t\t\t\t\t\t\t\t\t\t\t\t<\/div>\n\t\t\t\t\t<\/div>\n\t\t\t\t<\/div>\n\t\t<div class=\"elementor-element elementor-element-1313cae e-flex e-con-boxed e-con e-parent\" data-id=\"1313cae\" data-element_type=\"container\">\n\t\t\t\t\t<div class=\"e-con-inner\">\n\t\t<div class=\"elementor-element elementor-element-95c8cbf e-con-full e-flex e-con e-child\" data-id=\"95c8cbf\" data-element_type=\"container\">\n\t\t\t\t<div class=\"elementor-element elementor-element-6d0d926 elementor-widget elementor-widget-heading\" data-id=\"6d0d926\" data-element_type=\"widget\" data-widget_type=\"heading.default\">\n\t\t\t\t\t<h2 class=\"elementor-heading-title elementor-size-default\">Was ist Versorgungsspannung? <br>Eine technische Definition<\/h2>\t\t\t\t<\/div>\n\t\t\t\t<div class=\"elementor-element elementor-element-d3e893f elementor-widget elementor-widget-text-editor\" data-id=\"d3e893f\" data-element_type=\"widget\" data-widget_type=\"text-editor.default\">\n\t\t\t\t\t\t\t\t\t<p>Die <strong>Versorgungsspannung<\/strong> bezieht sich auf die Spannung, die eine Stromquelle an ein elektronisches Ger\u00e4t oder einen elektronischen Schaltkreis liefert. Es handelt sich dabei um die Energie, die zum Betrieb elektronischer Komponenten wie Sensoren, Mikrocontroller und integrierter Schaltkreise ben\u00f6tigt wird. Technisch gesehen stellt die Versorgungsspannung die elektrische Potentialdifferenz zwischen zwei Punkten im Schaltkreis dar, in der Regel zwischen der positiven Stromschiene und der Masse.  <\/p><p>Der <strong>Versorgungsspannungsbereich<\/strong> beschreibt die minimale und maximale Spannung, innerhalb derer ein Ger\u00e4t zuverl\u00e4ssig betrieben werden kann. Eine \u00dcberschreitung dieses Bereichs kann zu Fehlfunktionen, einer verk\u00fcrzten Lebensdauer oder sogar zu dauerhaften Sch\u00e4den f\u00fchren. <\/p>\t\t\t\t\t\t\t\t<\/div>\n\t\t\t\t<div class=\"elementor-element elementor-element-e0b9a1f elementor-widget elementor-widget-image\" data-id=\"e0b9a1f\" data-element_type=\"widget\" data-widget_type=\"image.default\">\n\t\t\t\t\t\t\t\t\t\t\t\t\t\t\t<img decoding=\"async\" width=\"800\" height=\"448\" src=\"https:\/\/allsensors.eu\/wp-content\/uploads\/2025\/11\/All-Sensors__1777347529_scaled_burning-chip-on-motherboard-1024x574.webp\" class=\"attachment-large size-large wp-image-21303\" alt=\"\" srcset=\"https:\/\/allsensors.eu\/wp-content\/uploads\/2025\/11\/All-Sensors__1777347529_scaled_burning-chip-on-motherboard-1024x574.webp 1024w, https:\/\/allsensors.eu\/wp-content\/uploads\/2025\/11\/All-Sensors__1777347529_scaled_burning-chip-on-motherboard-300x168.webp 300w, https:\/\/allsensors.eu\/wp-content\/uploads\/2025\/11\/All-Sensors__1777347529_scaled_burning-chip-on-motherboard-768x430.webp 768w, https:\/\/allsensors.eu\/wp-content\/uploads\/2025\/11\/All-Sensors__1777347529_scaled_burning-chip-on-motherboard-1536x861.webp 1536w, https:\/\/allsensors.eu\/wp-content\/uploads\/2025\/11\/All-Sensors__1777347529_scaled_burning-chip-on-motherboard-2048x1148.webp 2048w\" sizes=\"(max-width: 800px) 100vw, 800px\" \/>\t\t\t\t\t\t\t\t\t\t\t\t\t\t\t<\/div>\n\t\t\t\t<div class=\"elementor-element elementor-element-ec9dc72 elementor-widget elementor-widget-heading\" data-id=\"ec9dc72\" data-element_type=\"widget\" data-widget_type=\"heading.default\">\n\t\t\t\t\t<h2 class=\"elementor-heading-title elementor-size-default\">Typische Versorgungs-<br>spannungswerte &amp; Beispiele<\/h2>\t\t\t\t<\/div>\n\t\t\t\t<div class=\"elementor-element elementor-element-7204846 elementor-widget elementor-widget-text-editor\" data-id=\"7204846\" data-element_type=\"widget\" data-widget_type=\"text-editor.default\">\n\t\t\t\t\t\t\t\t\t<p>Verschiedene Komponenten erfordern unterschiedliche Versorgungsspannungen. Hier sind einige g\u00e4ngige Beispiele: <\/p><ul><li>Mikrocontroller: typischerweise 3,3 V oder 5 V<\/li><li>Betriebsverst\u00e4rker: \u00b115 V<\/li><li>Digitale Logikschaltungen: 1,8 V, 3,3 V oder 5 V<\/li><li>Industriesensoren: h\u00e4ufig 12 V oder 24 V DC<\/li><\/ul><p><br>Bei Sensoranwendungen m\u00fcssen die Anforderungen an die Versorgungsspannung auf den Sensortyp und dessen Umgebung abgestimmt sein. Die <strong>Versorgungsspannung<\/strong> muss au\u00dferdem den Anforderungen an die Ausgangsspannung der Mess- und Steuerungssysteme entsprechen.<\/p>\t\t\t\t\t\t\t\t<\/div>\n\t\t\t\t<\/div>\n\t\t<div class=\"elementor-element elementor-element-2a0e0be e-con-full e-flex e-con e-child\" data-id=\"2a0e0be\" data-element_type=\"container\">\n\t\t\t\t<div class=\"elementor-element elementor-element-c55c9c9 elementor-widget elementor-widget-heading\" data-id=\"c55c9c9\" data-element_type=\"widget\" data-widget_type=\"heading.default\">\n\t\t\t\t\t<h2 class=\"elementor-heading-title elementor-size-default\">Warum sie in elektrischen Schaltkreisen unverzichtbar ist<\/h2>\t\t\t\t<\/div>\n\t\t\t\t<div class=\"elementor-element elementor-element-414c74e elementor-widget elementor-widget-text-editor\" data-id=\"414c74e\" data-element_type=\"widget\" data-widget_type=\"text-editor.default\">\n\t\t\t\t\t\t\t\t\t<p>In jedem Stromkreis bestimmt die Versorgungsspannung, wie gut die einzelnen Komponenten funktionieren. Ist die Spannung zu niedrig, lassen sich Ger\u00e4te m\u00f6glicherweise nicht einschalten oder erzeugen fehlerhafte Signale. Ist die Spannung zu hoch, k\u00f6nnen empfindliche Elektronikbauteile \u2013 wie beispielsweise <strong>MEMS-Drucksensoren<\/strong> \u2013 irreversibel besch\u00e4digt werden. Daher ist die Gew\u00e4hrleistung einer stabilen und angemessenen Versorgungsspannung einer der grundlegendsten Aspekte beim Schaltungsdesign.   <\/p><p>F\u00fcr Pr\u00e4zisionssensoren, wie sie von <strong>All Sensors<\/strong> entwickelt und hergestellt werden, ist eine konstante Versorgungsspannung besonders wichtig. Jede Schwankung kann die Messgenauigkeit, Kalibrierung und Langzeitstabilit\u00e4t beeintr\u00e4chtigen. <\/p>\t\t\t\t\t\t\t\t<\/div>\n\t\t\t\t<div class=\"elementor-element elementor-element-17eb9ab elementor-widget elementor-widget-heading\" data-id=\"17eb9ab\" data-element_type=\"widget\" data-widget_type=\"heading.default\">\n\t\t\t\t\t<h2 class=\"elementor-heading-title elementor-size-default\">Wichtige Parameter der Versorgungsspannung<\/h2>\t\t\t\t<\/div>\n\t\t\t\t<div class=\"elementor-element elementor-element-0b35804 elementor-widget elementor-widget-text-editor\" data-id=\"0b35804\" data-element_type=\"widget\" data-widget_type=\"text-editor.default\">\n\t\t\t\t\t\t\t\t\t<p>Mehrere Parameter bestimmen die Qualit\u00e4t und Eignung einer Versorgungsspannung:<\/p><ul><li><strong>Spannungstoleranz<\/strong>: Gibt an, wie viel Abweichung akzeptabel ist.<\/li><li><strong>Welligkeit und Rauschen<\/strong>: Sollten bei hochpr\u00e4zisen Anwendungen minimal sein.<\/li><li><strong>Aktuelle Kapazit\u00e4t<\/strong>: Das Netzteil muss ausreichend Strom f\u00fcr alle angeschlossenen Komponenten liefern.<\/li><li><strong>Stabilit\u00e4t<\/strong>: Schwankungen k\u00f6nnen zu Messfehlern oder Sch\u00e4den f\u00fchren.<\/li><\/ul><p><br>Bei der Auswahl des richtigen <strong>Versorgungsspannungsbereichs<\/strong> geht es nicht nur um den Nennwert, sondern auch darum, die Toleranz gegen\u00fcber Umweltver\u00e4nderungen wie Temperatur- oder Lastschwankungen sicherzustellen.<\/p>\t\t\t\t\t\t\t\t<\/div>\n\t\t\t\t<div class=\"elementor-element elementor-element-ea00f28 elementor-widget elementor-widget-image\" data-id=\"ea00f28\" data-element_type=\"widget\" data-widget_type=\"image.default\">\n\t\t\t\t\t\t\t\t\t\t\t\t\t\t\t<img decoding=\"async\" width=\"800\" height=\"534\" src=\"https:\/\/allsensors.eu\/wp-content\/uploads\/2025\/11\/All-Sensors__1776589561_scaled_technician-voltage-1024x683.webp\" class=\"attachment-large size-large wp-image-21301\" alt=\"\" srcset=\"https:\/\/allsensors.eu\/wp-content\/uploads\/2025\/11\/All-Sensors__1776589561_scaled_technician-voltage-1024x683.webp 1024w, https:\/\/allsensors.eu\/wp-content\/uploads\/2025\/11\/All-Sensors__1776589561_scaled_technician-voltage-300x200.webp 300w, https:\/\/allsensors.eu\/wp-content\/uploads\/2025\/11\/All-Sensors__1776589561_scaled_technician-voltage-768x512.webp 768w, https:\/\/allsensors.eu\/wp-content\/uploads\/2025\/11\/All-Sensors__1776589561_scaled_technician-voltage-1536x1024.webp 1536w, https:\/\/allsensors.eu\/wp-content\/uploads\/2025\/11\/All-Sensors__1776589561_scaled_technician-voltage-2048x1365.webp 2048w\" sizes=\"(max-width: 800px) 100vw, 800px\" \/>\t\t\t\t\t\t\t\t\t\t\t\t\t\t\t<\/div>\n\t\t\t\t<\/div>\n\t\t\t\t\t<\/div>\n\t\t\t\t<\/div>\n\t\t<div class=\"elementor-element elementor-element-15e98ef e-flex e-con-boxed e-con e-parent\" data-id=\"15e98ef\" data-element_type=\"container\">\n\t\t\t\t\t<div class=\"e-con-inner\">\n\t\t\t\t<div class=\"elementor-element elementor-element-726a6f0 elementor-widget elementor-widget-heading\" data-id=\"726a6f0\" data-element_type=\"widget\" data-widget_type=\"heading.default\">\n\t\t\t\t\t<h2 class=\"elementor-heading-title elementor-size-default\">Versorgungsspannung als leistungskritischer Faktor<\/h2>\t\t\t\t<\/div>\n\t\t\t\t<div class=\"elementor-element elementor-element-095de0e elementor-widget elementor-widget-text-editor\" data-id=\"095de0e\" data-element_type=\"widget\" data-widget_type=\"text-editor.default\">\n\t\t\t\t\t\t\t\t\t<p>Die Versorgungsspannung ist weit mehr als nur ein Eingangswert \u2013 sie ist ein entscheidender Faktor f\u00fcr Leistung, Langlebigkeit und Zuverl\u00e4ssigkeit. Bei All Sensors legen wir gro\u00dfen Wert darauf, Sensorsysteme f\u00fcr einen stabilen und effizienten Betrieb innerhalb des angegebenen Versorgungsspannungsbereichs zu optimieren. Ganz gleich, ob Sie ein neues Messsystem entwickeln oder bestehende Elektronik optimieren m\u00f6chten, es ist unerl\u00e4sslich, die richtige Versorgungsspannung zu verstehen und auszuw\u00e4hlen.  <\/p><p><strong>M\u00f6chten Sie wissen, wie sich unsere Sensoren unter verschiedenen Versorgungsbedingungen verhalten?<\/strong> Wenden Sie sich an unsere Experten. Wir helfen Ihnen dabei, eine Sensorl\u00f6sung zu finden oder zu entwickeln, die genau Ihren Anforderungen entspricht. <\/p>\t\t\t\t\t\t\t\t<\/div>\n\t\t\t\t<div class=\"elementor-element elementor-element-142d262 elementor-align-center elementor-widget elementor-widget-button\" data-id=\"142d262\" data-element_type=\"widget\" data-widget_type=\"button.default\">\n\t\t\t\t\t\t\t\t\t\t<a class=\"elementor-button elementor-button-link elementor-size-sm\" href=\"https:\/\/allsensors.eu\/de\/kontakt\/\">\n\t\t\t\t\t\t<span class=\"elementor-button-content-wrapper\">\n\t\t\t\t\t\t\t\t\t<span class=\"elementor-button-text\">Kontakt<\/span>\n\t\t\t\t\t<\/span>\n\t\t\t\t\t<\/a>\n\t\t\t\t\t\t\t\t<\/div>\n\t\t\t\t\t<\/div>\n\t\t\t\t<\/div>\n\t\t\t\t<\/div>\n\t\t","protected":false},"excerpt":{"rendered":"<p style=\"margin: 0; padding: 0; padding-left: 20px;\">\nWas ist Versorgungsspannung? Warum ist es in elektrischen Schaltkreisen unverzichtbar?<\/p>\n","protected":false},"author":4,"featured_media":21297,"parent":19414,"menu_order":0,"comment_status":"closed","ping_status":"closed","template":"","meta":{"footnotes":""},"class_list":["post-21430","page","type-page","status-publish","has-post-thumbnail","hentry"],"yoast_head":"<!-- This site is optimized with the Yoast SEO plugin v27.3 - https:\/\/yoast.com\/product\/yoast-seo-wordpress\/ -->\n<title>Glossar \u2013 Versorgungsspannung - All Sensors<\/title>\n<meta name=\"description\" content=\"Versorgungsspannung in der Elektronik verstehen | Warum sie wichtig ist \u2713 Wie sie sich auf die Sensorleistung auswirkt \u2713 Spannungsbereiche, Quellen und wichtige Parameter \u27a4 Mehr erfahren\" \/>\n<meta name=\"robots\" content=\"index, follow, max-snippet:-1, max-image-preview:large, max-video-preview:-1\" \/>\n<link rel=\"canonical\" href=\"https:\/\/allsensors.eu\/de\/news-ressourcen\/sensorik-abc\/glossar-versorgungsspannung\/\" \/>\n<meta property=\"og:locale\" content=\"de_DE\" \/>\n<meta property=\"og:type\" content=\"article\" \/>\n<meta property=\"og:title\" content=\"Glossar \u2013 Versorgungsspannung - All Sensors\" \/>\n<meta property=\"og:description\" content=\"Versorgungsspannung in der Elektronik verstehen | Warum sie wichtig ist \u2713 Wie sie sich auf die Sensorleistung auswirkt \u2713 Spannungsbereiche, Quellen und wichtige Parameter \u27a4 Mehr erfahren\" \/>\n<meta property=\"og:url\" content=\"https:\/\/allsensors.eu\/de\/news-ressourcen\/sensorik-abc\/glossar-versorgungsspannung\/\" \/>\n<meta property=\"og:site_name\" content=\"All Sensors\" \/>\n<meta property=\"article:modified_time\" content=\"2026-01-19T10:06:31+00:00\" \/>\n<meta property=\"og:image\" content=\"https:\/\/allsensors.eu\/wp-content\/uploads\/2025\/11\/Header-Versorgungsspannung.webp\" \/>\n\t<meta property=\"og:image:width\" content=\"2560\" \/>\n\t<meta property=\"og:image:height\" content=\"900\" \/>\n\t<meta property=\"og:image:type\" content=\"image\/webp\" \/>\n<meta name=\"twitter:card\" content=\"summary_large_image\" \/>\n<meta name=\"twitter:label1\" content=\"Gesch\u00e4tzte Lesezeit\" \/>\n\t<meta name=\"twitter:data1\" content=\"3\u00a0Minuten\" \/>\n<script type=\"application\/ld+json\" class=\"yoast-schema-graph\">{\"@context\":\"https:\\\/\\\/schema.org\",\"@graph\":[{\"@type\":\"WebPage\",\"@id\":\"https:\\\/\\\/allsensors.eu\\\/de\\\/news-ressourcen\\\/sensorik-abc\\\/glossar-versorgungsspannung\\\/\",\"url\":\"https:\\\/\\\/allsensors.eu\\\/de\\\/news-ressourcen\\\/sensorik-abc\\\/glossar-versorgungsspannung\\\/\",\"name\":\"Glossar \u2013 Versorgungsspannung - All Sensors\",\"isPartOf\":{\"@id\":\"https:\\\/\\\/allsensors.eu\\\/de\\\/#website\"},\"primaryImageOfPage\":{\"@id\":\"https:\\\/\\\/allsensors.eu\\\/de\\\/news-ressourcen\\\/sensorik-abc\\\/glossar-versorgungsspannung\\\/#primaryimage\"},\"image\":{\"@id\":\"https:\\\/\\\/allsensors.eu\\\/de\\\/news-ressourcen\\\/sensorik-abc\\\/glossar-versorgungsspannung\\\/#primaryimage\"},\"thumbnailUrl\":\"https:\\\/\\\/allsensors.eu\\\/wp-content\\\/uploads\\\/2025\\\/11\\\/Header-Versorgungsspannung.webp\",\"datePublished\":\"2025-09-06T07:29:58+00:00\",\"dateModified\":\"2026-01-19T10:06:31+00:00\",\"description\":\"Versorgungsspannung in der Elektronik verstehen | Warum sie wichtig ist \u2713 Wie sie sich auf die Sensorleistung auswirkt \u2713 Spannungsbereiche, Quellen und wichtige Parameter \u27a4 Mehr erfahren\",\"breadcrumb\":{\"@id\":\"https:\\\/\\\/allsensors.eu\\\/de\\\/news-ressourcen\\\/sensorik-abc\\\/glossar-versorgungsspannung\\\/#breadcrumb\"},\"inLanguage\":\"de\",\"potentialAction\":[{\"@type\":\"ReadAction\",\"target\":[\"https:\\\/\\\/allsensors.eu\\\/de\\\/news-ressourcen\\\/sensorik-abc\\\/glossar-versorgungsspannung\\\/\"]}]},{\"@type\":\"ImageObject\",\"inLanguage\":\"de\",\"@id\":\"https:\\\/\\\/allsensors.eu\\\/de\\\/news-ressourcen\\\/sensorik-abc\\\/glossar-versorgungsspannung\\\/#primaryimage\",\"url\":\"https:\\\/\\\/allsensors.eu\\\/wp-content\\\/uploads\\\/2025\\\/11\\\/Header-Versorgungsspannung.webp\",\"contentUrl\":\"https:\\\/\\\/allsensors.eu\\\/wp-content\\\/uploads\\\/2025\\\/11\\\/Header-Versorgungsspannung.webp\",\"width\":2560,\"height\":900},{\"@type\":\"BreadcrumbList\",\"@id\":\"https:\\\/\\\/allsensors.eu\\\/de\\\/news-ressourcen\\\/sensorik-abc\\\/glossar-versorgungsspannung\\\/#breadcrumb\",\"itemListElement\":[{\"@type\":\"ListItem\",\"position\":1,\"name\":\"Startseite\",\"item\":\"https:\\\/\\\/allsensors.eu\\\/de\\\/startseite\\\/\"},{\"@type\":\"ListItem\",\"position\":2,\"name\":\"News &amp; Ressourcen\",\"item\":\"https:\\\/\\\/allsensors.eu\\\/de\\\/news-ressourcen\\\/\"},{\"@type\":\"ListItem\",\"position\":3,\"name\":\"Sensorik-Glossar\",\"item\":\"https:\\\/\\\/allsensors.eu\\\/de\\\/news-resources\\\/sensing-glossary\\\/\"},{\"@type\":\"ListItem\",\"position\":4,\"name\":\"Glossar \u2013 Versorgungsspannung\"}]},{\"@type\":\"WebSite\",\"@id\":\"https:\\\/\\\/allsensors.eu\\\/de\\\/#website\",\"url\":\"https:\\\/\\\/allsensors.eu\\\/de\\\/\",\"name\":\"All Sensors\",\"description\":\"\",\"publisher\":{\"@id\":\"https:\\\/\\\/allsensors.eu\\\/de\\\/#organization\"},\"potentialAction\":[{\"@type\":\"SearchAction\",\"target\":{\"@type\":\"EntryPoint\",\"urlTemplate\":\"https:\\\/\\\/allsensors.eu\\\/de\\\/?s={search_term_string}\"},\"query-input\":{\"@type\":\"PropertyValueSpecification\",\"valueRequired\":true,\"valueName\":\"search_term_string\"}}],\"inLanguage\":\"de\"},{\"@type\":\"Organization\",\"@id\":\"https:\\\/\\\/allsensors.eu\\\/de\\\/#organization\",\"name\":\"All Sensors\",\"url\":\"https:\\\/\\\/allsensors.eu\\\/de\\\/\",\"logo\":{\"@type\":\"ImageObject\",\"inLanguage\":\"de\",\"@id\":\"https:\\\/\\\/allsensors.eu\\\/de\\\/#\\\/schema\\\/logo\\\/image\\\/\",\"url\":\"https:\\\/\\\/allsensors.eu\\\/wp-content\\\/uploads\\\/2023\\\/09\\\/cropped-cropped-All-Sensors-Logo-e1700556989539.png\",\"contentUrl\":\"https:\\\/\\\/allsensors.eu\\\/wp-content\\\/uploads\\\/2023\\\/09\\\/cropped-cropped-All-Sensors-Logo-e1700556989539.png\",\"width\":6090,\"height\":2375,\"caption\":\"All Sensors\"},\"image\":{\"@id\":\"https:\\\/\\\/allsensors.eu\\\/de\\\/#\\\/schema\\\/logo\\\/image\\\/\"}}]}<\/script>\n<!-- \/ Yoast SEO plugin. -->","yoast_head_json":{"title":"Glossar \u2013 Versorgungsspannung - All Sensors","description":"Versorgungsspannung in der Elektronik verstehen | Warum sie wichtig ist \u2713 Wie sie sich auf die Sensorleistung auswirkt \u2713 Spannungsbereiche, Quellen und wichtige Parameter \u27a4 Mehr erfahren","robots":{"index":"index","follow":"follow","max-snippet":"max-snippet:-1","max-image-preview":"max-image-preview:large","max-video-preview":"max-video-preview:-1"},"canonical":"https:\/\/allsensors.eu\/de\/news-ressourcen\/sensorik-abc\/glossar-versorgungsspannung\/","og_locale":"de_DE","og_type":"article","og_title":"Glossar \u2013 Versorgungsspannung - All Sensors","og_description":"Versorgungsspannung in der Elektronik verstehen | Warum sie wichtig ist \u2713 Wie sie sich auf die Sensorleistung auswirkt \u2713 Spannungsbereiche, Quellen und wichtige Parameter \u27a4 Mehr erfahren","og_url":"https:\/\/allsensors.eu\/de\/news-ressourcen\/sensorik-abc\/glossar-versorgungsspannung\/","og_site_name":"All Sensors","article_modified_time":"2026-01-19T10:06:31+00:00","og_image":[{"width":2560,"height":900,"url":"https:\/\/allsensors.eu\/wp-content\/uploads\/2025\/11\/Header-Versorgungsspannung.webp","type":"image\/webp"}],"twitter_card":"summary_large_image","twitter_misc":{"Gesch\u00e4tzte Lesezeit":"3\u00a0Minuten"},"schema":{"@context":"https:\/\/schema.org","@graph":[{"@type":"WebPage","@id":"https:\/\/allsensors.eu\/de\/news-ressourcen\/sensorik-abc\/glossar-versorgungsspannung\/","url":"https:\/\/allsensors.eu\/de\/news-ressourcen\/sensorik-abc\/glossar-versorgungsspannung\/","name":"Glossar \u2013 Versorgungsspannung - All Sensors","isPartOf":{"@id":"https:\/\/allsensors.eu\/de\/#website"},"primaryImageOfPage":{"@id":"https:\/\/allsensors.eu\/de\/news-ressourcen\/sensorik-abc\/glossar-versorgungsspannung\/#primaryimage"},"image":{"@id":"https:\/\/allsensors.eu\/de\/news-ressourcen\/sensorik-abc\/glossar-versorgungsspannung\/#primaryimage"},"thumbnailUrl":"https:\/\/allsensors.eu\/wp-content\/uploads\/2025\/11\/Header-Versorgungsspannung.webp","datePublished":"2025-09-06T07:29:58+00:00","dateModified":"2026-01-19T10:06:31+00:00","description":"Versorgungsspannung in der Elektronik verstehen | Warum sie wichtig ist \u2713 Wie sie sich auf die Sensorleistung auswirkt \u2713 Spannungsbereiche, Quellen und wichtige Parameter \u27a4 Mehr erfahren","breadcrumb":{"@id":"https:\/\/allsensors.eu\/de\/news-ressourcen\/sensorik-abc\/glossar-versorgungsspannung\/#breadcrumb"},"inLanguage":"de","potentialAction":[{"@type":"ReadAction","target":["https:\/\/allsensors.eu\/de\/news-ressourcen\/sensorik-abc\/glossar-versorgungsspannung\/"]}]},{"@type":"ImageObject","inLanguage":"de","@id":"https:\/\/allsensors.eu\/de\/news-ressourcen\/sensorik-abc\/glossar-versorgungsspannung\/#primaryimage","url":"https:\/\/allsensors.eu\/wp-content\/uploads\/2025\/11\/Header-Versorgungsspannung.webp","contentUrl":"https:\/\/allsensors.eu\/wp-content\/uploads\/2025\/11\/Header-Versorgungsspannung.webp","width":2560,"height":900},{"@type":"BreadcrumbList","@id":"https:\/\/allsensors.eu\/de\/news-ressourcen\/sensorik-abc\/glossar-versorgungsspannung\/#breadcrumb","itemListElement":[{"@type":"ListItem","position":1,"name":"Startseite","item":"https:\/\/allsensors.eu\/de\/startseite\/"},{"@type":"ListItem","position":2,"name":"News &amp; Ressourcen","item":"https:\/\/allsensors.eu\/de\/news-ressourcen\/"},{"@type":"ListItem","position":3,"name":"Sensorik-Glossar","item":"https:\/\/allsensors.eu\/de\/news-resources\/sensing-glossary\/"},{"@type":"ListItem","position":4,"name":"Glossar \u2013 Versorgungsspannung"}]},{"@type":"WebSite","@id":"https:\/\/allsensors.eu\/de\/#website","url":"https:\/\/allsensors.eu\/de\/","name":"All Sensors","description":"","publisher":{"@id":"https:\/\/allsensors.eu\/de\/#organization"},"potentialAction":[{"@type":"SearchAction","target":{"@type":"EntryPoint","urlTemplate":"https:\/\/allsensors.eu\/de\/?s={search_term_string}"},"query-input":{"@type":"PropertyValueSpecification","valueRequired":true,"valueName":"search_term_string"}}],"inLanguage":"de"},{"@type":"Organization","@id":"https:\/\/allsensors.eu\/de\/#organization","name":"All Sensors","url":"https:\/\/allsensors.eu\/de\/","logo":{"@type":"ImageObject","inLanguage":"de","@id":"https:\/\/allsensors.eu\/de\/#\/schema\/logo\/image\/","url":"https:\/\/allsensors.eu\/wp-content\/uploads\/2023\/09\/cropped-cropped-All-Sensors-Logo-e1700556989539.png","contentUrl":"https:\/\/allsensors.eu\/wp-content\/uploads\/2023\/09\/cropped-cropped-All-Sensors-Logo-e1700556989539.png","width":6090,"height":2375,"caption":"All Sensors"},"image":{"@id":"https:\/\/allsensors.eu\/de\/#\/schema\/logo\/image\/"}}]}},"_links":{"self":[{"href":"https:\/\/allsensors.eu\/de\/wp-json\/wp\/v2\/pages\/21430","targetHints":{"allow":["GET"]}}],"collection":[{"href":"https:\/\/allsensors.eu\/de\/wp-json\/wp\/v2\/pages"}],"about":[{"href":"https:\/\/allsensors.eu\/de\/wp-json\/wp\/v2\/types\/page"}],"author":[{"embeddable":true,"href":"https:\/\/allsensors.eu\/de\/wp-json\/wp\/v2\/users\/4"}],"replies":[{"embeddable":true,"href":"https:\/\/allsensors.eu\/de\/wp-json\/wp\/v2\/comments?post=21430"}],"version-history":[{"count":10,"href":"https:\/\/allsensors.eu\/de\/wp-json\/wp\/v2\/pages\/21430\/revisions"}],"predecessor-version":[{"id":21471,"href":"https:\/\/allsensors.eu\/de\/wp-json\/wp\/v2\/pages\/21430\/revisions\/21471"}],"up":[{"embeddable":true,"href":"https:\/\/allsensors.eu\/de\/wp-json\/wp\/v2\/pages\/19414"}],"wp:featuredmedia":[{"embeddable":true,"href":"https:\/\/allsensors.eu\/de\/wp-json\/wp\/v2\/media\/21297"}],"wp:attachment":[{"href":"https:\/\/allsensors.eu\/de\/wp-json\/wp\/v2\/media?parent=21430"}],"curies":[{"name":"wp","href":"https:\/\/api.w.org\/{rel}","templated":true}]}}