{"id":21836,"date":"2026-03-20T11:38:30","date_gmt":"2026-03-20T11:38:30","guid":{"rendered":"https:\/\/allsensors.eu\/news-ressourcen\/events\/spring-sales-meeting-2026\/"},"modified":"2026-03-23T09:19:00","modified_gmt":"2026-03-23T09:19:00","slug":"spring-sales-meeting-2026","status":"publish","type":"page","link":"https:\/\/allsensors.eu\/de\/news-ressourcen\/events\/spring-sales-meeting-2026\/","title":{"rendered":"Spring Sales Meeting 2026"},"content":{"rendered":"\t\t<div data-elementor-type=\"wp-page\" data-elementor-id=\"21836\" class=\"elementor elementor-21836 elementor-21799\" data-elementor-post-type=\"page\">\n\t\t\t\t<div class=\"elementor-element elementor-element-4c94441 e-con-full e-flex e-con e-parent\" data-id=\"4c94441\" data-element_type=\"container\" data-e-type=\"container\">\n\t\t<div class=\"elementor-element elementor-element-89e4dd0 e-con-full e-flex e-con e-child\" data-id=\"89e4dd0\" data-element_type=\"container\" data-e-type=\"container\">\n\t\t\t\t<div class=\"elementor-element elementor-element-4700e6f elementor-widget elementor-widget-image\" data-id=\"4700e6f\" data-element_type=\"widget\" data-e-type=\"widget\" data-settings=\"{&quot;motion_fx_motion_fx_scrolling&quot;:&quot;yes&quot;,&quot;motion_fx_scale_effect&quot;:&quot;yes&quot;,&quot;motion_fx_scale_speed&quot;:{&quot;unit&quot;:&quot;px&quot;,&quot;size&quot;:2,&quot;sizes&quot;:[]},&quot;motion_fx_scale_range&quot;:{&quot;unit&quot;:&quot;%&quot;,&quot;size&quot;:&quot;&quot;,&quot;sizes&quot;:{&quot;start&quot;:65,&quot;end&quot;:100}},&quot;motion_fx_scale_direction&quot;:&quot;out-in&quot;,&quot;motion_fx_devices&quot;:[&quot;desktop&quot;,&quot;tablet&quot;,&quot;mobile&quot;]}\" data-widget_type=\"image.default\">\n\t\t\t\t\t\t\t\t\t\t\t\t\t\t\t<img fetchpriority=\"high\" decoding=\"async\" width=\"1920\" height=\"714\" src=\"https:\/\/allsensors.eu\/wp-content\/uploads\/2026\/03\/Header-Spring-Sales-Meeting-26.webp\" class=\"attachment-full size-full wp-image-21830\" alt=\"\" srcset=\"https:\/\/allsensors.eu\/wp-content\/uploads\/2026\/03\/Header-Spring-Sales-Meeting-26.webp 1920w, https:\/\/allsensors.eu\/wp-content\/uploads\/2026\/03\/Header-Spring-Sales-Meeting-26-300x112.webp 300w, https:\/\/allsensors.eu\/wp-content\/uploads\/2026\/03\/Header-Spring-Sales-Meeting-26-1024x381.webp 1024w, https:\/\/allsensors.eu\/wp-content\/uploads\/2026\/03\/Header-Spring-Sales-Meeting-26-768x286.webp 768w, https:\/\/allsensors.eu\/wp-content\/uploads\/2026\/03\/Header-Spring-Sales-Meeting-26-1536x571.webp 1536w\" sizes=\"(max-width: 1920px) 100vw, 1920px\" \/>\t\t\t\t\t\t\t\t\t\t\t\t\t\t\t<\/div>\n\t\t\t\t<\/div>\n\t\t\t\t<\/div>\n\t\t<div class=\"elementor-element elementor-element-85ac643 e-flex e-con-boxed e-con e-parent\" data-id=\"85ac643\" data-element_type=\"container\" data-e-type=\"container\">\n\t\t\t\t\t<div class=\"e-con-inner\">\n\t\t<div class=\"elementor-element elementor-element-f37b8f7 e-con-full e-flex e-con e-child\" data-id=\"f37b8f7\" data-element_type=\"container\" data-e-type=\"container\">\n\t\t\t\t<div class=\"elementor-element elementor-element-5a1745a elementor-widget elementor-widget-heading\" data-id=\"5a1745a\" data-element_type=\"widget\" data-e-type=\"widget\" data-widget_type=\"heading.default\">\n\t\t\t\t\t<h1 class=\"elementor-heading-title elementor-size-default\">Spring Sales Meeting 2026<\/h1>\t\t\t\t<\/div>\n\t\t\t\t<div class=\"elementor-element elementor-element-23f1571 elementor-widget elementor-widget-text-editor\" data-id=\"23f1571\" data-element_type=\"widget\" data-e-type=\"widget\" data-widget_type=\"text-editor.default\">\n\t\t\t\t\t\t\t\t\t<div><h2><strong>Vertriebsmeeting der All Sensors GmbH in Slowenien, veranstaltet von HYB d.o.o.<\/strong><\/h2><\/div>\t\t\t\t\t\t\t\t<\/div>\n\t\t\t\t<\/div>\n\t\t\t\t\t<\/div>\n\t\t\t\t<\/div>\n\t\t<div class=\"elementor-element elementor-element-011efa6 e-flex e-con-boxed e-con e-parent\" data-id=\"011efa6\" data-element_type=\"container\" data-e-type=\"container\">\n\t\t\t\t\t<div class=\"e-con-inner\">\n\t\t<div class=\"elementor-element elementor-element-12244cf e-con-full e-flex e-con e-child\" data-id=\"12244cf\" data-element_type=\"container\" data-e-type=\"container\">\n\t\t\t\t<div class=\"elementor-element elementor-element-5f7eb49 elementor-widget elementor-widget-text-editor\" data-id=\"5f7eb49\" data-element_type=\"widget\" data-e-type=\"widget\" data-widget_type=\"text-editor.default\">\n\t\t\t\t\t\t\t\t\t<p>Letzte Woche traf sich das Vertriebsteam der All Sensors GmbH in Slowenien zu einem wichtigen Vertriebsmeeting, das von <a href=\"https:\/\/hyb.si\/\">HYB d.o.o.<\/a> ausgerichtet wurde. Das Treffen bot eine wertvolle Gelegenheit, sich \u00fcber aktuelle Priorit\u00e4ten abzustimmen, Marktentwicklungen zu besprechen und die Zusammenarbeit im Team zu st\u00e4rken.<\/p><p>Das pers\u00f6nliche Zusammenkommen der Kollegen ist nach wie vor ein wichtiger Faktor f\u00fcr eine enge Abstimmung zwischen Vertriebsaktivit\u00e4ten, Kundensupport und strategischer Planung. Im Laufe des Treffens er\u00f6rterte das Team zentrale Gesch\u00e4ftsthemen, tauschte Markteinblicke aus und pr\u00fcfte M\u00f6glichkeiten f\u00fcr weiteres Wachstum. Die Sitzungen trugen dazu bei, \u00fcbergeordnete Ziele in konkrete Ma\u00dfnahmen umzusetzen, und f\u00f6rderten ein gemeinsames Verst\u00e4ndnis der Priorit\u00e4ten f\u00fcr die kommenden Monate.  <\/p><p>Ein besonders wertvoller Teil des Programms war die Gelegenheit, Zeit bei <a href=\"https:\/\/hyb.si\/\">HYB d.o.o.<\/a> zu verbringen und einen genaueren Einblick in die lokalen Abl\u00e4ufe zu gewinnen. Der Besuch vor Ort und die M\u00f6glichkeit, die Prozesse aus erster Hand zu erleben, trugen dazu bei, die gesch\u00e4ftlichen Gespr\u00e4che mit dem technischen und betrieblichen Know-how zu verkn\u00fcpfen, das hinter den Produkten und L\u00f6sungen steht, die wir unseren Kunden anbieten. Dieser direkte Austausch ist unerl\u00e4sslich, um ein tiefes Verst\u00e4ndnis f\u00fcr die Kompetenzen, Qualit\u00e4tsstandards und die funktions\u00fcbergreifende Zusammenarbeit zu f\u00f6rdern.  <\/p><p>Neben der offiziellen Tagesordnung bot das Programm auch Gelegenheit f\u00fcr informelle Gespr\u00e4che und den Austausch innerhalb des Teams. Diese Gespr\u00e4che sind oft ebenso wichtig, um engere Arbeitsbeziehungen aufzubauen und die Zusammenarbeit zwischen verschiedenen Funktionen und Regionen zu verbessern. <\/p><p>Das Treffen in Slowenien war ein wichtiger Schritt, um die Abstimmung innerhalb des Vertriebsteams der All Sensors GmbH zu verbessern und die enge Zusammenarbeit mit HYB d.o.o. zu festigen, was unsere weitere Arbeit mit Kunden und Partnern unterst\u00fctzt.<\/p>\t\t\t\t\t\t\t\t<\/div>\n\t\t\t\t<\/div>\n\t\t<div class=\"elementor-element elementor-element-c27c18e e-con-full e-flex e-con e-child\" data-id=\"c27c18e\" data-element_type=\"container\" data-e-type=\"container\">\n\t\t\t\t<div class=\"elementor-element elementor-element-62ee44d elementor-widget elementor-widget-image\" data-id=\"62ee44d\" data-element_type=\"widget\" data-e-type=\"widget\" data-widget_type=\"image.default\">\n\t\t\t\t\t\t\t\t\t\t\t\t\t\t\t<img decoding=\"async\" width=\"800\" height=\"448\" src=\"https:\/\/allsensors.eu\/wp-content\/uploads\/2026\/03\/IMG_9216-1-scaled-e1774006979195-1024x574.jpg\" class=\"attachment-large size-large wp-image-21831\" alt=\"\" srcset=\"https:\/\/allsensors.eu\/wp-content\/uploads\/2026\/03\/IMG_9216-1-scaled-e1774006979195-1024x574.jpg 1024w, https:\/\/allsensors.eu\/wp-content\/uploads\/2026\/03\/IMG_9216-1-scaled-e1774006979195-300x168.jpg 300w, https:\/\/allsensors.eu\/wp-content\/uploads\/2026\/03\/IMG_9216-1-scaled-e1774006979195-768x430.jpg 768w, https:\/\/allsensors.eu\/wp-content\/uploads\/2026\/03\/IMG_9216-1-scaled-e1774006979195-1536x860.jpg 1536w, https:\/\/allsensors.eu\/wp-content\/uploads\/2026\/03\/IMG_9216-1-scaled-e1774006979195-2048x1147.jpg 2048w\" sizes=\"(max-width: 800px) 100vw, 800px\" \/>\t\t\t\t\t\t\t\t\t\t\t\t\t\t\t<\/div>\n\t\t\t\t<div class=\"elementor-element elementor-element-3e523ec elementor-widget elementor-widget-text-editor\" data-id=\"3e523ec\" data-element_type=\"widget\" data-e-type=\"widget\" data-widget_type=\"text-editor.default\">\n\t\t\t\t\t\t\t\t\t<p><strong>Wir m\u00f6chten uns ganz herzlich bei unseren Kollegen von HYB d.o.o. f\u00fcr die Ausrichtung des Treffens, die hervorragende Organisation w\u00e4hrend des gesamten Besuchs und ihre gro\u00dfz\u00fcgige Gastfreundschaft bedanken. Dank ihrer Unterst\u00fctzung war die Veranstaltung f\u00fcr alle Beteiligten sowohl produktiv als auch angenehm. <\/strong><\/p>\t\t\t\t\t\t\t\t<\/div>\n\t\t\t\t<\/div>\n\t\t\t\t\t<\/div>\n\t\t\t\t<\/div>\n\t\t<div class=\"elementor-element elementor-element-7fa3c0c e-grid e-con-boxed e-con e-parent\" data-id=\"7fa3c0c\" data-element_type=\"container\" data-e-type=\"container\">\n\t\t\t\t\t<div class=\"e-con-inner\">\n\t\t\t\t<div class=\"elementor-element elementor-element-69a8599 elementor-widget elementor-widget-image\" data-id=\"69a8599\" data-element_type=\"widget\" data-e-type=\"widget\" data-widget_type=\"image.default\">\n\t\t\t\t\t\t\t\t\t\t\t\t\t\t\t<img decoding=\"async\" width=\"800\" height=\"600\" src=\"https:\/\/allsensors.eu\/wp-content\/uploads\/2026\/03\/IMG_9229-1024x768.webp\" class=\"attachment-large size-large wp-image-21832\" alt=\"\" srcset=\"https:\/\/allsensors.eu\/wp-content\/uploads\/2026\/03\/IMG_9229-1024x768.webp 1024w, https:\/\/allsensors.eu\/wp-content\/uploads\/2026\/03\/IMG_9229-300x225.webp 300w, https:\/\/allsensors.eu\/wp-content\/uploads\/2026\/03\/IMG_9229-768x576.webp 768w, https:\/\/allsensors.eu\/wp-content\/uploads\/2026\/03\/IMG_9229-1536x1152.webp 1536w, https:\/\/allsensors.eu\/wp-content\/uploads\/2026\/03\/IMG_9229-2048x1536.webp 2048w\" sizes=\"(max-width: 800px) 100vw, 800px\" \/>\t\t\t\t\t\t\t\t\t\t\t\t\t\t\t<\/div>\n\t\t\t\t<div class=\"elementor-element elementor-element-b386217 elementor-widget elementor-widget-image\" data-id=\"b386217\" data-element_type=\"widget\" data-e-type=\"widget\" data-widget_type=\"image.default\">\n\t\t\t\t\t\t\t\t\t\t\t\t\t\t\t<img loading=\"lazy\" decoding=\"async\" width=\"800\" height=\"600\" src=\"https:\/\/allsensors.eu\/wp-content\/uploads\/2026\/03\/IMG_9193-1024x768.webp\" class=\"attachment-large size-large wp-image-21833\" alt=\"\" srcset=\"https:\/\/allsensors.eu\/wp-content\/uploads\/2026\/03\/IMG_9193-1024x768.webp 1024w, https:\/\/allsensors.eu\/wp-content\/uploads\/2026\/03\/IMG_9193-300x225.webp 300w, https:\/\/allsensors.eu\/wp-content\/uploads\/2026\/03\/IMG_9193-768x576.webp 768w, https:\/\/allsensors.eu\/wp-content\/uploads\/2026\/03\/IMG_9193-1536x1152.webp 1536w, https:\/\/allsensors.eu\/wp-content\/uploads\/2026\/03\/IMG_9193-2048x1536.webp 2048w\" sizes=\"(max-width: 800px) 100vw, 800px\" \/>\t\t\t\t\t\t\t\t\t\t\t\t\t\t\t<\/div>\n\t\t\t\t<div class=\"elementor-element elementor-element-1c4fde9 elementor-widget elementor-widget-image\" data-id=\"1c4fde9\" data-element_type=\"widget\" data-e-type=\"widget\" data-widget_type=\"image.default\">\n\t\t\t\t\t\t\t\t\t\t\t\t\t\t\t<img loading=\"lazy\" decoding=\"async\" width=\"800\" height=\"600\" src=\"https:\/\/allsensors.eu\/wp-content\/uploads\/2026\/03\/IMG_9231-1024x768.webp\" class=\"attachment-large size-large wp-image-21834\" alt=\"\" srcset=\"https:\/\/allsensors.eu\/wp-content\/uploads\/2026\/03\/IMG_9231-1024x768.webp 1024w, https:\/\/allsensors.eu\/wp-content\/uploads\/2026\/03\/IMG_9231-300x225.webp 300w, https:\/\/allsensors.eu\/wp-content\/uploads\/2026\/03\/IMG_9231-768x576.webp 768w, https:\/\/allsensors.eu\/wp-content\/uploads\/2026\/03\/IMG_9231-1536x1152.webp 1536w, https:\/\/allsensors.eu\/wp-content\/uploads\/2026\/03\/IMG_9231-2048x1536.webp 2048w\" sizes=\"(max-width: 800px) 100vw, 800px\" \/>\t\t\t\t\t\t\t\t\t\t\t\t\t\t\t<\/div>\n\t\t\t\t\t<\/div>\n\t\t\t\t<\/div>\n\t\t\t\t<\/div>\n\t\t","protected":false},"excerpt":{"rendered":"<p style=\"margin: 0;padding: 0;padding-left: 20px\">\nDie All Sensors GmbH st\u00e4rkt den Teamzusammenhalt bei einem Vertriebsmeeting bei HYB d.o.o. in Slowenien.<\/p>\n","protected":false},"author":4,"featured_media":21835,"parent":20116,"menu_order":0,"comment_status":"closed","ping_status":"closed","template":"","meta":{"footnotes":""},"class_list":["post-21836","page","type-page","status-publish","has-post-thumbnail","hentry"],"yoast_head":"<!-- This site is optimized with the Yoast SEO plugin v27.3 - https:\/\/yoast.com\/product\/yoast-seo-wordpress\/ -->\n<title>Spring Sales Meeting 2026 - All Sensors<\/title>\n<meta name=\"description\" content=\"Einblicke vom All Sensors-Fr\u00fchjahrsvertriebstreffen 2026 in Slowenien, mit wichtigen Neuigkeiten aus dem Vertrieb und einer st\u00e4rkeren Teamausrichtung.\" \/>\n<meta name=\"robots\" content=\"index, follow, max-snippet:-1, max-image-preview:large, max-video-preview:-1\" \/>\n<link rel=\"canonical\" href=\"https:\/\/allsensors.eu\/de\/news-ressourcen\/events\/spring-sales-meeting-2026\/\" \/>\n<meta property=\"og:locale\" content=\"de_DE\" \/>\n<meta property=\"og:type\" content=\"article\" \/>\n<meta property=\"og:title\" content=\"Spring Sales Meeting 2026 - All Sensors\" \/>\n<meta property=\"og:description\" content=\"Einblicke vom All Sensors-Fr\u00fchjahrsvertriebstreffen 2026 in Slowenien, mit wichtigen Neuigkeiten aus dem Vertrieb und einer st\u00e4rkeren Teamausrichtung.\" \/>\n<meta property=\"og:url\" content=\"https:\/\/allsensors.eu\/de\/news-ressourcen\/events\/spring-sales-meeting-2026\/\" \/>\n<meta property=\"og:site_name\" content=\"All Sensors\" \/>\n<meta property=\"article:modified_time\" content=\"2026-03-23T09:19:00+00:00\" \/>\n<meta property=\"og:image\" content=\"https:\/\/allsensors.eu\/wp-content\/uploads\/2026\/03\/IMG_9170-scaled-e1774006098930.webp\" \/>\n\t<meta property=\"og:image:width\" content=\"2560\" \/>\n\t<meta property=\"og:image:height\" content=\"1438\" \/>\n\t<meta property=\"og:image:type\" content=\"image\/webp\" \/>\n<meta name=\"twitter:card\" content=\"summary_large_image\" \/>\n<meta name=\"twitter:label1\" content=\"Gesch\u00e4tzte Lesezeit\" \/>\n\t<meta name=\"twitter:data1\" content=\"2\u00a0Minuten\" \/>\n<script type=\"application\/ld+json\" class=\"yoast-schema-graph\">{\"@context\":\"https:\\\/\\\/schema.org\",\"@graph\":[{\"@type\":\"WebPage\",\"@id\":\"https:\\\/\\\/allsensors.eu\\\/de\\\/news-ressourcen\\\/events\\\/spring-sales-meeting-2026\\\/\",\"url\":\"https:\\\/\\\/allsensors.eu\\\/de\\\/news-ressourcen\\\/events\\\/spring-sales-meeting-2026\\\/\",\"name\":\"Spring Sales Meeting 2026 - All Sensors\",\"isPartOf\":{\"@id\":\"https:\\\/\\\/allsensors.eu\\\/de\\\/#website\"},\"primaryImageOfPage\":{\"@id\":\"https:\\\/\\\/allsensors.eu\\\/de\\\/news-ressourcen\\\/events\\\/spring-sales-meeting-2026\\\/#primaryimage\"},\"image\":{\"@id\":\"https:\\\/\\\/allsensors.eu\\\/de\\\/news-ressourcen\\\/events\\\/spring-sales-meeting-2026\\\/#primaryimage\"},\"thumbnailUrl\":\"https:\\\/\\\/allsensors.eu\\\/wp-content\\\/uploads\\\/2026\\\/03\\\/IMG_9170-scaled-e1774006098930.webp\",\"datePublished\":\"2026-03-20T11:38:30+00:00\",\"dateModified\":\"2026-03-23T09:19:00+00:00\",\"description\":\"Einblicke vom All Sensors-Fr\u00fchjahrsvertriebstreffen 2026 in Slowenien, mit wichtigen Neuigkeiten aus dem Vertrieb und einer st\u00e4rkeren Teamausrichtung.\",\"breadcrumb\":{\"@id\":\"https:\\\/\\\/allsensors.eu\\\/de\\\/news-ressourcen\\\/events\\\/spring-sales-meeting-2026\\\/#breadcrumb\"},\"inLanguage\":\"de\",\"potentialAction\":[{\"@type\":\"ReadAction\",\"target\":[\"https:\\\/\\\/allsensors.eu\\\/de\\\/news-ressourcen\\\/events\\\/spring-sales-meeting-2026\\\/\"]}]},{\"@type\":\"ImageObject\",\"inLanguage\":\"de\",\"@id\":\"https:\\\/\\\/allsensors.eu\\\/de\\\/news-ressourcen\\\/events\\\/spring-sales-meeting-2026\\\/#primaryimage\",\"url\":\"https:\\\/\\\/allsensors.eu\\\/wp-content\\\/uploads\\\/2026\\\/03\\\/IMG_9170-scaled-e1774006098930.webp\",\"contentUrl\":\"https:\\\/\\\/allsensors.eu\\\/wp-content\\\/uploads\\\/2026\\\/03\\\/IMG_9170-scaled-e1774006098930.webp\",\"width\":2560,\"height\":1438},{\"@type\":\"BreadcrumbList\",\"@id\":\"https:\\\/\\\/allsensors.eu\\\/de\\\/news-ressourcen\\\/events\\\/spring-sales-meeting-2026\\\/#breadcrumb\",\"itemListElement\":[{\"@type\":\"ListItem\",\"position\":1,\"name\":\"Startseite\",\"item\":\"https:\\\/\\\/allsensors.eu\\\/de\\\/startseite\\\/\"},{\"@type\":\"ListItem\",\"position\":2,\"name\":\"News &amp; Ressourcen\",\"item\":\"https:\\\/\\\/allsensors.eu\\\/de\\\/news-ressourcen\\\/\"},{\"@type\":\"ListItem\",\"position\":3,\"name\":\"Events\",\"item\":\"https:\\\/\\\/allsensors.eu\\\/de\\\/news-resources\\\/events\\\/\"},{\"@type\":\"ListItem\",\"position\":4,\"name\":\"Spring Sales Meeting 2026\"}]},{\"@type\":\"WebSite\",\"@id\":\"https:\\\/\\\/allsensors.eu\\\/de\\\/#website\",\"url\":\"https:\\\/\\\/allsensors.eu\\\/de\\\/\",\"name\":\"All Sensors\",\"description\":\"\",\"publisher\":{\"@id\":\"https:\\\/\\\/allsensors.eu\\\/de\\\/#organization\"},\"potentialAction\":[{\"@type\":\"SearchAction\",\"target\":{\"@type\":\"EntryPoint\",\"urlTemplate\":\"https:\\\/\\\/allsensors.eu\\\/de\\\/?s={search_term_string}\"},\"query-input\":{\"@type\":\"PropertyValueSpecification\",\"valueRequired\":true,\"valueName\":\"search_term_string\"}}],\"inLanguage\":\"de\"},{\"@type\":\"Organization\",\"@id\":\"https:\\\/\\\/allsensors.eu\\\/de\\\/#organization\",\"name\":\"All Sensors\",\"url\":\"https:\\\/\\\/allsensors.eu\\\/de\\\/\",\"logo\":{\"@type\":\"ImageObject\",\"inLanguage\":\"de\",\"@id\":\"https:\\\/\\\/allsensors.eu\\\/de\\\/#\\\/schema\\\/logo\\\/image\\\/\",\"url\":\"https:\\\/\\\/allsensors.eu\\\/wp-content\\\/uploads\\\/2023\\\/09\\\/cropped-cropped-All-Sensors-Logo-e1700556989539.png\",\"contentUrl\":\"https:\\\/\\\/allsensors.eu\\\/wp-content\\\/uploads\\\/2023\\\/09\\\/cropped-cropped-All-Sensors-Logo-e1700556989539.png\",\"width\":6090,\"height\":2375,\"caption\":\"All Sensors\"},\"image\":{\"@id\":\"https:\\\/\\\/allsensors.eu\\\/de\\\/#\\\/schema\\\/logo\\\/image\\\/\"}}]}<\/script>\n<!-- \/ Yoast SEO plugin. -->","yoast_head_json":{"title":"Spring Sales Meeting 2026 - All Sensors","description":"Einblicke vom All Sensors-Fr\u00fchjahrsvertriebstreffen 2026 in Slowenien, mit wichtigen Neuigkeiten aus dem Vertrieb und einer st\u00e4rkeren Teamausrichtung.","robots":{"index":"index","follow":"follow","max-snippet":"max-snippet:-1","max-image-preview":"max-image-preview:large","max-video-preview":"max-video-preview:-1"},"canonical":"https:\/\/allsensors.eu\/de\/news-ressourcen\/events\/spring-sales-meeting-2026\/","og_locale":"de_DE","og_type":"article","og_title":"Spring Sales Meeting 2026 - All Sensors","og_description":"Einblicke vom All Sensors-Fr\u00fchjahrsvertriebstreffen 2026 in Slowenien, mit wichtigen Neuigkeiten aus dem Vertrieb und einer st\u00e4rkeren Teamausrichtung.","og_url":"https:\/\/allsensors.eu\/de\/news-ressourcen\/events\/spring-sales-meeting-2026\/","og_site_name":"All Sensors","article_modified_time":"2026-03-23T09:19:00+00:00","og_image":[{"width":2560,"height":1438,"url":"https:\/\/allsensors.eu\/wp-content\/uploads\/2026\/03\/IMG_9170-scaled-e1774006098930.webp","type":"image\/webp"}],"twitter_card":"summary_large_image","twitter_misc":{"Gesch\u00e4tzte Lesezeit":"2\u00a0Minuten"},"schema":{"@context":"https:\/\/schema.org","@graph":[{"@type":"WebPage","@id":"https:\/\/allsensors.eu\/de\/news-ressourcen\/events\/spring-sales-meeting-2026\/","url":"https:\/\/allsensors.eu\/de\/news-ressourcen\/events\/spring-sales-meeting-2026\/","name":"Spring Sales Meeting 2026 - All Sensors","isPartOf":{"@id":"https:\/\/allsensors.eu\/de\/#website"},"primaryImageOfPage":{"@id":"https:\/\/allsensors.eu\/de\/news-ressourcen\/events\/spring-sales-meeting-2026\/#primaryimage"},"image":{"@id":"https:\/\/allsensors.eu\/de\/news-ressourcen\/events\/spring-sales-meeting-2026\/#primaryimage"},"thumbnailUrl":"https:\/\/allsensors.eu\/wp-content\/uploads\/2026\/03\/IMG_9170-scaled-e1774006098930.webp","datePublished":"2026-03-20T11:38:30+00:00","dateModified":"2026-03-23T09:19:00+00:00","description":"Einblicke vom All Sensors-Fr\u00fchjahrsvertriebstreffen 2026 in Slowenien, mit wichtigen Neuigkeiten aus dem Vertrieb und einer st\u00e4rkeren Teamausrichtung.","breadcrumb":{"@id":"https:\/\/allsensors.eu\/de\/news-ressourcen\/events\/spring-sales-meeting-2026\/#breadcrumb"},"inLanguage":"de","potentialAction":[{"@type":"ReadAction","target":["https:\/\/allsensors.eu\/de\/news-ressourcen\/events\/spring-sales-meeting-2026\/"]}]},{"@type":"ImageObject","inLanguage":"de","@id":"https:\/\/allsensors.eu\/de\/news-ressourcen\/events\/spring-sales-meeting-2026\/#primaryimage","url":"https:\/\/allsensors.eu\/wp-content\/uploads\/2026\/03\/IMG_9170-scaled-e1774006098930.webp","contentUrl":"https:\/\/allsensors.eu\/wp-content\/uploads\/2026\/03\/IMG_9170-scaled-e1774006098930.webp","width":2560,"height":1438},{"@type":"BreadcrumbList","@id":"https:\/\/allsensors.eu\/de\/news-ressourcen\/events\/spring-sales-meeting-2026\/#breadcrumb","itemListElement":[{"@type":"ListItem","position":1,"name":"Startseite","item":"https:\/\/allsensors.eu\/de\/startseite\/"},{"@type":"ListItem","position":2,"name":"News &amp; Ressourcen","item":"https:\/\/allsensors.eu\/de\/news-ressourcen\/"},{"@type":"ListItem","position":3,"name":"Events","item":"https:\/\/allsensors.eu\/de\/news-resources\/events\/"},{"@type":"ListItem","position":4,"name":"Spring Sales Meeting 2026"}]},{"@type":"WebSite","@id":"https:\/\/allsensors.eu\/de\/#website","url":"https:\/\/allsensors.eu\/de\/","name":"All Sensors","description":"","publisher":{"@id":"https:\/\/allsensors.eu\/de\/#organization"},"potentialAction":[{"@type":"SearchAction","target":{"@type":"EntryPoint","urlTemplate":"https:\/\/allsensors.eu\/de\/?s={search_term_string}"},"query-input":{"@type":"PropertyValueSpecification","valueRequired":true,"valueName":"search_term_string"}}],"inLanguage":"de"},{"@type":"Organization","@id":"https:\/\/allsensors.eu\/de\/#organization","name":"All Sensors","url":"https:\/\/allsensors.eu\/de\/","logo":{"@type":"ImageObject","inLanguage":"de","@id":"https:\/\/allsensors.eu\/de\/#\/schema\/logo\/image\/","url":"https:\/\/allsensors.eu\/wp-content\/uploads\/2023\/09\/cropped-cropped-All-Sensors-Logo-e1700556989539.png","contentUrl":"https:\/\/allsensors.eu\/wp-content\/uploads\/2023\/09\/cropped-cropped-All-Sensors-Logo-e1700556989539.png","width":6090,"height":2375,"caption":"All Sensors"},"image":{"@id":"https:\/\/allsensors.eu\/de\/#\/schema\/logo\/image\/"}}]}},"_links":{"self":[{"href":"https:\/\/allsensors.eu\/de\/wp-json\/wp\/v2\/pages\/21836","targetHints":{"allow":["GET"]}}],"collection":[{"href":"https:\/\/allsensors.eu\/de\/wp-json\/wp\/v2\/pages"}],"about":[{"href":"https:\/\/allsensors.eu\/de\/wp-json\/wp\/v2\/types\/page"}],"author":[{"embeddable":true,"href":"https:\/\/allsensors.eu\/de\/wp-json\/wp\/v2\/users\/4"}],"replies":[{"embeddable":true,"href":"https:\/\/allsensors.eu\/de\/wp-json\/wp\/v2\/comments?post=21836"}],"version-history":[{"count":2,"href":"https:\/\/allsensors.eu\/de\/wp-json\/wp\/v2\/pages\/21836\/revisions"}],"predecessor-version":[{"id":21839,"href":"https:\/\/allsensors.eu\/de\/wp-json\/wp\/v2\/pages\/21836\/revisions\/21839"}],"up":[{"embeddable":true,"href":"https:\/\/allsensors.eu\/de\/wp-json\/wp\/v2\/pages\/20116"}],"wp:featuredmedia":[{"embeddable":true,"href":"https:\/\/allsensors.eu\/de\/wp-json\/wp\/v2\/media\/21835"}],"wp:attachment":[{"href":"https:\/\/allsensors.eu\/de\/wp-json\/wp\/v2\/media?parent=21836"}],"curies":[{"name":"wp","href":"https:\/\/api.w.org\/{rel}","templated":true}]}}