{"id":21855,"date":"2026-03-25T11:03:25","date_gmt":"2026-03-25T11:03:25","guid":{"rendered":"https:\/\/allsensors.eu\/?page_id=21855"},"modified":"2026-03-31T08:02:41","modified_gmt":"2026-03-31T08:02:41","slug":"pneumatische-medizintechnik","status":"publish","type":"page","link":"https:\/\/allsensors.eu\/de\/news-ressourcen\/white-papers\/pneumatische-medizintechnik\/","title":{"rendered":"Pneumatische Medizintechnik"},"content":{"rendered":"\t\t<div data-elementor-type=\"wp-page\" data-elementor-id=\"21855\" class=\"elementor elementor-21855 elementor-21472\" data-elementor-post-type=\"page\">\n\t\t\t\t<div class=\"elementor-element elementor-element-57858bf e-con-full e-flex e-con e-parent\" data-id=\"57858bf\" data-element_type=\"container\">\n\t\t<div class=\"elementor-element elementor-element-c98d28c e-con-full e-flex e-con e-child\" data-id=\"c98d28c\" data-element_type=\"container\">\n\t\t\t\t<div class=\"elementor-element elementor-element-7c35e5b elementor-widget elementor-widget-image\" data-id=\"7c35e5b\" data-element_type=\"widget\" data-settings=\"{&quot;motion_fx_motion_fx_scrolling&quot;:&quot;yes&quot;,&quot;motion_fx_scale_effect&quot;:&quot;yes&quot;,&quot;motion_fx_scale_speed&quot;:{&quot;unit&quot;:&quot;px&quot;,&quot;size&quot;:2,&quot;sizes&quot;:[]},&quot;motion_fx_scale_range&quot;:{&quot;unit&quot;:&quot;%&quot;,&quot;size&quot;:&quot;&quot;,&quot;sizes&quot;:{&quot;start&quot;:65,&quot;end&quot;:100}},&quot;motion_fx_scale_direction&quot;:&quot;out-in&quot;,&quot;motion_fx_devices&quot;:[&quot;desktop&quot;,&quot;tablet&quot;,&quot;mobile&quot;]}\" data-widget_type=\"image.default\">\n\t\t\t\t\t\t\t\t\t\t\t\t\t\t\t<img fetchpriority=\"high\" decoding=\"async\" width=\"2560\" height=\"1435\" src=\"https:\/\/allsensors.eu\/wp-content\/uploads\/2026\/03\/All-Sensors_1026592219_scaled_spirometer-scaled.webp\" class=\"attachment-full size-full wp-image-21771\" alt=\"\" srcset=\"https:\/\/allsensors.eu\/wp-content\/uploads\/2026\/03\/All-Sensors_1026592219_scaled_spirometer-scaled.webp 2560w, https:\/\/allsensors.eu\/wp-content\/uploads\/2026\/03\/All-Sensors_1026592219_scaled_spirometer-300x168.webp 300w, https:\/\/allsensors.eu\/wp-content\/uploads\/2026\/03\/All-Sensors_1026592219_scaled_spirometer-1024x574.webp 1024w, https:\/\/allsensors.eu\/wp-content\/uploads\/2026\/03\/All-Sensors_1026592219_scaled_spirometer-768x430.webp 768w, https:\/\/allsensors.eu\/wp-content\/uploads\/2026\/03\/All-Sensors_1026592219_scaled_spirometer-1536x861.webp 1536w, https:\/\/allsensors.eu\/wp-content\/uploads\/2026\/03\/All-Sensors_1026592219_scaled_spirometer-2048x1148.webp 2048w\" sizes=\"(max-width: 2560px) 100vw, 2560px\" \/>\t\t\t\t\t\t\t\t\t\t\t\t\t\t\t<\/div>\n\t\t\t\t<\/div>\n\t\t\t\t<\/div>\n\t\t<div class=\"elementor-element elementor-element-4dd357d e-flex e-con-boxed e-con e-parent\" data-id=\"4dd357d\" data-element_type=\"container\">\n\t\t\t\t\t<div class=\"e-con-inner\">\n\t\t\t\t<div class=\"elementor-element elementor-element-bc2c0ac elementor-widget elementor-widget-heading\" data-id=\"bc2c0ac\" data-element_type=\"widget\" data-widget_type=\"heading.default\">\n\t\t\t\t\t<h1 class=\"elementor-heading-title elementor-size-default\">Niederdrucksensoren in der pneumatischen Medizintechnik<\/h1>\t\t\t\t<\/div>\n\t\t\t\t<div class=\"elementor-element elementor-element-5f7301a elementor-widget elementor-widget-text-editor\" data-id=\"5f7301a\" data-element_type=\"widget\" data-widget_type=\"text-editor.default\">\n\t\t\t\t\t\t\t\t\t<p>In der modernen Medizintechnik hat sich die Steuerung und \u00dcberwachung <a href=\"https:\/\/allsensors.eu\/de\/anwendungsbereiche\/pneumatik\/\">pneumatischer Systeme<\/a> bei niedrigen Dr\u00fccken zu einem unverzichtbaren Teilgebiet der Technik entwickelt. Niederdrucksensoren spielen eine entscheidende Rolle f\u00fcr den pr\u00e4zisen, zuverl\u00e4ssigen und sicheren Betrieb einer Vielzahl pneumatischer <a href=\"https:\/\/allsensors.eu\/de\/anwendungsbereiche\/medizinisch\/\">medizinischer Ger\u00e4te<\/a> \u2013 von Beatmungsger\u00e4ten und An\u00e4sthesiesystemen bis hin zu Atemunterst\u00fctzungs- und tragbaren Therapieger\u00e4ten. Ihre Leistungsf\u00e4higkeit wirkt sich unmittelbar sowohl auf die klinischen Ergebnisse als auch auf den Patientenkomfort aus, insbesondere in Anwendungsbereichen, in denen schon kleinste Druckabweichungen erhebliche Folgen haben k\u00f6nnen.  <\/p>\t\t\t\t\t\t\t\t<\/div>\n\t\t<div class=\"elementor-element elementor-element-d4c3984 e-con-full e-grid e-con e-child\" data-id=\"d4c3984\" data-element_type=\"container\">\n\t\t\t\t<div class=\"elementor-element elementor-element-38c7c35 elementor-widget elementor-widget-text-editor\" data-id=\"38c7c35\" data-element_type=\"widget\" data-widget_type=\"text-editor.default\">\n\t\t\t\t\t\t\t\t\t<p>Pneumatische Mechanismen finden in medizinischen Ger\u00e4ten breite Anwendung, da sie sich durch Einfachheit, Zuverl\u00e4ssigkeit und einen sauberen Betrieb auszeichnen. Sie bilden das Herzst\u00fcck von Ger\u00e4ten, die Luft- oder Gasstr\u00f6me f\u00fcr die Atemunterst\u00fctzung, die Medikamentenabgabe sowie therapeutische oder diagnostische Funktionen steuern. Eine genaue Messung und Regelung bei niedrigen Dr\u00fccken \u2013 oft im Bereich von wenigen Pascal bis zu einigen Kilopascal \u2013 erfordert jedoch eine spezielle, auf diese Umgebungen zugeschnittene Sensortechnologie. Niederdrucksensoren erf\u00fcllen diesen Bedarf, indem sie winzige Druckschwankungen in stabile elektrische Signale umwandeln, die von der Steuerelektronik des Ger\u00e4ts zuverl\u00e4ssig interpretiert werden k\u00f6nnen.    <\/p><p>Eine der wichtigsten Anwendungen der Niederdruckmessung in der Pneumatik sind Atemunterst\u00fctzungsger\u00e4te, darunter Beatmungsger\u00e4te und CPAP-Ger\u00e4te (Continuous Positive Airway Pressure). In Beatmungsger\u00e4ten f\u00fcr die Intensivmedizin \u00fcberwachen Sensoren den Druck in den Patientenkreisl\u00e4ufen, um sicherzustellen, dass die Atemz\u00fcge mit dem richtigen Druck und Volumen abgegeben werden. Dies ist entscheidend, um die Unterst\u00fctzung an die Bed\u00fcrfnisse von S\u00e4uglingen bis hin zu Erwachsenen anzupassen und Lungenverletzungen oder Beschwerden zu vermeiden. Differenzdrucksensoren werden in der Regel zwischen Ventilen und Reglern eingesetzt, um den Ein- und Ausatmungsdruck mit hoher Genauigkeit und langfristiger Stabilit\u00e4t zu erfassen.   <\/p>\t\t\t\t\t\t\t\t<\/div>\n\t\t\t\t<div class=\"elementor-element elementor-element-4042420 elementor-widget elementor-widget-image\" data-id=\"4042420\" data-element_type=\"widget\" data-widget_type=\"image.default\">\n\t\t\t\t\t\t\t\t\t\t\t\t\t\t\t<img decoding=\"async\" width=\"800\" height=\"534\" src=\"https:\/\/allsensors.eu\/wp-content\/uploads\/2026\/03\/All-Sensors_594165102_scaled_pneumology-1024x683.webp\" class=\"attachment-large size-large wp-image-21774\" alt=\"\" srcset=\"https:\/\/allsensors.eu\/wp-content\/uploads\/2026\/03\/All-Sensors_594165102_scaled_pneumology-1024x683.webp 1024w, https:\/\/allsensors.eu\/wp-content\/uploads\/2026\/03\/All-Sensors_594165102_scaled_pneumology-300x200.webp 300w, https:\/\/allsensors.eu\/wp-content\/uploads\/2026\/03\/All-Sensors_594165102_scaled_pneumology-768x512.webp 768w, https:\/\/allsensors.eu\/wp-content\/uploads\/2026\/03\/All-Sensors_594165102_scaled_pneumology-1536x1024.webp 1536w, https:\/\/allsensors.eu\/wp-content\/uploads\/2026\/03\/All-Sensors_594165102_scaled_pneumology-2048x1365.webp 2048w\" sizes=\"(max-width: 800px) 100vw, 800px\" \/>\t\t\t\t\t\t\t\t\t\t\t\t\t\t\t<\/div>\n\t\t\t\t<\/div>\n\t\t<div class=\"elementor-element elementor-element-7bf0b99 e-grid e-con-full e-con e-child\" data-id=\"7bf0b99\" data-element_type=\"container\">\n\t\t\t\t<div class=\"elementor-element elementor-element-032448c elementor-widget elementor-widget-image\" data-id=\"032448c\" data-element_type=\"widget\" data-widget_type=\"image.default\">\n\t\t\t\t\t\t\t\t\t\t\t\t\t\t\t<img decoding=\"async\" width=\"800\" height=\"533\" src=\"https:\/\/allsensors.eu\/wp-content\/uploads\/2024\/10\/AllSensors_492753860_scaled_anesthesia-1024x682.webp\" class=\"attachment-large size-large wp-image-12593\" alt=\"\" srcset=\"https:\/\/allsensors.eu\/wp-content\/uploads\/2024\/10\/AllSensors_492753860_scaled_anesthesia-1024x682.webp 1024w, https:\/\/allsensors.eu\/wp-content\/uploads\/2024\/10\/AllSensors_492753860_scaled_anesthesia-300x200.webp 300w, https:\/\/allsensors.eu\/wp-content\/uploads\/2024\/10\/AllSensors_492753860_scaled_anesthesia-768x512.webp 768w, https:\/\/allsensors.eu\/wp-content\/uploads\/2024\/10\/AllSensors_492753860_scaled_anesthesia.webp 1463w\" sizes=\"(max-width: 800px) 100vw, 800px\" \/>\t\t\t\t\t\t\t\t\t\t\t\t\t\t\t<\/div>\n\t\t\t\t<div class=\"elementor-element elementor-element-dc1bb53 elementor-widget elementor-widget-text-editor\" data-id=\"dc1bb53\" data-element_type=\"widget\" data-widget_type=\"text-editor.default\">\n\t\t\t\t\t\t\t\t\t<p>Ebenso nutzen CPAP-Ger\u00e4te Niederdrucksensoren, um einen konstanten \u00dcberdruck in den Atemwegen aufrechtzuerhalten und so bei Patienten mit obstruktiver Schlafapnoe dazu beizutragen, die Atemwege w\u00e4hrend des Schlafs offen zu halten. Die Systeme erkennen, wann der Patient einatmet, und passen die Gebl\u00e4sedrehzahl oder die Ventilstellung entsprechend an. Dazu sind Sensoren erforderlich, die sehr kleine Druck\u00e4nderungen mit sehr kurzen Reaktionszeiten erfassen k\u00f6nnen. <\/p><p>\u00dcber Anwendungen in der Atemwegsmedizin hinaus sind Niederdrucksensoren auch ein wesentlicher Bestandteil von An\u00e4sthesieversorgungssystemen, wo sie zur Regulierung und \u00dcberwachung der Zufuhr von Gasgemischen beitragen, um eine konstante An\u00e4sthesiemittelkonzentration zu gew\u00e4hrleisten. In Infusionspumpen und anderen Technologien zur Medikamentenverabreichung, die mit pneumatischer Bet\u00e4tigung arbeiten, sorgt eine genaue Druckmessung f\u00fcr korrekte Durchflussraten und hilft, eine \u00dcber- oder Unterdosierung von Medikamenten zu verhindern.<br>In Spirometern messen Differenzdrucksensoren sehr kleine Druckunterschiede \u00fcber ein Str\u00f6mungselement, die durch den Luftstrom des Patienten im Atemschlauch entstehen. Der Sensor ist in der Regel direkt neben dem Pneumotachographen oder dem Durchflussmesskopf angebracht oder in diesen integriert, um Verz\u00f6gerungen zu minimieren und eine hochwertige Signalerfassung zu gew\u00e4hrleisten. Dank ihrer hohen Empfindlichkeit und schnellen Abtastraten lassen sich sowohl sehr niedrige als auch sehr hohe Durchflussraten pr\u00e4zise messen.   <\/p><p>Fortschritte im Bereich der mikroelektromechanischen Systeme (MEMS) haben die Leistungsf\u00e4higkeit von Niederdrucksensoren, die in der medizinischen Pneumatik zum Einsatz kommen, erheblich verbessert. Moderne MEMS-Sensoren vereinen Miniaturgr\u00f6\u00dfe mit hoher Stabilit\u00e4t, geringem Stromverbrauch und ausgezeichneter Langzeitstabilit\u00e4t. Diese Eigenschaften machen sie besonders geeignet f\u00fcr tragbare und am K\u00f6rper zu tragende medizinische Ger\u00e4te, bei denen Gr\u00f6\u00dfe und Energieeffizienz von entscheidender Bedeutung sind, ohne dass dabei die Genauigkeit beeintr\u00e4chtigt wird.  <\/p>\t\t\t\t\t\t\t\t<\/div>\n\t\t<div class=\"elementor-element elementor-element-1318707 e-con-full e-flex e-con e-child\" data-id=\"1318707\" data-element_type=\"container\">\n\t\t\t\t<div class=\"elementor-element elementor-element-1d8be37 elementor-widget elementor-widget-text-editor\" data-id=\"1d8be37\" data-element_type=\"widget\" data-widget_type=\"text-editor.default\">\n\t\t\t\t\t\t\t\t\t<p>Aus konstruktiver Sicht erfordert die Auswahl der richtigen L\u00f6sung zur Niederdruckmessung eine sorgf\u00e4ltige Abw\u00e4gung des Messbereichs, der Aufl\u00f6sung, der Langzeitdrift sowie der Kompatibilit\u00e4t des Sensors mit der Steuerungsarchitektur des medizinischen Ger\u00e4ts. H\u00e4ufig werden Varianten zur Messung des Differenz- und Relativdrucks gew\u00e4hlt. Zur Kompensation von \u00c4nderungen des Umgebungsdrucks m\u00fcssen Absolutdr\u00fccke gemessen werden. In kritischen Umgebungen beeinflussen zus\u00e4tzliche Anforderungen wie Biokompatibilit\u00e4t, Sterilisierbarkeit und die Einhaltung gesetzlicher Vorschriften die Sensorauswahl zus\u00e4tzlich.<br>Digitale Sensorschnittstellen erm\u00f6glichen die direkte Kommunikation mit Mikrocontrollern und eine einfache Integration in medizinische Ger\u00e4te.   <\/p>\t\t\t\t\t\t\t\t<\/div>\n\t\t\t\t<\/div>\n\t\t\t\t<div class=\"elementor-element elementor-element-0ab2341 elementor-widget elementor-widget-text-editor\" data-id=\"0ab2341\" data-element_type=\"widget\" data-widget_type=\"text-editor.default\">\n\t\t\t\t\t\t\t\t\t<p>Zusammenfassend l\u00e4sst sich sagen, dass Niederdrucksensoren den sicheren und effektiven Betrieb pneumatischer Systeme in der Medizintechnik gew\u00e4hrleisten. Ihre F\u00e4higkeit, selbst kleinste Druck\u00e4nderungen pr\u00e4zise zu erfassen, erm\u00f6glicht eine fortschrittliche Steuerung von Beatmungsger\u00e4ten, An\u00e4sthesieger\u00e4ten, Medikamentenverabreichungssystemen sowie tragbaren Therapie- und Diagnoseger\u00e4ten und tr\u00e4gt damit unmittelbar zu einer verbesserten Patientenversorgung und besseren klinischen Ergebnissen bei.  <\/p>\t\t\t\t\t\t\t\t<\/div>\n\t\t\t\t<div class=\"elementor-element elementor-element-b476db0 elementor-align-left elementor-widget elementor-widget-button\" data-id=\"b476db0\" data-element_type=\"widget\" data-widget_type=\"button.default\">\n\t\t\t\t\t\t\t\t\t\t<a class=\"elementor-button elementor-button-link elementor-size-sm\" href=\"https:\/\/allsensors.eu\/de\/kontakt\/\">\n\t\t\t\t\t\t<span class=\"elementor-button-content-wrapper\">\n\t\t\t\t\t\t\t\t\t<span class=\"elementor-button-text\">Kontakt<\/span>\n\t\t\t\t\t<\/span>\n\t\t\t\t\t<\/a>\n\t\t\t\t\t\t\t\t<\/div>\n\t\t\t\t<\/div>\n\t\t\t\t\t<\/div>\n\t\t\t\t<\/div>\n\t\t\t\t<\/div>\n\t\t","protected":false},"excerpt":{"rendered":"<p style=\"margin: 0; padding: 0; padding-left: 20px;\">Niederdrucksensoren sind f\u00fcr eine pr\u00e4zise pneumatische Steuerung in medizinischen Ger\u00e4ten unverzichtbar und tragen dazu bei, die Sicherheit, die Leistung und den Komfort f\u00fcr den Patienten zu verbessern.<\/p>\n","protected":false},"author":4,"featured_media":21771,"parent":19416,"menu_order":0,"comment_status":"closed","ping_status":"closed","template":"","meta":{"footnotes":""},"class_list":["post-21855","page","type-page","status-publish","has-post-thumbnail","hentry"],"yoast_head":"<!-- This site is optimized with the Yoast SEO plugin v27.3 - https:\/\/yoast.com\/product\/yoast-seo-wordpress\/ -->\n<title>Pneumatische Medizintechnik - All Sensors<\/title>\n<meta name=\"description\" content=\"Niederdrucksensoren in der pneumatischen Medizintechnik | Pr\u00e4zise, zuverl\u00e4ssig und sicher \u2713 CPAP-Ger\u00e4te, An\u00e4sthesiesysteme und Spirometer \u25ba Erfahren Sie mehr.\" \/>\n<meta name=\"robots\" content=\"index, follow, max-snippet:-1, max-image-preview:large, max-video-preview:-1\" \/>\n<link rel=\"canonical\" href=\"https:\/\/allsensors.eu\/de\/news-ressourcen\/white-papers\/pneumatische-medizintechnik\/\" \/>\n<meta property=\"og:locale\" content=\"de_DE\" \/>\n<meta property=\"og:type\" content=\"article\" \/>\n<meta property=\"og:title\" content=\"Pneumatische Medizintechnik - All Sensors\" \/>\n<meta property=\"og:description\" content=\"Niederdrucksensoren in der pneumatischen Medizintechnik | Pr\u00e4zise, zuverl\u00e4ssig und sicher \u2713 CPAP-Ger\u00e4te, An\u00e4sthesiesysteme und Spirometer \u25ba Erfahren Sie mehr.\" \/>\n<meta property=\"og:url\" content=\"https:\/\/allsensors.eu\/de\/news-ressourcen\/white-papers\/pneumatische-medizintechnik\/\" \/>\n<meta property=\"og:site_name\" content=\"All Sensors\" \/>\n<meta property=\"article:modified_time\" content=\"2026-03-31T08:02:41+00:00\" \/>\n<meta property=\"og:image\" content=\"https:\/\/allsensors.eu\/wp-content\/uploads\/2026\/03\/All-Sensors_1026592219_scaled_spirometer-scaled.webp\" \/>\n\t<meta property=\"og:image:width\" content=\"2560\" \/>\n\t<meta property=\"og:image:height\" content=\"1435\" \/>\n\t<meta property=\"og:image:type\" content=\"image\/webp\" \/>\n<meta name=\"twitter:card\" content=\"summary_large_image\" \/>\n<meta name=\"twitter:label1\" content=\"Gesch\u00e4tzte Lesezeit\" \/>\n\t<meta name=\"twitter:data1\" content=\"4\u00a0Minuten\" \/>\n<script type=\"application\/ld+json\" class=\"yoast-schema-graph\">{\"@context\":\"https:\\\/\\\/schema.org\",\"@graph\":[{\"@type\":\"WebPage\",\"@id\":\"https:\\\/\\\/allsensors.eu\\\/de\\\/news-ressourcen\\\/white-papers\\\/pneumatische-medizintechnik\\\/\",\"url\":\"https:\\\/\\\/allsensors.eu\\\/de\\\/news-ressourcen\\\/white-papers\\\/pneumatische-medizintechnik\\\/\",\"name\":\"Pneumatische Medizintechnik - All Sensors\",\"isPartOf\":{\"@id\":\"https:\\\/\\\/allsensors.eu\\\/de\\\/#website\"},\"primaryImageOfPage\":{\"@id\":\"https:\\\/\\\/allsensors.eu\\\/de\\\/news-ressourcen\\\/white-papers\\\/pneumatische-medizintechnik\\\/#primaryimage\"},\"image\":{\"@id\":\"https:\\\/\\\/allsensors.eu\\\/de\\\/news-ressourcen\\\/white-papers\\\/pneumatische-medizintechnik\\\/#primaryimage\"},\"thumbnailUrl\":\"https:\\\/\\\/allsensors.eu\\\/wp-content\\\/uploads\\\/2026\\\/03\\\/All-Sensors_1026592219_scaled_spirometer-scaled.webp\",\"datePublished\":\"2026-03-25T11:03:25+00:00\",\"dateModified\":\"2026-03-31T08:02:41+00:00\",\"description\":\"Niederdrucksensoren in der pneumatischen Medizintechnik | Pr\u00e4zise, zuverl\u00e4ssig und sicher \u2713 CPAP-Ger\u00e4te, An\u00e4sthesiesysteme und Spirometer \u25ba Erfahren Sie mehr.\",\"breadcrumb\":{\"@id\":\"https:\\\/\\\/allsensors.eu\\\/de\\\/news-ressourcen\\\/white-papers\\\/pneumatische-medizintechnik\\\/#breadcrumb\"},\"inLanguage\":\"de\",\"potentialAction\":[{\"@type\":\"ReadAction\",\"target\":[\"https:\\\/\\\/allsensors.eu\\\/de\\\/news-ressourcen\\\/white-papers\\\/pneumatische-medizintechnik\\\/\"]}]},{\"@type\":\"ImageObject\",\"inLanguage\":\"de\",\"@id\":\"https:\\\/\\\/allsensors.eu\\\/de\\\/news-ressourcen\\\/white-papers\\\/pneumatische-medizintechnik\\\/#primaryimage\",\"url\":\"https:\\\/\\\/allsensors.eu\\\/wp-content\\\/uploads\\\/2026\\\/03\\\/All-Sensors_1026592219_scaled_spirometer-scaled.webp\",\"contentUrl\":\"https:\\\/\\\/allsensors.eu\\\/wp-content\\\/uploads\\\/2026\\\/03\\\/All-Sensors_1026592219_scaled_spirometer-scaled.webp\",\"width\":2560,\"height\":1435},{\"@type\":\"BreadcrumbList\",\"@id\":\"https:\\\/\\\/allsensors.eu\\\/de\\\/news-ressourcen\\\/white-papers\\\/pneumatische-medizintechnik\\\/#breadcrumb\",\"itemListElement\":[{\"@type\":\"ListItem\",\"position\":1,\"name\":\"Startseite\",\"item\":\"https:\\\/\\\/allsensors.eu\\\/de\\\/startseite\\\/\"},{\"@type\":\"ListItem\",\"position\":2,\"name\":\"News &amp; Ressourcen\",\"item\":\"https:\\\/\\\/allsensors.eu\\\/de\\\/news-ressourcen\\\/\"},{\"@type\":\"ListItem\",\"position\":3,\"name\":\"White Papers\",\"item\":\"https:\\\/\\\/allsensors.eu\\\/de\\\/news-ressourcen\\\/white-papers\\\/\"},{\"@type\":\"ListItem\",\"position\":4,\"name\":\"Pneumatische Medizintechnik\"}]},{\"@type\":\"WebSite\",\"@id\":\"https:\\\/\\\/allsensors.eu\\\/de\\\/#website\",\"url\":\"https:\\\/\\\/allsensors.eu\\\/de\\\/\",\"name\":\"All Sensors\",\"description\":\"\",\"publisher\":{\"@id\":\"https:\\\/\\\/allsensors.eu\\\/de\\\/#organization\"},\"potentialAction\":[{\"@type\":\"SearchAction\",\"target\":{\"@type\":\"EntryPoint\",\"urlTemplate\":\"https:\\\/\\\/allsensors.eu\\\/de\\\/?s={search_term_string}\"},\"query-input\":{\"@type\":\"PropertyValueSpecification\",\"valueRequired\":true,\"valueName\":\"search_term_string\"}}],\"inLanguage\":\"de\"},{\"@type\":\"Organization\",\"@id\":\"https:\\\/\\\/allsensors.eu\\\/de\\\/#organization\",\"name\":\"All Sensors\",\"url\":\"https:\\\/\\\/allsensors.eu\\\/de\\\/\",\"logo\":{\"@type\":\"ImageObject\",\"inLanguage\":\"de\",\"@id\":\"https:\\\/\\\/allsensors.eu\\\/de\\\/#\\\/schema\\\/logo\\\/image\\\/\",\"url\":\"https:\\\/\\\/allsensors.eu\\\/wp-content\\\/uploads\\\/2023\\\/09\\\/cropped-cropped-All-Sensors-Logo-e1700556989539.png\",\"contentUrl\":\"https:\\\/\\\/allsensors.eu\\\/wp-content\\\/uploads\\\/2023\\\/09\\\/cropped-cropped-All-Sensors-Logo-e1700556989539.png\",\"width\":6090,\"height\":2375,\"caption\":\"All Sensors\"},\"image\":{\"@id\":\"https:\\\/\\\/allsensors.eu\\\/de\\\/#\\\/schema\\\/logo\\\/image\\\/\"}}]}<\/script>\n<!-- \/ Yoast SEO plugin. -->","yoast_head_json":{"title":"Pneumatische Medizintechnik - All Sensors","description":"Niederdrucksensoren in der pneumatischen Medizintechnik | Pr\u00e4zise, zuverl\u00e4ssig und sicher \u2713 CPAP-Ger\u00e4te, An\u00e4sthesiesysteme und Spirometer \u25ba Erfahren Sie mehr.","robots":{"index":"index","follow":"follow","max-snippet":"max-snippet:-1","max-image-preview":"max-image-preview:large","max-video-preview":"max-video-preview:-1"},"canonical":"https:\/\/allsensors.eu\/de\/news-ressourcen\/white-papers\/pneumatische-medizintechnik\/","og_locale":"de_DE","og_type":"article","og_title":"Pneumatische Medizintechnik - All Sensors","og_description":"Niederdrucksensoren in der pneumatischen Medizintechnik | Pr\u00e4zise, zuverl\u00e4ssig und sicher \u2713 CPAP-Ger\u00e4te, An\u00e4sthesiesysteme und Spirometer \u25ba Erfahren Sie mehr.","og_url":"https:\/\/allsensors.eu\/de\/news-ressourcen\/white-papers\/pneumatische-medizintechnik\/","og_site_name":"All Sensors","article_modified_time":"2026-03-31T08:02:41+00:00","og_image":[{"width":2560,"height":1435,"url":"https:\/\/allsensors.eu\/wp-content\/uploads\/2026\/03\/All-Sensors_1026592219_scaled_spirometer-scaled.webp","type":"image\/webp"}],"twitter_card":"summary_large_image","twitter_misc":{"Gesch\u00e4tzte Lesezeit":"4\u00a0Minuten"},"schema":{"@context":"https:\/\/schema.org","@graph":[{"@type":"WebPage","@id":"https:\/\/allsensors.eu\/de\/news-ressourcen\/white-papers\/pneumatische-medizintechnik\/","url":"https:\/\/allsensors.eu\/de\/news-ressourcen\/white-papers\/pneumatische-medizintechnik\/","name":"Pneumatische Medizintechnik - All Sensors","isPartOf":{"@id":"https:\/\/allsensors.eu\/de\/#website"},"primaryImageOfPage":{"@id":"https:\/\/allsensors.eu\/de\/news-ressourcen\/white-papers\/pneumatische-medizintechnik\/#primaryimage"},"image":{"@id":"https:\/\/allsensors.eu\/de\/news-ressourcen\/white-papers\/pneumatische-medizintechnik\/#primaryimage"},"thumbnailUrl":"https:\/\/allsensors.eu\/wp-content\/uploads\/2026\/03\/All-Sensors_1026592219_scaled_spirometer-scaled.webp","datePublished":"2026-03-25T11:03:25+00:00","dateModified":"2026-03-31T08:02:41+00:00","description":"Niederdrucksensoren in der pneumatischen Medizintechnik | Pr\u00e4zise, zuverl\u00e4ssig und sicher \u2713 CPAP-Ger\u00e4te, An\u00e4sthesiesysteme und Spirometer \u25ba Erfahren Sie mehr.","breadcrumb":{"@id":"https:\/\/allsensors.eu\/de\/news-ressourcen\/white-papers\/pneumatische-medizintechnik\/#breadcrumb"},"inLanguage":"de","potentialAction":[{"@type":"ReadAction","target":["https:\/\/allsensors.eu\/de\/news-ressourcen\/white-papers\/pneumatische-medizintechnik\/"]}]},{"@type":"ImageObject","inLanguage":"de","@id":"https:\/\/allsensors.eu\/de\/news-ressourcen\/white-papers\/pneumatische-medizintechnik\/#primaryimage","url":"https:\/\/allsensors.eu\/wp-content\/uploads\/2026\/03\/All-Sensors_1026592219_scaled_spirometer-scaled.webp","contentUrl":"https:\/\/allsensors.eu\/wp-content\/uploads\/2026\/03\/All-Sensors_1026592219_scaled_spirometer-scaled.webp","width":2560,"height":1435},{"@type":"BreadcrumbList","@id":"https:\/\/allsensors.eu\/de\/news-ressourcen\/white-papers\/pneumatische-medizintechnik\/#breadcrumb","itemListElement":[{"@type":"ListItem","position":1,"name":"Startseite","item":"https:\/\/allsensors.eu\/de\/startseite\/"},{"@type":"ListItem","position":2,"name":"News &amp; Ressourcen","item":"https:\/\/allsensors.eu\/de\/news-ressourcen\/"},{"@type":"ListItem","position":3,"name":"White Papers","item":"https:\/\/allsensors.eu\/de\/news-ressourcen\/white-papers\/"},{"@type":"ListItem","position":4,"name":"Pneumatische Medizintechnik"}]},{"@type":"WebSite","@id":"https:\/\/allsensors.eu\/de\/#website","url":"https:\/\/allsensors.eu\/de\/","name":"All Sensors","description":"","publisher":{"@id":"https:\/\/allsensors.eu\/de\/#organization"},"potentialAction":[{"@type":"SearchAction","target":{"@type":"EntryPoint","urlTemplate":"https:\/\/allsensors.eu\/de\/?s={search_term_string}"},"query-input":{"@type":"PropertyValueSpecification","valueRequired":true,"valueName":"search_term_string"}}],"inLanguage":"de"},{"@type":"Organization","@id":"https:\/\/allsensors.eu\/de\/#organization","name":"All Sensors","url":"https:\/\/allsensors.eu\/de\/","logo":{"@type":"ImageObject","inLanguage":"de","@id":"https:\/\/allsensors.eu\/de\/#\/schema\/logo\/image\/","url":"https:\/\/allsensors.eu\/wp-content\/uploads\/2023\/09\/cropped-cropped-All-Sensors-Logo-e1700556989539.png","contentUrl":"https:\/\/allsensors.eu\/wp-content\/uploads\/2023\/09\/cropped-cropped-All-Sensors-Logo-e1700556989539.png","width":6090,"height":2375,"caption":"All Sensors"},"image":{"@id":"https:\/\/allsensors.eu\/de\/#\/schema\/logo\/image\/"}}]}},"_links":{"self":[{"href":"https:\/\/allsensors.eu\/de\/wp-json\/wp\/v2\/pages\/21855","targetHints":{"allow":["GET"]}}],"collection":[{"href":"https:\/\/allsensors.eu\/de\/wp-json\/wp\/v2\/pages"}],"about":[{"href":"https:\/\/allsensors.eu\/de\/wp-json\/wp\/v2\/types\/page"}],"author":[{"embeddable":true,"href":"https:\/\/allsensors.eu\/de\/wp-json\/wp\/v2\/users\/4"}],"replies":[{"embeddable":true,"href":"https:\/\/allsensors.eu\/de\/wp-json\/wp\/v2\/comments?post=21855"}],"version-history":[{"count":5,"href":"https:\/\/allsensors.eu\/de\/wp-json\/wp\/v2\/pages\/21855\/revisions"}],"predecessor-version":[{"id":21945,"href":"https:\/\/allsensors.eu\/de\/wp-json\/wp\/v2\/pages\/21855\/revisions\/21945"}],"up":[{"embeddable":true,"href":"https:\/\/allsensors.eu\/de\/wp-json\/wp\/v2\/pages\/19416"}],"wp:featuredmedia":[{"embeddable":true,"href":"https:\/\/allsensors.eu\/de\/wp-json\/wp\/v2\/media\/21771"}],"wp:attachment":[{"href":"https:\/\/allsensors.eu\/de\/wp-json\/wp\/v2\/media?parent=21855"}],"curies":[{"name":"wp","href":"https:\/\/api.w.org\/{rel}","templated":true}]}}